{"id":72,"date":"2023-03-29T15:56:11","date_gmt":"2023-03-29T08:56:11","guid":{"rendered":"http:\/\/www.phivutabletennis.com\/?page_id=72"},"modified":"2023-04-11T12:27:02","modified_gmt":"2023-04-11T05:27:02","slug":"phi-vu-table-tennis","status":"publish","type":"page","link":"https:\/\/www.phivutabletennis.com\/index.php\/phi-vu-table-tennis\/","title":{"rendered":"GI\u1ea2I TR\u00cd"},"content":{"rendered":"\n<p class=\"has-text-align-center\"><strong>Backhand Chopblock<\/strong><\/p>\n\n\n\n<ul class=\"wp-block-list\">\n<li>Lo\u1ea1i Xo\u00e1y t\u1ea1o ra: Xo\u00e1y Ngang <strong>XU\u1ed0NG<\/strong> c\u00f9ng chi\u1ec1u kim \u0111\u1ed3ng h\u1ed3 n\u1ebfu nh\u01b0 \u0111\u01b0\u1ee3c ng\u01b0\u1eddi thu\u1eadn tay ph\u1ea3i th\u1ef1c hi\u1ec7n, t\u01b0\u01a1ng t\u1ef1 nh\u01b0 qu\u1ea3 giao L\u1eaeC XO\u00c1Y NGANG XU\u1ed0NG c\u1ee7a tay ph\u1ea3i <\/li>\n<\/ul>\n\n\n\n<figure class=\"wp-block-embed is-type-video is-provider-youtube wp-block-embed-youtube wp-embed-aspect-16-9 wp-has-aspect-ratio\"><div class=\"wp-block-embed__wrapper\">\n<iframe loading=\"lazy\" title=\"Backhand Chopblock #shorts #sports #trickshots #bongban #tabletennis #pingpong #viral #thethao\" width=\"820\" height=\"461\" src=\"https:\/\/www.youtube.com\/embed\/UZ0Wtp_PNwc?feature=oembed\" frameborder=\"0\" allow=\"accelerometer; autoplay; clipboard-write; encrypted-media; gyroscope; picture-in-picture; web-share\" allowfullscreen><\/iframe>\n<\/div><\/figure>\n\n\n\n<hr class=\"wp-block-separator has-alpha-channel-opacity\"\/>\n\n\n\n<p class=\"has-text-align-center\">T\u00c2NG B\u00d3NG B\u1eb0NG \u0110\u00c1Y C\u00c1N V\u1ee2T<\/p>\n\n\n\n<p><\/p>\n\n\n\n<figure class=\"wp-block-embed is-type-video is-provider-youtube wp-block-embed-youtube wp-embed-aspect-16-9 wp-has-aspect-ratio\"><div class=\"wp-block-embed__wrapper\">\n<iframe loading=\"lazy\" title=\"Ball Bouncing on racket handle #shorts #trickshots #tangbongban #tabletennis #phivubongban #pingpong\" width=\"820\" height=\"461\" src=\"https:\/\/www.youtube.com\/embed\/fkIKBl1pJH4?feature=oembed\" frameborder=\"0\" allow=\"accelerometer; autoplay; clipboard-write; encrypted-media; gyroscope; picture-in-picture; web-share\" allowfullscreen><\/iframe>\n<\/div><figcaption class=\"wp-element-caption\">&#8212;&#8212;&#8212;&#8212;&#8212;&#8212;&#8212;&#8212;&#8212;&#8212;&#8211;<\/figcaption><\/figure>\n","protected":false},"excerpt":{"rendered":"<p>Backhand Chopblock T\u00c2NG B\u00d3NG B\u1eb0NG \u0110\u00c1Y C\u00c1N V\u1ee2T<\/p>\n","protected":false},"author":1,"featured_media":0,"parent":0,"menu_order":0,"comment_status":"closed","ping_status":"closed","template":"","meta":{"_eb_attr":"","footnotes":""},"class_list":["post-72","page","type-page","status-publish","hentry"],"_links":{"self":[{"href":"https:\/\/www.phivutabletennis.com\/index.php\/wp-json\/wp\/v2\/pages\/72","targetHints":{"allow":["GET"]}}],"collection":[{"href":"https:\/\/www.phivutabletennis.com\/index.php\/wp-json\/wp\/v2\/pages"}],"about":[{"href":"https:\/\/www.phivutabletennis.com\/index.php\/wp-json\/wp\/v2\/types\/page"}],"author":[{"embeddable":true,"href":"https:\/\/www.phivutabletennis.com\/index.php\/wp-json\/wp\/v2\/users\/1"}],"replies":[{"embeddable":true,"href":"https:\/\/www.phivutabletennis.com\/index.php\/wp-json\/wp\/v2\/comments?post=72"}],"version-history":[{"count":8,"href":"https:\/\/www.phivutabletennis.com\/index.php\/wp-json\/wp\/v2\/pages\/72\/revisions"}],"predecessor-version":[{"id":1081,"href":"https:\/\/www.phivutabletennis.com\/index.php\/wp-json\/wp\/v2\/pages\/72\/revisions\/1081"}],"wp:attachment":[{"href":"https:\/\/www.phivutabletennis.com\/index.php\/wp-json\/wp\/v2\/media?parent=72"}],"curies":[{"name":"wp","href":"https:\/\/api.w.org\/{rel}","templated":true}]}}