{"id":1002,"date":"2023-04-10T00:28:17","date_gmt":"2023-04-09T17:28:17","guid":{"rendered":"http:\/\/www.phivutabletennis.com\/?post_type=product&#038;p=1002"},"modified":"2023-04-10T00:32:28","modified_gmt":"2023-04-09T17:32:28","slug":"lin-gaoyuan-alc","status":"publish","type":"product","link":"https:\/\/www.phivutabletennis.com\/index.php\/product\/lin-gaoyuan-alc\/","title":{"rendered":"LIN GAOYUAN ALC"},"content":{"rendered":"<div class=\"product-info\">\n<div class=\"left\">\n<div class=\"image mb_display_none\"><a class=\"colorbox cboxElement\" title=\"LIN GAOYUAN ALC\" href=\"https:\/\/bongban.asia\/image\/data\/BUTTERFLY\/mat-vot-lan\/37041_01.jpg\"><img decoding=\"async\" id=\"image\" title=\"LIN GAOYUAN ALC\" src=\"https:\/\/bongban.asia\/image\/cache\/data\/BUTTERFLY\/mat-vot-lan\/37041_01-228x228.jpg\" alt=\"LIN GAOYUAN ALC\" \/><\/a><\/div>\n<\/div>\n<div class=\"right\">\n<div class=\"description\">M\u00e3 s\u1ea3n ph\u1ea9m: LIN GAOYUAN ALC<\/div>\n<div class=\"price\">Gi\u00e1: 3.000.000 VN\u0110<\/div>\n<div class=\"options\">\n<div id=\"option-596\" class=\"option\"><span class=\"required\">*<\/span>\u00a0<b>C\u00e1n v\u1ee3t:<\/b><br \/>\n<input id=\"option-value-1007\" name=\"option[596]\" type=\"radio\" value=\"1007\" \/>\u00a0<label for=\"option-value-1007\">FL<\/label><br \/>\n<input id=\"option-value-1008\" name=\"option[596]\" type=\"radio\" value=\"1008\" \/>\u00a0<label for=\"option-value-1008\">ST<\/label><\/div>\n<\/div>\n<\/div>\n<\/div>\n<p>&nbsp;<\/p>\n<div id=\"tabs\" class=\"htabs\"><a class=\"selected\" href=\"https:\/\/bongban.asia\/#tab-description\">M\u00f4 t\u1ea3<\/a><\/div>\n<div id=\"tab-description\" class=\"tab-content\">\n<p><strong>H\u00c0NG CH\u00cdNH H\u00c3NG BUTTERFLY S\u1ea2N XU\u1ea4T T\u1ea0I NH\u1eacT B\u1ea2N &#8211; MADE IN JAPAN<\/strong><\/p>\n<p>C\u1ed1t v\u1ee3t mang t\u00ean\u00a0<strong>LIN GAOYUAN<\/strong>\u00a0&#8211; V\u1eadn \u0111\u1ed9ng vi\u00ean b\u00f3ng b\u00e0n Trung Qu\u1ed1c<\/p>\n<p>S\u1ef1 k\u1ebft h\u1ee3p tuy\u1ec7t v\u1eddi gi\u1eefa 5 l\u1edbp g\u1ed7 v\u00e0 2 l\u1edbp s\u1ee3i\u00a0Arylate\u00a0Carbon v\u1edbi t\u00ednh \u0111\u00e0n h\u1ed3i v\u00e0 \u0111\u1ed9 \u1ed5n \u0111\u1ecbnh cao.<\/p>\n<p>Th\u00edch h\u1ee3p v\u1edbi ng\u01b0\u1eddi ch\u01a1i c\u00f3 c\u00fa \u0111\u00e1nh tr\u00e1i tay t\u1ed1c \u0111\u1ed9, \u0111a d\u1ea1ng k\u1ef9 thu\u1eadt nhanh v\u00e0 linh ho\u1ea1t hay l\u1ed1i \u0111\u00e1nh \u00f4m b\u00e0n c\u00f4ng th\u1ee7 to\u00e0n di\u1ec7n v\u1edbi \u0111\u1ed9 \u1ed5n \u0111\u1ecbnh cao nh\u01b0 v\u1eadn \u0111\u1ed9ng vi\u00ean\u00a0<strong>LIN GAOYUAN<\/strong>.<\/p>\n<p>C\u1ed1t\u00a0v\u1ee3t\u00a0<strong>LIN GAOYUAN<\/strong>\u00a0hi\u1ec7n \u0111ang \u0111\u01b0\u1ee3c v\u1eadn \u0111\u1ed9ng vi\u00ean\u00a0n\u00e0y s\u1eed d\u1ee5ng k\u1ebft h\u1ee3p c\u00f9ng 2 m\u1eb7t v\u1ee3t Dignisc 05<\/p>\n<p>V\u1eadn \u0111\u1ed9ng vi\u00ean\u00a0<strong>LIN GAOYUAN<\/strong>\u00a0\u0111\u00e3 \u0111\u1ea1t \u0111\u01b0\u1ee3c nhi\u1ec1u th\u00e0nh t\u00edch trong nh\u1eefng n\u0103m qua nh\u01b0:<\/p>\n<ul>\n<li>Gi\u1ea3i B\u00f3ng b\u00e0n th\u1ebf gi\u1edbi 2019 Budapest Huy ch\u01b0\u01a1ng \u0111\u1ed3ng \u0111\u00f4i nam<\/li>\n<li>Gi\u1ea3i v\u00f4 \u0111\u1ecbch ch\u00e2u \u00c1 V\u00f4 \u0111\u1ecbch \u0111\u00f4i nam<\/li>\n<li>Gi\u1ea3i H\u1ed3ng K\u00f4ng m\u1edf r\u1ed9ng V\u00f4 \u0111\u1ecbch \u0111\u01a1n nam<\/li>\n<\/ul>\n<table border=\"0\" cellspacing=\"1\" cellpadding=\"1\">\n<tbody>\n<tr>\n<td>C\u1ea5u t\u1ea1o<\/td>\n<td>:\u00a05 l\u1edbp g\u1ed7 + 2 l\u1edbp s\u1ee3i\u00a0Arylate\u00a0Carbon<\/td>\n<\/tr>\n<tr>\n<td>L\u1ef1c \u0111\u1ea9y<\/td>\n<td>:\u00a011.8 (t\u1ed1c \u0111\u1ed9)<\/td>\n<\/tr>\n<tr>\n<td>\u0110\u1ed9 rung<\/td>\n<td>: 10.3 (\u0111\u1ed9 xo\u00e1y)<\/td>\n<\/tr>\n<tr>\n<td>\u0110\u1ed9 d\u00e0y<\/td>\n<td>: 5.8mm<\/td>\n<\/tr>\n<tr>\n<td>B\u1ea3ng v\u1ee3t<\/td>\n<td>:\u00a0157 x 150mm<\/td>\n<\/tr>\n<tr>\n<td>Tr\u1ecdng l\u01b0\u1ee3ng<\/td>\n<td>: \u00b1 86gr<\/td>\n<\/tr>\n<\/tbody>\n<\/table>\n<p><strong>Theo th\u00f4ng s\u1ed1 chu\u1ea9n c\u1ee7a h\u00e3ng Butterfly<\/strong><br \/>\n<b>H\u00e0ng ch\u00ednh h\u00e3ng b\u1ea3o h\u00e0nh 1 th\u00e1ng<\/b><\/p>\n<p><img decoding=\"async\" src=\"https:\/\/bongban.asia\/image\/data\/BUTTERFLY\/mat-vot-lan\/71085965_2350732031862339_2944351732408254464_n.jpg\" alt=\"\" \/><\/p>\n<p><strong>H\u00c0NG CH\u00cdNH H\u00c3NG &#8211; GI\u00c1 TR\u1eca \u0110\u00cdCH TH\u1ef0C<\/strong><\/p>\n<\/div>\n","protected":false},"excerpt":{"rendered":"<p>M\u00e3 s\u1ea3n ph\u1ea9m: LIN GAOYUAN ALC Gi\u00e1: 3.000.000 VN\u0110 *\u00a0C\u00e1n v\u1ee3t: \u00a0FL \u00a0ST &nbsp; M\u00f4 t\u1ea3 H\u00c0NG CH\u00cdNH H\u00c3NG BUTTERFLY S\u1ea2N XU\u1ea4T T\u1ea0I NH\u1eacT B\u1ea2N &#8211; MADE IN JAPAN C\u1ed1t v\u1ee3t mang t\u00ean\u00a0LIN GAOYUAN\u00a0&#8211; V\u1eadn \u0111\u1ed9ng vi\u00ean b\u00f3ng b\u00e0n Trung Qu\u1ed1c S\u1ef1 k\u1ebft h\u1ee3p tuy\u1ec7t v\u1eddi gi\u1eefa 5 l\u1edbp g\u1ed7 v\u00e0 2 l\u1edbp s\u1ee3i\u00a0Arylate\u00a0Carbon v\u1edbi [&hellip;]<\/p>\n","protected":false},"featured_media":1003,"comment_status":"open","ping_status":"closed","template":"","meta":{"_eb_attr":""},"product_cat":[76,26],"product_tag":[],"class_list":["post-1002","product","type-product","status-publish","has-post-thumbnail","hentry","product_cat-butterfly-cot-vot","product_cat-cot-vot"],"_links":{"self":[{"href":"https:\/\/www.phivutabletennis.com\/index.php\/wp-json\/wp\/v2\/product\/1002","targetHints":{"allow":["GET"]}}],"collection":[{"href":"https:\/\/www.phivutabletennis.com\/index.php\/wp-json\/wp\/v2\/product"}],"about":[{"href":"https:\/\/www.phivutabletennis.com\/index.php\/wp-json\/wp\/v2\/types\/product"}],"replies":[{"embeddable":true,"href":"https:\/\/www.phivutabletennis.com\/index.php\/wp-json\/wp\/v2\/comments?post=1002"}],"wp:featuredmedia":[{"embeddable":true,"href":"https:\/\/www.phivutabletennis.com\/index.php\/wp-json\/wp\/v2\/media\/1003"}],"wp:attachment":[{"href":"https:\/\/www.phivutabletennis.com\/index.php\/wp-json\/wp\/v2\/media?parent=1002"}],"wp:term":[{"taxonomy":"product_cat","embeddable":true,"href":"https:\/\/www.phivutabletennis.com\/index.php\/wp-json\/wp\/v2\/product_cat?post=1002"},{"taxonomy":"product_tag","embeddable":true,"href":"https:\/\/www.phivutabletennis.com\/index.php\/wp-json\/wp\/v2\/product_tag?post=1002"}],"curies":[{"name":"wp","href":"https:\/\/api.w.org\/{rel}","templated":true}]}}