{"id":1012,"date":"2023-04-10T00:52:52","date_gmt":"2023-04-09T17:52:52","guid":{"rendered":"http:\/\/www.phivutabletennis.com\/?post_type=product&#038;p=1012"},"modified":"2023-04-10T00:53:16","modified_gmt":"2023-04-09T17:53:16","slug":"ao-chinh-hang","status":"publish","type":"product","link":"https:\/\/www.phivutabletennis.com\/index.php\/product\/ao-chinh-hang\/","title":{"rendered":"\u00c1O CH\u00cdNH H\u00c3NG"},"content":{"rendered":"<p>\u00c1O CH\u00cdNH H\u00c3NG N\u1ed8I \u0110\u1ecaA NH\u1eacT c\u00e1c H\u00e3ng:<\/p>\n<ul>\n<li>TSP<\/li>\n<li>MIZUNO<\/li>\n<li>VICTAS<\/li>\n<li>NITAKU<\/li>\n<li>BUTTERFLY<\/li>\n<\/ul>\n<p>&nbsp;<\/p>\n","protected":false},"excerpt":{"rendered":"<p>\u00c1O CH\u00cdNH H\u00c3NG N\u1ed8I \u0110\u1ecaA NH\u1eacT c\u00e1c H\u00e3ng: TSP MIZUNO VICTAS NITAKU BUTTERFLY &nbsp;<\/p>\n","protected":false},"featured_media":1013,"comment_status":"open","ping_status":"closed","template":"","meta":{"_eb_attr":""},"product_cat":[15],"product_tag":[],"class_list":["post-1012","product","type-product","status-publish","has-post-thumbnail","hentry","product_cat-uncategorized"],"_links":{"self":[{"href":"https:\/\/www.phivutabletennis.com\/index.php\/wp-json\/wp\/v2\/product\/1012","targetHints":{"allow":["GET"]}}],"collection":[{"href":"https:\/\/www.phivutabletennis.com\/index.php\/wp-json\/wp\/v2\/product"}],"about":[{"href":"https:\/\/www.phivutabletennis.com\/index.php\/wp-json\/wp\/v2\/types\/product"}],"replies":[{"embeddable":true,"href":"https:\/\/www.phivutabletennis.com\/index.php\/wp-json\/wp\/v2\/comments?post=1012"}],"wp:featuredmedia":[{"embeddable":true,"href":"https:\/\/www.phivutabletennis.com\/index.php\/wp-json\/wp\/v2\/media\/1013"}],"wp:attachment":[{"href":"https:\/\/www.phivutabletennis.com\/index.php\/wp-json\/wp\/v2\/media?parent=1012"}],"wp:term":[{"taxonomy":"product_cat","embeddable":true,"href":"https:\/\/www.phivutabletennis.com\/index.php\/wp-json\/wp\/v2\/product_cat?post=1012"},{"taxonomy":"product_tag","embeddable":true,"href":"https:\/\/www.phivutabletennis.com\/index.php\/wp-json\/wp\/v2\/product_tag?post=1012"}],"curies":[{"name":"wp","href":"https:\/\/api.w.org\/{rel}","templated":true}]}}