{"id":1041,"date":"2023-04-11T01:19:40","date_gmt":"2023-04-10T18:19:40","guid":{"rendered":"https:\/\/www.phivutabletennis.com\/?post_type=product&#038;p=1041"},"modified":"2026-04-17T03:24:54","modified_gmt":"2026-04-16T20:24:54","slug":"swin-bong-tap-3-sao-100-qua-hop","status":"publish","type":"product","link":"https:\/\/www.phivutabletennis.com\/index.php\/product\/swin-bong-tap-3-sao-100-qua-hop\/","title":{"rendered":"Swin &#8211; B\u00f3ng t\u1eadp 3 sao 100 qu\u1ea3\/ h\u1ed9p"},"content":{"rendered":"<p>B\u00f3ng t\u1eadp\u00a0 Swin 3 sao<\/p>\n<p>H\u1ed9p : 100 qu\u1ea3<\/p>\n<p>T\u1eb7ng k\u00e8m h\u1ed9p v\u1ea3i \u0111\u1ef1ng b\u00f3ng t\u1eadp ti\u1ec7n l\u1ee3i ph\u1ee5c v\u1ee5 cho c\u00f4ng t\u00e1c hu\u1ea5n luy\u1ec7n<\/p>\n<div><\/div>\n<p>Swin 40+ nh\u1eeba Prime 3 sao l\u00e0 s\u1ea3n ph\u1ea9m t\u1eadp luy\u1ec7n d\u00e0nh cho ng\u01b0\u1eddi ch\u01a1i chuy\u00ean nghi\u1ec7p v\u1edbi \u0111\u1ed9 n\u1ea3y v\u00e0 \u0111\u1ed9 tr\u00f2n chu\u1ea9n x\u00e1c, t\u01b0\u01a1ng \u0111\u01b0\u01a1ng v\u1edbi c\u00e1c d\u00f2ng b\u00f3ng thi \u0111\u1ea5u c\u1ee7a ITTf.<\/p>\n<p>B\u00f3ng \u0111\u01b0\u1ee3c s\u1ea3n xu\u1ea5t v\u1edbi ch\u1ea5t li\u1ec7u Prime th\u00e2n thi\u1ec7n v\u1edbi m\u00f4i tr\u01b0\u1eddng<\/p>\n<p>Gi\u00e1 th\u00e0nh h\u1ee3p l\u00fd ph\u00f9 h\u1ee3p cho c\u00e1c CLB, Trung T\u00e2m Hu\u1ea5n Luy\u1ec7n , HLV v\u00e0 ng\u01b0\u1eddi ch\u01a1i b\u00f3ng c\u00f3 nhu c\u1ea7u t\u1eadp b\u00f3ng nhi\u1ec1u<\/p>\n<p>Thi\u1ebft k\u1ebf : Vi\u1ec7t Nam<\/p>\n<p>S\u1ea3n xu\u1ea5t : Trung Qu\u1ed1c<\/p>\n","protected":false},"excerpt":{"rendered":"<p>B\u00f3ng t\u1eadp\u00a0 Swin 3 sao H\u1ed9p : 100 qu\u1ea3 T\u1eb7ng k\u00e8m h\u1ed9p v\u1ea3i \u0111\u1ef1ng b\u00f3ng t\u1eadp ti\u1ec7n l\u1ee3i ph\u1ee5c v\u1ee5 cho c\u00f4ng t\u00e1c hu\u1ea5n luy\u1ec7n Swin 40+ nh\u1eeba Prime 3 sao l\u00e0 s\u1ea3n ph\u1ea9m t\u1eadp luy\u1ec7n d\u00e0nh cho ng\u01b0\u1eddi ch\u01a1i chuy\u00ean nghi\u1ec7p v\u1edbi \u0111\u1ed9 n\u1ea3y v\u00e0 \u0111\u1ed9 tr\u00f2n chu\u1ea9n x\u00e1c, t\u01b0\u01a1ng \u0111\u01b0\u01a1ng v\u1edbi c\u00e1c d\u00f2ng [&hellip;]<\/p>\n","protected":false},"featured_media":1043,"comment_status":"open","ping_status":"closed","template":"","meta":{"_eb_attr":""},"product_cat":[70,83],"product_tag":[],"class_list":["post-1041","product","type-product","status-publish","has-post-thumbnail","hentry","product_cat-bong","product_cat-swin-bong"],"_links":{"self":[{"href":"https:\/\/www.phivutabletennis.com\/index.php\/wp-json\/wp\/v2\/product\/1041","targetHints":{"allow":["GET"]}}],"collection":[{"href":"https:\/\/www.phivutabletennis.com\/index.php\/wp-json\/wp\/v2\/product"}],"about":[{"href":"https:\/\/www.phivutabletennis.com\/index.php\/wp-json\/wp\/v2\/types\/product"}],"replies":[{"embeddable":true,"href":"https:\/\/www.phivutabletennis.com\/index.php\/wp-json\/wp\/v2\/comments?post=1041"}],"wp:featuredmedia":[{"embeddable":true,"href":"https:\/\/www.phivutabletennis.com\/index.php\/wp-json\/wp\/v2\/media\/1043"}],"wp:attachment":[{"href":"https:\/\/www.phivutabletennis.com\/index.php\/wp-json\/wp\/v2\/media?parent=1041"}],"wp:term":[{"taxonomy":"product_cat","embeddable":true,"href":"https:\/\/www.phivutabletennis.com\/index.php\/wp-json\/wp\/v2\/product_cat?post=1041"},{"taxonomy":"product_tag","embeddable":true,"href":"https:\/\/www.phivutabletennis.com\/index.php\/wp-json\/wp\/v2\/product_tag?post=1041"}],"curies":[{"name":"wp","href":"https:\/\/api.w.org\/{rel}","templated":true}]}}