{"id":1235,"date":"2023-06-16T00:53:08","date_gmt":"2023-06-15T17:53:08","guid":{"rendered":"https:\/\/www.phivutabletennis.com\/?post_type=product&#038;p=1235"},"modified":"2026-04-17T03:24:34","modified_gmt":"2026-04-16T20:24:34","slug":"metax-lotion","status":"publish","type":"product","link":"https:\/\/www.phivutabletennis.com\/index.php\/product\/metax-lotion\/","title":{"rendered":"METAX LOTION"},"content":{"rendered":"<p>L\u00e0 m\u1ed9t lo\u1ea1i d\u01b0\u1ee1ng th\u1ec3 gi\u1ea3m \u0111au h\u00e0ng ng\u00e0y. Metax Lotion \u0111\u01b0\u1ee3c s\u1eed d\u1ee5ng ph\u1ed5 bi\u1ebfn t\u1ea1i Nh\u1eadt v\u1edbi m\u00f9i h\u01b0\u01a1ng cam chanh s\u1ea3ng kho\u00e1i. S\u1ea3n ph\u1ea9m \u0111em l\u1ea1i l\u1ee3i \u00edch s\u1ee9c kho\u1ebb cho m\u1ecdi ng\u01b0\u1eddi.<\/p>\n<p><strong>Dung t\u00edch:<\/strong> 120 ml<\/p>\n<p><strong>Th\u00e0nh ph\u1ea7n:<\/strong><\/p>\n<p>N\u01b0\u1edbc, BG, isopropyl palmitate, squalane, maltol, (hydroxyethyl acrylate \/ acryloyldimethyltaurate Na), isohexadecane, phlogopite d\u1ea1ng keo, nylon-12, d\u1ea7u cam, ethoxydiglycol, polysorbate 60, palladium d\u1ea1ng keo, Methylpethanolateben, mica, phenoxyl acetaraben , Na malat, axit malic, 5Na pentetate, butylparaben, phlogopit t\u1ed5ng h\u1ee3p, ethylparaben, Mg cacbonat, lysine dilauroyl glutamat Na<\/p>\n<p dir=\"ltr\"><em><strong>\u0110\u1eb7c \u0111i\u1ec3m s\u1ea3n ph\u1ea9m<\/strong><\/em><\/p>\n<p dir=\"ltr\"><em>&#8211; D\u01b0\u1edbi d\u1ea1ng kem kh\u00f4ng nh\u1eddn, d\u00f9ng \u0111\u1ec3 thoa l\u00ean c\u00e1c v\u1ecb tr\u00ed \u0111ang kh\u00f3 ch\u1ecbu<\/em><\/p>\n<p dir=\"ltr\"><em>&#8211; S\u1eed d\u1ee5ng h\u1eb1ng ng\u00e0y<\/em><\/p>\n<p dir=\"ltr\"><em>&#8211; Th\u1ec3 t\u00edch: 120ml<\/em><\/p>\n<p dir=\"ltr\"><em>&#8211; C\u00f3 hi\u1ec7u qu\u1ea3 v\u01b0\u1ee3t tr\u1ed9i khi d\u00f9ng v\u1edbi c\u00e2y l\u0103n titan Phiten<\/em><\/p>\n<p dir=\"ltr\"><em><strong>T\u00e1c d\u1ee5ng<\/strong><\/em><\/p>\n<p dir=\"ltr\"><em>&#8211; \u0110i\u1ec1u ho\u00e0 ion, h\u1ed7 tr\u1ee3 l\u01b0u th\u00f4ng m\u00e1u<\/em><\/p>\n<p dir=\"ltr\"><em>&#8211;\u00a0Gi\u1ea3m ch\u1ea5n th\u01b0\u01a1ng v\u1ec1 c\u01a1 nh\u01b0:\u00a0c\u0103ng, s\u01b0ng t\u1ea5y v\u00e0 nh\u1ee9c m\u1ecfi c\u01a1 khi v\u1eadn \u0111\u1ed9ng n\u1eb7ng, th\u01b0\u1eddng xuy\u00ean ho\u1eb7c ch\u01a1i th\u1ec3 thao.\u00a0<\/em><\/p>\n<p dir=\"ltr\"><em>&#8211; L\u00e0m d\u1ecbu da khi da b\u1ecb \u0111\u1ecf, s\u01b0ng, ph\u00f9 n\u1ec1 do va ch\u1ea1m m\u1ea1nh.\u00a0<\/em><\/p>\n<p dir=\"ltr\"><em><strong>C\u00f4ng ngh\u1ec7<\/strong>: Metax<\/em><\/p>\n<p dir=\"ltr\"><em><strong>N\u01a1i s\u1ea3n xu\u1ea5t<\/strong>: Nh\u1eadt B\u1ea3n\u00a0<\/em><\/p>\n<p dir=\"ltr\"><strong>\u0110\u1ed1i t\u01b0\u1ee3ng s\u1eed d\u1ee5ng:<\/strong><\/p>\n<p dir=\"ltr\">&#8211;\u00a0\u0110au l\u01b0ng, \u0111au m\u1ecfi vai g\u00e1y, chu\u1ed9t r\u00fat, t\u00ea ch\u00e2n, c\u0103ng c\u01a1,&#8230;<br \/>\n&#8211; Thoa l\u00ean nh\u1eefng v\u1ecb tr\u00ed tr\u00ean c\u01a1 th\u1ec3 b\u1ecb \u0111au nh\u1ee9c<\/p>\n<p dir=\"ltr\">&#8211; Ph\u00f9 h\u1ee3p \u0111\u1ec3 s\u1eed d\u1ee5ng h\u1eb1ng ng\u00e0y cho m\u1ecdi \u0111\u1ed1i t\u01b0\u1ee3ng<br \/>\n&#8211; S\u1eed d\u1ee5ng tr\u01b0\u1edbc khi ch\u01a1i th\u1ec3 thao, t\u1eadp th\u1ec3 d\u1ee5c ho\u1eb7c sau khi v\u1eadn \u0111\u1ed9ng<br \/>\n&#8211; Thu\u1eadn ti\u1ec7n \u0111\u1ec3 mang theo v\u00e0 s\u1eed d\u1ee5ng m\u1ecdi l\u00fac m\u1ecdi n\u01a1i.<\/p>\n<p dir=\"ltr\"><strong>H\u01b0\u1edbng d\u1eabn s\u1eed d\u1ee5ng:<\/strong><\/p>\n<p dir=\"ltr\">-B\u01b0\u1edbc 1: X\u00e1c \u0111\u1ecbnh v\u00f9ng c\u1ea7n h\u1ed7 tr\u1ef1o v\u00e0 \u00a0lau kh\u00f4 b\u1eb1ng kh\u0103n ho\u1eb7c gi\u1ea5y m\u1ec1m. Sau \u0111\u00f3 l\u1ea5y l\u01b0\u1ee3ng v\u1eeba \u0111\u1ee7 Metax Lotion ra l\u00f2ng b\u00e0n tay.<br \/>\n-B\u01b0\u1edbc 2: Nh\u1eb9 nh\u00e0ng xoa Metax Lotion l\u00ean v\u00f9ng c\u1ea7n h\u1ed7 tr\u1ee3 v\u00e0 massage t\u1eeb 1-3 ph\u00fat cho d\u01b0\u1ee1ng ch\u1ea5t th\u1ea5m v\u00e0o trong v\u00e0 huy t\u00e1c d\u1ee5ng sau 15~20 ph\u00fat<\/p>\n<p dir=\"ltr\"><a href=\"https:\/\/www.phivutabletennis.com\/wp-content\/uploads\/2023\/06\/claYkhf1hKo6DYdia3gNu8s9xixP79qqVvoaZUF9.jpeg\"><img loading=\"lazy\" decoding=\"async\" class=\"size-medium wp-image-1441 alignleft\" src=\"https:\/\/www.phivutabletennis.com\/wp-content\/uploads\/2023\/06\/claYkhf1hKo6DYdia3gNu8s9xixP79qqVvoaZUF9-300x300.jpeg\" alt=\"\" width=\"300\" height=\"300\" srcset=\"https:\/\/www.phivutabletennis.com\/wp-content\/uploads\/2023\/06\/claYkhf1hKo6DYdia3gNu8s9xixP79qqVvoaZUF9-300x300.jpeg 300w, https:\/\/www.phivutabletennis.com\/wp-content\/uploads\/2023\/06\/claYkhf1hKo6DYdia3gNu8s9xixP79qqVvoaZUF9-100x100.jpeg 100w, https:\/\/www.phivutabletennis.com\/wp-content\/uploads\/2023\/06\/claYkhf1hKo6DYdia3gNu8s9xixP79qqVvoaZUF9-600x600.jpeg 600w, https:\/\/www.phivutabletennis.com\/wp-content\/uploads\/2023\/06\/claYkhf1hKo6DYdia3gNu8s9xixP79qqVvoaZUF9-1024x1024.jpeg 1024w, https:\/\/www.phivutabletennis.com\/wp-content\/uploads\/2023\/06\/claYkhf1hKo6DYdia3gNu8s9xixP79qqVvoaZUF9-150x150.jpeg 150w, https:\/\/www.phivutabletennis.com\/wp-content\/uploads\/2023\/06\/claYkhf1hKo6DYdia3gNu8s9xixP79qqVvoaZUF9-768x768.jpeg 768w, https:\/\/www.phivutabletennis.com\/wp-content\/uploads\/2023\/06\/claYkhf1hKo6DYdia3gNu8s9xixP79qqVvoaZUF9.jpeg 1152w\" sizes=\"auto, (max-width: 300px) 100vw, 300px\" \/><\/a> <a href=\"https:\/\/www.phivutabletennis.com\/wp-content\/uploads\/2023\/06\/4l4yemllpEtX1AEcopDqWXMuJvFZIoPjouRoOPFR.jpeg\"><img loading=\"lazy\" decoding=\"async\" class=\"size-medium wp-image-1438 alignleft\" src=\"https:\/\/www.phivutabletennis.com\/wp-content\/uploads\/2023\/06\/4l4yemllpEtX1AEcopDqWXMuJvFZIoPjouRoOPFR-300x300.jpeg\" alt=\"\" width=\"300\" height=\"300\" srcset=\"https:\/\/www.phivutabletennis.com\/wp-content\/uploads\/2023\/06\/4l4yemllpEtX1AEcopDqWXMuJvFZIoPjouRoOPFR-300x300.jpeg 300w, https:\/\/www.phivutabletennis.com\/wp-content\/uploads\/2023\/06\/4l4yemllpEtX1AEcopDqWXMuJvFZIoPjouRoOPFR-100x100.jpeg 100w, https:\/\/www.phivutabletennis.com\/wp-content\/uploads\/2023\/06\/4l4yemllpEtX1AEcopDqWXMuJvFZIoPjouRoOPFR-600x600.jpeg 600w, https:\/\/www.phivutabletennis.com\/wp-content\/uploads\/2023\/06\/4l4yemllpEtX1AEcopDqWXMuJvFZIoPjouRoOPFR-1024x1024.jpeg 1024w, https:\/\/www.phivutabletennis.com\/wp-content\/uploads\/2023\/06\/4l4yemllpEtX1AEcopDqWXMuJvFZIoPjouRoOPFR-150x150.jpeg 150w, https:\/\/www.phivutabletennis.com\/wp-content\/uploads\/2023\/06\/4l4yemllpEtX1AEcopDqWXMuJvFZIoPjouRoOPFR-768x768.jpeg 768w, https:\/\/www.phivutabletennis.com\/wp-content\/uploads\/2023\/06\/4l4yemllpEtX1AEcopDqWXMuJvFZIoPjouRoOPFR.jpeg 1152w\" sizes=\"auto, (max-width: 300px) 100vw, 300px\" \/><\/a><a href=\"https:\/\/www.phivutabletennis.com\/wp-content\/uploads\/2023\/06\/HebJEbLym74P5dQxILT1JqmpxpcZWpDrO3HW4MM6.jpeg\"><img loading=\"lazy\" decoding=\"async\" class=\"alignnone size-medium wp-image-1442\" src=\"https:\/\/www.phivutabletennis.com\/wp-content\/uploads\/2023\/06\/HebJEbLym74P5dQxILT1JqmpxpcZWpDrO3HW4MM6-300x300.jpeg\" alt=\"\" width=\"300\" height=\"300\" srcset=\"https:\/\/www.phivutabletennis.com\/wp-content\/uploads\/2023\/06\/HebJEbLym74P5dQxILT1JqmpxpcZWpDrO3HW4MM6-300x300.jpeg 300w, https:\/\/www.phivutabletennis.com\/wp-content\/uploads\/2023\/06\/HebJEbLym74P5dQxILT1JqmpxpcZWpDrO3HW4MM6-100x100.jpeg 100w, https:\/\/www.phivutabletennis.com\/wp-content\/uploads\/2023\/06\/HebJEbLym74P5dQxILT1JqmpxpcZWpDrO3HW4MM6-600x600.jpeg 600w, https:\/\/www.phivutabletennis.com\/wp-content\/uploads\/2023\/06\/HebJEbLym74P5dQxILT1JqmpxpcZWpDrO3HW4MM6-1024x1024.jpeg 1024w, https:\/\/www.phivutabletennis.com\/wp-content\/uploads\/2023\/06\/HebJEbLym74P5dQxILT1JqmpxpcZWpDrO3HW4MM6-150x150.jpeg 150w, https:\/\/www.phivutabletennis.com\/wp-content\/uploads\/2023\/06\/HebJEbLym74P5dQxILT1JqmpxpcZWpDrO3HW4MM6-768x768.jpeg 768w, https:\/\/www.phivutabletennis.com\/wp-content\/uploads\/2023\/06\/HebJEbLym74P5dQxILT1JqmpxpcZWpDrO3HW4MM6.jpeg 1280w\" sizes=\"auto, (max-width: 300px) 100vw, 300px\" \/><\/a><a href=\"https:\/\/www.phivutabletennis.com\/wp-content\/uploads\/2023\/06\/mv2rrwxpgPqQd1hKwWNVDjW3HLT8RxjIa84skscP.jpeg\"><img loading=\"lazy\" decoding=\"async\" class=\"size-medium wp-image-1443 alignnone\" src=\"https:\/\/www.phivutabletennis.com\/wp-content\/uploads\/2023\/06\/mv2rrwxpgPqQd1hKwWNVDjW3HLT8RxjIa84skscP-300x300.jpeg\" alt=\"\" width=\"300\" height=\"300\" srcset=\"https:\/\/www.phivutabletennis.com\/wp-content\/uploads\/2023\/06\/mv2rrwxpgPqQd1hKwWNVDjW3HLT8RxjIa84skscP-300x300.jpeg 300w, https:\/\/www.phivutabletennis.com\/wp-content\/uploads\/2023\/06\/mv2rrwxpgPqQd1hKwWNVDjW3HLT8RxjIa84skscP-100x100.jpeg 100w, https:\/\/www.phivutabletennis.com\/wp-content\/uploads\/2023\/06\/mv2rrwxpgPqQd1hKwWNVDjW3HLT8RxjIa84skscP-600x600.jpeg 600w, https:\/\/www.phivutabletennis.com\/wp-content\/uploads\/2023\/06\/mv2rrwxpgPqQd1hKwWNVDjW3HLT8RxjIa84skscP-1024x1024.jpeg 1024w, https:\/\/www.phivutabletennis.com\/wp-content\/uploads\/2023\/06\/mv2rrwxpgPqQd1hKwWNVDjW3HLT8RxjIa84skscP-150x150.jpeg 150w, https:\/\/www.phivutabletennis.com\/wp-content\/uploads\/2023\/06\/mv2rrwxpgPqQd1hKwWNVDjW3HLT8RxjIa84skscP-768x768.jpeg 768w, https:\/\/www.phivutabletennis.com\/wp-content\/uploads\/2023\/06\/mv2rrwxpgPqQd1hKwWNVDjW3HLT8RxjIa84skscP.jpeg 1280w\" sizes=\"auto, (max-width: 300px) 100vw, 300px\" \/><\/a> <a href=\"https:\/\/www.phivutabletennis.com\/wp-content\/uploads\/2023\/06\/Bm3JA1fyz7XmpXXXoyQkNoHChwyHZQkROdIq88EG.jpeg\"><img loading=\"lazy\" decoding=\"async\" class=\"size-medium wp-image-1440 alignleft\" src=\"https:\/\/www.phivutabletennis.com\/wp-content\/uploads\/2023\/06\/Bm3JA1fyz7XmpXXXoyQkNoHChwyHZQkROdIq88EG-300x300.jpeg\" alt=\"\" width=\"300\" height=\"300\" srcset=\"https:\/\/www.phivutabletennis.com\/wp-content\/uploads\/2023\/06\/Bm3JA1fyz7XmpXXXoyQkNoHChwyHZQkROdIq88EG-300x300.jpeg 300w, https:\/\/www.phivutabletennis.com\/wp-content\/uploads\/2023\/06\/Bm3JA1fyz7XmpXXXoyQkNoHChwyHZQkROdIq88EG-100x100.jpeg 100w, https:\/\/www.phivutabletennis.com\/wp-content\/uploads\/2023\/06\/Bm3JA1fyz7XmpXXXoyQkNoHChwyHZQkROdIq88EG-600x600.jpeg 600w, https:\/\/www.phivutabletennis.com\/wp-content\/uploads\/2023\/06\/Bm3JA1fyz7XmpXXXoyQkNoHChwyHZQkROdIq88EG-1024x1024.jpeg 1024w, https:\/\/www.phivutabletennis.com\/wp-content\/uploads\/2023\/06\/Bm3JA1fyz7XmpXXXoyQkNoHChwyHZQkROdIq88EG-150x150.jpeg 150w, https:\/\/www.phivutabletennis.com\/wp-content\/uploads\/2023\/06\/Bm3JA1fyz7XmpXXXoyQkNoHChwyHZQkROdIq88EG-768x768.jpeg 768w, https:\/\/www.phivutabletennis.com\/wp-content\/uploads\/2023\/06\/Bm3JA1fyz7XmpXXXoyQkNoHChwyHZQkROdIq88EG.jpeg 1152w\" sizes=\"auto, (max-width: 300px) 100vw, 300px\" \/><\/a> <a href=\"https:\/\/www.phivutabletennis.com\/wp-content\/uploads\/2023\/06\/NBH2V2L1JZMjS2b4zmZRUI2N4WvasOKqI8IwEVOg.jpeg\"><img loading=\"lazy\" decoding=\"async\" class=\"size-medium wp-image-1444 alignleft\" src=\"https:\/\/www.phivutabletennis.com\/wp-content\/uploads\/2023\/06\/NBH2V2L1JZMjS2b4zmZRUI2N4WvasOKqI8IwEVOg-300x300.jpeg\" alt=\"\" width=\"300\" height=\"300\" srcset=\"https:\/\/www.phivutabletennis.com\/wp-content\/uploads\/2023\/06\/NBH2V2L1JZMjS2b4zmZRUI2N4WvasOKqI8IwEVOg-300x300.jpeg 300w, https:\/\/www.phivutabletennis.com\/wp-content\/uploads\/2023\/06\/NBH2V2L1JZMjS2b4zmZRUI2N4WvasOKqI8IwEVOg-100x100.jpeg 100w, https:\/\/www.phivutabletennis.com\/wp-content\/uploads\/2023\/06\/NBH2V2L1JZMjS2b4zmZRUI2N4WvasOKqI8IwEVOg-600x600.jpeg 600w, https:\/\/www.phivutabletennis.com\/wp-content\/uploads\/2023\/06\/NBH2V2L1JZMjS2b4zmZRUI2N4WvasOKqI8IwEVOg-1024x1024.jpeg 1024w, https:\/\/www.phivutabletennis.com\/wp-content\/uploads\/2023\/06\/NBH2V2L1JZMjS2b4zmZRUI2N4WvasOKqI8IwEVOg-150x150.jpeg 150w, https:\/\/www.phivutabletennis.com\/wp-content\/uploads\/2023\/06\/NBH2V2L1JZMjS2b4zmZRUI2N4WvasOKqI8IwEVOg-768x768.jpeg 768w, https:\/\/www.phivutabletennis.com\/wp-content\/uploads\/2023\/06\/NBH2V2L1JZMjS2b4zmZRUI2N4WvasOKqI8IwEVOg.jpeg 1280w\" sizes=\"auto, (max-width: 300px) 100vw, 300px\" \/><\/a> <a href=\"https:\/\/www.phivutabletennis.com\/wp-content\/uploads\/2023\/06\/ql7e6ybNiqyZFZ1mhKNu1viWUzngGN2bbf9v3jmg.jpeg\"><img loading=\"lazy\" decoding=\"async\" class=\"size-medium wp-image-1445 alignright\" src=\"https:\/\/www.phivutabletennis.com\/wp-content\/uploads\/2023\/06\/ql7e6ybNiqyZFZ1mhKNu1viWUzngGN2bbf9v3jmg-300x300.jpeg\" alt=\"\" width=\"300\" height=\"300\" srcset=\"https:\/\/www.phivutabletennis.com\/wp-content\/uploads\/2023\/06\/ql7e6ybNiqyZFZ1mhKNu1viWUzngGN2bbf9v3jmg-300x300.jpeg 300w, https:\/\/www.phivutabletennis.com\/wp-content\/uploads\/2023\/06\/ql7e6ybNiqyZFZ1mhKNu1viWUzngGN2bbf9v3jmg-100x100.jpeg 100w, https:\/\/www.phivutabletennis.com\/wp-content\/uploads\/2023\/06\/ql7e6ybNiqyZFZ1mhKNu1viWUzngGN2bbf9v3jmg-600x600.jpeg 600w, https:\/\/www.phivutabletennis.com\/wp-content\/uploads\/2023\/06\/ql7e6ybNiqyZFZ1mhKNu1viWUzngGN2bbf9v3jmg-1024x1024.jpeg 1024w, https:\/\/www.phivutabletennis.com\/wp-content\/uploads\/2023\/06\/ql7e6ybNiqyZFZ1mhKNu1viWUzngGN2bbf9v3jmg-150x150.jpeg 150w, https:\/\/www.phivutabletennis.com\/wp-content\/uploads\/2023\/06\/ql7e6ybNiqyZFZ1mhKNu1viWUzngGN2bbf9v3jmg-768x768.jpeg 768w, https:\/\/www.phivutabletennis.com\/wp-content\/uploads\/2023\/06\/ql7e6ybNiqyZFZ1mhKNu1viWUzngGN2bbf9v3jmg.jpeg 1152w\" sizes=\"auto, (max-width: 300px) 100vw, 300px\" \/><\/a> <a href=\"https:\/\/www.phivutabletennis.com\/wp-content\/uploads\/2023\/06\/Y1EjxKPDhzxv6UbtIhXGHDfViYhoTx1g5Hl98Dsu.jpeg\"><img loading=\"lazy\" decoding=\"async\" class=\"size-medium wp-image-1446 alignright\" src=\"https:\/\/www.phivutabletennis.com\/wp-content\/uploads\/2023\/06\/Y1EjxKPDhzxv6UbtIhXGHDfViYhoTx1g5Hl98Dsu-300x300.jpeg\" alt=\"\" width=\"300\" height=\"300\" srcset=\"https:\/\/www.phivutabletennis.com\/wp-content\/uploads\/2023\/06\/Y1EjxKPDhzxv6UbtIhXGHDfViYhoTx1g5Hl98Dsu-300x300.jpeg 300w, https:\/\/www.phivutabletennis.com\/wp-content\/uploads\/2023\/06\/Y1EjxKPDhzxv6UbtIhXGHDfViYhoTx1g5Hl98Dsu-100x100.jpeg 100w, https:\/\/www.phivutabletennis.com\/wp-content\/uploads\/2023\/06\/Y1EjxKPDhzxv6UbtIhXGHDfViYhoTx1g5Hl98Dsu-600x600.jpeg 600w, https:\/\/www.phivutabletennis.com\/wp-content\/uploads\/2023\/06\/Y1EjxKPDhzxv6UbtIhXGHDfViYhoTx1g5Hl98Dsu-1024x1024.jpeg 1024w, https:\/\/www.phivutabletennis.com\/wp-content\/uploads\/2023\/06\/Y1EjxKPDhzxv6UbtIhXGHDfViYhoTx1g5Hl98Dsu-150x150.jpeg 150w, https:\/\/www.phivutabletennis.com\/wp-content\/uploads\/2023\/06\/Y1EjxKPDhzxv6UbtIhXGHDfViYhoTx1g5Hl98Dsu-768x768.jpeg 768w, https:\/\/www.phivutabletennis.com\/wp-content\/uploads\/2023\/06\/Y1EjxKPDhzxv6UbtIhXGHDfViYhoTx1g5Hl98Dsu.jpeg 1280w\" sizes=\"auto, (max-width: 300px) 100vw, 300px\" \/><\/a> <a href=\"https:\/\/www.phivutabletennis.com\/wp-content\/uploads\/2023\/06\/5qWXLZPsJ3XnCG7OPbhxMSDQLXFqiOOjwlKEyJNl.jpeg\"><img loading=\"lazy\" decoding=\"async\" class=\"size-medium wp-image-1439 alignnone\" src=\"https:\/\/www.phivutabletennis.com\/wp-content\/uploads\/2023\/06\/5qWXLZPsJ3XnCG7OPbhxMSDQLXFqiOOjwlKEyJNl-300x300.jpeg\" alt=\"\" width=\"300\" height=\"300\" srcset=\"https:\/\/www.phivutabletennis.com\/wp-content\/uploads\/2023\/06\/5qWXLZPsJ3XnCG7OPbhxMSDQLXFqiOOjwlKEyJNl-300x300.jpeg 300w, https:\/\/www.phivutabletennis.com\/wp-content\/uploads\/2023\/06\/5qWXLZPsJ3XnCG7OPbhxMSDQLXFqiOOjwlKEyJNl-100x100.jpeg 100w, https:\/\/www.phivutabletennis.com\/wp-content\/uploads\/2023\/06\/5qWXLZPsJ3XnCG7OPbhxMSDQLXFqiOOjwlKEyJNl-600x600.jpeg 600w, https:\/\/www.phivutabletennis.com\/wp-content\/uploads\/2023\/06\/5qWXLZPsJ3XnCG7OPbhxMSDQLXFqiOOjwlKEyJNl-1024x1024.jpeg 1024w, https:\/\/www.phivutabletennis.com\/wp-content\/uploads\/2023\/06\/5qWXLZPsJ3XnCG7OPbhxMSDQLXFqiOOjwlKEyJNl-150x150.jpeg 150w, https:\/\/www.phivutabletennis.com\/wp-content\/uploads\/2023\/06\/5qWXLZPsJ3XnCG7OPbhxMSDQLXFqiOOjwlKEyJNl-768x768.jpeg 768w, https:\/\/www.phivutabletennis.com\/wp-content\/uploads\/2023\/06\/5qWXLZPsJ3XnCG7OPbhxMSDQLXFqiOOjwlKEyJNl.jpeg 1152w\" sizes=\"auto, (max-width: 300px) 100vw, 300px\" \/><\/a><\/p>\n","protected":false},"excerpt":{"rendered":"<p>L\u00e0 m\u1ed9t lo\u1ea1i d\u01b0\u1ee1ng th\u1ec3 gi\u1ea3m \u0111au h\u00e0ng ng\u00e0y. Metax Lotion \u0111\u01b0\u1ee3c s\u1eed d\u1ee5ng ph\u1ed5 bi\u1ebfn t\u1ea1i Nh\u1eadt v\u1edbi m\u00f9i h\u01b0\u01a1ng cam chanh s\u1ea3ng kho\u00e1i. S\u1ea3n ph\u1ea9m \u0111em l\u1ea1i l\u1ee3i \u00edch s\u1ee9c kho\u1ebb cho m\u1ecdi ng\u01b0\u1eddi. Dung t\u00edch: 120 ml Th\u00e0nh ph\u1ea7n: N\u01b0\u1edbc, BG, isopropyl palmitate, squalane, maltol, (hydroxyethyl acrylate \/ acryloyldimethyltaurate Na), isohexadecane, phlogopite [&hellip;]<\/p>\n","protected":false},"featured_media":1232,"comment_status":"open","ping_status":"closed","template":"","meta":{"_eb_attr":""},"product_cat":[92],"product_tag":[],"class_list":["post-1235","product","type-product","status-publish","has-post-thumbnail","hentry","product_cat-phiten"],"_links":{"self":[{"href":"https:\/\/www.phivutabletennis.com\/index.php\/wp-json\/wp\/v2\/product\/1235","targetHints":{"allow":["GET"]}}],"collection":[{"href":"https:\/\/www.phivutabletennis.com\/index.php\/wp-json\/wp\/v2\/product"}],"about":[{"href":"https:\/\/www.phivutabletennis.com\/index.php\/wp-json\/wp\/v2\/types\/product"}],"replies":[{"embeddable":true,"href":"https:\/\/www.phivutabletennis.com\/index.php\/wp-json\/wp\/v2\/comments?post=1235"}],"wp:featuredmedia":[{"embeddable":true,"href":"https:\/\/www.phivutabletennis.com\/index.php\/wp-json\/wp\/v2\/media\/1232"}],"wp:attachment":[{"href":"https:\/\/www.phivutabletennis.com\/index.php\/wp-json\/wp\/v2\/media?parent=1235"}],"wp:term":[{"taxonomy":"product_cat","embeddable":true,"href":"https:\/\/www.phivutabletennis.com\/index.php\/wp-json\/wp\/v2\/product_cat?post=1235"},{"taxonomy":"product_tag","embeddable":true,"href":"https:\/\/www.phivutabletennis.com\/index.php\/wp-json\/wp\/v2\/product_tag?post=1235"}],"curies":[{"name":"wp","href":"https:\/\/api.w.org\/{rel}","templated":true}]}}