{"id":1289,"date":"2023-06-17T00:07:51","date_gmt":"2023-06-16T17:07:51","guid":{"rendered":"https:\/\/www.phivutabletennis.com\/?post_type=product&#038;p=1289"},"modified":"2026-04-17T03:24:14","modified_gmt":"2026-04-16T20:24:14","slug":"dai-bao-ve-co-chan-mat-ca-chan-loai-mem-phiten-supporter-ankle_soft-type","status":"publish","type":"product","link":"https:\/\/www.phivutabletennis.com\/index.php\/product\/dai-bao-ve-co-chan-mat-ca-chan-loai-mem-phiten-supporter-ankle_soft-type\/","title":{"rendered":"\u0110ai B\u1ea3o V\u1ec7 C\u1ed5 Ch\u00e2n, M\u1eaft C\u00e1 Ch\u00e2n (lo\u1ea1i m\u1ec1m) &#8211; PHITEN SUPPORTER ANKLE_SOFT TYPE"},"content":{"rendered":"<p><strong>\u0110ai B\u1ea3o V\u1ec7 C\u1ed5 Ch\u00e2n Phiten_Lo\u1ea1i m\u1ec1m (1 C\u00e1i)<\/strong><\/p>\n<p><strong>M\u00f4 t\u1ea3<\/strong><\/p>\n<p>B\u0103ng \u0111ai b\u1ea3o v\u1ec7 c\u1ed5 ch\u00e2n &#8211; m\u1eaft c\u00e1 ch\u00e2n Phiten c\u00f3 thi\u1ebft k\u1ebf m\u1ecfng v\u00e0 l\u00e0m t\u1eeb v\u1eadt li\u1ec7u c\u00f3 \u0111\u1ed9 \u0111\u00e0n h\u1ed3i t\u1ed1t. \u0110\u01b0\u1ee3c thi\u1ebft k\u1ebf kh\u00f4ng c\u00f3 kh\u00f3a v\u00e0 c\u00f3 th\u1ec3 mang r\u1ea5t tho\u1ea3i m\u00e1i khi \u0111i gi\u00e0y m\u00e0 kh\u00f4ng c\u1ea7n ph\u1ea3i thay \u0111\u1ed5i k\u00edch c\u1ee1 gi\u00e0y. C\u00f3 th\u1ec3 mang b\u00ean tr\u00e1i v\u00e0 b\u00ean ph\u1ea3i.<\/p>\n<p><strong>C\u00f4ng ngh\u1ec7:\u00a0<\/strong>AQUA TITANIUM v\u00e0 AQUA PALLADIUM<br \/>\n<strong>Ch\u1ea5t li\u1ec7u:\u00a0<\/strong>Nylon 86%, Polyurethane 16%<br \/>\nC\u00f3 s\u1eb5n 3 size: S, M v\u00e0 L<br \/>\n<strong>S\u1ea3n xu\u1ea5t t\u1ea1i Nh\u1eadt B\u1ea3n<\/strong><\/p>\n<p><strong>C\u00f4ng d\u1ee5ng<\/strong><br \/>\n&#8211; H\u1ed7 tr\u1ee3 v\u1eadn \u0111\u1ed9ng, gi\u1ea3m \u0111au tuy\u1ec7t v\u1eddi<br \/>\n&#8211; T\u1ea1o s\u1ef1 tho\u1ea3i m\u00e1i m\u00e0 kh\u00f4ng c\u1ea3n tr\u1edf di chuy\u1ec3n.<br \/>\n&#8211; Th\u1ea5m h\u00fat m\u1ed3 h\u00f4i t\u1ed1t mang \u0111\u1ebfn c\u1ea3m gi\u00e1c s\u1ea1ch s\u1ebd v\u00e0 tho\u1ea3i m\u00e1i.<br \/>\n&#8211; H\u1ed7 tr\u1ee3 ph\u1ee5c h\u1ed3i t\u1eeb vi\u00eam kh\u1edbp, vi\u00eam g\u00e2n, th\u1ea5p kh\u1edbp v\u00e0 c\u00e1c t\u00ecnh tr\u1ea1ng v\u00e0 ch\u1ea5n th\u01b0\u01a1ng li\u00ean quan \u0111\u1ebfn m\u1eaft c\u00e1 ch\u00e2n kh\u00e1c<br \/>\n&#8211; Gi\u00fap gi\u1ea3m \u0111au v\u00e0 h\u1ed7 tr\u1ee3 ph\u1ee5c h\u1ed3i sau nh\u1eefng ch\u1ea5n th\u01b0\u01a1ng th\u1ec3 thao nh\u01b0 tennis, b\u00f3ng r\u1ed5, b\u00f3ng chuy\u1ec1n, t\u1eadp t\u1ea1, golf v\u00e0 nhi\u1ec1u m\u00f4n kh\u00e1c.<br \/>\n&#8211; C\u1ea3m nh\u1eadn s\u1ef1 nh\u1eb9 nh\u00e0ng c\u1ee7a m\u1eaft c\u00e1 ch\u00e2n trong qu\u00e1 tr\u00ecnh ch\u1ea1y<br \/>\n&#8211; Ho\u00e0n h\u1ea3o \u0111\u1ec3 s\u1eed d\u1ee5ng h\u00e0ng ng\u00e0y.<br \/>\n<strong>Quy c\u00e1ch \u0111\u00f3ng g\u00f3i:\u00a0<\/strong>1 c\u00e1i\/h\u1ed9p<\/p>\n<p><strong>\u0110\u1ed1i t\u01b0\u1ee3ng s\u1eed d\u1ee5ng:<\/strong><\/p>\n<p>&#8211;\u00a0Ng\u01b0\u1eddi b\u1ecb bong g\u00e2n m\u1eaft c\u00e1 ch\u00e2n<\/p>\n<p>&#8211; Ng\u01b0\u1eddi b\u1ec7nh vi\u00eam g\u00e2n achilles<\/p>\n<p>&#8211; Ng\u01b0\u1eddi cao tu\u1ed5i g\u1eb7p kh\u00f3 kh\u0103n khi di chuy\u1ec3n<\/p>\n<p>&#8211; H\u1ed7 tr\u1ee3 ch\u01a1i th\u1ec3 thao b\u1ea3o v\u1ec7 m\u1eaft c\u00e1 ch\u00e2n khi di chuy\u1ec3n<\/p>\n<p><a href=\"https:\/\/www.phivutabletennis.com\/wp-content\/uploads\/2023\/06\/0bb1427f06a6d7f88eb7.jpg\"><img loading=\"lazy\" decoding=\"async\" class=\"alignnone  wp-image-1450\" src=\"https:\/\/www.phivutabletennis.com\/wp-content\/uploads\/2023\/06\/0bb1427f06a6d7f88eb7-300x113.jpg\" alt=\"\" width=\"401\" height=\"151\" srcset=\"https:\/\/www.phivutabletennis.com\/wp-content\/uploads\/2023\/06\/0bb1427f06a6d7f88eb7-300x113.jpg 300w, https:\/\/www.phivutabletennis.com\/wp-content\/uploads\/2023\/06\/0bb1427f06a6d7f88eb7-600x227.jpg 600w, https:\/\/www.phivutabletennis.com\/wp-content\/uploads\/2023\/06\/0bb1427f06a6d7f88eb7-1024x387.jpg 1024w, https:\/\/www.phivutabletennis.com\/wp-content\/uploads\/2023\/06\/0bb1427f06a6d7f88eb7-768x290.jpg 768w, https:\/\/www.phivutabletennis.com\/wp-content\/uploads\/2023\/06\/0bb1427f06a6d7f88eb7.jpg 1115w\" sizes=\"auto, (max-width: 401px) 100vw, 401px\" \/><\/a><\/p>\n","protected":false},"excerpt":{"rendered":"<p>\u0110ai B\u1ea3o V\u1ec7 C\u1ed5 Ch\u00e2n Phiten_Lo\u1ea1i m\u1ec1m (1 C\u00e1i) M\u00f4 t\u1ea3 B\u0103ng \u0111ai b\u1ea3o v\u1ec7 c\u1ed5 ch\u00e2n &#8211; m\u1eaft c\u00e1 ch\u00e2n Phiten c\u00f3 thi\u1ebft k\u1ebf m\u1ecfng v\u00e0 l\u00e0m t\u1eeb v\u1eadt li\u1ec7u c\u00f3 \u0111\u1ed9 \u0111\u00e0n h\u1ed3i t\u1ed1t. \u0110\u01b0\u1ee3c thi\u1ebft k\u1ebf kh\u00f4ng c\u00f3 kh\u00f3a v\u00e0 c\u00f3 th\u1ec3 mang r\u1ea5t tho\u1ea3i m\u00e1i khi \u0111i gi\u00e0y m\u00e0 kh\u00f4ng c\u1ea7n [&hellip;]<\/p>\n","protected":false},"featured_media":1449,"comment_status":"open","ping_status":"closed","template":"","meta":{"_eb_attr":""},"product_cat":[95,93,92],"product_tag":[],"class_list":["post-1289","product","type-product","status-publish","has-post-thumbnail","hentry","product_cat-bang-dai-ho-tro","product_cat-co-chan","product_cat-phiten"],"_links":{"self":[{"href":"https:\/\/www.phivutabletennis.com\/index.php\/wp-json\/wp\/v2\/product\/1289","targetHints":{"allow":["GET"]}}],"collection":[{"href":"https:\/\/www.phivutabletennis.com\/index.php\/wp-json\/wp\/v2\/product"}],"about":[{"href":"https:\/\/www.phivutabletennis.com\/index.php\/wp-json\/wp\/v2\/types\/product"}],"replies":[{"embeddable":true,"href":"https:\/\/www.phivutabletennis.com\/index.php\/wp-json\/wp\/v2\/comments?post=1289"}],"wp:featuredmedia":[{"embeddable":true,"href":"https:\/\/www.phivutabletennis.com\/index.php\/wp-json\/wp\/v2\/media\/1449"}],"wp:attachment":[{"href":"https:\/\/www.phivutabletennis.com\/index.php\/wp-json\/wp\/v2\/media?parent=1289"}],"wp:term":[{"taxonomy":"product_cat","embeddable":true,"href":"https:\/\/www.phivutabletennis.com\/index.php\/wp-json\/wp\/v2\/product_cat?post=1289"},{"taxonomy":"product_tag","embeddable":true,"href":"https:\/\/www.phivutabletennis.com\/index.php\/wp-json\/wp\/v2\/product_tag?post=1289"}],"curies":[{"name":"wp","href":"https:\/\/api.w.org\/{rel}","templated":true}]}}