{"id":1294,"date":"2023-06-17T00:13:25","date_gmt":"2023-06-16T17:13:25","guid":{"rendered":"https:\/\/www.phivutabletennis.com\/?post_type=product&#038;p=1294"},"modified":"2026-04-15T10:47:09","modified_gmt":"2026-04-15T03:47:09","slug":"dai-bao-ve-co-chan-loai-cung-phiten-supporter-ankle_hard-type","status":"publish","type":"product","link":"https:\/\/www.phivutabletennis.com\/index.php\/product\/dai-bao-ve-co-chan-loai-cung-phiten-supporter-ankle_hard-type\/","title":{"rendered":"\u0110ai B\u1ea3o V\u1ec7 C\u1ed5 Ch\u00e2n (lo\u1ea1i c\u1ee9ng) &#8211; PHITEN SUPPORTER ANKLE_HARD TYPE"},"content":{"rendered":"<p><strong>\u0110ai b\u1ea3o v\u1ec7 m\u1eaft C\u00e1 ch\u00e2n Phiten lo\u1ea1i c\u1ee9ng<\/strong><\/p>\n<p><strong>M\u00f4 t\u1ea3 s\u1ea3n ph\u1ea9m<\/strong><br \/>\n\u0110ai b\u1ea3o v\u1ec7 c\u1ed5 ch\u00e2n &#8211; m\u1eaft c\u00e1 ch\u00e2n AQUA TITANIUM h\u1ed7 tr\u1ee3 qu\u1ea5n quanh c\u1ed5 ch\u00e2n ch\u1eafc ch\u1eafn nh\u01b0ng tho\u1ea3i m\u00e1i &amp; c\u00f3 th\u1ec3 d\u1ec5 d\u00e0ng di chuy\u1ec3n linh ho\u1ea1t, ph\u00f9 h\u1ee3p v\u1edbi ng\u01b0\u1eddi c\u00f3 v\u1ea5n \u0111\u1ec1 v\u1ec1 m\u1eaft c\u00e1 ch\u00e2n. S\u1eed d\u1ee5ng c\u00f4ng ngh\u1ec7 \u0111\u1ed9c quy\u1ec1n gi\u00fap h\u1ed7 tr\u1ee3 ph\u1ee5c h\u1ed3i sau ch\u1ea5n th\u01b0\u01a1ng, gi\u1ea3m \u0111au kh\u1edbp v\u00e0 c\u01a1, \u0111i\u1ec1u h\u00f2a l\u01b0u th\u00f4ng m\u00e1u mang \u0111\u1ebfn s\u1ef1 tho\u1ea3i m\u00e1i cho ng\u01b0\u1eddi s\u1eed d\u1ee5ng.<\/p>\n<p><strong>Ch\u1ea5t li\u1ec7u:<\/strong>\u00a0Th\u00e2n s\u1ea3n ph\u1ea9m &#8211; Nylon 93%, Polyurethane 8%. V\u1ea3i trong: Nylon 80%, Polyurethane 21%<br \/>\n<strong>\u0110ai ph\u1ee5 h\u1ed7 tr\u1ee3<\/strong>:\u00a0Polyester 81%, Polyurethane 10%. Kh\u00f3a Velcro: Polyester 100%<br \/>\n<strong>C\u00f4ng ngh\u1ec7:<\/strong>\u00a0AQUA TITANIUM v\u00e0 AQUA PALLADIUM<br \/>\n<strong>C\u00f4ng d\u1ee5ng<\/strong><br \/>\n&#8211; H\u1ed7 tr\u1ee3 v\u1eadn \u0111\u1ed9ng, gi\u1ea3m \u0111au tuy\u1ec7t v\u1eddi<br \/>\n&#8211; T\u1ea1o s\u1ef1 tho\u1ea3i m\u00e1i khi di chuy\u1ec3n.<br \/>\n&#8211; Th\u1ea5m h\u00fat m\u1ed3 h\u00f4i t\u1ed1t mang \u0111\u1ebfn c\u1ea3m gi\u00e1c s\u1ea1ch s\u1ebd v\u00e0 tho\u1ea3i m\u00e1i.<br \/>\n&#8211; H\u1ed7 tr\u1ee3 ph\u1ee5c h\u1ed3i t\u1eeb vi\u00eam kh\u1edbp, vi\u00eam g\u00e2n, th\u1ea5p kh\u1edbp v\u00e0 c\u00e1c t\u00ecnh tr\u1ea1ng v\u00e0 ch\u1ea5n th\u01b0\u01a1ng li\u00ean quan \u0111\u1ebfn m\u1eaft c\u00e1 ch\u00e2n kh\u00e1c<br \/>\n&#8211; Gi\u00fap gi\u1ea3m \u0111au v\u00e0 h\u1ed7 tr\u1ee3 ph\u1ee5c h\u1ed3i sau nh\u1eefng t\u1ed5n th\u01b0\u01a1ng do th\u1ec3 thao v\u00e0 c\u00e1c ho\u1ea1t \u0111\u1ed9ng th\u1ec3 thao nh\u01b0 tennis, b\u00f3ng r\u1ed5, b\u00f3ng chuy\u1ec1n, b\u1eafn ch\u00e9o, t\u1eadp t\u1ea1, golf v\u00e0 nhi\u1ec1u m\u00f4n kh\u00e1c.<br \/>\n&#8211; C\u1ea3m nh\u1eadn s\u1ef1 nh\u1eb9 nh\u00e0ng c\u1ee7a m\u1eaft c\u00e1 ch\u00e2n trong qu\u00e1 tr\u00ecnh b\u1ea1n ch\u1ea1y<br \/>\n&#8211; Ho\u00e0n h\u1ea3o \u0111\u1ec3 s\u1eed d\u1ee5ng h\u00e0ng ng\u00e0y.<br \/>\n<strong>C\u00f3 3 size:<\/strong>\u00a0S, M v\u00e0 L<br \/>\n<strong>L\u01b0u \u00fd:<\/strong>\u00a0Gi\u1eb7t b\u1eb1ng n\u01b0\u1edbc \u1ea5m ho\u1eb7c s\u1eefa t\u1eafm \u00edt ch\u1ea5t t\u1ea9y, ph\u01a1i d\u01b0\u1edbi b\u00f3ng m\u00e1t tr\u00e1nh \u00e1nh n\u1eafng m\u1eb7t tr\u1eddi<br \/>\n<strong>Th\u01b0\u01a1ng hi\u1ec7u:<\/strong>\u00a0Phiten<br \/>\n<strong>S\u1ea3n xu\u1ea5t t\u1ea1i Nh\u1eadt B\u1ea3n<\/strong><br \/>\n<strong>Quy c\u00e1ch \u0111\u00f3ng g\u00f3i:<\/strong>\u00a01 c\u00e1i\/h\u1ed9p<\/p>\n<p><strong>\u0110\u1ed1i t\u01b0\u1ee3ng s\u1eed d\u1ee5ng:<\/strong><\/p>\n<p>&#8211;<strong>\u00a0<\/strong>Ng\u01b0\u1eddi b\u1ecb bong g\u00e2n m\u1eaft c\u00e1 ch\u00e2n<\/p>\n<p>&#8211; Ng\u01b0\u1eddi b\u1ec7nh vi\u00eam g\u00e2n achilles<\/p>\n<p>&#8211; Ng\u01b0\u1eddi cao tu\u1ed5i g\u1eb7p kh\u00f3 kh\u0103n khi di chuy\u1ec3n<\/p>\n<p>&#8211; H\u1ed7 tr\u1ee3 ch\u01a1i th\u1ec3 thao b\u1ea3o v\u1ec7 m\u1eaft c\u00e1 ch\u00e2n khi di chuy\u1ec3n<a href=\"https:\/\/www.phivutabletennis.com\/wp-content\/uploads\/2023\/06\/Y1EjxKPDhzxv6UbtIhXGHDfViYhoTx1g5Hl98Dsu-1.jpeg\"><img loading=\"lazy\" decoding=\"async\" class=\"alignnone  wp-image-1455\" src=\"https:\/\/www.phivutabletennis.com\/wp-content\/uploads\/2023\/06\/Y1EjxKPDhzxv6UbtIhXGHDfViYhoTx1g5Hl98Dsu-1-300x199.jpeg\" alt=\"\" width=\"666\" height=\"442\" srcset=\"https:\/\/www.phivutabletennis.com\/wp-content\/uploads\/2023\/06\/Y1EjxKPDhzxv6UbtIhXGHDfViYhoTx1g5Hl98Dsu-1-300x199.jpeg 300w, https:\/\/www.phivutabletennis.com\/wp-content\/uploads\/2023\/06\/Y1EjxKPDhzxv6UbtIhXGHDfViYhoTx1g5Hl98Dsu-1-600x399.jpeg 600w, https:\/\/www.phivutabletennis.com\/wp-content\/uploads\/2023\/06\/Y1EjxKPDhzxv6UbtIhXGHDfViYhoTx1g5Hl98Dsu-1-1024x681.jpeg 1024w, https:\/\/www.phivutabletennis.com\/wp-content\/uploads\/2023\/06\/Y1EjxKPDhzxv6UbtIhXGHDfViYhoTx1g5Hl98Dsu-1-768x510.jpeg 768w, https:\/\/www.phivutabletennis.com\/wp-content\/uploads\/2023\/06\/Y1EjxKPDhzxv6UbtIhXGHDfViYhoTx1g5Hl98Dsu-1-1536x1021.jpeg 1536w, https:\/\/www.phivutabletennis.com\/wp-content\/uploads\/2023\/06\/Y1EjxKPDhzxv6UbtIhXGHDfViYhoTx1g5Hl98Dsu-1.jpeg 2048w\" sizes=\"auto, (max-width: 666px) 100vw, 666px\" \/><\/a> <a href=\"https:\/\/www.phivutabletennis.com\/wp-content\/uploads\/2023\/06\/L5zJrJ8TvydBmxw9sbxFHCBcWUBjluYJhr3RXJW5.jpeg\"><img loading=\"lazy\" decoding=\"async\" class=\"alignnone  wp-image-1453\" src=\"https:\/\/www.phivutabletennis.com\/wp-content\/uploads\/2023\/06\/L5zJrJ8TvydBmxw9sbxFHCBcWUBjluYJhr3RXJW5-300x300.jpeg\" alt=\"\" width=\"664\" height=\"664\" srcset=\"https:\/\/www.phivutabletennis.com\/wp-content\/uploads\/2023\/06\/L5zJrJ8TvydBmxw9sbxFHCBcWUBjluYJhr3RXJW5-300x300.jpeg 300w, https:\/\/www.phivutabletennis.com\/wp-content\/uploads\/2023\/06\/L5zJrJ8TvydBmxw9sbxFHCBcWUBjluYJhr3RXJW5-100x100.jpeg 100w, https:\/\/www.phivutabletennis.com\/wp-content\/uploads\/2023\/06\/L5zJrJ8TvydBmxw9sbxFHCBcWUBjluYJhr3RXJW5-600x600.jpeg 600w, https:\/\/www.phivutabletennis.com\/wp-content\/uploads\/2023\/06\/L5zJrJ8TvydBmxw9sbxFHCBcWUBjluYJhr3RXJW5-1024x1024.jpeg 1024w, https:\/\/www.phivutabletennis.com\/wp-content\/uploads\/2023\/06\/L5zJrJ8TvydBmxw9sbxFHCBcWUBjluYJhr3RXJW5-150x150.jpeg 150w, https:\/\/www.phivutabletennis.com\/wp-content\/uploads\/2023\/06\/L5zJrJ8TvydBmxw9sbxFHCBcWUBjluYJhr3RXJW5-768x768.jpeg 768w, https:\/\/www.phivutabletennis.com\/wp-content\/uploads\/2023\/06\/L5zJrJ8TvydBmxw9sbxFHCBcWUBjluYJhr3RXJW5-1536x1536.jpeg 1536w, https:\/\/www.phivutabletennis.com\/wp-content\/uploads\/2023\/06\/L5zJrJ8TvydBmxw9sbxFHCBcWUBjluYJhr3RXJW5.jpeg 2048w\" sizes=\"auto, (max-width: 664px) 100vw, 664px\" \/><\/a> <a href=\"https:\/\/www.phivutabletennis.com\/wp-content\/uploads\/2023\/06\/MXTH24oanuj4k1YiL9O3tH1c0JZjyoAjkQyUzAul.jpeg\"><img loading=\"lazy\" decoding=\"async\" class=\"alignnone  wp-image-1454\" src=\"https:\/\/www.phivutabletennis.com\/wp-content\/uploads\/2023\/06\/MXTH24oanuj4k1YiL9O3tH1c0JZjyoAjkQyUzAul-300x300.jpeg\" alt=\"\" width=\"662\" height=\"662\" srcset=\"https:\/\/www.phivutabletennis.com\/wp-content\/uploads\/2023\/06\/MXTH24oanuj4k1YiL9O3tH1c0JZjyoAjkQyUzAul-300x300.jpeg 300w, https:\/\/www.phivutabletennis.com\/wp-content\/uploads\/2023\/06\/MXTH24oanuj4k1YiL9O3tH1c0JZjyoAjkQyUzAul-100x100.jpeg 100w, https:\/\/www.phivutabletennis.com\/wp-content\/uploads\/2023\/06\/MXTH24oanuj4k1YiL9O3tH1c0JZjyoAjkQyUzAul-600x600.jpeg 600w, https:\/\/www.phivutabletennis.com\/wp-content\/uploads\/2023\/06\/MXTH24oanuj4k1YiL9O3tH1c0JZjyoAjkQyUzAul-1024x1024.jpeg 1024w, https:\/\/www.phivutabletennis.com\/wp-content\/uploads\/2023\/06\/MXTH24oanuj4k1YiL9O3tH1c0JZjyoAjkQyUzAul-150x150.jpeg 150w, https:\/\/www.phivutabletennis.com\/wp-content\/uploads\/2023\/06\/MXTH24oanuj4k1YiL9O3tH1c0JZjyoAjkQyUzAul-768x768.jpeg 768w, https:\/\/www.phivutabletennis.com\/wp-content\/uploads\/2023\/06\/MXTH24oanuj4k1YiL9O3tH1c0JZjyoAjkQyUzAul-1536x1536.jpeg 1536w, https:\/\/www.phivutabletennis.com\/wp-content\/uploads\/2023\/06\/MXTH24oanuj4k1YiL9O3tH1c0JZjyoAjkQyUzAul.jpeg 2048w\" sizes=\"auto, (max-width: 662px) 100vw, 662px\" \/><\/a><\/p>\n","protected":false},"excerpt":{"rendered":"<p>\u0110ai b\u1ea3o v\u1ec7 m\u1eaft C\u00e1 ch\u00e2n Phiten lo\u1ea1i c\u1ee9ng M\u00f4 t\u1ea3 s\u1ea3n ph\u1ea9m \u0110ai b\u1ea3o v\u1ec7 c\u1ed5 ch\u00e2n &#8211; m\u1eaft c\u00e1 ch\u00e2n AQUA TITANIUM h\u1ed7 tr\u1ee3 qu\u1ea5n quanh c\u1ed5 ch\u00e2n ch\u1eafc ch\u1eafn nh\u01b0ng tho\u1ea3i m\u00e1i &amp; c\u00f3 th\u1ec3 d\u1ec5 d\u00e0ng di chuy\u1ec3n linh ho\u1ea1t, ph\u00f9 h\u1ee3p v\u1edbi ng\u01b0\u1eddi c\u00f3 v\u1ea5n \u0111\u1ec1 v\u1ec1 m\u1eaft c\u00e1 ch\u00e2n. [&hellip;]<\/p>\n","protected":false},"featured_media":1292,"comment_status":"open","ping_status":"closed","template":"","meta":{"_eb_attr":""},"product_cat":[95,93,92],"product_tag":[],"class_list":["post-1294","product","type-product","status-publish","has-post-thumbnail","hentry","product_cat-bang-dai-ho-tro","product_cat-co-chan","product_cat-phiten"],"_links":{"self":[{"href":"https:\/\/www.phivutabletennis.com\/index.php\/wp-json\/wp\/v2\/product\/1294","targetHints":{"allow":["GET"]}}],"collection":[{"href":"https:\/\/www.phivutabletennis.com\/index.php\/wp-json\/wp\/v2\/product"}],"about":[{"href":"https:\/\/www.phivutabletennis.com\/index.php\/wp-json\/wp\/v2\/types\/product"}],"replies":[{"embeddable":true,"href":"https:\/\/www.phivutabletennis.com\/index.php\/wp-json\/wp\/v2\/comments?post=1294"}],"wp:featuredmedia":[{"embeddable":true,"href":"https:\/\/www.phivutabletennis.com\/index.php\/wp-json\/wp\/v2\/media\/1292"}],"wp:attachment":[{"href":"https:\/\/www.phivutabletennis.com\/index.php\/wp-json\/wp\/v2\/media?parent=1294"}],"wp:term":[{"taxonomy":"product_cat","embeddable":true,"href":"https:\/\/www.phivutabletennis.com\/index.php\/wp-json\/wp\/v2\/product_cat?post=1294"},{"taxonomy":"product_tag","embeddable":true,"href":"https:\/\/www.phivutabletennis.com\/index.php\/wp-json\/wp\/v2\/product_tag?post=1294"}],"curies":[{"name":"wp","href":"https:\/\/api.w.org\/{rel}","templated":true}]}}