{"id":1297,"date":"2023-06-17T00:14:55","date_gmt":"2023-06-16T17:14:55","guid":{"rendered":"https:\/\/www.phivutabletennis.com\/?post_type=product&#038;p=1297"},"modified":"2023-06-19T22:43:35","modified_gmt":"2023-06-19T15:43:35","slug":"dai-bao-ve-co-tay-chuyen-dung-cho-dan-van-phong-va-game-thu-phiten-rakuwa-supporter-extreme-e-sports-wrist","status":"publish","type":"product","link":"https:\/\/www.phivutabletennis.com\/index.php\/product\/dai-bao-ve-co-tay-chuyen-dung-cho-dan-van-phong-va-game-thu-phiten-rakuwa-supporter-extreme-e-sports-wrist\/","title":{"rendered":"\u0110ai B\u1ea3o V\u1ec7 C\u1ed5 Tay chuy\u00ean d\u1ee5ng cho d\u00e2n v\u0103n ph\u00f2ng v\u00e0 game th\u1ee7 &#8211; PHITEN RAKUWA SUPPORTER EXTREME E SPORTS WRIST"},"content":{"rendered":"<p>Ultra Wrist Wrap Metax \u1edf \u0111\u00e2y \u0111\u1ec3 h\u1ed7 tr\u1ee3 c\u1ed5 tay c\u1ee7a b\u1ea1n<\/p>\n<p>C\u00e1c v\u1eadt li\u1ec7u tuy\u1ec7t v\u1eddi! N\u00f3 gi\u1ed1ng nh\u01b0 to\u00e0n b\u1ed9 m\u1ecdi th\u1ee9 l\u00e0 d\u00e2y bu\u1ed9c. Ch\u1ea5t li\u1ec7u \u0111\u1eb7c bi\u1ec7t m\u1ecfng v\u00e0 kh\u00f4ng c\u00f3 d\u00e2y bu\u1ed9c n\u00e0y \u201cVelcroless\u201d kh\u00f4ng \u1ea3nh h\u01b0\u1edfng \u0111\u1ebfn c\u00e1c chuy\u1ec3n \u0111\u1ed9ng tinh t\u1ebf c\u1ee7a c\u1ed5 tay b\u1ea1n!<\/p>\n<p>L\u00e0m th\u1ebf n\u00e0o \u0111\u1ec3 m\u1eb7c v\u00e0o<\/p>\n<p>c\u00e1ch \u0111eo v\u00f2ng qu\u1ea5n c\u1ed5 tay<\/p>\n<p>L\u00e0m th\u1ebf n\u00e0o \u0111\u1ec3 m\u1eb7c v\u00e0o<br \/>\nB\u1ea1n c\u00f3 th\u1ec3 tho\u1ea3i m\u00e1i \u0111i\u1ec1u ch\u1ec9nh \u0111\u1ed9 ch\u1eadt theo \u00fd mu\u1ed1n b\u1eb1ng c\u00e1ch ch\u1ec9 c\u1ea7n qu\u1ea5n quanh c\u1ed5 tay qua ng\u00f3n tay c\u00e1i.<\/p>\n<p>M\u1eb7t ngo\u00e0i l\u00e0 m\u1eb7t c\u00f3 Logo c\u1ef1c ch\u1ea5t. Nh\u00ecn b\u00ean ngo\u00e0i v\u00e0 b\u00ean trong<\/p>\n<p>\u0110i\u1ec1u n\u00e0y \u0111\u01b0\u1ee3c khuy\u1ebfn kh\u00edch cho b\u1ea5t k\u1ef3 ai s\u1eed d\u1ee5ng tay v\u00e0 c\u1ed5 tay nhi\u1ec1u. B\u1ea1n c\u00f3 s\u1eed d\u1ee5ng m\u00e1y t\u00ednh x\u00e1ch tay \/ m\u00e1y t\u00ednh \u0111\u1ec3 b\u00e0n cho c\u00f4ng vi\u1ec7c v\u00e0 gi\u1ea3i tr\u00ed c\u1ee7a m\u00ecnh kh\u00f4ng? B\u1ea1n c\u00f3 th\u1ec3 mu\u1ed1n ngh\u0129 \u0111\u1ebfn vi\u1ec7c ch\u0103m s\u00f3c c\u1ed5 tay c\u1ee7a m\u00ecnh. Lo\u1ea1i qu\u1ea5n c\u1ed5 tay n\u00e0y gi\u00fap ng\u0103n ng\u1eeba s\u1ef1 kh\u00f3 ch\u1ecbu khi s\u1eed d\u1ee5ng nhi\u1ec1u ng\u00f3n tay v\u00e0 c\u1ed5 tay.<\/p>\n<p>Nhi\u1ec1u ng\u01b0\u1eddi ch\u01a1i th\u1ec3 thao \u0111i\u1ec7n t\u1eed c\u0169ng \u0111ang s\u1eed d\u1ee5ng Metax qu\u1ea5n c\u1ed5 tay c\u1ef1c ch\u1ea5t n\u00e0y<\/p>\n<p>Th\u1ec3 thao \u0111i\u1ec7n t\u1eed v\u1edbi d\u00e2y qu\u1ea5n c\u1ed5 tay PhitenGamer<\/p>\n<p>M\u00e0u \u0111en<\/p>\n<p>K\u00edch th\u01b0\u1edbc: M\u1ed9t K\u00edch th\u01b0\u1edbc<\/p>\n<p>Ch\u1ea5t li\u1ec7u: 100% Polyester<\/p>\n<p>C\u00f4ng ngh\u1ec7: Metax<\/p>\n<p>S\u1ea3n xu\u1ea5t t\u1ea1i Nh\u1eadt B\u1ea3n<\/p>\n<p><strong>\u0110\u1ed1i t\u01b0\u1ee3ng s\u1eed d\u1ee5ng:<\/strong><\/p>\n<ul>\n<li>Th\u00edch h\u1ee3p cho c\u1ea3 nam gi\u1edbi v\u00e0 ph\u1ee5 n\u1eef<\/li>\n<li>Ng\u01b0\u1eddi b\u1ecb \u0111au c\u1ed5 tay, vi\u00eam bao g\u00e2n c\u1ed5 tay, h\u1ed9i ch\u1ee9ng \u1ed1ng c\u1ed5 tay<\/li>\n<li>B\u1ea3o v\u1ec7 c\u1ed5 tay khi ch\u01a1i th\u1ec3 thao \u0111\u1eb7c bi\u1ec7t trong \u0111\u00e1nh tennis, c\u1ea7u l\u00f4ng, golf, b\u00f3ng chuy\u1ec1n,&#8230;<\/li>\n<\/ul>\n","protected":false},"excerpt":{"rendered":"<p>Ultra Wrist Wrap Metax \u1edf \u0111\u00e2y \u0111\u1ec3 h\u1ed7 tr\u1ee3 c\u1ed5 tay c\u1ee7a b\u1ea1n C\u00e1c v\u1eadt li\u1ec7u tuy\u1ec7t v\u1eddi! N\u00f3 gi\u1ed1ng nh\u01b0 to\u00e0n b\u1ed9 m\u1ecdi th\u1ee9 l\u00e0 d\u00e2y bu\u1ed9c. Ch\u1ea5t li\u1ec7u \u0111\u1eb7c bi\u1ec7t m\u1ecfng v\u00e0 kh\u00f4ng c\u00f3 d\u00e2y bu\u1ed9c n\u00e0y \u201cVelcroless\u201d kh\u00f4ng \u1ea3nh h\u01b0\u1edfng \u0111\u1ebfn c\u00e1c chuy\u1ec3n \u0111\u1ed9ng tinh t\u1ebf c\u1ee7a c\u1ed5 tay b\u1ea1n! L\u00e0m th\u1ebf [&hellip;]<\/p>\n","protected":false},"featured_media":1296,"comment_status":"open","ping_status":"closed","template":"","meta":{"_eb_attr":""},"product_cat":[95,94,92],"product_tag":[],"class_list":["post-1297","product","type-product","status-publish","has-post-thumbnail","hentry","product_cat-bang-dai-ho-tro","product_cat-co-tay","product_cat-phiten"],"_links":{"self":[{"href":"https:\/\/www.phivutabletennis.com\/index.php\/wp-json\/wp\/v2\/product\/1297","targetHints":{"allow":["GET"]}}],"collection":[{"href":"https:\/\/www.phivutabletennis.com\/index.php\/wp-json\/wp\/v2\/product"}],"about":[{"href":"https:\/\/www.phivutabletennis.com\/index.php\/wp-json\/wp\/v2\/types\/product"}],"replies":[{"embeddable":true,"href":"https:\/\/www.phivutabletennis.com\/index.php\/wp-json\/wp\/v2\/comments?post=1297"}],"wp:featuredmedia":[{"embeddable":true,"href":"https:\/\/www.phivutabletennis.com\/index.php\/wp-json\/wp\/v2\/media\/1296"}],"wp:attachment":[{"href":"https:\/\/www.phivutabletennis.com\/index.php\/wp-json\/wp\/v2\/media?parent=1297"}],"wp:term":[{"taxonomy":"product_cat","embeddable":true,"href":"https:\/\/www.phivutabletennis.com\/index.php\/wp-json\/wp\/v2\/product_cat?post=1297"},{"taxonomy":"product_tag","embeddable":true,"href":"https:\/\/www.phivutabletennis.com\/index.php\/wp-json\/wp\/v2\/product_tag?post=1297"}],"curies":[{"name":"wp","href":"https:\/\/api.w.org\/{rel}","templated":true}]}}