{"id":1304,"date":"2023-06-17T00:17:19","date_gmt":"2023-06-16T17:17:19","guid":{"rendered":"https:\/\/www.phivutabletennis.com\/?post_type=product&#038;p=1304"},"modified":"2023-07-12T12:09:03","modified_gmt":"2023-07-12T05:09:03","slug":"dai-bao-ve-co-tay-loai-vua-phiten-metax-supporter-wrist_middle-type","status":"publish","type":"product","link":"https:\/\/www.phivutabletennis.com\/index.php\/product\/dai-bao-ve-co-tay-loai-vua-phiten-metax-supporter-wrist_middle-type\/","title":{"rendered":"\u0110ai B\u1ea3o V\u1ec7 C\u1ed5 Tay (lo\u1ea1i v\u1eeba) &#8211; PHITEN METAX SUPPORTER WRIST_MIDDLE TYPE"},"content":{"rendered":"<p><strong>\u0110ai B\u1ea3o V\u1ec7 C\u1ed5 Tay Phiten Metax_Lo\u1ea1i V\u1eeba (1 c\u00e1i)<\/strong><\/p>\n<p>B\u0103ng b\u1ea3o v\u1ec7\u00a0c\u1ed5 tay l\u00e0m t\u1eeb nylon\/polyurethane \u0111\u01b0\u1ee3c nh\u00fang c\u00f4ng ngh\u1ec7 Metax c\u1ee7a Phiten. S\u1ea3n ph\u1ea9m c\u00f3 m\u1ed9t b\u1ed9\u00a0kh\u00f3a Velcro c\u00f3 th\u1ec3 \u0111i\u1ec1u ch\u00ednh \u0111\u1ed9 ch\u1eb7t v\u00e0 l\u1ef1c n\u00e9n. K\u00edch th\u01b0\u1edbc c\u00f3 th\u1ec3 \u0111i\u1ec1u ch\u1ec9nh t\u1eeb 20 &#8211; 28 cm<\/p>\n<p>Free size\u00a0 (Chi\u1ec1u d\u00e0i kho\u1ea3ng\u00a07.5 cm)<br \/>\nCh\u1ea5t li\u1ec7u: V\u1ea3i: 92% nylon, 8% polyurethane,\u00a0polyacetal, da t\u1ed5ng h\u1ee3p<br \/>\nN\u00fat kh\u00f3a Velcro: 100% polyester<br \/>\n<strong>C\u00f4ng ngh\u1ec7:\u00a0<\/strong>Metax<br \/>\n<strong>M\u00e0u s\u1eafc:<\/strong>\u00a0\u0110en<\/p>\n<p><strong>C\u00f4ng d\u1ee5ng<\/strong><br \/>\n&#8211; S\u1eed d\u1ee5ng c\u00f4ng ngh\u1ec7 \u0111\u1ed9c \u0111\u00e1o AQUA TITAN\u00ae v\u00e0 AQUA PALLADIUM \u0111\u00e3 \u0111\u01b0\u1ee3c ch\u1ee9ng minh l\u00e0 mang l\u1ea1i nhi\u1ec1u l\u1ee3i \u00edch s\u1ee9c kh\u1ecfe kh\u00e1c nhau.<br \/>\n&#8211; C\u1ea5u tr\u00fac s\u1ee3i m\u1ecfng nh\u01b0ng ch\u1eafc ch\u1eafn, tho\u1ea3i m\u00e1i khi b\u1ea1n di chuy\u1ec3n.<br \/>\n&#8211; Gi\u00fap ph\u1ee5c h\u1ed3i sau \u0111au v\u00e0 ch\u1ea5n th\u01b0\u01a1ng<br \/>\n&#8211; Th\u1ea5m h\u00fat m\u1ed3 h\u00f4i nhanh cho ng\u01b0\u1eddi s\u1eed d\u1ee5ng c\u1ea3m gi\u00e1c s\u1ea1ch s\u1ebd v\u00e0 tho\u1ea3i m\u00e1i h\u01a1n.<br \/>\n&#8211; Ng\u0103n ng\u1eeba ho\u1eb7c gi\u1ea3m thi\u1ec3u vi\u00eam kh\u1edbp, vi\u00ean g\u00f3t ch\u00e2n Achilles, khu\u1ef7u tay qu\u1ea7n v\u1ee3t<br \/>\n&#8211; Gi\u00fap gi\u1ea3m c\u0103ng th\u1eb3ng \u1edf b\u00e0n ch\u00e2n ho\u1eb7c c\u00e1nh tay<br \/>\n&#8211; C\u1ea3m nh\u1eadn s\u1ef1 nh\u1eb9 nh\u00e0ng c\u1ee7a c\u1ed5 tay trong qu\u00e1 tr\u00ecnh v\u1eadn \u0111\u1ed9ng<br \/>\n&#8211; C\u00f3 t\u00e1c d\u1ee5ng h\u1ed7 tr\u1ee3 ph\u1ee5c h\u1ed3i v\u00e0 c\u1ea3i thi\u1ec7n l\u01b0u th\u00f4ng m\u00e1u.<br \/>\n<strong>Quy c\u00e1ch \u0111\u00f3ng g\u00f3i:\u00a01 c\u00e1i\/h\u1ed9p<\/strong><\/p>\n<p><strong>S\u1ea3n xu\u1ea5t t\u1ea1i Nh\u1eadt B\u1ea3n<\/strong><\/p>\n<p><strong>\u0110\u1ed1i t\u01b0\u1ee3ng s\u1eed d\u1ee5ng:<\/strong><\/p>\n<ul>\n<li>Th\u00edch h\u1ee3p cho c\u1ea3 nam gi\u1edbi v\u00e0 ph\u1ee5 n\u1eef<\/li>\n<li>Ng\u01b0\u1eddi b\u1ecb \u0111au c\u1ed5 tay, vi\u00eam bao g\u00e2n c\u1ed5 tay, h\u1ed9i ch\u1ee9ng \u1ed5ng c\u1ed5 tay<\/li>\n<li>B\u1ea3o v\u1ec7 c\u1ed5 tay khi ch\u01a1i th\u1ec3 thao \u0111\u1eb7c bi\u1ec7t trong \u0111\u00e1nh tennis, c\u1ea7u l\u00f4ng, golf, b\u00f3ng chuy\u1ec1n,&#8230;<\/li>\n<\/ul>\n","protected":false},"excerpt":{"rendered":"<p>\u0110ai B\u1ea3o V\u1ec7 C\u1ed5 Tay Phiten Metax_Lo\u1ea1i V\u1eeba (1 c\u00e1i) B\u0103ng b\u1ea3o v\u1ec7\u00a0c\u1ed5 tay l\u00e0m t\u1eeb nylon\/polyurethane \u0111\u01b0\u1ee3c nh\u00fang c\u00f4ng ngh\u1ec7 Metax c\u1ee7a Phiten. S\u1ea3n ph\u1ea9m c\u00f3 m\u1ed9t b\u1ed9\u00a0kh\u00f3a Velcro c\u00f3 th\u1ec3 \u0111i\u1ec1u ch\u00ednh \u0111\u1ed9 ch\u1eb7t v\u00e0 l\u1ef1c n\u00e9n. K\u00edch th\u01b0\u1edbc c\u00f3 th\u1ec3 \u0111i\u1ec1u ch\u1ec9nh t\u1eeb 20 &#8211; 28 cm Free size\u00a0 (Chi\u1ec1u d\u00e0i kho\u1ea3ng\u00a07.5 [&hellip;]<\/p>\n","protected":false},"featured_media":1298,"comment_status":"open","ping_status":"closed","template":"","meta":{"_eb_attr":""},"product_cat":[95,94,92],"product_tag":[],"class_list":["post-1304","product","type-product","status-publish","has-post-thumbnail","hentry","product_cat-bang-dai-ho-tro","product_cat-co-tay","product_cat-phiten"],"_links":{"self":[{"href":"https:\/\/www.phivutabletennis.com\/index.php\/wp-json\/wp\/v2\/product\/1304","targetHints":{"allow":["GET"]}}],"collection":[{"href":"https:\/\/www.phivutabletennis.com\/index.php\/wp-json\/wp\/v2\/product"}],"about":[{"href":"https:\/\/www.phivutabletennis.com\/index.php\/wp-json\/wp\/v2\/types\/product"}],"replies":[{"embeddable":true,"href":"https:\/\/www.phivutabletennis.com\/index.php\/wp-json\/wp\/v2\/comments?post=1304"}],"wp:featuredmedia":[{"embeddable":true,"href":"https:\/\/www.phivutabletennis.com\/index.php\/wp-json\/wp\/v2\/media\/1298"}],"wp:attachment":[{"href":"https:\/\/www.phivutabletennis.com\/index.php\/wp-json\/wp\/v2\/media?parent=1304"}],"wp:term":[{"taxonomy":"product_cat","embeddable":true,"href":"https:\/\/www.phivutabletennis.com\/index.php\/wp-json\/wp\/v2\/product_cat?post=1304"},{"taxonomy":"product_tag","embeddable":true,"href":"https:\/\/www.phivutabletennis.com\/index.php\/wp-json\/wp\/v2\/product_tag?post=1304"}],"curies":[{"name":"wp","href":"https:\/\/api.w.org\/{rel}","templated":true}]}}