{"id":1313,"date":"2023-06-17T00:20:52","date_gmt":"2023-06-16T17:20:52","guid":{"rendered":"https:\/\/www.phivutabletennis.com\/?post_type=product&#038;p=1313"},"modified":"2023-06-19T22:42:49","modified_gmt":"2023-06-19T15:42:49","slug":"bang-dai-bao-ve-da-nang-phiten-supporter-metax-fixed-band-dui-bap-chan","status":"publish","type":"product","link":"https:\/\/www.phivutabletennis.com\/index.php\/product\/bang-dai-bao-ve-da-nang-phiten-supporter-metax-fixed-band-dui-bap-chan\/","title":{"rendered":"B\u0103ng \u0110ai B\u1ea3o V\u1ec7 \u0110a N\u0103ng PHITEN SUPPORTER METAX FIXED BAND (\u0110\u00f9i, b\u1eafp ch\u00e2n)"},"content":{"rendered":"<p><strong>B\u0103ng \u0110ai B\u1ea3o V\u1ec7 \u0110a N\u0103ng PHITEN SUPPORTER METAX FIXED BAND<\/strong><\/p>\n<p>B\u0103ng \u0110ai B\u1ea3o V\u1ec7 \u0110a N\u0103ng Phiten Suporter Metax Fixed &#8211; Band c\u00f3 th\u1ec3 \u0111\u01b0\u1ee3c s\u1eed d\u1ee5ng \u1edf nhi\u1ec1u b\u1ed9 ph\u1eadn kh\u00e1c nhau nh\u01b0\u00a0b\u1eafp \u0111\u00f9i, b\u1eafp ch\u00e2n.\u00a0Thao t\u00e1c \u0111eo b\u0103ng \u0111ai\u00a0v\u00f4 c\u00f9ng \u0111\u01a1n gi\u1ea3n b\u1eb1ng c\u00e1ch qu\u1ea5n xung quanh v\u1ecb tr\u00ed c\u1ea7n b\u1ea3o v\u1ec7.\u00a0S\u1ea3n ph\u1ea9m\u00a0c\u00f3 \u0111\u1ed9 \u0111\u00e0n h\u1ed3i t\u1ed1t\u00a0v\u00e0 c\u00f3 th\u1ec3 \u0111\u01b0\u1ee3c s\u1eed d\u1ee5ng cho\u00a0c\u1ea3 b\u00ean tr\u00e1i l\u1eabn b\u00ean ph\u1ea3i.<\/p>\n<p><strong>C\u00f4ng d\u1ee5ng:\u00a0<\/strong><\/p>\n<p>&#8211;\u00a0Gi\u00fap gi\u1ea3m \u0111au, c\u1ea3i thi\u1ec7n l\u01b0u th\u00f4ng m\u00e1u.<\/p>\n<p>&#8211; Gi\u00fap gi\u1ea3m t\u00ecnh tr\u1ea1ng gi\u1eef n\u01b0\u1edbc v\u00e0 s\u01b0ng kh\u1edbp.<\/p>\n<p>&#8211; Th\u1ea5m h\u00fat m\u1ed3 h\u00f4i t\u1ed1t mang \u0111\u1ebfn c\u1ea3m gi\u00e1c s\u1ea1ch s\u1ebd v\u00e0 tho\u1ea3i m\u00e1i h\u01a1n.<\/p>\n<p>&#8211; H\u1ea1n ch\u1ebf ch\u1ea5n th\u01b0\u01a1ng do\u00a0v\u1eadn \u0111\u1ed9ng th\u1ec3 thao sai t\u01b0 th\u1ebf ho\u1eb7c b\u1ecb t\u00e1c \u0111\u1ed9ng l\u1ef1c m\u1ea1nh d\u1ed3n l\u00ean v\u00f9ng c\u1ed5 tay, c\u1ed5 ch\u00e2n.<\/p>\n<p>&#8211; \u0110\u01b0\u1ee3c thi\u1ebft k\u1ebf \u0111\u1ec3 \u1ed5n \u0111\u1ecbnh c\u00e1c kh\u1edbp, n\u00e9n c\u00e1c c\u01a1 v\u00e0 d\u00e2y ch\u1eb1ng xung quanh \u0111\u1ec3 chuy\u1ec3n \u0111\u1ed9ng tho\u1ea3i m\u00e1i h\u01a1n.<\/p>\n<p><strong>C\u00f4ng ngh\u1ec7<\/strong>:\u00a0AQUA-METAX\u00ae<br \/>\nS\u1ea3n xu\u1ea5t t\u1ea1i Nh\u1eadt B\u1ea3n<\/p>\n<p><strong>K\u00edch th\u01b0\u1edbc:<\/strong>\u00a0100cm<\/p>\n<p><strong>Quy c\u00e1ch \u0111\u00f3ng g\u00f3i:\u00a0<\/strong>1 c\u00e1i\/h\u1ed9p<\/p>\n<p><strong>\u0110\u1ed1i t\u01b0\u1ee3ng s\u1eed d\u1ee5ng:<\/strong><\/p>\n<p>&#8211;\u00a0H\u1ed7 tr\u1ee3 ph\u00f2ng tr\u00e1nh ch\u1ea5n th\u01b0\u01a1ng cho ng\u01b0\u1eddi ch\u01a1i th\u1ec3 thao<\/p>\n<p>&#8211; H\u1ed7 tr\u1ee3 ph\u00f2ng tr\u00e1nh c\u00e1c h\u1ed9i ch\u1ee9ng c\u1ed5 tay, c\u1ed5 ch\u00e2n \u1edf d\u00e2n v\u0103n ph\u00f2ng<\/p>\n<p>&#8211; Ng\u01b0\u1eddi b\u1ecb\u00a0vi\u00eam kh\u1edbp<\/p>\n<p>&#8211; Ng\u01b0\u1eddi l\u1edbn tu\u1ed5i g\u1eb7p kh\u00f3 kh\u0103n khi di chuy\u1ec3n<\/p>\n","protected":false},"excerpt":{"rendered":"<p>B\u0103ng \u0110ai B\u1ea3o V\u1ec7 \u0110a N\u0103ng PHITEN SUPPORTER METAX FIXED BAND B\u0103ng \u0110ai B\u1ea3o V\u1ec7 \u0110a N\u0103ng Phiten Suporter Metax Fixed &#8211; Band c\u00f3 th\u1ec3 \u0111\u01b0\u1ee3c s\u1eed d\u1ee5ng \u1edf nhi\u1ec1u b\u1ed9 ph\u1eadn kh\u00e1c nhau nh\u01b0\u00a0b\u1eafp \u0111\u00f9i, b\u1eafp ch\u00e2n.\u00a0Thao t\u00e1c \u0111eo b\u0103ng \u0111ai\u00a0v\u00f4 c\u00f9ng \u0111\u01a1n gi\u1ea3n b\u1eb1ng c\u00e1ch qu\u1ea5n xung quanh v\u1ecb tr\u00ed c\u1ea7n b\u1ea3o v\u1ec7.\u00a0S\u1ea3n [&hellip;]<\/p>\n","protected":false},"featured_media":1311,"comment_status":"open","ping_status":"closed","template":"","meta":{"_eb_attr":""},"product_cat":[95,99,92],"product_tag":[],"class_list":["post-1313","product","type-product","status-publish","has-post-thumbnail","hentry","product_cat-bang-dai-ho-tro","product_cat-dui","product_cat-phiten"],"_links":{"self":[{"href":"https:\/\/www.phivutabletennis.com\/index.php\/wp-json\/wp\/v2\/product\/1313","targetHints":{"allow":["GET"]}}],"collection":[{"href":"https:\/\/www.phivutabletennis.com\/index.php\/wp-json\/wp\/v2\/product"}],"about":[{"href":"https:\/\/www.phivutabletennis.com\/index.php\/wp-json\/wp\/v2\/types\/product"}],"replies":[{"embeddable":true,"href":"https:\/\/www.phivutabletennis.com\/index.php\/wp-json\/wp\/v2\/comments?post=1313"}],"wp:featuredmedia":[{"embeddable":true,"href":"https:\/\/www.phivutabletennis.com\/index.php\/wp-json\/wp\/v2\/media\/1311"}],"wp:attachment":[{"href":"https:\/\/www.phivutabletennis.com\/index.php\/wp-json\/wp\/v2\/media?parent=1313"}],"wp:term":[{"taxonomy":"product_cat","embeddable":true,"href":"https:\/\/www.phivutabletennis.com\/index.php\/wp-json\/wp\/v2\/product_cat?post=1313"},{"taxonomy":"product_tag","embeddable":true,"href":"https:\/\/www.phivutabletennis.com\/index.php\/wp-json\/wp\/v2\/product_tag?post=1313"}],"curies":[{"name":"wp","href":"https:\/\/api.w.org\/{rel}","templated":true}]}}