{"id":1335,"date":"2023-06-17T00:29:28","date_gmt":"2023-06-16T17:29:28","guid":{"rendered":"https:\/\/www.phivutabletennis.com\/?post_type=product&#038;p=1335"},"modified":"2023-06-19T22:41:43","modified_gmt":"2023-06-19T15:41:43","slug":"dai-bao-ve-khuyu-tay-loai-vua-phiten-supporter-elbow-band_middle-type","status":"publish","type":"product","link":"https:\/\/www.phivutabletennis.com\/index.php\/product\/dai-bao-ve-khuyu-tay-loai-vua-phiten-supporter-elbow-band_middle-type\/","title":{"rendered":"\u0110ai B\u1ea3o V\u1ec7 Khu\u1ef7u Tay (lo\u1ea1i v\u1eeba) &#8211; PHITEN SUPPORTER ELBOW BAND_MIDDLE TYPE"},"content":{"rendered":"<p>B\u0103ng b\u1ea3o v\u1ec7 khu\u1ef7u tay v\u00e0 c\u1eb3ng tay\u00a0kh\u00f4ng ch\u1ec9 t\u1ea1o l\u1ef1c n\u00e9n l\u00ean khu\u1ef7u tay m\u00e0 c\u00f2n h\u1ea1n ch\u1ebf c\u00e1c l\u1ef1c n\u00e9n t\u1eeb b\u00ean ngo\u00e0i t\u00e1c \u0111\u1ed9ng l\u00ean c\u00e1c khu\u1ef7u tay, c\u1eb3ng tay. Gi\u1ea3m thi\u1ec3u c\u00e1c c\u01a1n \u0111au nh\u1ee9c v\u00e0 x\u01b0\u01a1ng kh\u1edbp x\u1ea3y ra khi luy\u1ec7n t\u1eadp c\u0169ng nh\u01b0 c\u00e1c ho\u1ea1t \u0111\u1ed9ng h\u00e0ng ng\u00e0y. Kh\u00f4ng nh\u1eefng v\u1eady, b\u0103ng \u0111ai b\u1ea3o v\u1ec7 Phiten c\u00f2n c\u00f3 t\u00e1c d\u1ee5ng h\u1ea1n ch\u1ebf c\u00e1c ch\u1ea5n th\u01b0\u01a1ng nh\u01b0 \u0111\u1ee9t g\u00e2n, ch\u1ec7ch kh\u1edbp khi v\u1eadn \u0111\u1ed9ng qu\u00e1 m\u1ea1nh. S\u1ea3n ph\u1ea9m \u0111\u01b0\u1ee3c c\u1ea3i ti\u1ebfn t\u1eeb s\u1ea3n ph\u1ea9m ti\u1ec1n nhi\u1ec7m Day Fit Line v\u1ec1 \u0111\u1ed9 c\u1ee9ng v\u00e0 d\u00e0y c\u1ee7a mi\u1ebfng \u0111\u1ec7m.<\/p>\n<p><strong>Ch\u1ea5t li\u1ec7u<\/strong>:\u00a0M\u1eb7t ngo\u00e0i th\u00e2n b\u0103ng &#8211; Nylon 93%, Polyurethane 7%. M\u1eb7t trong th\u00e2n b\u0103ng: Nylon 80%, Polyurethan 20%. Mi\u1ebfng \u0111\u1ec7m: Styrene elastomer 100%. Ph\u1ea7n \u0111ai: Nylon 51%, Polyurethane 35%, cao su t\u1ef1 nhi\u00ean 14%. Kh\u00f3a d\u00e1n Velcro: Polyester 100%.<br \/>\n<strong>C\u00f4ng ngh\u1ec7<\/strong>:\u00a0AQUA-TITaniUM\u00ae v\u00e0 AQUA-PALLADIUM\u00ae<br \/>\n<strong>S\u1ea3n xu\u1ea5t t\u1ea1i Nh\u1eadt B\u1ea3n<\/strong><\/p>\n<p><strong>C\u00f4ng d\u1ee5ng<\/strong><\/p>\n<p>&#8211; Gi\u00fap gi\u1ea3m \u0111au, c\u1ea3i thi\u1ec7n l\u01b0u th\u00f4ng m\u00e1u.<br \/>\n&#8211; Gi\u00fap gi\u1ea3m t\u00ecnh tr\u1ea1ng gi\u1eef n\u01b0\u1edbc v\u00e0 s\u01b0ng kh\u1edbp.<br \/>\n&#8211; Th\u1ea5m h\u00fat \u0111\u1ed9 \u1ea9m v\u00e0 m\u1ed3 h\u00f4i t\u1ed1t cho c\u1ea3m gi\u00e1c s\u1ea1ch s\u1ebd v\u00e0 tho\u1ea3i m\u00e1i.<br \/>\n&#8211; \u0110\u01b0\u1ee3c t\u1ea1o n\u00ean t\u1eeb ch\u1ea5t li\u1ec7u c\u00f3 ch\u1ea5t l\u01b0\u1ee3ng cao.<br \/>\n&#8211; Thi\u1ebft k\u1ebf kh\u00f4ng c\u1ea3n tr\u1edf di chuy\u1ec3n.<br \/>\n&#8211; Tho\u1ea3i m\u00e1i di chuy\u1ec3n m\u00e0 kh\u00f4ng lo l\u00e0m t\u1ed5n th\u01b0\u01a1ng do s\u1ef1 c\u0103ng th\u1eb3ng kh\u00f4ng c\u1ea7n thi\u1ebft tr\u00ean c\u00e1c c\u01a1 v\u00e0 d\u00e2y ch\u1eb1ng.<br \/>\n&#8211; \u0110\u01b0\u1ee3c thi\u1ebft k\u1ebf \u0111\u1ec3 \u1ed5n \u0111\u1ecbnh c\u00e1c kh\u1edbp c\u1ee7a b\u1ea1n, n\u00e9n c\u00e1c c\u01a1 v\u00e0 d\u00e2y ch\u1eb1ng xung quanh \u0111\u1ec3 chuy\u1ec3n \u0111\u1ed9ng tho\u1ea3i m\u00e1i h\u01a1n.<br \/>\n&#8211; S\u1eed d\u1ee5ng \u0111\u01b0\u1ee3c cho c\u1ea3 b\u00ean tr\u00e1i v\u00e0 ph\u1ea3i<br \/>\n<strong>Quy c\u00e1ch \u0111\u00f3ng g\u00f3i:\u00a01 c\u00e1i\/h\u1ed9p<\/strong><\/p>\n<p><strong>\u0110\u1ed1i t\u01b0\u1ee3ng s\u1eed d\u1ee5ng:<\/strong><\/p>\n<p>&#8211; H\u1ed7 tr\u1ee3 ng\u01b0\u1eddi c\u00f3 v\u1ea5n \u0111\u1ec1 v\u1ec1 \u0111au khu\u1ef7u tay khi l\u00e0m vi\u1ec7c<\/p>\n<p>&#8211; Ng\u01b0\u1eddi m\u1eafc h\u1ed9i ch\u1ee9ng khu\u1ef7u tay qu\u1ea7n v\u1ee3t (tennis elbow)<\/p>\n<p>&#8211; Ng\u01b0\u1eddi cao tu\u1ed5i th\u01b0\u1eddng \u0111au kh\u1edbp khu\u1ef7u tay v\u00e0o m\u00f9a l\u1ea1nh<\/p>\n<p>&#8211; H\u1ed7 tr\u1ee3 ng\u01b0\u1eddi ch\u01a1i th\u1ec3 thao trong c\u00e1c b\u1ed9 m\u00f4n nh\u01b0 tennis, golf, b\u00f3ng chuy\u1ec1n, b\u00f3ng r\u1ed5, b\u00f3ng b\u00e0n&#8230;<\/p>\n","protected":false},"excerpt":{"rendered":"<p>B\u0103ng b\u1ea3o v\u1ec7 khu\u1ef7u tay v\u00e0 c\u1eb3ng tay\u00a0kh\u00f4ng ch\u1ec9 t\u1ea1o l\u1ef1c n\u00e9n l\u00ean khu\u1ef7u tay m\u00e0 c\u00f2n h\u1ea1n ch\u1ebf c\u00e1c l\u1ef1c n\u00e9n t\u1eeb b\u00ean ngo\u00e0i t\u00e1c \u0111\u1ed9ng l\u00ean c\u00e1c khu\u1ef7u tay, c\u1eb3ng tay. Gi\u1ea3m thi\u1ec3u c\u00e1c c\u01a1n \u0111au nh\u1ee9c v\u00e0 x\u01b0\u01a1ng kh\u1edbp x\u1ea3y ra khi luy\u1ec7n t\u1eadp c\u0169ng nh\u01b0 c\u00e1c ho\u1ea1t \u0111\u1ed9ng h\u00e0ng ng\u00e0y. Kh\u00f4ng [&hellip;]<\/p>\n","protected":false},"featured_media":1329,"comment_status":"open","ping_status":"closed","template":"","meta":{"_eb_attr":""},"product_cat":[95,97,92],"product_tag":[],"class_list":["post-1335","product","type-product","status-publish","has-post-thumbnail","hentry","product_cat-bang-dai-ho-tro","product_cat-khuyu-tay","product_cat-phiten"],"_links":{"self":[{"href":"https:\/\/www.phivutabletennis.com\/index.php\/wp-json\/wp\/v2\/product\/1335","targetHints":{"allow":["GET"]}}],"collection":[{"href":"https:\/\/www.phivutabletennis.com\/index.php\/wp-json\/wp\/v2\/product"}],"about":[{"href":"https:\/\/www.phivutabletennis.com\/index.php\/wp-json\/wp\/v2\/types\/product"}],"replies":[{"embeddable":true,"href":"https:\/\/www.phivutabletennis.com\/index.php\/wp-json\/wp\/v2\/comments?post=1335"}],"wp:featuredmedia":[{"embeddable":true,"href":"https:\/\/www.phivutabletennis.com\/index.php\/wp-json\/wp\/v2\/media\/1329"}],"wp:attachment":[{"href":"https:\/\/www.phivutabletennis.com\/index.php\/wp-json\/wp\/v2\/media?parent=1335"}],"wp:term":[{"taxonomy":"product_cat","embeddable":true,"href":"https:\/\/www.phivutabletennis.com\/index.php\/wp-json\/wp\/v2\/product_cat?post=1335"},{"taxonomy":"product_tag","embeddable":true,"href":"https:\/\/www.phivutabletennis.com\/index.php\/wp-json\/wp\/v2\/product_tag?post=1335"}],"curies":[{"name":"wp","href":"https:\/\/api.w.org\/{rel}","templated":true}]}}