{"id":1336,"date":"2023-06-17T00:31:36","date_gmt":"2023-06-16T17:31:36","guid":{"rendered":"https:\/\/www.phivutabletennis.com\/?post_type=product&#038;p=1336"},"modified":"2023-06-19T22:41:15","modified_gmt":"2023-06-19T15:41:15","slug":"ong-boc-khuyu-tay-2-cai-phiten-sport-sleeve-x30-for-arm-2pcs","status":"publish","type":"product","link":"https:\/\/www.phivutabletennis.com\/index.php\/product\/ong-boc-khuyu-tay-2-cai-phiten-sport-sleeve-x30-for-arm-2pcs\/","title":{"rendered":"\u1ed0ng B\u1ecdc Khu\u1ef7u Tay (2 c\u00e1i) &#8211; PHITEN SPORT SLEEVE X30 for ARM (2pcs)"},"content":{"rendered":"<p>B\u1ed9 2 b\u0103ng b\u1ea3o v\u1ec7 khu\u1ef7u tay c\u00e1nh tay khi ch\u01a1i th\u1ec3 thao Phiten \u0111\u01b0\u1ee3c d\u1ec7t t\u1eeb ch\u1ea5t li\u1ec7u v\u1ea3i cao c\u1ea5p\u00a0Polyester co gi\u00e3n 4 chi\u1ec1u b\u1eb1ng c\u00f4ng ngh\u1ec7 \u0111\u1ed9c quy\u1ec1n Phiten gi\u00fap gi\u1eef cho c\u00e1nh tay c\u1ee7a b\u1ea1n lu\u00f4n kh\u00f4 tho\u00e1ng v\u00e0 b\u1ea3o v\u1ec7 khu\u1ef7u tay trong c\u00e1c ho\u1ea1t \u0111\u1ed9ng th\u1ec3 thao.<\/p>\n<p><strong>C\u00f4ng d\u1ee5ng:<\/strong><br \/>\n&#8211; S\u1ee3i v\u1ea3i \u0111\u01b0\u1ee3c th\u1ea9m th\u1ea5u v\u1edbi c\u00f4ng ngh\u1ec7 Phiten Aqua-Titanium n\u1ed3ng \u0111\u1ed9 g\u1ea5p 30 l\u1ea7n.<br \/>\n&#8211; Tay \u00e1o gi\u00fap ch\u1ed1ng l\u1ea1i 98% tia UV<br \/>\n&#8211; S\u1ee3i v\u1ea3i th\u1ea5m h\u00fat m\u1ed3 h\u00f4i nhanh ch\u00f3ng v\u00e0 gi\u1eef cho l\u00e0n da lu\u00f4n kh\u00f4 tho\u00e1ng.<br \/>\n&#8211; Tr\u1ee3 l\u1ef1c nh\u1eb9 l\u00ean c\u01a1 c\u00e1nh tay v\u00e0 khu\u1ef7u tay c\u1ee7a ch\u00fang ta khi mang \u0111\u1ed3 n\u1eb7ng, ch\u01a1i tennis, ch\u01a1i g\u00f4n<br \/>\n&#8211; Gi\u1ea3m m\u1ecfi c\u00e1nh tay v\u00e0 khu\u1ef7u tay v\u00e0 c\u1ea3m nh\u1eadn s\u1ef1 nh\u1eb9 nh\u00e0ng khi v\u1eadn \u0111\u1ed9ng<br \/>\n&#8211; Gi\u1ea3m axit Lactic<br \/>\n&#8211; Th\u00fac \u0111\u1ea9y l\u01b0u th\u00f4ng m\u00e1u<br \/>\n&#8211; Gi\u00fap gi\u1ea3m \u0111au nh\u1ee9c<\/p>\n<p><strong>C\u00f4ng ngh\u1ec7:<\/strong><br \/>\nS\u1eed d\u1ee5ng C\u00f4ng ngh\u1ec7 AQUA TITANIUM \u0111\u1ed9c \u0111\u00e1o &#8211; m\u1ed9t c\u00f4ng ngh\u1ec7 Phiten \u0111\u1ed9c \u0111\u00e1o mang l\u1ea1i l\u1ee3i \u00edch cho s\u1ee9c kh\u1ecfe.<br \/>\nN\u1ed3ng \u0111\u1ed9 g\u1ea5p 30 l\u1ea7n c\u00f4ng ngh\u1ec7 \u0111\u1ec3 t\u0103ng t\u1ed1c \u0111\u1ed9 hi\u1ec7u qu\u1ea3<br \/>\n<strong>H\u01b0\u1edbng d\u1eabn s\u1eed d\u1ee5ng:<\/strong><br \/>\n-L\u00e0m vi\u1ec7c ho\u1eb7c Gi\u1ea3i tr\u00ed<br \/>\n-L\u00fd t\u01b0\u1edfng cho c\u1ea3 nam v\u00e0 n\u1eef<br \/>\n-Li\u1ec1n m\u1ea1ch khi m\u1eb7c v\u1edbi \u00e1o d\u00e0i v\u00ec ch\u1ea5t li\u1ec7u d\u1ec7t m\u1ecfng<br \/>\n<strong>Ch\u1ea5t li\u1ec7u:<\/strong><br \/>\n-Polyester<br \/>\n-Polyurethane<br \/>\n<strong>C\u00e1ch b\u1ea3o qu\u1ea3n<\/strong><br \/>\nC\u00f3 th\u1ec3 gi\u1eb7t tay ho\u1eb7c m\u00e1y v\u1edbi x\u00e0 ph\u00f2ng nh\u1eb9<br \/>\n<strong>S\u1ed1 l\u01b0\u1ee3ng:<\/strong>\u00a01 c\u1eb7p tay \u00e1o<br \/>\n<strong>B\u1ea3o h\u00e0nh:<\/strong>\u00a0Kh\u00f4ng<br \/>\n<strong>N\u01a1i s\u1ea3n xu\u1ea5t:\u00a0<\/strong>Nh\u1eadt B\u1ea3n<br \/>\nTh\u00e0nh ph\u1ea9m \u0111\u01b0\u1ee3c chuy\u1ec3n tr\u1edf l\u1ea1i Nh\u1eadt B\u1ea3n ho\u00e0n thi\u1ec7n theo quy tr\u00ecnh C\u00f4ng ngh\u1ec7 Aqua<br \/>\n<strong>Th\u01b0\u01a1ng hi\u1ec7u:<\/strong>\u00a0Phiten<\/p>\n<p><strong>\u0110\u1ed1i t\u01b0\u1ee3ng s\u1eed d\u1ee5ng:<\/strong><\/p>\n<p>&#8211; H\u1ed7 tr\u1ee3 ng\u01b0\u1eddi c\u00f3 v\u1ea5n \u0111\u1ec1 v\u1ec1 \u0111au khu\u1ef7u tay khi l\u00e0m vi\u1ec7c<\/p>\n<p>&#8211; Ng\u01b0\u1eddi m\u1eafc h\u1ed9i ch\u1ee9ng khu\u1ef7u tay qu\u1ea7n v\u1ee3t (tennis elbow)<\/p>\n<p>&#8211; Ng\u01b0\u1eddi cao tu\u1ed5i th\u01b0\u1eddng \u0111au kh\u1edbp khu\u1ef7u tay v\u00e0o m\u00f9a l\u1ea1nh<\/p>\n<p>&#8211; H\u1ed7 tr\u1ee3 ng\u01b0\u1eddi ch\u01a1i th\u1ec3 thao trong c\u00e1c b\u1ed9 m\u00f4n nh\u01b0 tennis, golf, b\u00f3ng chuy\u1ec1n, b\u00f3ng r\u1ed5, b\u00f3ng b\u00e0n&#8230;<\/p>\n","protected":false},"excerpt":{"rendered":"<p>B\u1ed9 2 b\u0103ng b\u1ea3o v\u1ec7 khu\u1ef7u tay c\u00e1nh tay khi ch\u01a1i th\u1ec3 thao Phiten \u0111\u01b0\u1ee3c d\u1ec7t t\u1eeb ch\u1ea5t li\u1ec7u v\u1ea3i cao c\u1ea5p\u00a0Polyester co gi\u00e3n 4 chi\u1ec1u b\u1eb1ng c\u00f4ng ngh\u1ec7 \u0111\u1ed9c quy\u1ec1n Phiten gi\u00fap gi\u1eef cho c\u00e1nh tay c\u1ee7a b\u1ea1n lu\u00f4n kh\u00f4 tho\u00e1ng v\u00e0 b\u1ea3o v\u1ec7 khu\u1ef7u tay trong c\u00e1c ho\u1ea1t \u0111\u1ed9ng th\u1ec3 thao. C\u00f4ng d\u1ee5ng: [&hellip;]<\/p>\n","protected":false},"featured_media":1325,"comment_status":"open","ping_status":"closed","template":"","meta":{"_eb_attr":""},"product_cat":[95,98,92],"product_tag":[],"class_list":["post-1336","product","type-product","status-publish","has-post-thumbnail","hentry","product_cat-bang-dai-ho-tro","product_cat-canh-tay","product_cat-phiten"],"_links":{"self":[{"href":"https:\/\/www.phivutabletennis.com\/index.php\/wp-json\/wp\/v2\/product\/1336","targetHints":{"allow":["GET"]}}],"collection":[{"href":"https:\/\/www.phivutabletennis.com\/index.php\/wp-json\/wp\/v2\/product"}],"about":[{"href":"https:\/\/www.phivutabletennis.com\/index.php\/wp-json\/wp\/v2\/types\/product"}],"replies":[{"embeddable":true,"href":"https:\/\/www.phivutabletennis.com\/index.php\/wp-json\/wp\/v2\/comments?post=1336"}],"wp:featuredmedia":[{"embeddable":true,"href":"https:\/\/www.phivutabletennis.com\/index.php\/wp-json\/wp\/v2\/media\/1325"}],"wp:attachment":[{"href":"https:\/\/www.phivutabletennis.com\/index.php\/wp-json\/wp\/v2\/media?parent=1336"}],"wp:term":[{"taxonomy":"product_cat","embeddable":true,"href":"https:\/\/www.phivutabletennis.com\/index.php\/wp-json\/wp\/v2\/product_cat?post=1336"},{"taxonomy":"product_tag","embeddable":true,"href":"https:\/\/www.phivutabletennis.com\/index.php\/wp-json\/wp\/v2\/product_tag?post=1336"}],"curies":[{"name":"wp","href":"https:\/\/api.w.org\/{rel}","templated":true}]}}