{"id":1343,"date":"2023-06-17T00:34:46","date_gmt":"2023-06-16T17:34:46","guid":{"rendered":"https:\/\/www.phivutabletennis.com\/?post_type=product&#038;p=1343"},"modified":"2023-06-19T22:40:41","modified_gmt":"2023-06-19T15:40:41","slug":"dai-bao-ve-lung-that-lung-loai-mem-phiten-metax-supporter-waist-belt_soft-type","status":"publish","type":"product","link":"https:\/\/www.phivutabletennis.com\/index.php\/product\/dai-bao-ve-lung-that-lung-loai-mem-phiten-metax-supporter-waist-belt_soft-type\/","title":{"rendered":"\u0110ai B\u1ea3o V\u1ec7 L\u01b0ng, Th\u1eaft L\u01b0ng (lo\u1ea1i m\u1ec1m) &#8211; PHITEN METAX SUPPORTER WAIST BELT_SOFT TYPE"},"content":{"rendered":"<p><strong>\u0110ai b\u1ea3o v\u1ec7 l\u01b0ng phiten metax lo\u1ea1i m\u1ecfng<\/strong><\/p>\n<p>\u0110ai th\u1eaft l\u01b0ng Metax \u0111\u01b0\u1ee3c l\u00e0m b\u1eb1ng v\u1ea3i d\u1ec7t kim hai l\u1edbp c\u00f3 \u0111\u1eb7c t\u00ednh gi\u1eef nhi\u1ec7t ho\u00e0n h\u1ea3o b\u1eb1ng c\u00e1ch t\u1ea1o ra m\u1ed9t l\u1edbp kh\u00f4ng kh\u00ed b\u00ean trong v\u1ea3i \u0111\u1ec3 gi\u1eef \u1ea5m cho ph\u1ea7n l\u01b0ng d\u01b0\u1edbi c\u1ee7a b\u1ea1n. Gi\u00e1 \u0111\u1ee1 n\u00e0y c\u0169ng c\u00f3 th\u1ec3 \u0111\u01b0\u1ee3c s\u1eed d\u1ee5ng \u0111\u1ec3 h\u1ed7 tr\u1ee3 x\u01b0\u01a1ng ch\u1eadu b\u1eb1ng c\u00e1ch \u0111i\u1ec1u ch\u1ec9nh v\u1ecb tr\u00ed \u0111eo. \u0110ai th\u1eaft l\u01b0ng \u0111\u01b0\u1ee3c \u00e1p d\u1ee5ng C\u00f4ng ngh\u1ec7 Metax m\u1edbi nh\u1ea5t c\u1ee7a Phiten, khi\u1ebfn s\u1ea3n ph\u1ea9m n\u00e0y kh\u00e1c bi\u1ec7t ho\u00e0n to\u00e0n so v\u1edbi c\u00e1c lo\u1ea1i th\u1eaft l\u01b0ng kh\u00e1c tr\u00ean th\u1ecb tr\u01b0\u1eddng<\/p>\n<p><strong>\u0110\u1eb7c tr\u01b0ng:<\/strong><br \/>\n&#8211; \u0110\u01b0\u1ee3c l\u00e0m b\u1eb1ng v\u1ea3i d\u1ec7t kim k\u00e9p cung c\u1ea5p c\u00e1c \u0111\u1eb7c t\u00ednh gi\u1eef nhi\u1ec7t tuy\u1ec7t v\u1eddi b\u1eb1ng c\u00e1ch t\u1ea1o ra m\u1ed9t l\u1edbp kh\u00f4ng kh\u00ed b\u00ean trong v\u1ea3i.<br \/>\n&#8211; C\u00f3 th\u1ec3 s\u1eed d\u1ee5ng h\u1ed7 tr\u1ee3 khung x\u01b0\u01a1ng ch\u1eadu b\u1eb1ng c\u00e1ch \u0111i\u1ec1u ch\u1ec9nh v\u1ecb tr\u00ed \u0111eo.<br \/>\n<strong>C\u00f4ng ngh\u1ec7:<\/strong>\u00a0Metax<\/p>\n<p>* Metax l\u00e0 c\u00f4ng ngh\u1ec7 m\u1edbi nh\u1ea5t c\u1ee7a Phiten \u0111\u01b0\u1ee3c t\u1ea1o ra b\u1eb1ng c\u00e1ch k\u1ebft h\u1ee3p hai ho\u1eb7c nhi\u1ec1u Aqua Metals (v\u00ed d\u1ee5: Aqua-Titanium, Aqua-Gold, Aqua-Silver, Aqua-Palladium, v.v.) v\u00e0 s\u1eed d\u1ee5ng c\u00e1c \u0111\u1eb7c t\u00ednh k\u1ebft h\u1ee3p c\u1ee7a ch\u00fang.<br \/>\n<strong>Ch\u1ea5t li\u1ec7u:\u00a0<\/strong>Ph\u1ea7n th\u00e2n: 95,6% Polyester, 4,4% Polyurethane Velcro Fastener: Polyester v\u00e0 Nylon<\/p>\n<p><strong>C\u00f4ng d\u1ee5ng<\/strong><br \/>\n&#8211; Gi\u00fap \u1ed5n \u0111\u1ecbnh v\u00f9ng l\u01b0ng v\u00e0 x\u01b0\u01a1ng ch\u1eadu khi di chuy\u1ec3n<\/p>\n<p>&#8211; C\u1ea5u tr\u00fac m\u1ecfng mang l\u1ea1i s\u1ef1 tho\u1ea3i m\u00e1i khi di chuy\u1ec3n<\/p>\n<p>&#8211;\u00a0Gi\u00fap ng\u0103n ng\u1eeba ch\u1ea5n th\u01b0\u01a1ng, gi\u1ea3m \u0111au kh\u1edbp v\u00e0 c\u01a1<\/p>\n<p>&#8211; C\u1ea3i thi\u1ec7n l\u01b0u th\u00f4ng m\u00e1u<\/p>\n<p>&#8211;\u00a0H\u1ed7 tr\u1ee3 ph\u1ee5c h\u1ed3i sau vi\u00eam kh\u1edbp, vi\u00eam g\u00e2n, th\u1ea5p kh\u1edbp v\u00e0 c\u00e1c b\u1ec7nh v\u1ec1 x\u01b0\u01a1ng ch\u1eadu, th\u1eaft l\u01b0ng v\u00e0 ch\u1ea5n th\u01b0\u01a1ng kh\u00e1c<\/p>\n<p>&#8211; Ho\u00e0n h\u1ea3o \u0111\u1ec3 s\u1eed d\u1ee5ng h\u00e0ng ng\u00e0y<\/p>\n<p><strong>M\u00e0u s\u1eafc:<\/strong>\u00a0\u0111en<br \/>\n<strong>K\u00edch c\u1ee1:<\/strong><br \/>\nS ~ M (K\u00edch th\u01b0\u1edbc v\u00f2ng eo: 60cm ~ 85cm)<br \/>\nL ~ LL (K\u00edch th\u01b0\u1edbc v\u00f2ng eo: 85cm ~ 115cm)<br \/>\n* Chi\u1ec1u r\u1ed9ng: 6,3 inch (Ph\u1ea7n r\u1ed9ng nh\u1ea5t \/ Gi\u1ed1ng nhau cho t\u1ea5t c\u1ea3 c\u00e1c k\u00edch th\u01b0\u1edbc)<br \/>\n<strong>L\u01b0u \u00fd:<\/strong><br \/>\nGi\u1eb7t b\u1eb1ng n\u01b0\u1edbc \u1ea5m ho\u1eb7c s\u1eefa t\u1eafm \u00edt ch\u1ea5t t\u1ea9y, ph\u01a1i d\u01b0\u1edbi b\u00f3ng m\u00e1t tr\u00e1nh \u00e1nh n\u1eafng m\u1eb7t tr\u1eddi<br \/>\nQuy c\u00e1ch \u0111\u00f3ng g\u00f3i: 1 c\u00e1i\/h\u1ed9p<br \/>\n<strong>Th\u01b0\u01a1ng hi\u1ec7u:<\/strong>\u00a0Phiten<br \/>\n<strong>Xu\u1ea5t x\u1ee9:<\/strong>\u00a0Nh\u1eadt B\u1ea3n<\/p>\n<p><strong>\u0110\u1ed1i t\u01b0\u1ee3ng s\u1eed d\u1ee5ng:<\/strong><\/p>\n<p>&#8211; D\u00e2n v\u0103n ph\u00f2ng b\u1ecb \u0111au l\u01b0ng, \u0111au c\u1ed9t s\u1ed1ng<\/p>\n<p>&#8211; Ng\u01b0\u1eddi \u0111au l\u01b0ng do ng\u1ed3i l\u00e2u, ng\u1ed3i sai t\u01b0 th\u1ebf<\/p>\n<p>&#8211; Ng\u01b0\u1eddi c\u1ea7n h\u1ed7 tr\u1ee3 ph\u1ee5c h\u1ed3i sau vi\u00eam kh\u1edbp, vi\u00eam g\u00e2n, th\u1ea5p kh\u1edbp v\u00e0 c\u00e1c b\u1ec7nh x\u01b0\u01a1ng ch\u1eadu kh\u00e1c, th\u1eaft l\u01b0ng v\u00e0 c\u00e1c ch\u1ea5n th\u01b0\u01a1ng li\u00ean quan \u0111\u1ebfn l\u01b0ng.<\/p>\n","protected":false},"excerpt":{"rendered":"<p>\u0110ai b\u1ea3o v\u1ec7 l\u01b0ng phiten metax lo\u1ea1i m\u1ecfng \u0110ai th\u1eaft l\u01b0ng Metax \u0111\u01b0\u1ee3c l\u00e0m b\u1eb1ng v\u1ea3i d\u1ec7t kim hai l\u1edbp c\u00f3 \u0111\u1eb7c t\u00ednh gi\u1eef nhi\u1ec7t ho\u00e0n h\u1ea3o b\u1eb1ng c\u00e1ch t\u1ea1o ra m\u1ed9t l\u1edbp kh\u00f4ng kh\u00ed b\u00ean trong v\u1ea3i \u0111\u1ec3 gi\u1eef \u1ea5m cho ph\u1ea7n l\u01b0ng d\u01b0\u1edbi c\u1ee7a b\u1ea1n. Gi\u00e1 \u0111\u1ee1 n\u00e0y c\u0169ng c\u00f3 th\u1ec3 \u0111\u01b0\u1ee3c s\u1eed [&hellip;]<\/p>\n","protected":false},"featured_media":1340,"comment_status":"open","ping_status":"closed","template":"","meta":{"_eb_attr":""},"product_cat":[95,101,92],"product_tag":[],"class_list":["post-1343","product","type-product","status-publish","has-post-thumbnail","hentry","product_cat-bang-dai-ho-tro","product_cat-lung","product_cat-phiten"],"_links":{"self":[{"href":"https:\/\/www.phivutabletennis.com\/index.php\/wp-json\/wp\/v2\/product\/1343","targetHints":{"allow":["GET"]}}],"collection":[{"href":"https:\/\/www.phivutabletennis.com\/index.php\/wp-json\/wp\/v2\/product"}],"about":[{"href":"https:\/\/www.phivutabletennis.com\/index.php\/wp-json\/wp\/v2\/types\/product"}],"replies":[{"embeddable":true,"href":"https:\/\/www.phivutabletennis.com\/index.php\/wp-json\/wp\/v2\/comments?post=1343"}],"wp:featuredmedia":[{"embeddable":true,"href":"https:\/\/www.phivutabletennis.com\/index.php\/wp-json\/wp\/v2\/media\/1340"}],"wp:attachment":[{"href":"https:\/\/www.phivutabletennis.com\/index.php\/wp-json\/wp\/v2\/media?parent=1343"}],"wp:term":[{"taxonomy":"product_cat","embeddable":true,"href":"https:\/\/www.phivutabletennis.com\/index.php\/wp-json\/wp\/v2\/product_cat?post=1343"},{"taxonomy":"product_tag","embeddable":true,"href":"https:\/\/www.phivutabletennis.com\/index.php\/wp-json\/wp\/v2\/product_tag?post=1343"}],"curies":[{"name":"wp","href":"https:\/\/api.w.org\/{rel}","templated":true}]}}