{"id":1350,"date":"2023-06-17T00:37:16","date_gmt":"2023-06-16T17:37:16","guid":{"rendered":"https:\/\/www.phivutabletennis.com\/?post_type=product&#038;p=1350"},"modified":"2023-06-19T22:39:58","modified_gmt":"2023-06-19T15:39:58","slug":"dai-that-lung-the-thao-phiten-sport-beltmetax-part","status":"publish","type":"product","link":"https:\/\/www.phivutabletennis.com\/index.php\/product\/dai-that-lung-the-thao-phiten-sport-beltmetax-part\/","title":{"rendered":"\u0110ai Th\u1eaft L\u01b0ng Th\u1ec3 Thao &#8211; PHITEN SPORT BELT(METAX PART)"},"content":{"rendered":"<p>Ch\u1ea1y v\u00e0 \u0111i b\u1ed9 l\u00e0 m\u00f4n th\u1ec3 thao ph\u1ed5 bi\u1ebfn v\u00e0 \u0111\u01b0\u1ee3c y\u00eau th\u00edch b\u1edfi nhi\u1ec1u ng\u01b0\u1eddi. S\u1ea3n ph\u1ea9m m\u1edbi c\u1ee7a Phiten, \u0111ai h\u1ed7 th\u1ec3 thao (Support Belt) gi\u00fap h\u1ed7 tr\u1ee3\u00a0\u1ed5n \u0111\u1ecbnh ph\u1ea7n h\u00f4ng \u1edf trung t\u00e2m c\u1ee7a c\u01a1 th\u1ec3 v\u00e0 gi\u00fap c\u01a1 th\u1ec3 b\u1ec1n b\u1ec9 h\u01a1n tr\u00ean \u0111\u01b0\u1eddng ch\u1ea1y\/\u0111i d\u00e0i. S\u1ea3n ph\u1ea9m d\u00e0nh cho c\u1ea3 hai gi\u1edbi v\u00e0 m\u1ecdi l\u1ee9a tu\u1ed5i. S\u1ea3n ph\u1ea9m n\u00e0y c\u00f3 th\u1ec3 h\u1ed7 tr\u1ee3 v\u1eadn \u0111\u1ed9ng vi\u00ean b\u1eb1ng v\u1eadt li\u1ec7u v\u00e0 k\u1ebft c\u1ea5u 4 l\u1edbp v\u1edbi s\u1ee9c c\u0103n ph\u00f9 h\u1ee3p v\u00e0 h\u1ed7 tr\u1ee3 phong \u0111\u1ed9 c\u1ee7a b\u1ea1n.<br \/>\nLogo v\u00e0 c\u00e1c mi\u1ebfng d\u00e1n ph\u1ea3n quan gi\u00fap t\u0103ng kh\u1ea3 n\u0103ng an to\u00e0n khi s\u1eed d\u1ee5ng v\u00e0o ban \u0111\u00eam<br \/>\nC\u00f4ng ngh\u1ec7: METAX<br \/>\nCh\u1ea5t li\u1ec7u:<br \/>\nB\u1ec1 m\u1eb7t th\u00e2n \u0111ai ph\u00eda ngo\u00e0i: Nylon 86%, Polyurethane 14%. T\u00fai gi\u1eefa: polyester 100%<br \/>\nB\u1ec1 m\u1eb7t th\u00e2n \u0111ai ph\u00eda trong: Polyester 50%, Polyurethane 50%. Kh\u00f3a m\u00f3c: Polyester 100%<br \/>\nS\u1ea3n xu\u1ea5t t\u1ea1i Nh\u1eadt B\u1ea3n<br \/>\n<strong>Quy c\u00e1ch \u0111\u00f3ng g\u00f3i: 1 c\u00e1i\/h\u1ed9p<\/strong><\/p>\n<p><strong>\u0110\u1ed1i t\u01b0\u1ee3ng s\u1eed d\u1ee5ng:<\/strong><\/p>\n<p>&#8211; H\u1ed7 tr\u1ee3 v\u1eadn \u0111\u1ed9ng cho ng\u01b0\u1eddi ch\u01a1i th\u1ec3 thao, v\u1eadn \u0111\u1ed9ng vi\u00ean<\/p>\n<p>&#8211; B\u1ea3o v\u1ec7 ng\u01b0\u1eddi ch\u01a1i th\u1ec3 thao kh\u1ecfi c\u00e1c ch\u1ea5n th\u01b0\u01a1ng v\u1ec1 l\u01b0ng, \u0111au th\u1eaft l\u01b0ng<\/p>\n<p>&#8211; Th\u00edch h\u1ee3p cho c\u1ea3 nam v\u00e0 n\u1eef.<a href=\"https:\/\/www.phivutabletennis.com\/wp-content\/uploads\/2023\/06\/ZR5lBFwWC29yjyypmReaws3EUnzA1PqUUJ6hE7W4.jpeg\"><img loading=\"lazy\" decoding=\"async\" class=\"alignnone size-medium wp-image-1472\" src=\"https:\/\/www.phivutabletennis.com\/wp-content\/uploads\/2023\/06\/ZR5lBFwWC29yjyypmReaws3EUnzA1PqUUJ6hE7W4-300x281.jpeg\" alt=\"\" width=\"300\" height=\"281\" srcset=\"https:\/\/www.phivutabletennis.com\/wp-content\/uploads\/2023\/06\/ZR5lBFwWC29yjyypmReaws3EUnzA1PqUUJ6hE7W4-300x281.jpeg 300w, https:\/\/www.phivutabletennis.com\/wp-content\/uploads\/2023\/06\/ZR5lBFwWC29yjyypmReaws3EUnzA1PqUUJ6hE7W4-600x561.jpeg 600w, https:\/\/www.phivutabletennis.com\/wp-content\/uploads\/2023\/06\/ZR5lBFwWC29yjyypmReaws3EUnzA1PqUUJ6hE7W4.jpeg 730w\" sizes=\"auto, (max-width: 300px) 100vw, 300px\" \/><\/a> <a href=\"https:\/\/www.phivutabletennis.com\/wp-content\/uploads\/2023\/06\/zgQ6L5G7op2DrazUHYGn0ZoXDPa8NxxzbxpcWhxc.jpeg\"><img loading=\"lazy\" decoding=\"async\" class=\"alignnone size-medium wp-image-1474\" src=\"https:\/\/www.phivutabletennis.com\/wp-content\/uploads\/2023\/06\/zgQ6L5G7op2DrazUHYGn0ZoXDPa8NxxzbxpcWhxc-262x300.jpeg\" alt=\"\" width=\"262\" height=\"300\" srcset=\"https:\/\/www.phivutabletennis.com\/wp-content\/uploads\/2023\/06\/zgQ6L5G7op2DrazUHYGn0ZoXDPa8NxxzbxpcWhxc-262x300.jpeg 262w, https:\/\/www.phivutabletennis.com\/wp-content\/uploads\/2023\/06\/zgQ6L5G7op2DrazUHYGn0ZoXDPa8NxxzbxpcWhxc-600x688.jpeg 600w, https:\/\/www.phivutabletennis.com\/wp-content\/uploads\/2023\/06\/zgQ6L5G7op2DrazUHYGn0ZoXDPa8NxxzbxpcWhxc.jpeg 730w\" sizes=\"auto, (max-width: 262px) 100vw, 262px\" \/><\/a><\/p>\n","protected":false},"excerpt":{"rendered":"<p>Ch\u1ea1y v\u00e0 \u0111i b\u1ed9 l\u00e0 m\u00f4n th\u1ec3 thao ph\u1ed5 bi\u1ebfn v\u00e0 \u0111\u01b0\u1ee3c y\u00eau th\u00edch b\u1edfi nhi\u1ec1u ng\u01b0\u1eddi. S\u1ea3n ph\u1ea9m m\u1edbi c\u1ee7a Phiten, \u0111ai h\u1ed7 th\u1ec3 thao (Support Belt) gi\u00fap h\u1ed7 tr\u1ee3\u00a0\u1ed5n \u0111\u1ecbnh ph\u1ea7n h\u00f4ng \u1edf trung t\u00e2m c\u1ee7a c\u01a1 th\u1ec3 v\u00e0 gi\u00fap c\u01a1 th\u1ec3 b\u1ec1n b\u1ec9 h\u01a1n tr\u00ean \u0111\u01b0\u1eddng ch\u1ea1y\/\u0111i d\u00e0i. S\u1ea3n ph\u1ea9m d\u00e0nh cho [&hellip;]<\/p>\n","protected":false},"featured_media":1347,"comment_status":"open","ping_status":"closed","template":"","meta":{"_eb_attr":""},"product_cat":[95,101,92],"product_tag":[],"class_list":["post-1350","product","type-product","status-publish","has-post-thumbnail","hentry","product_cat-bang-dai-ho-tro","product_cat-lung","product_cat-phiten"],"_links":{"self":[{"href":"https:\/\/www.phivutabletennis.com\/index.php\/wp-json\/wp\/v2\/product\/1350","targetHints":{"allow":["GET"]}}],"collection":[{"href":"https:\/\/www.phivutabletennis.com\/index.php\/wp-json\/wp\/v2\/product"}],"about":[{"href":"https:\/\/www.phivutabletennis.com\/index.php\/wp-json\/wp\/v2\/types\/product"}],"replies":[{"embeddable":true,"href":"https:\/\/www.phivutabletennis.com\/index.php\/wp-json\/wp\/v2\/comments?post=1350"}],"wp:featuredmedia":[{"embeddable":true,"href":"https:\/\/www.phivutabletennis.com\/index.php\/wp-json\/wp\/v2\/media\/1347"}],"wp:attachment":[{"href":"https:\/\/www.phivutabletennis.com\/index.php\/wp-json\/wp\/v2\/media?parent=1350"}],"wp:term":[{"taxonomy":"product_cat","embeddable":true,"href":"https:\/\/www.phivutabletennis.com\/index.php\/wp-json\/wp\/v2\/product_cat?post=1350"},{"taxonomy":"product_tag","embeddable":true,"href":"https:\/\/www.phivutabletennis.com\/index.php\/wp-json\/wp\/v2\/product_tag?post=1350"}],"curies":[{"name":"wp","href":"https:\/\/api.w.org\/{rel}","templated":true}]}}