{"id":1353,"date":"2023-06-17T00:38:13","date_gmt":"2023-06-16T17:38:13","guid":{"rendered":"https:\/\/www.phivutabletennis.com\/?post_type=product&#038;p=1353"},"modified":"2023-06-19T22:39:38","modified_gmt":"2023-06-19T15:39:38","slug":"dai-bao-ve-xuong-chau-phiten-metax-supporter-pelvis-firm","status":"publish","type":"product","link":"https:\/\/www.phivutabletennis.com\/index.php\/product\/dai-bao-ve-xuong-chau-phiten-metax-supporter-pelvis-firm\/","title":{"rendered":"\u0110ai B\u1ea3o V\u1ec7 X\u01b0\u01a1ng Ch\u1eadu Phiten Metax Supporter Pelvis Firm"},"content":{"rendered":"<p><strong>\u0110ai b\u1ea3o v\u1ec7 x\u01b0\u01a1ng Ch\u1eadu Phiten metax supporter pelvis firm<\/strong><\/p>\n<p><strong>M\u00f4 t\u1ea3 s\u1ea3n ph\u1ea9m:<\/strong><br \/>\n\u0110ai b\u1ea3o v\u1ec7 x\u01b0\u01a1ng ch\u1eadu lo\u1ea1i c\u1ee9ng m\u1edbi c\u1ee7a Phiten r\u1ea5t nh\u1eb9 v\u00e0 tho\u00e1ng kh\u00ed mang l\u1ea1i s\u1ef1 tho\u1ea3i m\u00e1i t\u1ed1i \u0111a. M\u1ee9c \u0111\u1ed9 s\u1ee9c m\u1ea1nh c\u00f3 th\u1ec3 \u0111\u01b0\u1ee3c \u0111i\u1ec1u ch\u1ec9nh d\u1ec5 d\u00e0ng v\u1edbi \u0111ai h\u1ed7 tr\u1ee3 ph\u1ee5 k\u00e8m theo, gi\u1eef cho x\u01b0\u01a1ng ch\u1eadu \u1edf v\u1ecb tr\u00ed \u0111\u1ec3 gi\u00fap ng\u0103n ng\u1eeba c\u00e1c bi\u1ebfn d\u1ea1ng. V\u1eadt li\u1ec7u m\u1ecfng cho ph\u00e9p \u0111eo \u0111ai ch\u1eadu \u1edf l\u1edbp ngo\u00e0i qu\u1ea7n \u00e1o.<\/p>\n<p><strong>Ch\u1ea5t li\u1ec7u:\u00a0<\/strong>Th\u00e2n m\u00e1y (B\u1ec1 m\u1eb7t) &#8211; Nylon 68% \/ Polyurethane 32%. \u0110ai h\u1ed7 tr\u1ee3 &#8211; Nylon 68% \/ Polyurethane 32%. D\u00e2y bu\u1ed9c &#8211; Polyester 100%<br \/>\n<strong>C\u00f4ng ngh\u1ec7:<\/strong>\u00a0Metax<\/p>\n<p><strong>C\u00f4ng d\u1ee5ng<\/strong><br \/>\nH\u1ed7 tr\u1ee3 v\u00f9ng l\u01b0ng v\u00e0 x\u01b0\u01a1ng ch\u1eadu \u0111\u1ec3 c\u00f3 t\u01b0 th\u1ebf t\u1ed1t h\u01a1n v\u00e0 \u1ed5n \u0111\u1ecbnh h\u01a1n khi di chuy\u1ec3n<br \/>\nC\u1ea5u tr\u00fac s\u1ee3i m\u1ecfng nh\u01b0ng ch\u1eafc ch\u1eafn c\u00f3 th\u1ec3 c\u1eed \u0111\u1ed9ng tho\u1ea3i m\u00e1i cao khi b\u1ea1n lu\u00f4n lu\u00f4n di chuy\u1ec3n<br \/>\nH\u1ed7 tr\u1ee3 t\u1ed1i \u0111a cho v\u00f9ng th\u1eaft l\u01b0ng<br \/>\nS\u1eed d\u1ee5ng c\u00f4ng ngh\u1ec7 \u0111\u1ed9c \u0111\u00e1o Metax \u0111\u00e3 \u0111\u01b0\u1ee3c ch\u1ee9ng minh l\u00e0 mang l\u1ea1i nhi\u1ec1u l\u1ee3i \u00edch s\u1ee9c kh\u1ecfe kh\u00e1c nhau.<br \/>\nGi\u00fap ng\u0103n ng\u1eeba ch\u1ea5n th\u01b0\u01a1ng, gi\u1ea3m \u0111au kh\u1edbp v\u00e0 c\u01a1 b\u1eafp<br \/>\nH\u1ed7 tr\u1ee3 ph\u1ee5c h\u1ed3i t\u1eeb vi\u00eam kh\u1edbp, vi\u00eam g\u00e2n, th\u1ea5p kh\u1edbp, v\u00f9ng x\u01b0\u01a1ng ch\u1eadu, eo v\u00e0 l\u01b0ng kh\u00e1c<\/p>\n<p>K\u00edch th\u01b0\u1edbc: Freesize<br \/>\nL\u01b0u \u00fd: Gi\u1eb7t b\u1eb1ng n\u01b0\u1edbc \u1ea5m ho\u1eb7c s\u1eefa t\u1eafm \u00edt ch\u1ea5t t\u1ea9y, ph\u01a1i d\u01b0\u1edbi b\u00f3ng m\u00e1t tr\u00e1nh \u00e1nh n\u1eafng m\u1eb7t tr\u1eddi<\/p>\n<p>Th\u01b0\u01a1ng hi\u1ec7u: Phiten<br \/>\nS\u1ea3n xu\u1ea5t t\u1ea1i Nh\u1eadt B\u1ea3n<br \/>\nQuy c\u00e1ch \u0111\u00f3ng g\u00f3i: 1 c\u00e1i\/h\u1ed9p<\/p>\n<p><strong>\u0110\u1ed1i t\u01b0\u1ee3ng s\u1eed d\u1ee5ng:<\/strong><\/p>\n<p>&#8211; Ng\u01b0\u1eddi g\u1eb7p ch\u1ea5n th\u01b0\u01a1ng v\u00f9ng x\u01b0\u01a1ng ch\u1eadu, c\u1ea7n h\u1ed7 tr\u1ee3 ph\u1ee5c h\u1ed3i sau ch\u1ea5n th\u01b0\u01a1ng<\/p>\n<p>&#8211; Ph\u1ee5 n\u1eef \u0111au x\u01b0\u01a1ng ch\u1eadu sau sinh<\/p>\n<p>&#8211; Ng\u01b0\u1eddi c\u1ea7n h\u1ed7 tr\u1ee3 v\u00f9ng l\u01b0ng v\u00e0 x\u01b0\u01a1ng ch\u1eadu khi di chuy\u1ec3n<\/p>\n<p>&#8211;\u00a0H\u1ed7 tr\u1ee3 ph\u1ee5c h\u1ed3i cho ng\u01b0\u1eddi b\u1ec7nh sau vi\u00eam kh\u1edbp, vi\u00eam g\u00e2n, th\u1ea5p kh\u1edbp, v\u00e0 c\u00e1c t\u00ecnh tr\u1ea1ng v\u00e0 ch\u1ea5n th\u01b0\u01a1ng kh\u00e1c li\u00ean quan \u0111\u1ebfn x\u01b0\u01a1ng ch\u1eadu, th\u1eaft l\u01b0ng v\u00e0 l\u01b0ng.<\/p>\n","protected":false},"excerpt":{"rendered":"<p>\u0110ai b\u1ea3o v\u1ec7 x\u01b0\u01a1ng Ch\u1eadu Phiten metax supporter pelvis firm M\u00f4 t\u1ea3 s\u1ea3n ph\u1ea9m: \u0110ai b\u1ea3o v\u1ec7 x\u01b0\u01a1ng ch\u1eadu lo\u1ea1i c\u1ee9ng m\u1edbi c\u1ee7a Phiten r\u1ea5t nh\u1eb9 v\u00e0 tho\u00e1ng kh\u00ed mang l\u1ea1i s\u1ef1 tho\u1ea3i m\u00e1i t\u1ed1i \u0111a. M\u1ee9c \u0111\u1ed9 s\u1ee9c m\u1ea1nh c\u00f3 th\u1ec3 \u0111\u01b0\u1ee3c \u0111i\u1ec1u ch\u1ec9nh d\u1ec5 d\u00e0ng v\u1edbi \u0111ai h\u1ed7 tr\u1ee3 ph\u1ee5 k\u00e8m theo, gi\u1eef [&hellip;]<\/p>\n","protected":false},"featured_media":1352,"comment_status":"open","ping_status":"closed","template":"","meta":{"_eb_attr":""},"product_cat":[95,101,92],"product_tag":[],"class_list":["post-1353","product","type-product","status-publish","has-post-thumbnail","hentry","product_cat-bang-dai-ho-tro","product_cat-lung","product_cat-phiten"],"_links":{"self":[{"href":"https:\/\/www.phivutabletennis.com\/index.php\/wp-json\/wp\/v2\/product\/1353","targetHints":{"allow":["GET"]}}],"collection":[{"href":"https:\/\/www.phivutabletennis.com\/index.php\/wp-json\/wp\/v2\/product"}],"about":[{"href":"https:\/\/www.phivutabletennis.com\/index.php\/wp-json\/wp\/v2\/types\/product"}],"replies":[{"embeddable":true,"href":"https:\/\/www.phivutabletennis.com\/index.php\/wp-json\/wp\/v2\/comments?post=1353"}],"wp:featuredmedia":[{"embeddable":true,"href":"https:\/\/www.phivutabletennis.com\/index.php\/wp-json\/wp\/v2\/media\/1352"}],"wp:attachment":[{"href":"https:\/\/www.phivutabletennis.com\/index.php\/wp-json\/wp\/v2\/media?parent=1353"}],"wp:term":[{"taxonomy":"product_cat","embeddable":true,"href":"https:\/\/www.phivutabletennis.com\/index.php\/wp-json\/wp\/v2\/product_cat?post=1353"},{"taxonomy":"product_tag","embeddable":true,"href":"https:\/\/www.phivutabletennis.com\/index.php\/wp-json\/wp\/v2\/product_tag?post=1353"}],"curies":[{"name":"wp","href":"https:\/\/api.w.org\/{rel}","templated":true}]}}