{"id":1385,"date":"2023-06-17T02:00:12","date_gmt":"2023-06-16T19:00:12","guid":{"rendered":"https:\/\/www.phivutabletennis.com\/?post_type=product&#038;p=1385"},"modified":"2023-06-19T22:35:50","modified_gmt":"2023-06-19T15:35:50","slug":"bang-dan-diem-giam-dau-hieu-qua-hon-tai-vi-tri-huyet-vi-tren-co-the-loai-50-tape-hinh-bau-duc-phiten-metax-tape-50pcs","status":"publish","type":"product","link":"https:\/\/www.phivutabletennis.com\/index.php\/product\/bang-dan-diem-giam-dau-hieu-qua-hon-tai-vi-tri-huyet-vi-tren-co-the-loai-50-tape-hinh-bau-duc-phiten-metax-tape-50pcs\/","title":{"rendered":"B\u0103ng d\u00e1n \u0111i\u1ec3m gi\u1ea3m \u0111au hi\u1ec7u qu\u1ea3 h\u01a1n t\u1ea1i v\u1ecb tr\u00ed huy\u1ec7t v\u1ecb tr\u00ean c\u01a1 th\u1ec3 (lo\u1ea1i 50 tape h\u00ecnh b\u1ea7u d\u1ee5c) &#8211; Phiten Metax Tape (50pcs)"},"content":{"rendered":"<p><strong>B\u0103ng d\u00e1n \u0111i\u1ec3m gi\u1ea3m \u0111au hi\u1ec7u qu\u1ea3 h\u01a1n t\u1ea1i v\u1ecb tr\u00ed huy\u1ec7t v\u1ecb tr\u00ean c\u01a1 th\u1ec3 (lo\u1ea1i 50 tape h\u00ecnh b\u1ea7u d\u1ee5c) &#8211; Phiten Metax Tape (50pcs)<\/strong><\/p>\n<p>C\u00f3 th\u1ec3 d\u00e1n b\u1ea5t c\u1ee9 khu v\u1ef1c v\u00e0o tr\u00ean c\u01a1 th\u1ec3 \u0111\u1eb7c hi\u1ec7u qu\u1ea3 cao nh\u1ea5t\u00a0khi d\u00e1n \u0111\u00fang t\u1ea1i c\u00e1c v\u1ecb tr\u00ed huy\u1ec7t v\u1ecb tr\u00ean c\u01a1 th\u1ec3 b\u1ea1n.<br \/>\nC\u00f4ng ngh\u1ec7 METAX m\u1edbi d\u1ef1a tr\u00ean v\u1eadt li\u1ec7u v\u00e0 c\u00f4ng ngh\u1ec7 m\u1edbi k\u1ebft h\u1ee3p v\u1edbi AQUA TITAN, QUA PALLADIUM, Carbonized Titanium v\u00e0 Mica. Lo\u1ea1i Mica s\u1eed d\u1ee5ng \u0111\u01b0\u1ee3c c\u00f3 t\u00ean l\u00e0 &#8220;Gold Mica&#8221; m\u1ed9t s\u1ef1 k\u1ebft h\u1ee3p t\u1ef1 nhi\u00ean gi\u1eefa c\u00e1c th\u00e0nh ph\u1ea7n kho\u00e1ng ch\u1ea5t gi\u00e0u magi\u00ea v\u00e0 c\u00f3 gi\u00e1 tr\u1ecb sinh h\u1ecdc cao. Mica \u0111\u01b0\u1ee3c ph\u1ee7 b\u1ec1 m\u1eb7t l\u01b0ng mi\u1ebfng d\u00e1n, ch\u1ea5t li\u1ec7u n\u00e0y t\u01b0\u01a1ng th\u00edch cao v\u1edbi c\u00e1c s\u1ea3n ph\u1ea9m c\u1ee7a Phiten.<br \/>\nS\u1ea3n ph\u1ea9m \u0111\u01b0\u1ee3c c\u1ea3i ti\u1ebfn d\u1ef1a tr\u00ean s\u1ef1 k\u1ebft h\u1ee3p gi\u1eefa c\u00f4ng ngh\u1ec7 v\u00e0 v\u1eadt li\u1ec7u m\u1edbi nh\u1eb1m mang \u0111\u1ebfn m\u1ed9t hi\u1ec7u qu\u1ea3 cao h\u01a1n.<br \/>\nC\u00f3 \u0111\u1ed9 \u0111a n\u0103ng cao, c\u00f3 th\u1ec3 \u00e1p d\u1ee5ng \u1edf c\u00e1c khu v\u1ef1c c\u00f3 di\u1ec7n t\u00edch nh\u1ecf nh\u01b0 ng\u00f3n tay. C\u00e1c s\u1ea3n ph\u1ea9m c\u1ee7a Phiten bao g\u1ed3m Phiten Tapes Disc v\u00e0 Metax Tape Discs l\u00e0 s\u1ef1 l\u1ef1a ch\u1ecdn l\u00fd th\u01b0\u1edfng \u0111\u1ec3 k\u00edch ho\u1ea1t c\u00e1c huy\u1ec7t, \u0111i\u1ec3m v\u00e0 mang \u0111\u1ebfn hi\u1ec7u qu\u1ea3 cao.<\/p>\n<p><strong>C\u00f4ng d\u1ee5ng<\/strong><\/p>\n<p>&#8211; Gi\u1ea3m c\u1ee9ng c\u01a1 v\u00e0 \u0111au nh\u1ee9c c\u01a1 th\u1ec3 t\u1ee9c th\u00ec<\/p>\n<p>&#8211; Gi\u1ea3m \u0111au \u0111\u1ea7u, \u0111au c\u1ed5 vai g\u00e1y<\/p>\n<p>&#8211; \u0110\u1ea3m b\u1ea3o hi\u1ec7u su\u1ea5t trong qu\u00e1 tr\u00ecnh l\u00e0m vi\u1ec7c, ho\u1ea1t \u0111\u1ed9ng<\/p>\n<p>&#8211; \u0110i\u1ec1u h\u00f2a d\u00f2ng \u0111i\u1ec7n sinh h\u1ecdc trong th\u1ec3<\/p>\n<p>&#8211; C\u00f3 t\u00e1c d\u1ee5ng tr\u1ecb li\u1ec7u,\u00a0kh\u1eafc ph\u1ee5c t\u00ecnh tr\u1ea1ng m\u1ea1ch m\u00e1u b\u1ecb t\u1eafc ngh\u1ebdn.<\/p>\n<p><strong>\u0110\u1eb7c \u0111i\u1ec3m s\u1ea3n ph\u1ea9m:\u00a0<\/strong><\/p>\n<p dir=\"ltr\">&#8211; D\u1ec5 s\u1eed d\u1ee5ng, ch\u1ed1ng n\u01b0\u1edbc.<\/p>\n<p dir=\"ltr\">&#8211; Th\u1ea5m m\u1ed3 h\u00f4i v\u00e0 th\u00f4ng tho\u00e1ng.<\/p>\n<p dir=\"ltr\">&#8211; D\u00f9ng cho da th\u01b0\u1eddng v\u00e0 th\u1eadm ch\u00ed cho da nh\u1ea1y c\u1ea3m.<\/p>\n<p dir=\"ltr\"><strong>C\u00f4ng ngh\u1ec7 v\u00e0 Ch\u1ea5t li\u1ec7u:<\/strong>\u00a0\u00a0AQUA METAX<\/p>\n<p dir=\"ltr\">Lo\u1ea1i Mica \u0111\u01b0\u1ee3c s\u1eed d\u1ee5ng c\u00f3 t\u00ean l\u00e0 &#8220;Gold Mica&#8221; l\u00e0 m\u1ed9t s\u1ef1 k\u1ebft h\u1ee3p t\u1ef1 nhi\u00ean gi\u1eefa kho\u00e1ng ch\u1ea5t gi\u00e0u magi\u00ea v\u00e0 gi\u00e1 tr\u1ecb sinh h\u1ecdc cao.<\/p>\n<p dir=\"ltr\"><strong>V\u1ea3i d\u1ec7t:<\/strong>\u00a0Polyester 61%, Cotton 33%, Polyurethane 7%.<\/p>\n<p dir=\"ltr\"><strong>S\u1ea3n xu\u1ea5t t\u1ea1i Nh\u1eadt B\u1ea3n<\/strong><\/p>\n<p dir=\"ltr\"><strong>Quy c\u00e1ch \u0111\u00f3ng g\u00f3i:<\/strong>\u00a050 mi\u1ebfng\/ g\u00f3i<\/p>\n<p dir=\"ltr\"><strong>\u0110\u1ec1 xu\u1ea5t s\u1eed d\u1ee5ng:<\/strong><\/p>\n<p dir=\"ltr\">&#8211; \u0110au \u0111\u1ea7u, \u0111au l\u01b0ng, \u0111au m\u1ecfi vai g\u00e1y, c\u0103ng c\u01a1,&#8230;<\/p>\n<p dir=\"ltr\">&#8211; D\u00e1n v\u00e0o b\u1ea5t c\u1ee9 v\u1ecb tr\u00ed n\u00e0o tr\u00ean c\u01a1 th\u1ec3 b\u1ecb \u0111au nh\u1ee9c<\/p>\n<p dir=\"ltr\">&#8211; S\u1eed d\u1ee5ng tr\u01b0\u1edbc khi ch\u01a1i th\u1ec3 thao, t\u1eadp th\u1ec3 d\u1ee5c ho\u1eb7c sau khi v\u1eadn \u0111\u1ed9ng<\/p>\n<p dir=\"ltr\">&#8211; Thu\u1eadn ti\u1ec7n \u0111\u1ec3 mang theo v\u00e0 s\u1eed d\u1ee5ng m\u1ecdi l\u00fac m\u1ecdi n\u01a1i.<\/p>\n","protected":false},"excerpt":{"rendered":"<p>B\u0103ng d\u00e1n \u0111i\u1ec3m gi\u1ea3m \u0111au hi\u1ec7u qu\u1ea3 h\u01a1n t\u1ea1i v\u1ecb tr\u00ed huy\u1ec7t v\u1ecb tr\u00ean c\u01a1 th\u1ec3 (lo\u1ea1i 50 tape h\u00ecnh b\u1ea7u d\u1ee5c) &#8211; Phiten Metax Tape (50pcs) C\u00f3 th\u1ec3 d\u00e1n b\u1ea5t c\u1ee9 khu v\u1ef1c v\u00e0o tr\u00ean c\u01a1 th\u1ec3 \u0111\u1eb7c hi\u1ec7u qu\u1ea3 cao nh\u1ea5t\u00a0khi d\u00e1n \u0111\u00fang t\u1ea1i c\u00e1c v\u1ecb tr\u00ed huy\u1ec7t v\u1ecb tr\u00ean c\u01a1 th\u1ec3 b\u1ea1n. [&hellip;]<\/p>\n","protected":false},"featured_media":1382,"comment_status":"open","ping_status":"closed","template":"","meta":{"_eb_attr":""},"product_cat":[96,92],"product_tag":[],"class_list":["post-1385","product","type-product","status-publish","has-post-thumbnail","hentry","product_cat-bang-dan-co","product_cat-phiten"],"_links":{"self":[{"href":"https:\/\/www.phivutabletennis.com\/index.php\/wp-json\/wp\/v2\/product\/1385","targetHints":{"allow":["GET"]}}],"collection":[{"href":"https:\/\/www.phivutabletennis.com\/index.php\/wp-json\/wp\/v2\/product"}],"about":[{"href":"https:\/\/www.phivutabletennis.com\/index.php\/wp-json\/wp\/v2\/types\/product"}],"replies":[{"embeddable":true,"href":"https:\/\/www.phivutabletennis.com\/index.php\/wp-json\/wp\/v2\/comments?post=1385"}],"wp:featuredmedia":[{"embeddable":true,"href":"https:\/\/www.phivutabletennis.com\/index.php\/wp-json\/wp\/v2\/media\/1382"}],"wp:attachment":[{"href":"https:\/\/www.phivutabletennis.com\/index.php\/wp-json\/wp\/v2\/media?parent=1385"}],"wp:term":[{"taxonomy":"product_cat","embeddable":true,"href":"https:\/\/www.phivutabletennis.com\/index.php\/wp-json\/wp\/v2\/product_cat?post=1385"},{"taxonomy":"product_tag","embeddable":true,"href":"https:\/\/www.phivutabletennis.com\/index.php\/wp-json\/wp\/v2\/product_tag?post=1385"}],"curies":[{"name":"wp","href":"https:\/\/api.w.org\/{rel}","templated":true}]}}