{"id":1386,"date":"2023-06-17T02:00:49","date_gmt":"2023-06-16T19:00:49","guid":{"rendered":"https:\/\/www.phivutabletennis.com\/?post_type=product&#038;p=1386"},"modified":"2023-06-19T22:34:36","modified_gmt":"2023-06-19T15:34:36","slug":"bang-dan-diem-giam-dau-hieu-qua-tai-vi-tri-huyet-vi-tren-co-the-loai-70-tape-tron-phiten-titanium-power-tape-70pcs","status":"publish","type":"product","link":"https:\/\/www.phivutabletennis.com\/index.php\/product\/bang-dan-diem-giam-dau-hieu-qua-tai-vi-tri-huyet-vi-tren-co-the-loai-70-tape-tron-phiten-titanium-power-tape-70pcs\/","title":{"rendered":"B\u0103ng d\u00e1n \u0111i\u1ec3m gi\u1ea3m \u0111au hi\u1ec7u qu\u1ea3 t\u1ea1i v\u1ecb tr\u00ed huy\u1ec7t v\u1ecb tr\u00ean c\u01a1 th\u1ec3 (lo\u1ea1i 70 tape tr\u00f2n) &#8211; Phiten Titanium Power Tape (70pcs)"},"content":{"rendered":"<p>Titanium Disc l\u00e0 s\u1ea3n ph\u1ea9m \u0111\u01b0\u1ee3c s\u1eed d\u1ee5ng b\u1edfi nh\u1eefng ng\u01b0\u1eddi y\u00eau th\u1ec3 thao tr\u00ean to\u00e0n th\u1ebf gi\u1edbi. M\u1ed7i mi\u1ebfng d\u00e1n nh\u1ecf bao g\u1ed3m titan \u0111\u01b0\u1ee3c carbon h\u00f3a, v\u1edbi m\u1ee5c \u0111\u00edch l\u00e0 t\u1eadp trung v\u00e0o khu v\u1ef1c c\u1ea7n \u0111\u01b0\u1ee3c ch\u0103m s\u00f3c c\u1ee5 th\u1ec3 v\u00e0 ch\u00ednh x\u00e1c.<br \/>\nR\u1ea5t d\u1ec5 s\u1eed d\u1ee5ng v\u00e0 l\u00e0 m\u1ed9t v\u1eadt d\u1ee5ng thi\u1ebft y\u1ebfu trong t\u00fai gym c\u1ee7a b\u1ea1n. S\u1ea3n ph\u1ea9m \u0111\u01b0\u1ee3c tin d\u00f9ng b\u1edfi nh\u1eefng v\u1eabn \u0111\u1ed9ng vi\u00ean, hu\u1ea5n lu\u1eadn vi\u00ean tr\u00ean to\u00e0n th\u1ebf gi\u1edbi.<\/p>\n<p><strong>\u0110\u1eb7c \u0111i\u1ec3m c\u1ee7a s\u1ea3n ph\u1ea9m<\/strong><br \/>\n&#8211;\u00a0D\u1ec5 s\u1eed d\u1ee5ng.<br \/>\n&#8211;\u00a0Ch\u1ed1ng n\u01b0\u1edbc.<br \/>\n&#8211;\u00a0Th\u1ea5m m\u1ed3 h\u00f4i v\u00e0 th\u00f4ng tho\u00e1ng.<br \/>\n&#8211;\u00a0D\u00f9ng cho da th\u01b0\u1eddng v\u00e0 th\u1eadm ch\u00ed cho da nh\u1ea1y c\u1ea3m.<br \/>\nC\u00f4ng ngh\u1ec7 v\u00e0 Ch\u1ea5t li\u1ec7u: Titanium \u0111\u01b0\u1ee3c carbon h\u00f3a (m\u1ed9t s\u1ea3n ph\u1ea9m c\u1ee7a c\u00f4ng ngh\u1ec7 AQUA TECHNOLOGY) v\u00e0 v\u1ea3i d\u1ec7t.<br \/>\nS\u1ea3n xu\u1ea5t t\u1ea1i Nh\u1eadt B\u1ea3n.<\/p>\n<p><strong>C\u00f4ng d\u1ee5ng<\/strong><br \/>\nLinh ho\u1ea1t v\u00e0 tho\u00e1ng kh\u00ed h\u01a1n so v\u1edbi c\u00e1c b\u0103ng kh\u00e1c v\u00e0 gi\u00fap \u0111\u1ea1t \u0111\u01b0\u1ee3c kh\u1ea3 n\u0103ng di chuy\u1ec3n t\u1ef1 nhi\u00ean.<br \/>\nGi\u00fap gi\u1ea3m \u0111au c\u01a1 th\u1ec3.<br \/>\nGi\u00fap gi\u1ea3m m\u1ecfi c\u01a1, c\u1ee9ng c\u01a1 v\u00e0 \u0111au nh\u1ee9c.<br \/>\nL\u00e0m gi\u1ea3m b\u1edbt s\u1ef1 kh\u00f3 ch\u1ecbu c\u1ee7a c\u01a1 b\u1eafp.<br \/>\n\u0110\u1ea3m b\u1ea3o c\u1ea3i thi\u1ec7n hi\u1ec7u su\u1ea5t trong qu\u00e1 tr\u00ecnh t\u1eadp luy\u1ec7n c\u00e1c b\u00e0i t\u1eadp c\u1ee9ng nh\u1eafc.<br \/>\n\u0110\u01b0\u1ee3c s\u1eed d\u1ee5ng ph\u1ed5 bi\u1ebfn b\u1edfi nhi\u1ec1u v\u1eadn \u0111\u1ed9ng vi\u00ean, hu\u1ea5n luy\u1ec7n vi\u00ean to\u00e0n c\u1ea7u.<br \/>\nB\u0103ng d\u00e1n c\u01a1 th\u1ec3 \u01b0a th\u00edch c\u1ee7a nhi\u1ec1u kh\u00e1ch h\u00e0ng tr\u00ean to\u00e0n th\u1ebf gi\u1edbi.<\/p>\n<p dir=\"ltr\"><strong>\u0110\u1ec1 xu\u1ea5t s\u1eed d\u1ee5ng:<\/strong><\/p>\n<p dir=\"ltr\">\u0110au \u0111\u1ea7u, \u0111au l\u01b0ng, \u0111au m\u1ecfi vai g\u00e1y, c\u0103ng c\u01a1,&#8230;<\/p>\n<p dir=\"ltr\">D\u00e1n v\u00e0o b\u1ea5t c\u1ee9 v\u1ecb tr\u00ed n\u00e0o tr\u00ean c\u01a1 th\u1ec3 b\u1ecb \u0111au nh\u1ee9c<\/p>\n<p dir=\"ltr\">S\u1eed d\u1ee5ng tr\u01b0\u1edbc khi ch\u01a1i th\u1ec3 thao, t\u1eadp th\u1ec3 d\u1ee5c ho\u1eb7c sau khi v\u1eadn \u0111\u1ed9ng<\/p>\n<p dir=\"ltr\">Thu\u1eadn ti\u1ec7n \u0111\u1ec3 mang theo v\u00e0 s\u1eed d\u1ee5ng m\u1ecdi l\u00fac m\u1ecdi n\u01a1i.<\/p>\n","protected":false},"excerpt":{"rendered":"<p>Titanium Disc l\u00e0 s\u1ea3n ph\u1ea9m \u0111\u01b0\u1ee3c s\u1eed d\u1ee5ng b\u1edfi nh\u1eefng ng\u01b0\u1eddi y\u00eau th\u1ec3 thao tr\u00ean to\u00e0n th\u1ebf gi\u1edbi. M\u1ed7i mi\u1ebfng d\u00e1n nh\u1ecf bao g\u1ed3m titan \u0111\u01b0\u1ee3c carbon h\u00f3a, v\u1edbi m\u1ee5c \u0111\u00edch l\u00e0 t\u1eadp trung v\u00e0o khu v\u1ef1c c\u1ea7n \u0111\u01b0\u1ee3c ch\u0103m s\u00f3c c\u1ee5 th\u1ec3 v\u00e0 ch\u00ednh x\u00e1c. R\u1ea5t d\u1ec5 s\u1eed d\u1ee5ng v\u00e0 l\u00e0 m\u1ed9t v\u1eadt d\u1ee5ng [&hellip;]<\/p>\n","protected":false},"featured_media":1381,"comment_status":"open","ping_status":"closed","template":"","meta":{"_eb_attr":""},"product_cat":[96,92],"product_tag":[],"class_list":["post-1386","product","type-product","status-publish","has-post-thumbnail","hentry","product_cat-bang-dan-co","product_cat-phiten"],"_links":{"self":[{"href":"https:\/\/www.phivutabletennis.com\/index.php\/wp-json\/wp\/v2\/product\/1386","targetHints":{"allow":["GET"]}}],"collection":[{"href":"https:\/\/www.phivutabletennis.com\/index.php\/wp-json\/wp\/v2\/product"}],"about":[{"href":"https:\/\/www.phivutabletennis.com\/index.php\/wp-json\/wp\/v2\/types\/product"}],"replies":[{"embeddable":true,"href":"https:\/\/www.phivutabletennis.com\/index.php\/wp-json\/wp\/v2\/comments?post=1386"}],"wp:featuredmedia":[{"embeddable":true,"href":"https:\/\/www.phivutabletennis.com\/index.php\/wp-json\/wp\/v2\/media\/1381"}],"wp:attachment":[{"href":"https:\/\/www.phivutabletennis.com\/index.php\/wp-json\/wp\/v2\/media?parent=1386"}],"wp:term":[{"taxonomy":"product_cat","embeddable":true,"href":"https:\/\/www.phivutabletennis.com\/index.php\/wp-json\/wp\/v2\/product_cat?post=1386"},{"taxonomy":"product_tag","embeddable":true,"href":"https:\/\/www.phivutabletennis.com\/index.php\/wp-json\/wp\/v2\/product_tag?post=1386"}],"curies":[{"name":"wp","href":"https:\/\/api.w.org\/{rel}","templated":true}]}}