{"id":1389,"date":"2023-06-17T02:02:24","date_gmt":"2023-06-16T19:02:24","guid":{"rendered":"https:\/\/www.phivutabletennis.com\/?post_type=product&#038;p=1389"},"modified":"2023-06-19T22:30:05","modified_gmt":"2023-06-19T15:30:05","slug":"bang-dan-diem-giam-dau-hieu-qua-tai-vi-tri-huyet-vi-tren-co-the-loai-6-tape-tron-phiten-power-tape-6pcs","status":"publish","type":"product","link":"https:\/\/www.phivutabletennis.com\/index.php\/product\/bang-dan-diem-giam-dau-hieu-qua-tai-vi-tri-huyet-vi-tren-co-the-loai-6-tape-tron-phiten-power-tape-6pcs\/","title":{"rendered":"B\u0103ng d\u00e1n \u0111i\u1ec3m gi\u1ea3m \u0111au hi\u1ec7u qu\u1ea3 t\u1ea1i v\u1ecb tr\u00ed huy\u1ec7t v\u1ecb tr\u00ean c\u01a1 th\u1ec3 (lo\u1ea1i 6 tape tr\u00f2n) &#8211; PHITEN POWER TAPE (6PCS)"},"content":{"rendered":"<p><strong>B\u0103ng d\u00e1n \u0111i\u1ec3m gi\u1ea3m \u0111au hi\u1ec7u qu\u1ea3 t\u1ea1i v\u1ecb tr\u00ed huy\u1ec7t v\u1ecb tr\u00ean c\u01a1 th\u1ec3 (lo\u1ea1i 6 tape tr\u00f2n) &#8211; Phiten Power Tape (6pcs)<\/strong><\/p>\n<p>Titanium Disc l\u00e0 s\u1ea3n ph\u1ea9m \u0111\u01b0\u1ee3c s\u1eed d\u1ee5ng b\u1edfi nh\u1eefng ng\u01b0\u1eddi y\u00eau th\u1ec3 thao tr\u00ean to\u00e0n th\u1ebf gi\u1edbi. M\u1ed7i mi\u1ebfng d\u00e1n nh\u1ecf bao g\u1ed3m titan \u0111\u01b0\u1ee3c carbon h\u00f3a, v\u1edbi m\u1ee5c \u0111\u00edch l\u00e0 t\u1eadp trung v\u00e0o khu v\u1ef1c c\u1ea7n \u0111\u01b0\u1ee3c ch\u0103m s\u00f3c c\u1ee5 th\u1ec3 v\u00e0 ch\u00ednh x\u00e1c.<br \/>\nR\u1ea5t d\u1ec5 s\u1eed d\u1ee5ng v\u00e0 l\u00e0 m\u1ed9t v\u1eadt d\u1ee5ng thi\u1ebft y\u1ebfu trong t\u00fai gym c\u1ee7a b\u1ea1n. S\u1ea3n ph\u1ea9m \u0111\u01b0\u1ee3c tin d\u00f9ng b\u1edfi nh\u1eefng v\u1eabn \u0111\u1ed9ng vi\u00ean, hu\u1ea5n lu\u1eadn vi\u00ean tr\u00ean to\u00e0n th\u1ebf gi\u1edbi.<\/p>\n<p><strong>C\u00f4ng d\u1ee5ng<\/strong><\/p>\n<p>&#8211; Gi\u1ea3m c\u1ee9ng c\u01a1 v\u00e0 \u0111au nh\u1ee9c c\u01a1 th\u1ec3 t\u1ee9c th\u00ec<\/p>\n<p>&#8211; Gi\u1ea3m \u0111au \u0111\u1ea7u, \u0111au c\u1ed5 vai g\u00e1y<\/p>\n<p>&#8211; \u0110\u1ea3m b\u1ea3o hi\u1ec7u su\u1ea5t trong qu\u00e1 tr\u00ecnh l\u00e0m vi\u1ec7c, ho\u1ea1t \u0111\u1ed9ng<\/p>\n<p>&#8211; \u0110i\u1ec1u h\u00f2a d\u00f2ng \u0111i\u1ec7n sinh h\u1ecdc trong th\u1ec3<\/p>\n<p>&#8211; C\u00f3 t\u00e1c d\u1ee5ng tr\u1ecb li\u1ec7u,\u00a0kh\u1eafc ph\u1ee5c t\u00ecnh tr\u1ea1ng m\u1ea1ch m\u00e1u b\u1ecb t\u1eafc ngh\u1ebdn.<\/p>\n<p dir=\"ltr\"><strong>\u0110\u1ec1 xu\u1ea5t s\u1eed d\u1ee5ng:<\/strong><\/p>\n<p dir=\"ltr\">&#8211; \u0110au \u0111\u1ea7u, \u0111au l\u01b0ng, \u0111au m\u1ecfi vai g\u00e1y, c\u0103ng c\u01a1,&#8230;<\/p>\n<p dir=\"ltr\">&#8211; D\u00e1n v\u00e0o b\u1ea5t c\u1ee9 v\u1ecb tr\u00ed n\u00e0o tr\u00ean c\u01a1 th\u1ec3 b\u1ecb \u0111au nh\u1ee9c<\/p>\n<p dir=\"ltr\">&#8211; S\u1eed d\u1ee5ng tr\u01b0\u1edbc khi ch\u01a1i th\u1ec3 thao, t\u1eadp th\u1ec3 d\u1ee5c ho\u1eb7c sau khi v\u1eadn \u0111\u1ed9ng<\/p>\n<p dir=\"ltr\">&#8211; Thu\u1eadn ti\u1ec7n \u0111\u1ec3 mang theo v\u00e0 s\u1eed d\u1ee5ng m\u1ecdi l\u00fac m\u1ecdi n\u01a1i<\/p>\n<p dir=\"ltr\">&#8211;\u00a0Ph\u00f9 h\u1ee3p cho c\u1ea3 da th\u01b0\u1eddng v\u00e0 da nh\u1ea1y c\u1ea3m.<\/p>\n","protected":false},"excerpt":{"rendered":"<p>B\u0103ng d\u00e1n \u0111i\u1ec3m gi\u1ea3m \u0111au hi\u1ec7u qu\u1ea3 t\u1ea1i v\u1ecb tr\u00ed huy\u1ec7t v\u1ecb tr\u00ean c\u01a1 th\u1ec3 (lo\u1ea1i 6 tape tr\u00f2n) &#8211; Phiten Power Tape (6pcs) Titanium Disc l\u00e0 s\u1ea3n ph\u1ea9m \u0111\u01b0\u1ee3c s\u1eed d\u1ee5ng b\u1edfi nh\u1eefng ng\u01b0\u1eddi y\u00eau th\u1ec3 thao tr\u00ean to\u00e0n th\u1ebf gi\u1edbi. M\u1ed7i mi\u1ebfng d\u00e1n nh\u1ecf bao g\u1ed3m titan \u0111\u01b0\u1ee3c carbon h\u00f3a, v\u1edbi m\u1ee5c \u0111\u00edch [&hellip;]<\/p>\n","protected":false},"featured_media":1378,"comment_status":"open","ping_status":"closed","template":"","meta":{"_eb_attr":""},"product_cat":[96,92],"product_tag":[],"class_list":["post-1389","product","type-product","status-publish","has-post-thumbnail","hentry","product_cat-bang-dan-co","product_cat-phiten"],"_links":{"self":[{"href":"https:\/\/www.phivutabletennis.com\/index.php\/wp-json\/wp\/v2\/product\/1389","targetHints":{"allow":["GET"]}}],"collection":[{"href":"https:\/\/www.phivutabletennis.com\/index.php\/wp-json\/wp\/v2\/product"}],"about":[{"href":"https:\/\/www.phivutabletennis.com\/index.php\/wp-json\/wp\/v2\/types\/product"}],"replies":[{"embeddable":true,"href":"https:\/\/www.phivutabletennis.com\/index.php\/wp-json\/wp\/v2\/comments?post=1389"}],"wp:featuredmedia":[{"embeddable":true,"href":"https:\/\/www.phivutabletennis.com\/index.php\/wp-json\/wp\/v2\/media\/1378"}],"wp:attachment":[{"href":"https:\/\/www.phivutabletennis.com\/index.php\/wp-json\/wp\/v2\/media?parent=1389"}],"wp:term":[{"taxonomy":"product_cat","embeddable":true,"href":"https:\/\/www.phivutabletennis.com\/index.php\/wp-json\/wp\/v2\/product_cat?post=1389"},{"taxonomy":"product_tag","embeddable":true,"href":"https:\/\/www.phivutabletennis.com\/index.php\/wp-json\/wp\/v2\/product_tag?post=1389"}],"curies":[{"name":"wp","href":"https:\/\/api.w.org\/{rel}","templated":true}]}}