{"id":1390,"date":"2023-06-17T02:03:29","date_gmt":"2023-06-16T19:03:29","guid":{"rendered":"https:\/\/www.phivutabletennis.com\/?post_type=product&#038;p=1390"},"modified":"2023-06-19T23:37:54","modified_gmt":"2023-06-19T16:37:54","slug":"bang-dan-co-x30-giam-dau-ho-tro-van-dong-the-thao-cuon-5-0cm-x-4-5m-phiten-titanium-x30-stretched-sport-5-0cm-x-4-5m","status":"publish","type":"product","link":"https:\/\/www.phivutabletennis.com\/index.php\/product\/bang-dan-co-x30-giam-dau-ho-tro-van-dong-the-thao-cuon-5-0cm-x-4-5m-phiten-titanium-x30-stretched-sport-5-0cm-x-4-5m\/","title":{"rendered":"B\u0103ng D\u00e1n C\u01a1 X30 Gi\u1ea3m \u0110au, H\u1ed7 Tr\u1ee3 V\u1eadn \u0110\u1ed9ng Th\u1ec3 Thao (cu\u1ed9n 5.0CM x 4.5M) &#8211; Phiten Titanium X30 Stretched Sport\/ 5.0CM x 4.5M"},"content":{"rendered":"<p><strong>B\u0103ng D\u00e1n C\u01a1 X30 Gi\u1ea3m \u0110au, H\u1ed7 Tr\u1ee3 V\u1eadn \u0110\u1ed9ng Th\u1ec3 Thao (cu\u1ed9n 5.0CM x 4.5M) &#8211; Phiten Titanium X30 Stretched Sport\/ 5.0CM x 4.5M<\/strong><\/p>\n<p>Titanium Tape X30 Roll Sport \u0111\u01b0\u1ee3c ph\u00e1t tri\u1ec3n b\u1edfi nh\u1eefng nh\u00e0 khoa h\u1ecdc th\u1ec3 thao v\u00e0 v\u1eadn \u0111\u1ed9ng vi\u00ean \u0111i\u1ec1n kinh chuy\u00ean nghi\u1ec7p. \u0110\u00e2y l\u00e0 s\u1ea3n ph\u1ea9m \u0111\u01b0\u1ee3c t\u1ea1o ra cho nh\u1eefng v\u1eadn \u0111\u1ed9ng vi\u00ean h\u00e0ng \u0111\u1ea7u mu\u1ed1n c\u1ea3i thi\u1ec7n phong \u0111\u1ed9 v\u00e0 gi\u00fap b\u1ea3o v\u1ec7 h\u1ecd tr\u00e1nh kh\u1ecfi nh\u1eefng ch\u1ea5n th\u01b0\u01a1ng.<br \/>\nV\u1ea3i s\u1ee3i kh\u00f4ng th\u1ea5m n\u01b0\u1edbc v\u00e0 nhanh kh\u00f4 \u0111\u1ec3 gi\u1eef hi\u1ec7u qu\u1ea3 k\u00e9o d\u00e0i. S\u1ef1 b\u1ed5 sung g\u1ea5p 30 l\u1ea7n h\u00e0m l\u01b0\u1ee3ng AQUA TITAN (30X) \u0111\u01b0\u1ee3c ch\u1ee9ng minh mang \u0111\u1ebfn hi\u1ec7u qu\u1ea3 t\u1ed1i \u01b0u khi v\u1eadn \u0111\u1ed9ng ho\u1eb7c trong su\u1ed1t th\u1eddi gian ph\u1ee5c h\u1ed3i.<\/p>\n<p><strong>\u0110\u1eb7c t\u00ednh s\u1ea3n ph\u1ea9m:<\/strong><br \/>\n&#8211;\u00a0Ho\u1ea1t \u0111\u1ed9ng k\u00e9o d\u00e3n \u0111\u1ed3ng nh\u1ea5t 3 chi\u1ec1u gi\u00fap c\u00e1c kh\u1edbp v\u00e0 c\u01a1 b\u1eafp di chuy\u1ec3n linh ho\u1ea1t v\u00e0 t\u1ef1 nhi\u00ean.<br \/>\n&#8211; Kh\u1ea3 n\u0103ng b\u00e1m d\u00ednh \u0111\u01b0\u1ee3c c\u1ea3i thi\u1ec7n k\u1ec3 c\u1ea3 trong \u0111i\u1ec1u ki\u1ec7n \u1ea9m \u01b0\u1edbt v\u00e0 m\u1ed3 h\u00f4i.<br \/>\n&#8211;\u00a0Ch\u1ed1ng n\u01b0\u1edbc m\u1ea1nh v\u00e0 nhanh kh\u00f4. Ch\u1ea5t li\u1ec7u m\u1ecfng t\u1ea1o c\u1ea3m tho\u1ea3i m\u00e1i.<br \/>\n<strong>S\u1ea3n xu\u1ea5t t\u1ea1i Nh\u1eadt B\u1ea3n.<\/strong><br \/>\n<strong>C\u00f4ng d\u1ee5ng<\/strong><\/p>\n<p>&#8211; Linh ho\u1ea1t v\u00e0 tho\u00e1ng kh\u00ed kh\u00f4ng g\u00e2y c\u1ea3n tr\u1edf trong qu\u00e1 tr\u00ecnh v\u1eadn \u0111\u1ed9ng.<br \/>\n&#8211; Gi\u00fap gi\u1ea3m \u0111au v\u00e0 b\u1ea3o v\u1ec7 c\u01a1 th\u1ec3 tr\u01b0\u1edbc khi t\u1eadp luy\u1ec7n ho\u1eb7c thi \u0111\u1ea5u.<br \/>\n&#8211; Gi\u00fap gi\u1ea3m m\u1ecfi c\u01a1, c\u1ee9ng c\u01a1 v\u00e0 \u0111au nh\u1ee9c.<br \/>\n&#8211; \u0110\u1ea3m b\u1ea3o c\u1ea3i thi\u1ec7n hi\u1ec7u su\u1ea5t trong qu\u00e1 tr\u00ecnh t\u1eadp luy\u1ec7n c\u00e1c b\u00e0i t\u1eadp c\u01b0\u1eddng \u0111\u1ed9 cao.<br \/>\n&#8211; \u0110\u01b0\u1ee3c s\u1eed d\u1ee5ng ph\u1ed5 bi\u1ebfn b\u1edfi nhi\u1ec1u v\u1eadn \u0111\u1ed9ng vi\u00ean, hu\u1ea5n luy\u1ec7n vi\u00ean to\u00e0n c\u1ea7u.<\/p>\n<p dir=\"ltr\"><strong>\u0110\u1ec1 xu\u1ea5t s\u1eed d\u1ee5ng:<\/strong><\/p>\n<p dir=\"ltr\">&#8211; \u0110au \u0111\u1ea7u, \u0111au l\u01b0ng, \u0111au m\u1ecfi vai g\u00e1y, c\u0103ng c\u01a1,&#8230;<\/p>\n<p dir=\"ltr\">&#8211; D\u00e1n v\u00e0o b\u1ea5t c\u1ee9 v\u1ecb tr\u00ed n\u00e0o tr\u00ean c\u01a1 th\u1ec3 b\u1ecb \u0111au nh\u1ee9c<\/p>\n<p dir=\"ltr\">&#8211; S\u1eed d\u1ee5ng tr\u01b0\u1edbc khi ch\u01a1i th\u1ec3 thao, t\u1eadp th\u1ec3 d\u1ee5c ho\u1eb7c sau khi v\u1eadn \u0111\u1ed9ng<\/p>\n<p dir=\"ltr\">&#8211; Thu\u1eadn ti\u1ec7n \u0111\u1ec3 mang theo v\u00e0 s\u1eed d\u1ee5ng m\u1ecdi l\u00fac m\u1ecdi n\u01a1i.<a href=\"https:\/\/www.phivutabletennis.com\/wp-content\/uploads\/2023\/06\/8CLPA5Q8Zxp9iHT7fnZvpsfupeKGTTwuQraK7zXb.jpeg\"><img loading=\"lazy\" decoding=\"async\" class=\"alignnone size-medium wp-image-1636\" src=\"https:\/\/www.phivutabletennis.com\/wp-content\/uploads\/2023\/06\/8CLPA5Q8Zxp9iHT7fnZvpsfupeKGTTwuQraK7zXb-300x291.jpeg\" alt=\"\" width=\"300\" height=\"291\" srcset=\"https:\/\/www.phivutabletennis.com\/wp-content\/uploads\/2023\/06\/8CLPA5Q8Zxp9iHT7fnZvpsfupeKGTTwuQraK7zXb-300x291.jpeg 300w, https:\/\/www.phivutabletennis.com\/wp-content\/uploads\/2023\/06\/8CLPA5Q8Zxp9iHT7fnZvpsfupeKGTTwuQraK7zXb-600x581.jpeg 600w, https:\/\/www.phivutabletennis.com\/wp-content\/uploads\/2023\/06\/8CLPA5Q8Zxp9iHT7fnZvpsfupeKGTTwuQraK7zXb.jpeg 730w\" sizes=\"auto, (max-width: 300px) 100vw, 300px\" \/><\/a> <a href=\"https:\/\/www.phivutabletennis.com\/wp-content\/uploads\/2023\/06\/lvYDijSk7J9Mrah4xopRPA4EjPnAzdd3B8FYguet.jpeg\"><img loading=\"lazy\" decoding=\"async\" class=\"alignnone size-medium wp-image-1638\" src=\"https:\/\/www.phivutabletennis.com\/wp-content\/uploads\/2023\/06\/lvYDijSk7J9Mrah4xopRPA4EjPnAzdd3B8FYguet-300x250.jpeg\" alt=\"\" width=\"300\" height=\"250\" srcset=\"https:\/\/www.phivutabletennis.com\/wp-content\/uploads\/2023\/06\/lvYDijSk7J9Mrah4xopRPA4EjPnAzdd3B8FYguet-300x250.jpeg 300w, https:\/\/www.phivutabletennis.com\/wp-content\/uploads\/2023\/06\/lvYDijSk7J9Mrah4xopRPA4EjPnAzdd3B8FYguet-600x500.jpeg 600w, https:\/\/www.phivutabletennis.com\/wp-content\/uploads\/2023\/06\/lvYDijSk7J9Mrah4xopRPA4EjPnAzdd3B8FYguet.jpeg 730w\" sizes=\"auto, (max-width: 300px) 100vw, 300px\" \/><\/a> <a href=\"https:\/\/www.phivutabletennis.com\/wp-content\/uploads\/2023\/06\/duB7cULUfkzVucv9YcwwaERJe2prbFn0oWm6rMjX.jpeg\"><img loading=\"lazy\" decoding=\"async\" class=\"alignnone size-medium wp-image-1637\" src=\"https:\/\/www.phivutabletennis.com\/wp-content\/uploads\/2023\/06\/duB7cULUfkzVucv9YcwwaERJe2prbFn0oWm6rMjX-300x238.jpeg\" alt=\"\" width=\"300\" height=\"238\" srcset=\"https:\/\/www.phivutabletennis.com\/wp-content\/uploads\/2023\/06\/duB7cULUfkzVucv9YcwwaERJe2prbFn0oWm6rMjX-300x238.jpeg 300w, https:\/\/www.phivutabletennis.com\/wp-content\/uploads\/2023\/06\/duB7cULUfkzVucv9YcwwaERJe2prbFn0oWm6rMjX-600x477.jpeg 600w, https:\/\/www.phivutabletennis.com\/wp-content\/uploads\/2023\/06\/duB7cULUfkzVucv9YcwwaERJe2prbFn0oWm6rMjX.jpeg 730w\" sizes=\"auto, (max-width: 300px) 100vw, 300px\" \/><\/a> <a href=\"https:\/\/www.phivutabletennis.com\/wp-content\/uploads\/2023\/06\/RlmicJoFYDUfdaCXyW5baBzrFZ6YznASPAO2ZNxO.jpeg\"><img loading=\"lazy\" decoding=\"async\" class=\"alignnone size-medium wp-image-1640\" src=\"https:\/\/www.phivutabletennis.com\/wp-content\/uploads\/2023\/06\/RlmicJoFYDUfdaCXyW5baBzrFZ6YznASPAO2ZNxO-229x300.jpeg\" alt=\"\" width=\"229\" height=\"300\" srcset=\"https:\/\/www.phivutabletennis.com\/wp-content\/uploads\/2023\/06\/RlmicJoFYDUfdaCXyW5baBzrFZ6YznASPAO2ZNxO-229x300.jpeg 229w, https:\/\/www.phivutabletennis.com\/wp-content\/uploads\/2023\/06\/RlmicJoFYDUfdaCXyW5baBzrFZ6YznASPAO2ZNxO-600x787.jpeg 600w, https:\/\/www.phivutabletennis.com\/wp-content\/uploads\/2023\/06\/RlmicJoFYDUfdaCXyW5baBzrFZ6YznASPAO2ZNxO.jpeg 730w\" sizes=\"auto, (max-width: 229px) 100vw, 229px\" \/><\/a> <a href=\"https:\/\/www.phivutabletennis.com\/wp-content\/uploads\/2023\/06\/YBNdqwNzJTm8NSM2QRVtldORrCRW2ZCkZ6VvC3Ow.jpeg\"><img loading=\"lazy\" decoding=\"async\" class=\"alignnone size-medium wp-image-1641\" src=\"https:\/\/www.phivutabletennis.com\/wp-content\/uploads\/2023\/06\/YBNdqwNzJTm8NSM2QRVtldORrCRW2ZCkZ6VvC3Ow-221x300.jpeg\" alt=\"\" width=\"221\" height=\"300\" srcset=\"https:\/\/www.phivutabletennis.com\/wp-content\/uploads\/2023\/06\/YBNdqwNzJTm8NSM2QRVtldORrCRW2ZCkZ6VvC3Ow-221x300.jpeg 221w, https:\/\/www.phivutabletennis.com\/wp-content\/uploads\/2023\/06\/YBNdqwNzJTm8NSM2QRVtldORrCRW2ZCkZ6VvC3Ow-600x816.jpeg 600w, https:\/\/www.phivutabletennis.com\/wp-content\/uploads\/2023\/06\/YBNdqwNzJTm8NSM2QRVtldORrCRW2ZCkZ6VvC3Ow.jpeg 730w\" sizes=\"auto, (max-width: 221px) 100vw, 221px\" \/><\/a><\/p>\n","protected":false},"excerpt":{"rendered":"<p>B\u0103ng D\u00e1n C\u01a1 X30 Gi\u1ea3m \u0110au, H\u1ed7 Tr\u1ee3 V\u1eadn \u0110\u1ed9ng Th\u1ec3 Thao (cu\u1ed9n 5.0CM x 4.5M) &#8211; Phiten Titanium X30 Stretched Sport\/ 5.0CM x 4.5M Titanium Tape X30 Roll Sport \u0111\u01b0\u1ee3c ph\u00e1t tri\u1ec3n b\u1edfi nh\u1eefng nh\u00e0 khoa h\u1ecdc th\u1ec3 thao v\u00e0 v\u1eadn \u0111\u1ed9ng vi\u00ean \u0111i\u1ec1n kinh chuy\u00ean nghi\u1ec7p. \u0110\u00e2y l\u00e0 s\u1ea3n ph\u1ea9m \u0111\u01b0\u1ee3c t\u1ea1o ra [&hellip;]<\/p>\n","protected":false},"featured_media":1391,"comment_status":"open","ping_status":"closed","template":"","meta":{"_eb_attr":""},"product_cat":[96,105,92],"product_tag":[],"class_list":["post-1390","product","type-product","status-publish","has-post-thumbnail","hentry","product_cat-bang-dan-co","product_cat-bang-dan-co-the-thao","product_cat-phiten"],"_links":{"self":[{"href":"https:\/\/www.phivutabletennis.com\/index.php\/wp-json\/wp\/v2\/product\/1390","targetHints":{"allow":["GET"]}}],"collection":[{"href":"https:\/\/www.phivutabletennis.com\/index.php\/wp-json\/wp\/v2\/product"}],"about":[{"href":"https:\/\/www.phivutabletennis.com\/index.php\/wp-json\/wp\/v2\/types\/product"}],"replies":[{"embeddable":true,"href":"https:\/\/www.phivutabletennis.com\/index.php\/wp-json\/wp\/v2\/comments?post=1390"}],"wp:featuredmedia":[{"embeddable":true,"href":"https:\/\/www.phivutabletennis.com\/index.php\/wp-json\/wp\/v2\/media\/1391"}],"wp:attachment":[{"href":"https:\/\/www.phivutabletennis.com\/index.php\/wp-json\/wp\/v2\/media?parent=1390"}],"wp:term":[{"taxonomy":"product_cat","embeddable":true,"href":"https:\/\/www.phivutabletennis.com\/index.php\/wp-json\/wp\/v2\/product_cat?post=1390"},{"taxonomy":"product_tag","embeddable":true,"href":"https:\/\/www.phivutabletennis.com\/index.php\/wp-json\/wp\/v2\/product_tag?post=1390"}],"curies":[{"name":"wp","href":"https:\/\/api.w.org\/{rel}","templated":true}]}}