{"id":1393,"date":"2023-06-17T02:04:42","date_gmt":"2023-06-16T19:04:42","guid":{"rendered":"https:\/\/www.phivutabletennis.com\/?post_type=product&#038;p=1393"},"modified":"2023-06-19T22:25:35","modified_gmt":"2023-06-19T15:25:35","slug":"bang-dan-co-giam-dau-loai-8-tape-7cm-x-10cm-phiten-titanium-tape-x30-pre-cut-7cm-x-10cm","status":"publish","type":"product","link":"https:\/\/www.phivutabletennis.com\/index.php\/product\/bang-dan-co-giam-dau-loai-8-tape-7cm-x-10cm-phiten-titanium-tape-x30-pre-cut-7cm-x-10cm\/","title":{"rendered":"B\u0103ng D\u00e1n C\u01a1 Gi\u1ea3m \u0110au (lo\u1ea1i 8 tape 7CM x 10CM) &#8211; Phiten Titanium Tape X30 Pre-Cut\/ 7CM x 10CM"},"content":{"rendered":"<div class=\"row quan-color-size\">\n<div class=\"col-md-4\">\n<div>S\u1ed1 l\u01b0\u1ee3ng<\/div>\n<div class=\"quality quantity input-group-quantity buttons_added\"><button class=\"btn-number btn-minus minus\" disabled=\"disabled\" type=\"button\" data-type=\"minus\"><i class=\"icon-minus\"><\/i><\/button><input id=\"qty\" class=\"input-number input-quantity input-text qty text\" max=\"75\" min=\"1\" name=\"qty\" type=\"text\" value=\"1\" \/><button class=\"btn-number btn-plus plus\" type=\"button\" data-type=\"plus\"><i class=\"icon-plus\"><\/i><\/button><\/div>\n<\/div>\n<div class=\"col-md-4\">\n<div class=\"item\">\n<div class=\"title\">Size:<\/div>\n<p><select class=\"selectpicker select attributes\" title=\"\" data-id=\"4\"><option selected=\"selected\" value=\"S008\">7cmx10cm<\/option><\/select><\/p>\n<\/div>\n<\/div>\n<div class=\"col-md-4\">\n<div class=\"item\">\n<div class=\"title\">M\u00e0u s\u1eafc:<\/div>\n<p><select class=\"selectpicker select attributes\" title=\"\" data-id=\"5\"><option selected=\"selected\" value=\"C016\">Kem<\/option><\/select><\/p>\n<\/div>\n<\/div>\n<\/div>\n<div class=\"item\"><\/div>\n<div class=\"product-desc desc\">\n<p><strong>B\u0103ng D\u00e1n C\u01a1 Gi\u1ea3m \u0110au (lo\u1ea1i 8 tape 7CM x 10CM) &#8211; Phiten Titanium Tape X30 Pre-Cut\/ 7CM x 10CM<\/strong><\/p>\n<p>Phiten Titanium Tape X30 Pre-Cut \u0111\u01b0\u1ee3c t\u1ea1o ra d\u00e0nh cho nh\u1eefng ng\u01b0\u1eddi th\u01b0\u1eddng xuy\u00ean v\u1eadn \u0111\u1ed9ng v\u00e0 di chuy\u1ec3n, ho\u1eb7c ng\u01b0\u1eddi l\u1edbn tu\u1ed5i hay b\u1ecb nh\u1ee9c m\u1ecfi.\u00a0S\u1eed d\u1ee5ng c\u00f4ng ngh\u1ec7 AQUA TITANIUM gi\u00fap th\u01b0 gi\u00e3n v\u00e0 xoa d\u1ecbu c\u00e1c\u00a0v\u00f9ng b\u1ecb kh\u00f3 ch\u1ecbu.<br \/>\nG\u1ee1 nhanh mi\u1ebfng d\u00e1n \u0111\u00e3 \u0111\u01b0\u1ee3c c\u1eaft tr\u01b0\u1edbc \u0111\u1ec3 d\u00e1n l\u00ean khu v\u1ef1c nh\u1ecf h\u01a1n, ho\u1eb7c s\u1eed d\u1ee5ng g\u1ea5p \u0111\u00f4i cho di\u1ec7n t\u00edch l\u1edbn h\u01a1n. \u0110\u00e2y l\u00e0 m\u1ed9t v\u1eadt d\u1ee5ng thi\u1ebft y\u1ebfu, g\u1ecdn nh\u1eb9\u00a0m\u00e0 b\u1ea1n c\u00f3 th\u1ec3 mang \u0111i b\u00e1c c\u1ee9 n\u01a1i \u0111\u00e2u. \u0110\u01b0\u1ee3c tin d\u00f9ng b\u1edfi nh\u1eefng v\u1eadt l\u00fd tr\u1ecb li\u1ec7u, v\u1eadn \u0111\u1ed9ng vi\u00ean, hu\u1ea5n lu\u1eadn vi\u00ean v\u00e0 ng\u01b0\u1eddi y\u00eau th\u1ec3 thao tr\u00ean to\u00e0n c\u1ea7u.<\/p>\n<p><strong>\u0110\u1eb7c t\u00ednh s\u1ea3n ph\u1ea9m:<\/strong><br \/>\n&#8211;\u00a0D\u1ec5 s\u1eed d\u1ee5ng, \u0111\u00e0n h\u1ed3i, ch\u1ed1ng n\u01b0\u1edbc.<br \/>\n&#8211;\u00a0Th\u1ea5m m\u1ed3 h\u00f4i v\u00e0 tho\u00e1ng m\u00e1t.<br \/>\n&#8211;\u00a0S\u1eed d\u1ee5ng cho t\u1ea5t c\u1ea3 lo\u1ea1i da.<\/p>\n<p><strong>C\u00f4ng ngh\u1ec7 v\u00e0 ch\u1ea5t li\u1ec7u:<\/strong>\u00a0AQUA TITANIUM X30 v\u00e0 v\u1ea3i d\u1ec7t \u0111\u00e0n h\u1ed3i<br \/>\nS\u1ea3n xu\u1ea5t t\u1ea1i Nh\u1eadt B\u1ea3n.<\/p>\n<p><strong>C\u00f4ng d\u1ee5ng<\/strong><br \/>\nLinh ho\u1ea1t v\u00e0 tho\u00e1ng kh\u00ed h\u01a1n so v\u1edbi c\u00e1c b\u0103ng kh\u00e1c v\u00e0 gi\u00fap \u0111\u1ea1t \u0111\u01b0\u1ee3c kh\u1ea3 n\u0103ng di chuy\u1ec3n t\u1ef1 nhi\u00ean.<br \/>\nGi\u00fap gi\u1ea3m \u0111au c\u01a1 th\u1ec3.<br \/>\nGi\u00fap gi\u1ea3m m\u1ecfi c\u01a1, c\u1ee9ng c\u01a1 v\u00e0 \u0111au nh\u1ee9c.<br \/>\nL\u00e0m gi\u1ea3m b\u1edbt s\u1ef1 kh\u00f3 ch\u1ecbu c\u1ee7a c\u01a1 b\u1eafp.<br \/>\n\u0110\u1ea3m b\u1ea3o c\u1ea3i thi\u1ec7n hi\u1ec7u su\u1ea5t trong qu\u00e1 tr\u00ecnh t\u1eadp luy\u1ec7n c\u00e1c b\u00e0i t\u1eadp c\u1ee9ng nh\u1eafc.<br \/>\n\u0110\u01b0\u1ee3c d\u00f9ng b\u1edfi v\u1eadn \u0111\u1ed9ng vi\u00ean th\u1ebf gi\u1edbi<br \/>\nB\u0103ng d\u00e1n c\u01a1 th\u1ec3 \u01b0a th\u00edch c\u1ee7a nhi\u1ec1u kh\u00e1ch h\u00e0ng tr\u00ean to\u00e0n th\u1ebf gi\u1edbi.<\/p>\n<p dir=\"ltr\"><strong>\u0110\u1ec1 xu\u1ea5t s\u1eed d\u1ee5ng:<\/strong><br \/>\n\u0110au \u0111\u1ea7u, \u0111au l\u01b0ng, \u0111au m\u1ecfi vai g\u00e1y, c\u0103ng c\u01a1,&#8230;<br \/>\nD\u00e1n v\u00e0o b\u1ea5t c\u1ee9 v\u1ecb tr\u00ed n\u00e0o tr\u00ean c\u01a1 th\u1ec3 b\u1ecb \u0111au nh\u1ee9c<br \/>\nS\u1eed d\u1ee5ng tr\u01b0\u1edbc khi ch\u01a1i th\u1ec3 thao, t\u1eadp th\u1ec3 d\u1ee5c ho\u1eb7c sau khi v\u1eadn \u0111\u1ed9ng<br \/>\nThu\u1eadn ti\u1ec7n \u0111\u1ec3 mang theo v\u00e0 s\u1eed d\u1ee5ng m\u1ecdi l\u00fac m\u1ecdi n\u01a1i.<\/p>\n<\/div>\n<p dir=\"ltr\"><a href=\"https:\/\/www.phivutabletennis.com\/wp-content\/uploads\/2023\/06\/OKF1PKv4vMG0Wa6T028ySHRlpnS7WXnn3xFfv14b.jpeg\"><img loading=\"lazy\" decoding=\"async\" class=\"alignnone size-medium wp-image-1629\" src=\"https:\/\/www.phivutabletennis.com\/wp-content\/uploads\/2023\/06\/OKF1PKv4vMG0Wa6T028ySHRlpnS7WXnn3xFfv14b-280x300.jpeg\" alt=\"\" width=\"280\" height=\"300\" srcset=\"https:\/\/www.phivutabletennis.com\/wp-content\/uploads\/2023\/06\/OKF1PKv4vMG0Wa6T028ySHRlpnS7WXnn3xFfv14b-280x300.jpeg 280w, https:\/\/www.phivutabletennis.com\/wp-content\/uploads\/2023\/06\/OKF1PKv4vMG0Wa6T028ySHRlpnS7WXnn3xFfv14b-600x644.jpeg 600w, https:\/\/www.phivutabletennis.com\/wp-content\/uploads\/2023\/06\/OKF1PKv4vMG0Wa6T028ySHRlpnS7WXnn3xFfv14b.jpeg 730w\" sizes=\"auto, (max-width: 280px) 100vw, 280px\" \/><\/a><\/p>\n","protected":false},"excerpt":{"rendered":"<p>S\u1ed1 l\u01b0\u1ee3ng Size: 7cmx10cm M\u00e0u s\u1eafc: Kem B\u0103ng D\u00e1n C\u01a1 Gi\u1ea3m \u0110au (lo\u1ea1i 8 tape 7CM x 10CM) &#8211; Phiten Titanium Tape X30 Pre-Cut\/ 7CM x 10CM Phiten Titanium Tape X30 Pre-Cut \u0111\u01b0\u1ee3c t\u1ea1o ra d\u00e0nh cho nh\u1eefng ng\u01b0\u1eddi th\u01b0\u1eddng xuy\u00ean v\u1eadn \u0111\u1ed9ng v\u00e0 di chuy\u1ec3n, ho\u1eb7c ng\u01b0\u1eddi l\u1edbn tu\u1ed5i hay b\u1ecb nh\u1ee9c m\u1ecfi.\u00a0S\u1eed d\u1ee5ng [&hellip;]<\/p>\n","protected":false},"featured_media":1375,"comment_status":"open","ping_status":"closed","template":"","meta":{"_eb_attr":""},"product_cat":[96,92],"product_tag":[],"class_list":["post-1393","product","type-product","status-publish","has-post-thumbnail","hentry","product_cat-bang-dan-co","product_cat-phiten"],"_links":{"self":[{"href":"https:\/\/www.phivutabletennis.com\/index.php\/wp-json\/wp\/v2\/product\/1393","targetHints":{"allow":["GET"]}}],"collection":[{"href":"https:\/\/www.phivutabletennis.com\/index.php\/wp-json\/wp\/v2\/product"}],"about":[{"href":"https:\/\/www.phivutabletennis.com\/index.php\/wp-json\/wp\/v2\/types\/product"}],"replies":[{"embeddable":true,"href":"https:\/\/www.phivutabletennis.com\/index.php\/wp-json\/wp\/v2\/comments?post=1393"}],"wp:featuredmedia":[{"embeddable":true,"href":"https:\/\/www.phivutabletennis.com\/index.php\/wp-json\/wp\/v2\/media\/1375"}],"wp:attachment":[{"href":"https:\/\/www.phivutabletennis.com\/index.php\/wp-json\/wp\/v2\/media?parent=1393"}],"wp:term":[{"taxonomy":"product_cat","embeddable":true,"href":"https:\/\/www.phivutabletennis.com\/index.php\/wp-json\/wp\/v2\/product_cat?post=1393"},{"taxonomy":"product_tag","embeddable":true,"href":"https:\/\/www.phivutabletennis.com\/index.php\/wp-json\/wp\/v2\/product_tag?post=1393"}],"curies":[{"name":"wp","href":"https:\/\/api.w.org\/{rel}","templated":true}]}}