{"id":1680,"date":"2023-06-19T23:09:27","date_gmt":"2023-06-19T16:09:27","guid":{"rendered":"https:\/\/www.phivutabletennis.com\/?post_type=product&#038;p=1680"},"modified":"2023-06-19T23:48:10","modified_gmt":"2023-06-19T16:48:10","slug":"goi-ho-tro-vai-gay-co-giup-ngu-ngon-phiten-star-series-aquagold-shiatsu-pillow_hills-sleep","status":"publish","type":"product","link":"https:\/\/www.phivutabletennis.com\/index.php\/product\/goi-ho-tro-vai-gay-co-giup-ngu-ngon-phiten-star-series-aquagold-shiatsu-pillow_hills-sleep\/","title":{"rendered":"G\u1ed1i H\u1ed7 Tr\u1ee3 Vai G\u00e1y C\u1ed5 Gi\u00fap Ng\u1ee7 Ngon &#8211; PHITEN STAR SERIES AQUAGOLD SHIATSU PILLOW_HILLS SLEEP"},"content":{"rendered":"<p><strong>G\u1ed1i H\u1ed7 Tr\u1ee3 Vai G\u00e1y C\u1ed5 Gi\u00fap Ng\u1ee7 Ngon &#8211; Phiten Star Series Aquagold Shiatsu Pillow_Hills Sleep<\/strong><\/p>\n<p><strong>M\u00f4 t\u1ea3:<\/strong><\/p>\n<p>G\u1ed1i H\u1ed7 Tr\u1ee3 Vai G\u00e1y C\u1ed5 Gi\u00fap Ng\u1ee7 Ngon Phiten \u0111\u01b0\u1ee3c h\u1ee3p t\u00e1c ph\u00e1t tri\u1ec3n b\u1edfi c\u00e1c b\u00e1c s\u0129 tr\u1ecb\u00a0li\u1ec7u \u0111\u1ec3 b\u1ea1n c\u00f3 m\u1ed9t gi\u1ea5c ng\u1ee7 s\u00e2u v\u00e0 ngon h\u01a1n.\u00a0C\u00e1c vi\u00ean bi silicon \u0111\u1eb7t b\u00ean trong g\u1ed1i k\u00edch th\u00edch c\u00e1c huy\u1ec7t \u0111\u1ea1o, h\u00ecnh d\u00e1ng \u00f4m s\u00e1t \u0111\u1ea7u, c\u1ed5, vai h\u1ed7 tr\u1ee3 t\u01b0 th\u1ebf ng\u1ee7 th\u01b0 th\u00e1i.<\/p>\n<p><strong>Ch\u1ea5t li\u1ec7u:\u00a0<\/strong>V\u1ea3i b\u00ean\u00a0ngo\u00e0i: 93% polyester, 7% cotton,\u00a0V\u1ea3i l\u00f3t: 93% polyester, 7% cotton, t\u00fai trong: 100% cotton, L\u1edbp \u0111\u1ec7m:\u00a0B\u1ecdt l\u1ea1nh MDI v\u1edbi v\u1eadt li\u1ec7u SR.<\/p>\n<p><strong>C\u00f4ng ngh\u1ec7:\u00a0<\/strong>\u00a0AQUA GOLD SILICA\u00ae, AQUAGOLD\u00ae \u0111\u01b0\u1ee3c ng\u00e2m t\u1ea9m tr\u00ean v\u1ea3i.<\/p>\n<p><strong>\u0110\u1ed1i t\u01b0\u1ee3ng s\u1eed d\u1ee5ng:<\/strong><\/p>\n<p>&#8211; Ng\u01b0\u1eddi \u0111au c\u1ed5 vai g\u00e1y, \u0111au l\u01b0ng ho\u1eb7c \u0111au m\u1ecfi c\u1ed5 khi th\u1ee9c d\u1eady<\/p>\n<p>&#8211; Ng\u01b0\u1eddi g\u1eb7p t\u00ecnh tr\u1ea1ng m\u1ea5t ng\u1ee7, kh\u00f3 ng\u1ee7, ng\u1ee7 kh\u00f4ng s\u00e2u gi\u1ea5c<\/p>\n<p>&#8211; Ng\u01b0\u1eddi tho\u00e1i h\u00f3a \u0111\u1ed1t s\u1ed1ng c\u1ed5, tho\u00e1i h\u00f3a c\u1ed9t s\u1ed1ng<\/p>\n<p>&#8211; Ph\u00f9 h\u1ee3p cho m\u1ecdi \u0111\u1ed1i t\u01b0\u1ee3ng, m\u1ecdi l\u1ee9a tu\u1ed1i.<\/p>\n<p><a href=\"https:\/\/www.phivutabletennis.com\/wp-content\/uploads\/2023\/06\/csp2BlYWdtlcUgoG5dUDwMjULWeHUcAQhcL02wPh.jpeg\"><img loading=\"lazy\" decoding=\"async\" class=\"alignnone size-medium wp-image-1698\" src=\"https:\/\/www.phivutabletennis.com\/wp-content\/uploads\/2023\/06\/csp2BlYWdtlcUgoG5dUDwMjULWeHUcAQhcL02wPh-300x271.jpeg\" alt=\"\" width=\"300\" height=\"271\" srcset=\"https:\/\/www.phivutabletennis.com\/wp-content\/uploads\/2023\/06\/csp2BlYWdtlcUgoG5dUDwMjULWeHUcAQhcL02wPh-300x271.jpeg 300w, https:\/\/www.phivutabletennis.com\/wp-content\/uploads\/2023\/06\/csp2BlYWdtlcUgoG5dUDwMjULWeHUcAQhcL02wPh-600x542.jpeg 600w, https:\/\/www.phivutabletennis.com\/wp-content\/uploads\/2023\/06\/csp2BlYWdtlcUgoG5dUDwMjULWeHUcAQhcL02wPh-1024x925.jpeg 1024w, https:\/\/www.phivutabletennis.com\/wp-content\/uploads\/2023\/06\/csp2BlYWdtlcUgoG5dUDwMjULWeHUcAQhcL02wPh-768x694.jpeg 768w, https:\/\/www.phivutabletennis.com\/wp-content\/uploads\/2023\/06\/csp2BlYWdtlcUgoG5dUDwMjULWeHUcAQhcL02wPh.jpeg 1196w\" sizes=\"auto, (max-width: 300px) 100vw, 300px\" \/><\/a><\/p>\n","protected":false},"excerpt":{"rendered":"<p>G\u1ed1i H\u1ed7 Tr\u1ee3 Vai G\u00e1y C\u1ed5 Gi\u00fap Ng\u1ee7 Ngon &#8211; Phiten Star Series Aquagold Shiatsu Pillow_Hills Sleep M\u00f4 t\u1ea3: G\u1ed1i H\u1ed7 Tr\u1ee3 Vai G\u00e1y C\u1ed5 Gi\u00fap Ng\u1ee7 Ngon Phiten \u0111\u01b0\u1ee3c h\u1ee3p t\u00e1c ph\u00e1t tri\u1ec3n b\u1edfi c\u00e1c b\u00e1c s\u0129 tr\u1ecb\u00a0li\u1ec7u \u0111\u1ec3 b\u1ea1n c\u00f3 m\u1ed9t gi\u1ea5c ng\u1ee7 s\u00e2u v\u00e0 ngon h\u01a1n.\u00a0C\u00e1c vi\u00ean bi silicon \u0111\u1eb7t b\u00ean trong [&hellip;]<\/p>\n","protected":false},"featured_media":1671,"comment_status":"open","ping_status":"closed","template":"","meta":{"_eb_attr":""},"product_cat":[106,92],"product_tag":[],"class_list":["post-1680","product","type-product","status-publish","has-post-thumbnail","hentry","product_cat-goi-ngu","product_cat-phiten"],"_links":{"self":[{"href":"https:\/\/www.phivutabletennis.com\/index.php\/wp-json\/wp\/v2\/product\/1680","targetHints":{"allow":["GET"]}}],"collection":[{"href":"https:\/\/www.phivutabletennis.com\/index.php\/wp-json\/wp\/v2\/product"}],"about":[{"href":"https:\/\/www.phivutabletennis.com\/index.php\/wp-json\/wp\/v2\/types\/product"}],"replies":[{"embeddable":true,"href":"https:\/\/www.phivutabletennis.com\/index.php\/wp-json\/wp\/v2\/comments?post=1680"}],"wp:featuredmedia":[{"embeddable":true,"href":"https:\/\/www.phivutabletennis.com\/index.php\/wp-json\/wp\/v2\/media\/1671"}],"wp:attachment":[{"href":"https:\/\/www.phivutabletennis.com\/index.php\/wp-json\/wp\/v2\/media?parent=1680"}],"wp:term":[{"taxonomy":"product_cat","embeddable":true,"href":"https:\/\/www.phivutabletennis.com\/index.php\/wp-json\/wp\/v2\/product_cat?post=1680"},{"taxonomy":"product_tag","embeddable":true,"href":"https:\/\/www.phivutabletennis.com\/index.php\/wp-json\/wp\/v2\/product_tag?post=1680"}],"curies":[{"name":"wp","href":"https:\/\/api.w.org\/{rel}","templated":true}]}}