{"id":1700,"date":"2023-06-19T23:50:04","date_gmt":"2023-06-19T16:50:04","guid":{"rendered":"https:\/\/www.phivutabletennis.com\/?post_type=product&#038;p=1700"},"modified":"2023-06-19T23:50:04","modified_gmt":"2023-06-19T16:50:04","slug":"goi-ho-tro-vai-gay-co-giup-ngu-ngon-phiten-star-series-aquagold-shiatsu-pillow_zero-feeling-85mm","status":"publish","type":"product","link":"https:\/\/www.phivutabletennis.com\/index.php\/product\/goi-ho-tro-vai-gay-co-giup-ngu-ngon-phiten-star-series-aquagold-shiatsu-pillow_zero-feeling-85mm\/","title":{"rendered":"G\u1ed1i H\u1ed7 Tr\u1ee3 Vai G\u00e1y C\u1ed5 Gi\u00fap Ng\u1ee7 Ngon &#8211; PHITEN STAR SERIES AQUAGOLD SHIATSU PILLOW_ZERO FEELING\/85MM"},"content":{"rendered":"<p>G\u1ed1i mang \u0111\u1ebfn gi\u1ea5c ng\u1ee7 ngon h\u01a1n.<\/p>\n<p>&#8211; H\u1ed7 tr\u1ee3 l\u01b0ng v\u00e0 h\u00f4ng v\u1edbi \u0111\u1ed9 m\u1ec1m \u0111\u00e0n h\u1ed3i v\u00e0 l\u00f5m \u1edf gi\u1eefa \u0111\u1ec3 \u00f4m s\u00e1t c\u1ed5 m\u1ed9t c\u00e1ch tho\u1ea3i m\u00e1i khi ng\u1ee7<\/p>\n<p>&#8211; C\u00f3 th\u1ec3 \u0111\u01b0\u1ee3c s\u1eed d\u1ee5ng tr\u00ean c\u1ea3 hai m\u1eb7t, tr\u00ean v\u00e0 d\u01b0\u1edbi.<\/p>\n<p>&#8211; AQUA GOLD SILICA\u00ae, AQUAGOLD\u00ae \u0111\u01b0\u1ee3c ng\u00e2m t\u1ea9m tr\u00ean v\u1ea3i.<\/p>\n<p>&#8211; Ch\u1ea5t li\u1ec7u: B\u1ec1 m\u1eb7t: Cotton 50%, Polyester 50%; B\u00ean trong: B\u1ecdt polyurethane (B\u1ecdt l\u1ea1nh MDI v\u1edbi v\u1eadt li\u1ec7u SR)<\/p>\n<p><strong>\u0110\u1ed1i t\u01b0\u1ee3ng s\u1eed d\u1ee5ng:<\/strong><\/p>\n<p>&#8211; Ng\u01b0\u1eddi \u0111au c\u1ed5 vai g\u00e1y, \u0111au l\u01b0ng ho\u1eb7c \u0111au m\u1ecfi c\u1ed5 khi th\u1ee9c d\u1eady<\/p>\n<p>&#8211; Ng\u01b0\u1eddi g\u1eb7p t\u00ecnh tr\u1ea1ng m\u1ea5t ng\u1ee7, kh\u00f3 ng\u1ee7, ng\u1ee7 kh\u00f4ng s\u00e2u gi\u1ea5c<\/p>\n<p>&#8211; Ng\u01b0\u1eddi tho\u00e1i h\u00f3a \u0111\u1ed1t s\u1ed1ng c\u1ed5, tho\u00e1i h\u00f3a c\u1ed9t s\u1ed1ng<\/p>\n<p>&#8211; Ph\u00f9 h\u1ee3p cho m\u1ecdi \u0111\u1ed1i t\u01b0\u1ee3ng, m\u1ecdi l\u1ee9a tu\u1ed1i.<\/p>\n<p><a href=\"https:\/\/www.phivutabletennis.com\/wp-content\/uploads\/2023\/06\/kn8eIeBepke4rNFsNsHzEu1UPfTVBEci8Ggp63G7.png\"><img loading=\"lazy\" decoding=\"async\" class=\"alignnone size-medium wp-image-1701\" src=\"https:\/\/www.phivutabletennis.com\/wp-content\/uploads\/2023\/06\/kn8eIeBepke4rNFsNsHzEu1UPfTVBEci8Ggp63G7-300x225.png\" alt=\"\" width=\"300\" height=\"225\" srcset=\"https:\/\/www.phivutabletennis.com\/wp-content\/uploads\/2023\/06\/kn8eIeBepke4rNFsNsHzEu1UPfTVBEci8Ggp63G7-300x225.png 300w, https:\/\/www.phivutabletennis.com\/wp-content\/uploads\/2023\/06\/kn8eIeBepke4rNFsNsHzEu1UPfTVBEci8Ggp63G7-600x450.png 600w, https:\/\/www.phivutabletennis.com\/wp-content\/uploads\/2023\/06\/kn8eIeBepke4rNFsNsHzEu1UPfTVBEci8Ggp63G7-1024x768.png 1024w, https:\/\/www.phivutabletennis.com\/wp-content\/uploads\/2023\/06\/kn8eIeBepke4rNFsNsHzEu1UPfTVBEci8Ggp63G7-768x576.png 768w, https:\/\/www.phivutabletennis.com\/wp-content\/uploads\/2023\/06\/kn8eIeBepke4rNFsNsHzEu1UPfTVBEci8Ggp63G7-1536x1152.png 1536w, https:\/\/www.phivutabletennis.com\/wp-content\/uploads\/2023\/06\/kn8eIeBepke4rNFsNsHzEu1UPfTVBEci8Ggp63G7.png 1600w\" sizes=\"auto, (max-width: 300px) 100vw, 300px\" \/><\/a><\/p>\n","protected":false},"excerpt":{"rendered":"<p>G\u1ed1i mang \u0111\u1ebfn gi\u1ea5c ng\u1ee7 ngon h\u01a1n. &#8211; H\u1ed7 tr\u1ee3 l\u01b0ng v\u00e0 h\u00f4ng v\u1edbi \u0111\u1ed9 m\u1ec1m \u0111\u00e0n h\u1ed3i v\u00e0 l\u00f5m \u1edf gi\u1eefa \u0111\u1ec3 \u00f4m s\u00e1t c\u1ed5 m\u1ed9t c\u00e1ch tho\u1ea3i m\u00e1i khi ng\u1ee7 &#8211; C\u00f3 th\u1ec3 \u0111\u01b0\u1ee3c s\u1eed d\u1ee5ng tr\u00ean c\u1ea3 hai m\u1eb7t, tr\u00ean v\u00e0 d\u01b0\u1edbi. &#8211; AQUA GOLD SILICA\u00ae, AQUAGOLD\u00ae \u0111\u01b0\u1ee3c ng\u00e2m t\u1ea9m tr\u00ean v\u1ea3i. [&hellip;]<\/p>\n","protected":false},"featured_media":1677,"comment_status":"open","ping_status":"closed","template":"","meta":{"_eb_attr":""},"product_cat":[106,92],"product_tag":[],"class_list":["post-1700","product","type-product","status-publish","has-post-thumbnail","hentry","product_cat-goi-ngu","product_cat-phiten"],"_links":{"self":[{"href":"https:\/\/www.phivutabletennis.com\/index.php\/wp-json\/wp\/v2\/product\/1700","targetHints":{"allow":["GET"]}}],"collection":[{"href":"https:\/\/www.phivutabletennis.com\/index.php\/wp-json\/wp\/v2\/product"}],"about":[{"href":"https:\/\/www.phivutabletennis.com\/index.php\/wp-json\/wp\/v2\/types\/product"}],"replies":[{"embeddable":true,"href":"https:\/\/www.phivutabletennis.com\/index.php\/wp-json\/wp\/v2\/comments?post=1700"}],"wp:featuredmedia":[{"embeddable":true,"href":"https:\/\/www.phivutabletennis.com\/index.php\/wp-json\/wp\/v2\/media\/1677"}],"wp:attachment":[{"href":"https:\/\/www.phivutabletennis.com\/index.php\/wp-json\/wp\/v2\/media?parent=1700"}],"wp:term":[{"taxonomy":"product_cat","embeddable":true,"href":"https:\/\/www.phivutabletennis.com\/index.php\/wp-json\/wp\/v2\/product_cat?post=1700"},{"taxonomy":"product_tag","embeddable":true,"href":"https:\/\/www.phivutabletennis.com\/index.php\/wp-json\/wp\/v2\/product_tag?post=1700"}],"curies":[{"name":"wp","href":"https:\/\/api.w.org\/{rel}","templated":true}]}}