{"id":1702,"date":"2023-06-19T23:51:35","date_gmt":"2023-06-19T16:51:35","guid":{"rendered":"https:\/\/www.phivutabletennis.com\/?post_type=product&#038;p=1702"},"modified":"2023-06-19T23:51:35","modified_gmt":"2023-06-19T16:51:35","slug":"voi-sen-tam-phiten-shower-head","status":"publish","type":"product","link":"https:\/\/www.phivutabletennis.com\/index.php\/product\/voi-sen-tam-phiten-shower-head\/","title":{"rendered":"V\u00f2i Sen T\u1eafm &#8211; PHITEN SHOWER HEAD"},"content":{"rendered":"<p>N\u01b0\u1edbc trong v\u00f2i sen t\u1ea1o ra c\u00e1c bong b\u00f3ng\u00a0 si\u00eau nh\u1ecf\u00a0(nh\u1ecf h\u01a1n l\u1ed7 ch\u00e2n l\u00f4ng c\u1ee7a b\u1ea1n), s\u1ea3n ph\u1ea9m v\u1edbi\u00a0c\u00f4ng ngh\u1ec7 \u0111\u1ed9c \u0111\u00e1o c\u1ee7a Phiten gi\u00fap\u00a0l\u00e0n da m\u1ec1m m\u01b0\u1ee3t v\u00e0 m\u00e1i t\u00f3c b\u00f3ng m\u01b0\u1ee3t.<\/p>\n<p><strong>C\u1ea5u t\u1ea1o s\u1ea3n ph\u1ea9m:<\/strong><br \/>\nChi\u1ec1u r\u1ed9ng :\u00a0\u00a0~1,6 inch (40 mm)<br \/>\nChi\u1ec1u d\u00e0i: ~3,6 inch (92 mm)<br \/>\nTr\u1ecdng l\u01b0\u1ee3ng: 120 g<br \/>\nM\u00e0u s\u1eafc: tr\u1eafng<br \/>\nV\u1eadt li\u1ec7u: Nh\u1ef1a ASA ch\u1ecbu nhi\u1ec7t, nh\u1ef1a ABS, nh\u1ef1a POM, \u0111\u1ed3ng thau (m\u1ea1 crom), gio\u0103ng silicone, th\u00e9p kh\u00f4ng g\u1ec9: Aqua titan<\/p>\n<p><strong>C\u00f4ng d\u1ee5ng\u00a0<\/strong>:<br \/>\n&#8211; Gi\u00fap gi\u1ea3m b\u1edbt c\u0103ng th\u1eb3ng li\u00ean t\u1ee5c.<br \/>\n&#8211; Gi\u00fap c\u1ea3i thi\u1ec7n l\u01b0u th\u00f4ng m\u00e1u.<\/p>\n<p><strong>C\u00f4ng ngh\u1ec7:<\/strong>\u00a0Metax<\/p>\n<p>Micro bubble (c\u00f4ng ngh\u1ec7 \u0111\u00e3 \u0111\u01b0\u1ee3c c\u1ea5p b\u1eb1ng s\u00e1ng ch\u1ebf)<\/p>\n<p>S\u1ea3n xu\u1ea5t t\u1ea1i Nh\u1eadt B\u1ea3n.<\/p>\n","protected":false},"excerpt":{"rendered":"<p>N\u01b0\u1edbc trong v\u00f2i sen t\u1ea1o ra c\u00e1c bong b\u00f3ng\u00a0 si\u00eau nh\u1ecf\u00a0(nh\u1ecf h\u01a1n l\u1ed7 ch\u00e2n l\u00f4ng c\u1ee7a b\u1ea1n), s\u1ea3n ph\u1ea9m v\u1edbi\u00a0c\u00f4ng ngh\u1ec7 \u0111\u1ed9c \u0111\u00e1o c\u1ee7a Phiten gi\u00fap\u00a0l\u00e0n da m\u1ec1m m\u01b0\u1ee3t v\u00e0 m\u00e1i t\u00f3c b\u00f3ng m\u01b0\u1ee3t. C\u1ea5u t\u1ea1o s\u1ea3n ph\u1ea9m: Chi\u1ec1u r\u1ed9ng :\u00a0\u00a0~1,6 inch (40 mm) Chi\u1ec1u d\u00e0i: ~3,6 inch (92 mm) Tr\u1ecdng l\u01b0\u1ee3ng: 120 g M\u00e0u [&hellip;]<\/p>\n","protected":false},"featured_media":1669,"comment_status":"open","ping_status":"closed","template":"","meta":{"_eb_attr":""},"product_cat":[92,107],"product_tag":[],"class_list":["post-1702","product","type-product","status-publish","has-post-thumbnail","hentry","product_cat-phiten","product_cat-voi-sen-tam"],"_links":{"self":[{"href":"https:\/\/www.phivutabletennis.com\/index.php\/wp-json\/wp\/v2\/product\/1702","targetHints":{"allow":["GET"]}}],"collection":[{"href":"https:\/\/www.phivutabletennis.com\/index.php\/wp-json\/wp\/v2\/product"}],"about":[{"href":"https:\/\/www.phivutabletennis.com\/index.php\/wp-json\/wp\/v2\/types\/product"}],"replies":[{"embeddable":true,"href":"https:\/\/www.phivutabletennis.com\/index.php\/wp-json\/wp\/v2\/comments?post=1702"}],"wp:featuredmedia":[{"embeddable":true,"href":"https:\/\/www.phivutabletennis.com\/index.php\/wp-json\/wp\/v2\/media\/1669"}],"wp:attachment":[{"href":"https:\/\/www.phivutabletennis.com\/index.php\/wp-json\/wp\/v2\/media?parent=1702"}],"wp:term":[{"taxonomy":"product_cat","embeddable":true,"href":"https:\/\/www.phivutabletennis.com\/index.php\/wp-json\/wp\/v2\/product_cat?post=1702"},{"taxonomy":"product_tag","embeddable":true,"href":"https:\/\/www.phivutabletennis.com\/index.php\/wp-json\/wp\/v2\/product_tag?post=1702"}],"curies":[{"name":"wp","href":"https:\/\/api.w.org\/{rel}","templated":true}]}}