{"id":1703,"date":"2023-06-19T23:54:28","date_gmt":"2023-06-19T16:54:28","guid":{"rendered":"https:\/\/www.phivutabletennis.com\/?post_type=product&#038;p=1703"},"modified":"2026-04-15T10:47:30","modified_gmt":"2026-04-15T03:47:30","slug":"may-massage-chan-phiten-solarch-blue","status":"publish","type":"product","link":"https:\/\/www.phivutabletennis.com\/index.php\/product\/may-massage-chan-phiten-solarch-blue\/","title":{"rendered":"M\u00e1y Massage Ch\u00e2n &#8211; PHITEN SOLARCH BLUE"},"content":{"rendered":"<p>&#8211; H\u1ed7 tr\u1ee3 v\u1eadn \u0111\u1ed9ng, gi\u1ea3m \u0111au tuy\u1ec7t v\u1eddi<br \/>\n&#8211; Th\u01b0 gi\u00e3n c\u1ed5 ch\u00e2n v\u00e0 l\u00f2ng b\u00e0n ch\u00e2n<br \/>\n&#8211; H\u1ea5p th\u1ee5 \u0111\u1ed9 \u1ea9m v\u00e0 m\u1ed3 h\u00f4i t\u1ed1t cho c\u1ea3m gi\u00e1c s\u1ea1ch s\u1ebd v\u00e0 tho\u1ea3i m\u00e1i.<br \/>\n&#8211; H\u1ed7 tr\u1ee3 ph\u1ee5c h\u1ed3i t\u1eeb vi\u00eam kh\u1edbp, vi\u00eam g\u00e2n, th\u1ea5p kh\u1edbp v\u00e0 c\u00e1c t\u00ecnh tr\u1ea1ng v\u00e0 ch\u1ea5n th\u01b0\u01a1ng li\u00ean quan \u0111\u1ebfn m\u1eaft c\u00e1 ch\u00e2n kh\u00e1c<br \/>\n&#8211; Gi\u00fap gi\u1ea3m \u0111au v\u00e0 h\u1ed7 tr\u1ee3 ph\u1ee5c h\u1ed3i sau nh\u1eefng thi\u1ec7t h\u1ea1i do th\u1ec3 thao v\u00e0 c\u00e1c ho\u1ea1t \u0111\u1ed9ng th\u1ec3 thao.<br \/>\n&#8211; \u1ed4n \u0111\u1ecbnh huy\u1ebft \u00e1p, l\u01b0u th\u00f4ng kh\u00ed huy\u1ebft<br \/>\n&#8211; Ph\u00f2ng ng\u1eeba \u0111\u1ed9t qu\u1ef5<br \/>\n&#8211; Gi\u1ea3m stress, ng\u1ee7 ngon.<br \/>\n&#8211; Ho\u00e0n h\u1ea3o \u0111\u1ec3 s\u1eed d\u1ee5ng h\u00e0ng ng\u00e0y.<\/p>\n<p><a href=\"https:\/\/www.phivutabletennis.com\/wp-content\/uploads\/2023\/06\/nRLMpJtazLfh8DZpkXsgcBnJPcCVjcYHfy09t9iT.jpeg\"><img loading=\"lazy\" decoding=\"async\" class=\"alignnone size-medium wp-image-1704\" src=\"https:\/\/www.phivutabletennis.com\/wp-content\/uploads\/2023\/06\/nRLMpJtazLfh8DZpkXsgcBnJPcCVjcYHfy09t9iT-300x169.jpeg\" alt=\"\" width=\"300\" height=\"169\" srcset=\"https:\/\/www.phivutabletennis.com\/wp-content\/uploads\/2023\/06\/nRLMpJtazLfh8DZpkXsgcBnJPcCVjcYHfy09t9iT-300x169.jpeg 300w, https:\/\/www.phivutabletennis.com\/wp-content\/uploads\/2023\/06\/nRLMpJtazLfh8DZpkXsgcBnJPcCVjcYHfy09t9iT-600x338.jpeg 600w, https:\/\/www.phivutabletennis.com\/wp-content\/uploads\/2023\/06\/nRLMpJtazLfh8DZpkXsgcBnJPcCVjcYHfy09t9iT-1024x576.jpeg 1024w, https:\/\/www.phivutabletennis.com\/wp-content\/uploads\/2023\/06\/nRLMpJtazLfh8DZpkXsgcBnJPcCVjcYHfy09t9iT-768x432.jpeg 768w, https:\/\/www.phivutabletennis.com\/wp-content\/uploads\/2023\/06\/nRLMpJtazLfh8DZpkXsgcBnJPcCVjcYHfy09t9iT-1536x864.jpeg 1536w, https:\/\/www.phivutabletennis.com\/wp-content\/uploads\/2023\/06\/nRLMpJtazLfh8DZpkXsgcBnJPcCVjcYHfy09t9iT.jpeg 2048w\" sizes=\"auto, (max-width: 300px) 100vw, 300px\" \/><\/a> <a href=\"https:\/\/www.phivutabletennis.com\/wp-content\/uploads\/2023\/06\/rbqFRuBjq1oZqntwwEYJ4D8Uu51QKJpnxIyfalzH.png\"><img loading=\"lazy\" decoding=\"async\" class=\"alignnone size-medium wp-image-1705\" src=\"https:\/\/www.phivutabletennis.com\/wp-content\/uploads\/2023\/06\/rbqFRuBjq1oZqntwwEYJ4D8Uu51QKJpnxIyfalzH-240x300.png\" alt=\"\" width=\"240\" height=\"300\" srcset=\"https:\/\/www.phivutabletennis.com\/wp-content\/uploads\/2023\/06\/rbqFRuBjq1oZqntwwEYJ4D8Uu51QKJpnxIyfalzH-240x300.png 240w, https:\/\/www.phivutabletennis.com\/wp-content\/uploads\/2023\/06\/rbqFRuBjq1oZqntwwEYJ4D8Uu51QKJpnxIyfalzH-600x750.png 600w, https:\/\/www.phivutabletennis.com\/wp-content\/uploads\/2023\/06\/rbqFRuBjq1oZqntwwEYJ4D8Uu51QKJpnxIyfalzH-819x1024.png 819w, https:\/\/www.phivutabletennis.com\/wp-content\/uploads\/2023\/06\/rbqFRuBjq1oZqntwwEYJ4D8Uu51QKJpnxIyfalzH-768x960.png 768w, https:\/\/www.phivutabletennis.com\/wp-content\/uploads\/2023\/06\/rbqFRuBjq1oZqntwwEYJ4D8Uu51QKJpnxIyfalzH.png 1152w\" sizes=\"auto, (max-width: 240px) 100vw, 240px\" \/><\/a><\/p>\n","protected":false},"excerpt":{"rendered":"<p>&#8211; H\u1ed7 tr\u1ee3 v\u1eadn \u0111\u1ed9ng, gi\u1ea3m \u0111au tuy\u1ec7t v\u1eddi &#8211; Th\u01b0 gi\u00e3n c\u1ed5 ch\u00e2n v\u00e0 l\u00f2ng b\u00e0n ch\u00e2n &#8211; H\u1ea5p th\u1ee5 \u0111\u1ed9 \u1ea9m v\u00e0 m\u1ed3 h\u00f4i t\u1ed1t cho c\u1ea3m gi\u00e1c s\u1ea1ch s\u1ebd v\u00e0 tho\u1ea3i m\u00e1i. &#8211; H\u1ed7 tr\u1ee3 ph\u1ee5c h\u1ed3i t\u1eeb vi\u00eam kh\u1edbp, vi\u00eam g\u00e2n, th\u1ea5p kh\u1edbp v\u00e0 c\u00e1c t\u00ecnh tr\u1ea1ng v\u00e0 ch\u1ea5n th\u01b0\u01a1ng li\u00ean [&hellip;]<\/p>\n","protected":false},"featured_media":1667,"comment_status":"open","ping_status":"closed","template":"","meta":{"_eb_attr":""},"product_cat":[108,92],"product_tag":[],"class_list":["post-1703","product","type-product","status-publish","has-post-thumbnail","hentry","product_cat-may-masage-chan","product_cat-phiten"],"_links":{"self":[{"href":"https:\/\/www.phivutabletennis.com\/index.php\/wp-json\/wp\/v2\/product\/1703","targetHints":{"allow":["GET"]}}],"collection":[{"href":"https:\/\/www.phivutabletennis.com\/index.php\/wp-json\/wp\/v2\/product"}],"about":[{"href":"https:\/\/www.phivutabletennis.com\/index.php\/wp-json\/wp\/v2\/types\/product"}],"replies":[{"embeddable":true,"href":"https:\/\/www.phivutabletennis.com\/index.php\/wp-json\/wp\/v2\/comments?post=1703"}],"wp:featuredmedia":[{"embeddable":true,"href":"https:\/\/www.phivutabletennis.com\/index.php\/wp-json\/wp\/v2\/media\/1667"}],"wp:attachment":[{"href":"https:\/\/www.phivutabletennis.com\/index.php\/wp-json\/wp\/v2\/media?parent=1703"}],"wp:term":[{"taxonomy":"product_cat","embeddable":true,"href":"https:\/\/www.phivutabletennis.com\/index.php\/wp-json\/wp\/v2\/product_cat?post=1703"},{"taxonomy":"product_tag","embeddable":true,"href":"https:\/\/www.phivutabletennis.com\/index.php\/wp-json\/wp\/v2\/product_tag?post=1703"}],"curies":[{"name":"wp","href":"https:\/\/api.w.org\/{rel}","templated":true}]}}