{"id":1708,"date":"2023-06-20T00:00:24","date_gmt":"2023-06-19T17:00:24","guid":{"rendered":"https:\/\/www.phivutabletennis.com\/?post_type=product&#038;p=1708"},"modified":"2026-04-17T03:23:51","modified_gmt":"2026-04-16T20:23:51","slug":"cay-lan-massage-mat-body-phiten-titan-roller","status":"publish","type":"product","link":"https:\/\/www.phivutabletennis.com\/index.php\/product\/cay-lan-massage-mat-body-phiten-titan-roller\/","title":{"rendered":"C\u00e2y L\u0103n Massage (M\u1eb7t &#038; Body) &#8211; PHITEN TITAN ROLLER"},"content":{"rendered":"<p>C\u00e2y l\u0103n m\u1eb7t v\u00e0 body Phiten Titanim Roller l\u00e0 s\u1ea3n ph\u1ea9m s\u1eed d\u1ee5ng h\u1eb1ng ng\u00e0y, massage ch\u0103m s\u00f3c da m\u1eb7t v\u00e0 nh\u1eefng b\u1ed9 ph\u1eadn kh\u00e1c tr\u00ean c\u01a1 th\u1ec3. Nh\u1edd c\u00f4ng ngh\u1ec7 ti\u00ean ti\u1ebfn \u0111\u1ed9c quy\u1ec1n Aqua Gold, c\u00e2y l\u0103n m\u1eb7t\u00a0Phiten Titanim Roller kh\u00f4ng nh\u1eefng c\u1ea3i thi\u1ec7n b\u00ean ngo\u00e0i l\u00e0n da, m\u00e0 c\u00f2n c\u00f3 t\u00e1c d\u1ee5ng v\u1ec1 m\u1eb7t sinh h\u1ecdc b\u00ean trong.<\/p>\n<p><a href=\"https:\/\/www.phivutabletennis.com\/wp-content\/uploads\/2023\/06\/Obw69zzSSYkNmP3SxZ8EDhTL07iGa23qACP0KHgn.png\"><img loading=\"lazy\" decoding=\"async\" class=\"alignnone size-full wp-image-1709\" src=\"https:\/\/www.phivutabletennis.com\/wp-content\/uploads\/2023\/06\/Obw69zzSSYkNmP3SxZ8EDhTL07iGa23qACP0KHgn.png\" alt=\"\" width=\"872\" height=\"738\" srcset=\"https:\/\/www.phivutabletennis.com\/wp-content\/uploads\/2023\/06\/Obw69zzSSYkNmP3SxZ8EDhTL07iGa23qACP0KHgn.png 872w, https:\/\/www.phivutabletennis.com\/wp-content\/uploads\/2023\/06\/Obw69zzSSYkNmP3SxZ8EDhTL07iGa23qACP0KHgn-600x508.png 600w, https:\/\/www.phivutabletennis.com\/wp-content\/uploads\/2023\/06\/Obw69zzSSYkNmP3SxZ8EDhTL07iGa23qACP0KHgn-300x254.png 300w, https:\/\/www.phivutabletennis.com\/wp-content\/uploads\/2023\/06\/Obw69zzSSYkNmP3SxZ8EDhTL07iGa23qACP0KHgn-768x650.png 768w\" sizes=\"auto, (max-width: 872px) 100vw, 872px\" \/><\/a><\/p>\n<p><strong>M\u00d4 T\u1ea2<\/strong>:<\/p>\n<p>Chi\u1ec1u d\u00e0i: D\u00e0i 17cm,<\/p>\n<p>M\u00e0u s\u1eafc:\u00a0Tr\u1eafng<\/p>\n<p>C\u00e2n n\u1eb7ng: 91g<\/p>\n<p>Nguy\u00ean li\u1ec7u: titanium nguy\u00ean ch\u1ea5t, silicone \u0111\u00e0n h\u1ed3i, nh\u1ef1a kh\u00e1ng va \u0111\u1eadp, nam ch\u00e2m Neodymium<\/p>\n<p><strong>&#8211; C\u00d4NG D\u1ee4NG<\/strong>:<\/p>\n<p>C\u00e2y l\u0103n m\u1eb7t Phiten Titanium Roller mang l\u1ea1i t\u00e1c d\u1ee5ng tuy\u1ec7t v\u1eddi trong vi\u1ec7c ch\u0103m s\u00f3c c\u01a1 th\u1ec3, \u0111\u1eb7c bi\u1ec7t da m\u1eb7t.<\/p>\n<p>C\u1ea5u t\u1ea1o b\u1edfi 4 tr\u1ee5c\u00a0titanium, gi\u00fap da t\u0103ng \u0111\u1ed9 \u0111\u00e0n h\u1ed3i, c\u0103ng m\u1ecbn, ch\u1eafc kh\u1ecfe v\u00e0 tr\u1ebb h\u00f3a h\u01a1n.<\/p>\n<p>T\u1ea1o ra d\u00f2ng \u0111i\u1ec7n khi l\u0103n qua l\u0103n l\u1ea1i tr\u00ean b\u1ec1 m\u1eb7t da nh\u1edd nam ch\u00e2m b\u00ean trong\u00a0m\u00e0 kh\u00f4ng d\u00f9ng \u0111i\u1ec7n, \u0111i\u1ec1u n\u00e0y tr\u00e1nh t\u00ecnh tr\u1ea1ng kh\u00f4 da, x\u1ec9n m\u00e0u.<\/p>\n<p>\u1ede ph\u1ea7n cu\u1ed1i tay c\u1ea7m c\u00f3 n\u00fat silicone \u0111\u00e0n h\u1ed3i\u00a0d\u00f9ng c\u00f4ng ngh\u1ec7 Aqua Gold,\u00a0\u1ea5n nh\u1eb9 v\u00e0o nh\u1eefng \u0111i\u1ec3m huy\u1ec7t tr\u00ean c\u01a1 th\u1ec3, l\u01b0u th\u00f4ng m\u00e1u t\u1ed1t, gi\u1ea3m \u0111au, c\u0103ng da ho\u1eb7c s\u01b0ng t\u1ea5y.<\/p>\n<p><strong>&#8211; C\u00d4NG NGH\u1ec6: AQUA GOLD<\/strong><\/p>\n<p><strong>&#8211; KHUY\u1ebeN KH\u00cdCH<\/strong>: C\u00f3 th\u1ec3 d\u00f9ng k\u00e8m v\u1edbi nh\u1eefng ph\u1ea9m Body Care kh\u00e1c \u0111\u1ec3 t\u0103ng hi\u1ec7u qu\u1ea3 trong vi\u1ec7c l\u00e0m \u0111\u1eb9p da, th\u01b0 gi\u00e3n &amp;\u00a0ph\u1ee5c h\u1ed3i c\u01a1 b\u1eafp.<\/p>\n<p><strong>&#8211; H\u01af\u1edaNG D\u1eaaN S\u1eec D\u1ee4NG<\/strong>: Lau kh\u00f4 da tr\u01b0\u1edbc khi massage, sau \u0111\u00f3 massage nh\u1eb9 nh\u00e0ng trong v\u00f2ng 3 ph\u00fat. M\u1ed7i v\u1ecb tr\u00ed s\u1ebd c\u00f3 chi\u1ec1u\u00a0massage kh\u00e1c nhau. Tham kh\u1ea3o chi ti\u1ebft nh\u01b0 h\u00ecnh b\u00ean d\u01b0\u1edbi.<\/p>\n<p>+\u00a0<strong><em>\u0110\u1ed1i v\u1edbi khu\u00f4n m\u1eb7t<\/em><\/strong>: T\u00f9y theo m\u1ee5c \u0111\u00edch m\u00e0 th\u1ef1c hi\u1ec7n kh\u00e1c nhau<\/p>\n<p>M\u1ee5c \u0111\u00edch:\u00a0\u00a0da s\u0103n ch\u1eafc, c\u0103ng, khu\u00f4n m\u1eb7t thon g\u1ecdn, m\u1ecfng manh.<\/p>\n<ul>\n<li>\u0110\u1ea7u ti\u00ean \u1ea5n v\u00e0o huy\u1ec7t theo th\u1ee9 t\u1ef1 s\u1ed1 (1), (2), (3), (4), (5) nh\u01b0 h\u00ecnh \u0111\u1ea7u ti\u00ean \u0111\u1ec3 \u0111\u1ea9y m\u1ea1nh l\u01b0u th\u00f4ng\u00a0m\u00e1u. Sau \u0111\u00f3 l\u0103n v\u1edbi l\u1ef1c v\u1eeba \u0111\u1ee7 theo h\u01b0\u1edbng t\u1eeb c\u1eb1m\u00a0l\u00ean m\u00e9p tai\u00a0(h\u00ecnh 2). Cu\u1ed1i c\u00f9ng l\u0103n t\u1eeb m\u00e1 \u0111\u1ebfn th\u00e1i d\u01b0\u01a1ng\u00a0(h\u00ecnh 3).<a href=\"https:\/\/www.phivutabletennis.com\/wp-content\/uploads\/2023\/06\/dFKXRjTY6yItT46cc8aBBT9A05lVbB3uMTLbKWIT.png\"><img loading=\"lazy\" decoding=\"async\" class=\"alignnone size-full wp-image-1710\" src=\"https:\/\/www.phivutabletennis.com\/wp-content\/uploads\/2023\/06\/dFKXRjTY6yItT46cc8aBBT9A05lVbB3uMTLbKWIT.png\" alt=\"\" width=\"871\" height=\"614\" srcset=\"https:\/\/www.phivutabletennis.com\/wp-content\/uploads\/2023\/06\/dFKXRjTY6yItT46cc8aBBT9A05lVbB3uMTLbKWIT.png 871w, https:\/\/www.phivutabletennis.com\/wp-content\/uploads\/2023\/06\/dFKXRjTY6yItT46cc8aBBT9A05lVbB3uMTLbKWIT-600x423.png 600w, https:\/\/www.phivutabletennis.com\/wp-content\/uploads\/2023\/06\/dFKXRjTY6yItT46cc8aBBT9A05lVbB3uMTLbKWIT-300x211.png 300w, https:\/\/www.phivutabletennis.com\/wp-content\/uploads\/2023\/06\/dFKXRjTY6yItT46cc8aBBT9A05lVbB3uMTLbKWIT-768x541.png 768w\" sizes=\"auto, (max-width: 871px) 100vw, 871px\" \/><\/a>M\u1ee5c \u0111\u00edch: Th\u01b0 gi\u00e3n c\u01a1 m\u1eb7t v\u00e0 l\u01b0u th\u00f4ng m\u00e1u\n<ul>\n<li>B\u01b0\u1edbc 1: Massage l\u0103n\u00a0t\u1eeb \u0111i\u1ec3m cao nh\u1ea5t \u1edf c\u1ed5 xu\u1ed1ng x\u01b0\u01a1ng vai xanh<\/li>\n<li>B\u01b0\u1edbc 2: L\u0103n x\u01b0\u01a1ng vai xanh t\u1eeb trong ra ngo\u00e0i<\/li>\n<li>B\u01b0\u1edbc 3: L\u0103n t\u1eeb \u0111i\u1ec3m gi\u1eefa x\u01b0\u01a1ng vai xanh l\u00ean c\u1eb1m, d\u1ecdc y\u1ebft h\u1ea7u<a href=\"https:\/\/www.phivutabletennis.com\/wp-content\/uploads\/2023\/06\/9rcmqpoI0BH1WMkkWuRjB40DHbKmK0IsYNsh5ArU.png\"><img loading=\"lazy\" decoding=\"async\" class=\"alignnone size-full wp-image-1711\" src=\"https:\/\/www.phivutabletennis.com\/wp-content\/uploads\/2023\/06\/9rcmqpoI0BH1WMkkWuRjB40DHbKmK0IsYNsh5ArU.png\" alt=\"\" width=\"904\" height=\"538\" srcset=\"https:\/\/www.phivutabletennis.com\/wp-content\/uploads\/2023\/06\/9rcmqpoI0BH1WMkkWuRjB40DHbKmK0IsYNsh5ArU.png 904w, https:\/\/www.phivutabletennis.com\/wp-content\/uploads\/2023\/06\/9rcmqpoI0BH1WMkkWuRjB40DHbKmK0IsYNsh5ArU-600x357.png 600w, https:\/\/www.phivutabletennis.com\/wp-content\/uploads\/2023\/06\/9rcmqpoI0BH1WMkkWuRjB40DHbKmK0IsYNsh5ArU-300x179.png 300w, https:\/\/www.phivutabletennis.com\/wp-content\/uploads\/2023\/06\/9rcmqpoI0BH1WMkkWuRjB40DHbKmK0IsYNsh5ArU-768x457.png 768w\" sizes=\"auto, (max-width: 904px) 100vw, 904px\" \/><\/a>+\u00a0<strong><em>V\u1ecb tr\u00ed ch\u00e2n v\u00e0 b\u00e0n ch\u00e2n<\/em><\/strong>:\n<p>B\u00e0n ch\u00e2n:<\/p>\n<ul>\n<li>B\u01b0\u1edbc 1: L\u0103n l\u00f2ng b\u00e0n ch\u00e2n t\u1eeb ng\u00f3n ch\u00e2n\u00a0xu\u1ed1ng d\u01b0\u1edbi, l\u0103n b\u1ec1 m\u1eb7t tr\u00ean b\u00e0n ch\u00e2n h\u01b0\u1edbng t\u1eeb ng\u00f3n ch\u00e2n \u0111\u1ebfn c\u1ed5 ch\u00e2n<\/li>\n<li>B\u01b0\u1edbc 2: D\u00f9ng n\u00fat silicone d\u01b0\u1edbi c\u00e2y l\u0103n \u1ea5n nh\u1eb9 v\u00e0o \u0111i\u1ec3m gi\u1eefa 2 m\u1eaft c\u1ed5 ch\u00e2n\u00a0&#8220;Kaikei&#8221;<\/li>\n<li>B\u01b0\u1edbc 3: L\u1eb7p l\u1ea1i b\u01b0\u1edbc 1 \u0111\u1ec3 l\u00e0m nh\u1eefng \u0111i\u1ec3m \u0111au\u00a0gi\u1ea3m c\u0103ng th\u1eb3ng, s\u01b0ng, co th\u1eaft.<\/li>\n<\/ul>\n<p>&nbsp;<\/p>\n<p>Ch\u00e2n:<\/p>\n<p>B\u01b0\u1edbc 1: L\u0103n t\u1eeb m\u1eaft c\u00e1 ch\u00e2n t\u1edbi \u0111i\u1ec3m b\u1ea1ch huy\u1ebft\u00a0ph\u00eda sau \u0111\u1ea7u g\u1ed1i<\/p>\n<p>B\u01b0\u1edbc 2: K\u00edch th\u00edch 2 \u0111i\u1ec3m \u0111au &#8220;asisanri&#8221;\u00a0 (d\u01b0\u1edbi \u0111\u1ea7u g\u1ed1i 6cm theo g\u00f3c\u00a0nghi\u00eang) &amp; &#8220;sho-zan&#8221; (tr\u00ean c\u1ed5 ch\u00e2n)\u00a0b\u1eb1ng n\u00fat d\u01b0\u1edbi c\u00e2y l\u0103n<\/p>\n<p>B\u01b0\u1edbc 3: L\u00e0m gi\u1ed1ng nh\u01b0 b\u01b0\u1edbc 1 \u0111\u1ec3 xoa d\u1ecbu, th\u01b0 gi\u00e3n 2 \u0111i\u1ec3m \u0111au \u1edf b\u01b0\u1edbc 2 &#8220;Tesanri&#8221;<a href=\"https:\/\/www.phivutabletennis.com\/wp-content\/uploads\/2023\/06\/xIpF85xwBruAdJxOiiphODTVo8CqNHfBaLNGTzNS.png\"><img loading=\"lazy\" decoding=\"async\" class=\"alignnone size-full wp-image-1712\" src=\"https:\/\/www.phivutabletennis.com\/wp-content\/uploads\/2023\/06\/xIpF85xwBruAdJxOiiphODTVo8CqNHfBaLNGTzNS.png\" alt=\"\" width=\"881\" height=\"667\" srcset=\"https:\/\/www.phivutabletennis.com\/wp-content\/uploads\/2023\/06\/xIpF85xwBruAdJxOiiphODTVo8CqNHfBaLNGTzNS.png 881w, https:\/\/www.phivutabletennis.com\/wp-content\/uploads\/2023\/06\/xIpF85xwBruAdJxOiiphODTVo8CqNHfBaLNGTzNS-600x454.png 600w, https:\/\/www.phivutabletennis.com\/wp-content\/uploads\/2023\/06\/xIpF85xwBruAdJxOiiphODTVo8CqNHfBaLNGTzNS-300x227.png 300w, https:\/\/www.phivutabletennis.com\/wp-content\/uploads\/2023\/06\/xIpF85xwBruAdJxOiiphODTVo8CqNHfBaLNGTzNS-768x581.png 768w\" sizes=\"auto, (max-width: 881px) 100vw, 881px\" \/><\/a><\/p>\n<p>+\u00a0<em><strong>C\u1ed5, vai v\u00e0 c\u00e1nh tay<\/strong><\/em>:<\/p>\n<p>C\u1ed5 v\u00e0 vai: \u0110\u1ea7u ti\u00ean l\u0103n t\u1eeb c\u1ed5 xu\u1ed1ng vai, sau \u0111\u00f3 \u1ea5n nh\u1eb9 v\u00e0o 2 \u0111i\u1ec3m \u0111au &#8220;tentyu&#8221; v\u00e0 &#8220;kensei&#8221; nh\u01b0 h\u00ecnh b\u00ean d\u01b0\u1edbi (h\u00ecnh \u0111\u1ea7u)<\/p>\n<p>C\u00e1nh tay:<\/p>\n<ul>\n<li>B\u01b0\u1edbc 1: L\u0103n t\u1eeb c\u1ed5 tay \u0111\u1ebfn \u0111i\u1ec3m b\u1ea1ch huy\u1ebft d\u01b0\u1edbi n\u00e1ch<\/li>\n<li>B\u01b0\u1edbc 2: K\u00edch th\u00edch 2 \u0111i\u1ec3m \u0111au &#8220;Gekimon&#8221; v\u00e0 &#8220;Tesanri&#8221; (h\u00ecnh 2)<\/li>\n<li>B\u01b0\u1edbc 3: L\u00e0m l\u1ea1i b\u01b0\u1edbc 1 \u0111\u1ec3 gi\u00fap 2 \u0111i\u1ec3m \u0111au \u1edf b\u01b0\u1edbc 2 \u0111\u01b0\u1ee3c massage, th\u01b0 gi\u00e3n, gi\u1ea3i t\u1ecfa c\u0103ng th\u1eb3ng<\/li>\n<\/ul>\n<p><a href=\"https:\/\/www.phivutabletennis.com\/wp-content\/uploads\/2023\/06\/OkrCetmo2LZNfehUMq1o00D9K0SLlYCIPH1UFrs6.png\"><img loading=\"lazy\" decoding=\"async\" class=\"alignnone size-full wp-image-1713\" src=\"https:\/\/www.phivutabletennis.com\/wp-content\/uploads\/2023\/06\/OkrCetmo2LZNfehUMq1o00D9K0SLlYCIPH1UFrs6.png\" alt=\"\" width=\"868\" height=\"497\" srcset=\"https:\/\/www.phivutabletennis.com\/wp-content\/uploads\/2023\/06\/OkrCetmo2LZNfehUMq1o00D9K0SLlYCIPH1UFrs6.png 868w, https:\/\/www.phivutabletennis.com\/wp-content\/uploads\/2023\/06\/OkrCetmo2LZNfehUMq1o00D9K0SLlYCIPH1UFrs6-600x344.png 600w, https:\/\/www.phivutabletennis.com\/wp-content\/uploads\/2023\/06\/OkrCetmo2LZNfehUMq1o00D9K0SLlYCIPH1UFrs6-300x172.png 300w, https:\/\/www.phivutabletennis.com\/wp-content\/uploads\/2023\/06\/OkrCetmo2LZNfehUMq1o00D9K0SLlYCIPH1UFrs6-768x440.png 768w\" sizes=\"auto, (max-width: 868px) 100vw, 868px\" \/><\/a><\/li>\n<\/ul>\n<\/li>\n<\/ul>\n","protected":false},"excerpt":{"rendered":"<p>C\u00e2y l\u0103n m\u1eb7t v\u00e0 body Phiten Titanim Roller l\u00e0 s\u1ea3n ph\u1ea9m s\u1eed d\u1ee5ng h\u1eb1ng ng\u00e0y, massage ch\u0103m s\u00f3c da m\u1eb7t v\u00e0 nh\u1eefng b\u1ed9 ph\u1eadn kh\u00e1c tr\u00ean c\u01a1 th\u1ec3. Nh\u1edd c\u00f4ng ngh\u1ec7 ti\u00ean ti\u1ebfn \u0111\u1ed9c quy\u1ec1n Aqua Gold, c\u00e2y l\u0103n m\u1eb7t\u00a0Phiten Titanim Roller kh\u00f4ng nh\u1eefng c\u1ea3i thi\u1ec7n b\u00ean ngo\u00e0i l\u00e0n da, m\u00e0 c\u00f2n c\u00f3 t\u00e1c d\u1ee5ng [&hellip;]<\/p>\n","protected":false},"featured_media":1664,"comment_status":"open","ping_status":"closed","template":"","meta":{"_eb_attr":""},"product_cat":[109,92],"product_tag":[],"class_list":["post-1708","product","type-product","status-publish","has-post-thumbnail","hentry","product_cat-cay-lan-massage","product_cat-phiten"],"_links":{"self":[{"href":"https:\/\/www.phivutabletennis.com\/index.php\/wp-json\/wp\/v2\/product\/1708","targetHints":{"allow":["GET"]}}],"collection":[{"href":"https:\/\/www.phivutabletennis.com\/index.php\/wp-json\/wp\/v2\/product"}],"about":[{"href":"https:\/\/www.phivutabletennis.com\/index.php\/wp-json\/wp\/v2\/types\/product"}],"replies":[{"embeddable":true,"href":"https:\/\/www.phivutabletennis.com\/index.php\/wp-json\/wp\/v2\/comments?post=1708"}],"wp:featuredmedia":[{"embeddable":true,"href":"https:\/\/www.phivutabletennis.com\/index.php\/wp-json\/wp\/v2\/media\/1664"}],"wp:attachment":[{"href":"https:\/\/www.phivutabletennis.com\/index.php\/wp-json\/wp\/v2\/media?parent=1708"}],"wp:term":[{"taxonomy":"product_cat","embeddable":true,"href":"https:\/\/www.phivutabletennis.com\/index.php\/wp-json\/wp\/v2\/product_cat?post=1708"},{"taxonomy":"product_tag","embeddable":true,"href":"https:\/\/www.phivutabletennis.com\/index.php\/wp-json\/wp\/v2\/product_tag?post=1708"}],"curies":[{"name":"wp","href":"https:\/\/api.w.org\/{rel}","templated":true}]}}