{"id":1734,"date":"2023-06-20T00:13:08","date_gmt":"2023-06-19T17:13:08","guid":{"rendered":"https:\/\/www.phivutabletennis.com\/?post_type=product&#038;p=1734"},"modified":"2023-06-20T00:54:07","modified_gmt":"2023-06-19T17:54:07","slug":"vong-deo-chan-phiten-titanium-chain-anklet-gold-ip","status":"publish","type":"product","link":"https:\/\/www.phivutabletennis.com\/index.php\/product\/vong-deo-chan-phiten-titanium-chain-anklet-gold-ip\/","title":{"rendered":"V\u00f2ng \u0110eo Ch\u00e2n &#8211; PHITEN TITANIUM CHAIN ANKLET GOLD IP"},"content":{"rendered":"<p><strong>V\u00f2ng \u0111eo ch\u00e2n Phiten Titanium Chain Anklet Gold IP<\/strong><br \/>\n<strong>M\u00f4 t\u1ea3 s\u1ea3n ph\u1ea9m:<\/strong><br \/>\n&#8211; V\u00f2ng ch\u00e2n \u0111\u01b0\u1ee3c l\u00e0m b\u1eb1ng Titanium<br \/>\n&#8211; K\u00edch th\u01b0\u1edbc c\u00f3 th\u1ec3 \u0111\u01b0\u1ee3c \u0111i\u1ec1u ch\u1ec9nh b\u1eb1ng b\u1ed9 \u0111i\u1ec1u ch\u1ec9nh<br \/>\n<strong>Ch\u1ea5t li\u1ec7u:<\/strong>\u00a0Titanium<br \/>\n<strong>C\u00f4ng ngh\u1ec7:<\/strong>\u00a0c\u00f4ng ngh\u1ec7 \u0111\u1ed9c quy\u1ec1n Phiten Aqua Titanium<br \/>\n<strong>C\u00f4ng d\u1ee5ng:<\/strong><\/p>\n<p>&#8211; Gi\u00fap t\u0103ng c\u01b0\u1eddng v\u00e0 \u1ed5n \u0111\u1ecbnh tu\u1ea7n ho\u00e0n m\u00e1u.<\/p>\n<p>&#8211;\u00a0\u00a0Gi\u1ea3m c\u0103ng th\u1eb3ng, m\u1ec7t m\u1ecfi.<\/p>\n<p>&#8211; T\u0103ng c\u01b0\u1eddng s\u1ee9c m\u1ea1nh v\u00e0 s\u1ef1 linh ho\u1ea1t c\u1ee7a b\u1eafp ch\u00e2n v\u00e0 b\u00e0n ch\u00e2n<\/p>\n<p><strong>Size:<\/strong>\u00a022cm + 3 cm<br \/>\n<strong>L\u01b0u \u00fd:\u00a0<\/strong>B\u1ea3o qu\u1ea3n \u1edf n\u01a1i s\u1ea1ch v\u00e0 kh\u00f4 r\u00e1o<br \/>\n<strong>Th\u01b0\u01a1ng hi\u1ec7u:\u00a0<\/strong>Phiten<br \/>\n<strong>Xu\u1ea5t x\u1ee9:\u00a0<\/strong>Nh\u1eadt B\u1ea3n<\/p>\n<p dir=\"ltr\"><strong>\u0110\u1ed1i t\u01b0\u1ee3ng s\u1eed d\u1ee5ng:<\/strong><\/p>\n<p dir=\"ltr\">&#8211; Ph\u00f9 h\u1ee3p cho m\u1ecdi l\u1ee9a tu\u1ed5i<\/p>\n<p dir=\"ltr\">&#8211; Ng\u01b0\u1eddi ch\u01a1i th\u1ec3 thao hay v\u1eadn \u0111\u1ed9ng vi\u00ean chuy\u00ean nghi\u1ec7p<\/p>\n<p dir=\"ltr\">&#8211; Ng\u01b0\u1eddi cao huy\u1ebft \u00e1p, huy\u1ebft \u00e1p kh\u00f4ng \u1ed5n \u0111\u1ecbnh<\/p>\n<p dir=\"ltr\">&#8211; Ng\u01b0\u1eddi m\u1ea5t ng\u1ee7, kh\u00f3 ng\u1ee7 hay gi\u1ea5c ng\u1ee7 kh\u00f4ng s\u00e2u.<\/p>\n","protected":false},"excerpt":{"rendered":"<p>V\u00f2ng \u0111eo ch\u00e2n Phiten Titanium Chain Anklet Gold IP M\u00f4 t\u1ea3 s\u1ea3n ph\u1ea9m: &#8211; V\u00f2ng ch\u00e2n \u0111\u01b0\u1ee3c l\u00e0m b\u1eb1ng Titanium &#8211; K\u00edch th\u01b0\u1edbc c\u00f3 th\u1ec3 \u0111\u01b0\u1ee3c \u0111i\u1ec1u ch\u1ec9nh b\u1eb1ng b\u1ed9 \u0111i\u1ec1u ch\u1ec9nh Ch\u1ea5t li\u1ec7u:\u00a0Titanium C\u00f4ng ngh\u1ec7:\u00a0c\u00f4ng ngh\u1ec7 \u0111\u1ed9c quy\u1ec1n Phiten Aqua Titanium C\u00f4ng d\u1ee5ng: &#8211; Gi\u00fap t\u0103ng c\u01b0\u1eddng v\u00e0 \u1ed5n \u0111\u1ecbnh tu\u1ea7n ho\u00e0n m\u00e1u. &#8211;\u00a0\u00a0Gi\u1ea3m [&hellip;]<\/p>\n","protected":false},"featured_media":1744,"comment_status":"open","ping_status":"closed","template":"","meta":{"_eb_attr":""},"product_cat":[110,92,114],"product_tag":[],"class_list":["post-1734","product","type-product","status-publish","has-post-thumbnail","hentry","product_cat-phien-ban-gioi-han","product_cat-phiten","product_cat-vong-chan"],"_links":{"self":[{"href":"https:\/\/www.phivutabletennis.com\/index.php\/wp-json\/wp\/v2\/product\/1734","targetHints":{"allow":["GET"]}}],"collection":[{"href":"https:\/\/www.phivutabletennis.com\/index.php\/wp-json\/wp\/v2\/product"}],"about":[{"href":"https:\/\/www.phivutabletennis.com\/index.php\/wp-json\/wp\/v2\/types\/product"}],"replies":[{"embeddable":true,"href":"https:\/\/www.phivutabletennis.com\/index.php\/wp-json\/wp\/v2\/comments?post=1734"}],"wp:featuredmedia":[{"embeddable":true,"href":"https:\/\/www.phivutabletennis.com\/index.php\/wp-json\/wp\/v2\/media\/1744"}],"wp:attachment":[{"href":"https:\/\/www.phivutabletennis.com\/index.php\/wp-json\/wp\/v2\/media?parent=1734"}],"wp:term":[{"taxonomy":"product_cat","embeddable":true,"href":"https:\/\/www.phivutabletennis.com\/index.php\/wp-json\/wp\/v2\/product_cat?post=1734"},{"taxonomy":"product_tag","embeddable":true,"href":"https:\/\/www.phivutabletennis.com\/index.php\/wp-json\/wp\/v2\/product_tag?post=1734"}],"curies":[{"name":"wp","href":"https:\/\/api.w.org\/{rel}","templated":true}]}}