{"id":1746,"date":"2023-06-20T00:14:49","date_gmt":"2023-06-19T17:14:49","guid":{"rendered":"https:\/\/www.phivutabletennis.com\/?post_type=product&#038;p=1746"},"modified":"2023-06-21T23:12:44","modified_gmt":"2023-06-21T16:12:44","slug":"day-chuyen-phiten-titanium-twist-necklace","status":"publish","type":"product","link":"https:\/\/www.phivutabletennis.com\/index.php\/product\/day-chuyen-phiten-titanium-twist-necklace\/","title":{"rendered":"D\u00e2y Chuy\u1ec1n &#8211; PHITEN TITANIUM TWIST NECKLACE"},"content":{"rendered":"<p><strong>V\u00f2ng c\u1ed5 Phiten Onyx &amp; Terahertz<\/strong><br \/>\nPhiten Titanium Twist Chain Chain \u0111\u01b0\u1ee3c l\u00e0m b\u1eb1ng 100% titan nguy\u00ean ch\u1ea5t, c\u00f3 tr\u1ecdng l\u01b0\u1ee3ng nh\u1eb9, an to\u00e0n v\u1edbi da v\u00e0 ch\u1ed1ng \u0103n m\u00f2n. V\u00f2ng c\u1ed5 titan xo\u1eafn, \u0111\u01b0\u1ee3c \u0111an m\u1ed9t c\u00e1ch t\u1ec9 m\u1ec9 t\u1ea1o n\u00ean v\u1ebb \u0111\u1ed9c \u0111\u00e1o, sang tr\u1ecdng. S\u1ea3n ph\u1ea9m r\u1ea5t d\u1ec5 ph\u1ed1i \u0111\u1ed3 v\u1edbi v\u1ebb ngo\u00e0i thanh l\u1ecbch s\u1ebd t\u00f4n vinh v\u1ebb \u0111\u1eb9p h\u00e0ng ng\u00e0y c\u1ee7a b\u1ea1n.<br \/>\nV\u00f2ng c\u1ed5 c\u00f3 th\u1ec3 \u0111i\u1ec1u ch\u1ec9nh chi\u1ec1u d\u00e0i th\u00eam 5 cm. Logo \u201cP\u201d c\u1ee7a Phiten \u0111\u01b0\u1ee3c in tr\u00ean m\u00f3c c\u00e0i c\u1ee7a v\u00f2ng c\u1ed5.<br \/>\n<strong>Ch\u1ea5t li\u1ec7u:<\/strong>Titan 100%<br \/>\n<strong>\u0110\u1eb7c tr\u01b0ng<\/strong><br \/>\n&#8211; L\u00e0m b\u1eb1ng 100% Titanium nguy\u00ean ch\u1ea5t<br \/>\n&#8211; Tr\u1ecdng l\u01b0\u1ee3ng nh\u1eb9, an to\u00e0n v\u1edbi da v\u00e0 ch\u1ed1ng \u0103n m\u00f2n<br \/>\n&#8211; Chu\u1ed7i Titan \u0111\u01b0\u1ee3c \u0111an t\u1ec9 m\u1ec9<br \/>\n&#8211; M\u00f3c c\u00e0i in logo &#8220;&#8221;P&#8221;&#8221; c\u1ee7a Phiten<\/p>\n<p><strong>C\u00f4ng d\u1ee5ng:<\/strong><br \/>\nGi\u00fap gi\u1ea3m b\u1edbt c\u0103ng th\u1eb3ng li\u00ean t\u1ee5c.<br \/>\nGi\u00fap c\u1ea3i thi\u1ec7n l\u01b0u th\u00f4ng m\u00e1u.<br \/>\nT\u0103ng c\u01b0\u1eddng s\u1ee9c m\u1ea1nh v\u00e0 t\u00ednh linh ho\u1ea1t.<br \/>\nGi\u00fap gi\u1ea3m \u0111au.<br \/>\nTuy\u1ec7t v\u1eddi cho th\u1ec3 thao ho\u1eb7c c\u00e1c ho\u1ea1t \u0111\u1ed9ng h\u00e0ng ng\u00e0y.<br \/>\nGi\u00fap th\u01b0 gi\u00e3n c\u01a1 b\u1eafp c\u1ee9ng.<br \/>\nTh\u00edch h\u1ee3p cho c\u1ea3 nam v\u00e0 n\u1eef.<\/p>\n<p>M\u00e0u s\u1eafc: \u00e1nh kim<br \/>\nK\u00edch th\u01b0\u1edbc: 40cm + Chi\u1ec1u d\u00e0i th\u00eam 5cm<br \/>\nQuy c\u00e1ch \u0111\u00f3ng g\u00f3i: 1 c\u00e1i\/h\u1ed9p<br \/>\nTh\u01b0\u01a1ng hi\u1ec7u: Phiten<br \/>\nXu\u1ea5t x\u1ee9: Nh\u1eadt B\u1ea3n<\/p>\n<p dir=\"ltr\"><strong>\u0110\u1ed1i t\u01b0\u1ee3ng s\u1eed d\u1ee5ng:<\/strong><\/p>\n<p dir=\"ltr\">&#8211; Ph\u00f9 h\u1ee3p cho m\u1ecdi l\u1ee9a tu\u1ed5i<\/p>\n<p dir=\"ltr\">&#8211; Ng\u01b0\u1eddi cao huy\u1ebft \u00e1p, huy\u1ebft \u00e1p kh\u00f4ng \u1ed5n \u0111\u1ecbnh<\/p>\n<p dir=\"ltr\">&#8211; Ng\u01b0\u1eddi m\u1eafc c\u00e1c ch\u1ee9ng \u0111au c\u1ed5 vai g\u00e1y<\/p>\n<p dir=\"ltr\">&#8211; Ng\u01b0\u1eddi m\u1ea5t ng\u1ee7, kh\u00f3 ng\u1ee7 hay gi\u1ea5c ng\u1ee7 kh\u00f4ng s\u00e2u.<\/p>\n","protected":false},"excerpt":{"rendered":"<p>V\u00f2ng c\u1ed5 Phiten Onyx &amp; Terahertz Phiten Titanium Twist Chain Chain \u0111\u01b0\u1ee3c l\u00e0m b\u1eb1ng 100% titan nguy\u00ean ch\u1ea5t, c\u00f3 tr\u1ecdng l\u01b0\u1ee3ng nh\u1eb9, an to\u00e0n v\u1edbi da v\u00e0 ch\u1ed1ng \u0103n m\u00f2n. V\u00f2ng c\u1ed5 titan xo\u1eafn, \u0111\u01b0\u1ee3c \u0111an m\u1ed9t c\u00e1ch t\u1ec9 m\u1ec9 t\u1ea1o n\u00ean v\u1ebb \u0111\u1ed9c \u0111\u00e1o, sang tr\u1ecdng. S\u1ea3n ph\u1ea9m r\u1ea5t d\u1ec5 ph\u1ed1i \u0111\u1ed3 v\u1edbi v\u1ebb [&hellip;]<\/p>\n","protected":false},"featured_media":1748,"comment_status":"open","ping_status":"closed","template":"","meta":{"_eb_attr":""},"product_cat":[110,92,112],"product_tag":[],"class_list":["post-1746","product","type-product","status-publish","has-post-thumbnail","hentry","product_cat-phien-ban-gioi-han","product_cat-phiten","product_cat-vong-co"],"_links":{"self":[{"href":"https:\/\/www.phivutabletennis.com\/index.php\/wp-json\/wp\/v2\/product\/1746","targetHints":{"allow":["GET"]}}],"collection":[{"href":"https:\/\/www.phivutabletennis.com\/index.php\/wp-json\/wp\/v2\/product"}],"about":[{"href":"https:\/\/www.phivutabletennis.com\/index.php\/wp-json\/wp\/v2\/types\/product"}],"replies":[{"embeddable":true,"href":"https:\/\/www.phivutabletennis.com\/index.php\/wp-json\/wp\/v2\/comments?post=1746"}],"wp:featuredmedia":[{"embeddable":true,"href":"https:\/\/www.phivutabletennis.com\/index.php\/wp-json\/wp\/v2\/media\/1748"}],"wp:attachment":[{"href":"https:\/\/www.phivutabletennis.com\/index.php\/wp-json\/wp\/v2\/media?parent=1746"}],"wp:term":[{"taxonomy":"product_cat","embeddable":true,"href":"https:\/\/www.phivutabletennis.com\/index.php\/wp-json\/wp\/v2\/product_cat?post=1746"},{"taxonomy":"product_tag","embeddable":true,"href":"https:\/\/www.phivutabletennis.com\/index.php\/wp-json\/wp\/v2\/product_tag?post=1746"}],"curies":[{"name":"wp","href":"https:\/\/api.w.org\/{rel}","templated":true}]}}