{"id":1754,"date":"2023-06-20T00:18:33","date_gmt":"2023-06-19T17:18:33","guid":{"rendered":"https:\/\/www.phivutabletennis.com\/?post_type=product&#038;p=1754"},"modified":"2023-06-21T23:13:13","modified_gmt":"2023-06-21T16:13:13","slug":"vong-co-phiten-aura-crystal-necklace-gold-455cm","status":"publish","type":"product","link":"https:\/\/www.phivutabletennis.com\/index.php\/product\/vong-co-phiten-aura-crystal-necklace-gold-455cm\/","title":{"rendered":"V\u00f2ng C\u1ed5 &#8211; PHITEN AURA CRYSTAL NECKLACE GOLD 45+5CM"},"content":{"rendered":"<p><strong>M\u00f4 t\u1ea3 s\u1ea3n ph\u1ea9m:<\/strong><br \/>\n&#8211; V\u00f2ng c\u1ed5 pha l\u00ea v\u00e0ng Aura c\u00f3 m\u1ed9t \u00e1nh s\u00e1ng v\u00e0ng \u0111\u1ed9c \u0111\u00e1o \u0111\u01b0\u1ee3c t\u1ea1o ra b\u1edfi s\u1ef1 l\u1eafng \u0111\u1ecdng h\u01a1i v\u1eadt l\u00fd c\u1ee7a c\u00e1c kim lo\u1ea1i kh\u00e1c nhau tr\u00ean pha l\u00ea. L\u1eafng \u0111\u1ecdng h\u01a1i v\u1eadt l\u00fd hay c\u00f2n g\u1ecdi l\u00e0 c\u00f4ng ngh\u1ec7 m\u1ea1 PVD l\u00e0 m\u1ed9t ph\u01b0\u01a1ng ph\u00e1p l\u00e0m bay h\u01a1i kim lo\u1ea1i \u0111\u1ec3 b\u00e1m v\u00e0o b\u1ec1 m\u1eb7t c\u1ee7a v\u1eadt li\u1ec7u ho\u1eb7c \u0111\u1ec3 th\u1ea9m th\u1ea5u qua n\u00f3.<br \/>\n-V\u00f2ng c\u1ed5 \u0111\u01b0\u1ee3c thi\u1ebft k\u1ebf c\u00f3 \u0111\u1ed9 \u0111\u00e0n h\u1ed3i \u0111\u1ec3 d\u1ec5 d\u00e0ng \u0111eo v\u00e0o ho\u1eb7c m\u1edf ra.<br \/>\n<strong>Ch\u1ea5t li\u1ec7u:\u00a0<\/strong>Pha l\u00ea, th\u00e9p kh\u00f4ng g\u1ec9<br \/>\n<strong>C\u00f4ng d\u1ee5ng:<\/strong><br \/>\nGi\u00fap gi\u1ea3m b\u1edbt c\u0103ng th\u1eb3ng li\u00ean t\u1ee5c.<br \/>\nGi\u00fap c\u1ea3i thi\u1ec7n l\u01b0u th\u00f4ng m\u00e1u.<br \/>\nT\u0103ng c\u01b0\u1eddng s\u1ee9c m\u1ea1nh v\u00e0 t\u00ednh linh ho\u1ea1t.<br \/>\nGi\u00fap gi\u1ea3m \u0111au.<br \/>\nTuy\u1ec7t v\u1eddi cho th\u1ec3 thao ho\u1eb7c c\u00e1c ho\u1ea1t \u0111\u1ed9ng h\u00e0ng ng\u00e0y.<br \/>\nGi\u00fap th\u01b0 gi\u00e3n c\u01a1 b\u1eafp c\u1ee9ng.<br \/>\n<strong>K\u00edch th\u01b0\u1edbc<\/strong>: 45+ 5cm<br \/>\n<strong>S\u1ea3n xu\u1ea5t:\u00a0<\/strong>t\u1ea1i Nh\u1eadt B\u1ea3n<br \/>\n<strong>Th\u01b0\u01a1ng hi\u1ec7u:<\/strong>\u00a0Phiten<\/p>\n<p dir=\"ltr\"><strong>\u0110\u1ed1i t\u01b0\u1ee3ng s\u1eed d\u1ee5ng:<\/strong><\/p>\n<p dir=\"ltr\">&#8211; Ph\u00f9 h\u1ee3p cho m\u1ecdi l\u1ee9a tu\u1ed5i<\/p>\n<p dir=\"ltr\">&#8211; Ng\u01b0\u1eddi cao huy\u1ebft \u00e1p, huy\u1ebft \u00e1p kh\u00f4ng \u1ed5n \u0111\u1ecbnh<\/p>\n<p dir=\"ltr\">&#8211; Ng\u01b0\u1eddi m\u1eafc c\u00e1c ch\u1ee9ng \u0111au c\u1ed5 vai g\u00e1y<\/p>\n<p dir=\"ltr\">&#8211; Ng\u01b0\u1eddi m\u1ea5t ng\u1ee7, kh\u00f3 ng\u1ee7 hay gi\u1ea5c ng\u1ee7 kh\u00f4ng s\u00e2u.<\/p>\n","protected":false},"excerpt":{"rendered":"<p>M\u00f4 t\u1ea3 s\u1ea3n ph\u1ea9m: &#8211; V\u00f2ng c\u1ed5 pha l\u00ea v\u00e0ng Aura c\u00f3 m\u1ed9t \u00e1nh s\u00e1ng v\u00e0ng \u0111\u1ed9c \u0111\u00e1o \u0111\u01b0\u1ee3c t\u1ea1o ra b\u1edfi s\u1ef1 l\u1eafng \u0111\u1ecdng h\u01a1i v\u1eadt l\u00fd c\u1ee7a c\u00e1c kim lo\u1ea1i kh\u00e1c nhau tr\u00ean pha l\u00ea. L\u1eafng \u0111\u1ecdng h\u01a1i v\u1eadt l\u00fd hay c\u00f2n g\u1ecdi l\u00e0 c\u00f4ng ngh\u1ec7 m\u1ea1 PVD l\u00e0 m\u1ed9t ph\u01b0\u01a1ng ph\u00e1p l\u00e0m [&hellip;]<\/p>\n","protected":false},"featured_media":1758,"comment_status":"open","ping_status":"closed","template":"","meta":{"_eb_attr":""},"product_cat":[110,92,112],"product_tag":[],"class_list":["post-1754","product","type-product","status-publish","has-post-thumbnail","hentry","product_cat-phien-ban-gioi-han","product_cat-phiten","product_cat-vong-co"],"_links":{"self":[{"href":"https:\/\/www.phivutabletennis.com\/index.php\/wp-json\/wp\/v2\/product\/1754","targetHints":{"allow":["GET"]}}],"collection":[{"href":"https:\/\/www.phivutabletennis.com\/index.php\/wp-json\/wp\/v2\/product"}],"about":[{"href":"https:\/\/www.phivutabletennis.com\/index.php\/wp-json\/wp\/v2\/types\/product"}],"replies":[{"embeddable":true,"href":"https:\/\/www.phivutabletennis.com\/index.php\/wp-json\/wp\/v2\/comments?post=1754"}],"wp:featuredmedia":[{"embeddable":true,"href":"https:\/\/www.phivutabletennis.com\/index.php\/wp-json\/wp\/v2\/media\/1758"}],"wp:attachment":[{"href":"https:\/\/www.phivutabletennis.com\/index.php\/wp-json\/wp\/v2\/media?parent=1754"}],"wp:term":[{"taxonomy":"product_cat","embeddable":true,"href":"https:\/\/www.phivutabletennis.com\/index.php\/wp-json\/wp\/v2\/product_cat?post=1754"},{"taxonomy":"product_tag","embeddable":true,"href":"https:\/\/www.phivutabletennis.com\/index.php\/wp-json\/wp\/v2\/product_tag?post=1754"}],"curies":[{"name":"wp","href":"https:\/\/api.w.org\/{rel}","templated":true}]}}