{"id":1760,"date":"2023-06-20T00:19:53","date_gmt":"2023-06-19T17:19:53","guid":{"rendered":"https:\/\/www.phivutabletennis.com\/?post_type=product&#038;p=1760"},"modified":"2023-06-21T23:13:25","modified_gmt":"2023-06-21T16:13:25","slug":"day-deo-mat-kinh-phiten-terahertz-2-way-neck-strap-60cm","status":"publish","type":"product","link":"https:\/\/www.phivutabletennis.com\/index.php\/product\/day-deo-mat-kinh-phiten-terahertz-2-way-neck-strap-60cm\/","title":{"rendered":"D\u00e2y \u0110eo M\u1eaft K\u00ednh &#8211; PHITEN TERAHERTZ 2 WAY NECK STRAP 60CM"},"content":{"rendered":"<p><strong>M\u00f4 t\u1ea3 s\u1ea3n ph\u1ea9m:<\/strong><\/p>\n<p>D\u00e2y \u0111eo m\u1eaft k\u00ednh cao c\u1ea5p \u0111\u01b0\u1ee3c t\u1ea1o n\u00ean t\u1eeb m\u1ed9t lo\u1ea1i \u0111\u00e1 r\u1ea5t qu\u00fd hi\u1ebfm &#8211; Terahertz, \u0111\u01b0\u1ee3c ph\u00e1t minh b\u1edfi c\u00e1c nh\u00e0 khoa h\u1ecdc Nh\u1eadt B\u1ea3n. Terahertz \u0111\u01b0\u1ee3c ch\u1ee9ng minh c\u00f3 r\u1ea5t nhi\u1ec1u c\u00f4ng d\u1ee5ng trong \u00a0m\u1ecdi l\u0129nh v\u1ef1c v\u00e0 \u0111\u1eb7c bi\u1ec7t l\u00e0 trang s\u1ee9c v\u00e0 y h\u1ecdc.<\/p>\n<p>D\u00e2y \u0111eo c\u1ed5 v\u1edbi hai m\u00f3c kh\u00f3a c\u1ed1 \u0111\u1ecbnh an to\u00e0n ti\u1ec7n l\u1ee3i \u0111\u1ec3 gi\u1eef m\u1eaft k\u00ednh, \u0111\u1ed3ng th\u1eddi c\u00f3 th\u1ec3 s\u1eed d\u1ee5ng nh\u01b0 v\u00f2ng c\u1ed5 th\u00f4ng th\u01b0\u1eddng.<\/p>\n<p><strong>Ch\u1ea5t li\u1ec7u:<\/strong>\u00a0Pha l\u00ea, Titan, \u0110\u00e1\u00a0Terahertz<\/p>\n<p><strong>C\u00f4ng d\u1ee5ng:<\/strong><\/p>\n<p>&#8211; C\u1ea3i thi\u1ec7n l\u01b0u th\u00f4ng m\u00e1u, \u0111i\u1ec1u ch\u1ec9nh gi\u1ea5c ng\u1ee7, gi\u1ea3m \u0111au v\u00e0 m\u1ec7t m\u1ecfi, gi\u1ea3m \u0111au c\u01a1 v\u00e0 c\u1ee9ng c\u01a1, b\u1ea3o v\u1ec7 ch\u1ed1ng l\u1ea1i stress oxy h\u00f3a v\u00e0 gi\u1ea3m vi\u00eam<\/p>\n<p>&#8211; L\u00e0m ch\u1eadm qu\u00e1 tr\u00ecnh l\u00e3o h\u00f3a v\u00e0 gi\u00fap ng\u01b0\u1eddi ta tr\u00f4ng tr\u1ebb trung v\u00e0 kh\u1ecfe m\u1ea1nh h\u01a1n<\/p>\n<p>&#8211; B\u1ea3o v\u1ec7 c\u01a1 th\u1ec3 kh\u1ecfi b\u1ee9c x\u1ea1 c\u00f3 h\u1ea1i v\u00e0 kh\u00f3i b\u1ee5i \u0111i\u1ec7n t\u1eeb khi \u0111eo. Terahertz \u0111\u01b0\u1ee3c coi l\u00e0 m\u1ed9t lo\u1ea1i \u0111\u00e1 ch\u1eefa b\u1ec7nh r\u1ea5t m\u1ea1nh, c\u00f3 \u0111\u1ed9 d\u1eabn nhi\u1ec7t v\u00e0 t\u1ea7n s\u1ed1 dao \u0111\u1ed9ng r\u1ea5t cao \u2013 1 ngh\u00ecn t\u1ef7 l\u1ea7n m\u1ed7i gi\u00e2y<\/p>\n<p><strong>Size<\/strong>: 60cm<\/p>\n<p><strong>S\u1ea3n xu\u1ea5t t\u1ea1i Nh\u1eadt B\u1ea3n<\/strong><\/p>\n<p dir=\"ltr\"><strong>\u0110\u1ed1i t\u01b0\u1ee3ng s\u1eed d\u1ee5ng:<\/strong><\/p>\n<p dir=\"ltr\">&#8211; Ph\u00f9 h\u1ee3p cho m\u1ecdi l\u1ee9a tu\u1ed5i<\/p>\n<p dir=\"ltr\">&#8211; D\u00e0nh cho c\u1ea3 nam v\u00e0 n\u1eef<\/p>\n","protected":false},"excerpt":{"rendered":"<p>M\u00f4 t\u1ea3 s\u1ea3n ph\u1ea9m: D\u00e2y \u0111eo m\u1eaft k\u00ednh cao c\u1ea5p \u0111\u01b0\u1ee3c t\u1ea1o n\u00ean t\u1eeb m\u1ed9t lo\u1ea1i \u0111\u00e1 r\u1ea5t qu\u00fd hi\u1ebfm &#8211; Terahertz, \u0111\u01b0\u1ee3c ph\u00e1t minh b\u1edfi c\u00e1c nh\u00e0 khoa h\u1ecdc Nh\u1eadt B\u1ea3n. Terahertz \u0111\u01b0\u1ee3c ch\u1ee9ng minh c\u00f3 r\u1ea5t nhi\u1ec1u c\u00f4ng d\u1ee5ng trong \u00a0m\u1ecdi l\u0129nh v\u1ef1c v\u00e0 \u0111\u1eb7c bi\u1ec7t l\u00e0 trang s\u1ee9c v\u00e0 y h\u1ecdc. D\u00e2y [&hellip;]<\/p>\n","protected":false},"featured_media":1763,"comment_status":"open","ping_status":"closed","template":"","meta":{"_eb_attr":""},"product_cat":[110,92,112],"product_tag":[],"class_list":["post-1760","product","type-product","status-publish","has-post-thumbnail","hentry","product_cat-phien-ban-gioi-han","product_cat-phiten","product_cat-vong-co"],"_links":{"self":[{"href":"https:\/\/www.phivutabletennis.com\/index.php\/wp-json\/wp\/v2\/product\/1760","targetHints":{"allow":["GET"]}}],"collection":[{"href":"https:\/\/www.phivutabletennis.com\/index.php\/wp-json\/wp\/v2\/product"}],"about":[{"href":"https:\/\/www.phivutabletennis.com\/index.php\/wp-json\/wp\/v2\/types\/product"}],"replies":[{"embeddable":true,"href":"https:\/\/www.phivutabletennis.com\/index.php\/wp-json\/wp\/v2\/comments?post=1760"}],"wp:featuredmedia":[{"embeddable":true,"href":"https:\/\/www.phivutabletennis.com\/index.php\/wp-json\/wp\/v2\/media\/1763"}],"wp:attachment":[{"href":"https:\/\/www.phivutabletennis.com\/index.php\/wp-json\/wp\/v2\/media?parent=1760"}],"wp:term":[{"taxonomy":"product_cat","embeddable":true,"href":"https:\/\/www.phivutabletennis.com\/index.php\/wp-json\/wp\/v2\/product_cat?post=1760"},{"taxonomy":"product_tag","embeddable":true,"href":"https:\/\/www.phivutabletennis.com\/index.php\/wp-json\/wp\/v2\/product_tag?post=1760"}],"curies":[{"name":"wp","href":"https:\/\/api.w.org\/{rel}","templated":true}]}}