{"id":177,"date":"2023-03-30T01:37:05","date_gmt":"2023-03-29T18:37:05","guid":{"rendered":"http:\/\/www.phivutabletennis.com\/?post_type=product&#038;p=177"},"modified":"2023-04-02T00:54:37","modified_gmt":"2023-04-01T17:54:37","slug":"andro-rasanter-c48","status":"publish","type":"product","link":"https:\/\/www.phivutabletennis.com\/index.php\/product\/andro-rasanter-c48\/","title":{"rendered":"Andro Rasanter C48"},"content":{"rendered":"<p>B\u00f3ng b\u00e0n hi\u1ec7n \u0111\u1ea1i giao b\u00f3ng v\u00e0 \u0111\u1ee1 giao b\u00f3ng ch\u00ednh l\u00e0 ch\u00eca kho\u00e1 c\u1ee7a s\u1ef1 th\u00e0nh c\u00f4ng. Rasanter C53, v\u00e0 Rasanter C48 ra \u0111\u1eddi b\u00ean c\u1ea1nh 2 y\u1ebfu t\u1ed1 tr\u00ean, Rasanter C53, C48 c\u00f2n l\u00e0 2 d\u00f2ng m\u1eb7t v\u1ee3t chuy\u00ean \u0111\u1ec3 \u0111\u1ed1i xo\u00e1y (theo gi\u1edbi chuy\u00ean m\u00f4n hay g\u1ecdi gi\u1eadt tr\u1ea3, hay \u0111\u1ed1i gi\u1eadt).<\/p>\n<p>V\u1edbi c\u00f4ng ngh\u1ec7 t\u1ea5m \u0111\u1ec7m ENERGY CELL ( T\u1ebe B\u00c0O N\u0102NG L\u01af\u1ee2NG) c\u00f3 \u0111\u1ed9 \u0111\u00e0n h\u1ed3i c\u1ef1c cao gi\u00fap ng\u01b0\u1eddi ch\u01a1i c\u1ea3m gi\u00e1c th\u1eddi gian l\u01b0u b\u00f3ng tr\u00ean m\u1eb7t v\u1ee3t l\u00e2u h\u01a1n n\u00ean s\u1ebd thu\u1eadn l\u1ee3i cho vi\u1ec7c \u0111\u00e1nh tr\u1ea3 b\u00f3ng \u0111\u1ed1i ph\u01b0\u01a1ng d\u1ec5 d\u00e0ng h\u01a1n. Ch\u1eef C theo Andro Germany di\u1ec5n gi\u1ea3i ch\u00ednh l\u00e0 qu\u1ef9 \u0111\u1ea1o b\u00f3ng trong kh\u00f4ng gian khi ng\u01b0\u1eddi ch\u01a1i \u0111\u00e1nh sang s\u1ebd \u0111\u01b0\u1ee3c Rasanter C53, v\u00e0 Rasanter C48 t\u1ea1o ra.<\/p>\n<p>Rasanter C53, Rasanter C48 l\u00e0 c\u00f4ng ngh\u1ec7 \u0111\u1ea7u ti\u00ean tr\u00ean th\u1ebf gi\u1edbi do Andro Germany ph\u00e1t tri\u1ec3n d\u1ef1a tr\u00ean n\u1ec1n t\u1ea3ng c\u00e1c th\u1ebf m\u1ea1nh c\u1ee7a c\u00f4ng ngh\u1ec7 ENERGY CELL v\u1edbi hy v\u1ecdng s\u1ebd mang \u0111\u1ebfn ng\u01b0\u1eddi y\u00eau th\u00edch b\u00f3ng b\u00e0n th\u1ebf gi\u1edbi n\u00f3i chung v\u00e0 Vi\u1ec7t Nam n\u00f3i ri\u00eang th\u00eam m\u1ed9t s\u1ef1 l\u1ef1a ch\u1ecdn ph\u00f9 h\u1ee3p h\u01a1n trong th\u1eddi gian t\u1edbi.<\/p>\n","protected":false},"excerpt":{"rendered":"<p>B\u00f3ng b\u00e0n hi\u1ec7n \u0111\u1ea1i giao b\u00f3ng v\u00e0 \u0111\u1ee1 giao b\u00f3ng ch\u00ednh l\u00e0 ch\u00eca kho\u00e1 c\u1ee7a s\u1ef1 th\u00e0nh c\u00f4ng. Rasanter C53, v\u00e0 Rasanter C48 ra \u0111\u1eddi b\u00ean c\u1ea1nh 2 y\u1ebfu t\u1ed1 tr\u00ean, Rasanter C53, C48 c\u00f2n l\u00e0 2 d\u00f2ng m\u1eb7t v\u1ee3t chuy\u00ean \u0111\u1ec3 \u0111\u1ed1i xo\u00e1y (theo gi\u1edbi chuy\u00ean m\u00f4n hay g\u1ecdi gi\u1eadt tr\u1ea3, hay \u0111\u1ed1i gi\u1eadt). [&hellip;]<\/p>\n","protected":false},"featured_media":178,"comment_status":"open","ping_status":"closed","template":"","meta":{"_eb_attr":""},"product_cat":[29,39,32],"product_tag":[],"class_list":["post-177","product","type-product","status-publish","has-post-thumbnail","hentry","product_cat-mat-vot","product_cat-andro","product_cat-rasanter-ec"],"_links":{"self":[{"href":"https:\/\/www.phivutabletennis.com\/index.php\/wp-json\/wp\/v2\/product\/177","targetHints":{"allow":["GET"]}}],"collection":[{"href":"https:\/\/www.phivutabletennis.com\/index.php\/wp-json\/wp\/v2\/product"}],"about":[{"href":"https:\/\/www.phivutabletennis.com\/index.php\/wp-json\/wp\/v2\/types\/product"}],"replies":[{"embeddable":true,"href":"https:\/\/www.phivutabletennis.com\/index.php\/wp-json\/wp\/v2\/comments?post=177"}],"wp:featuredmedia":[{"embeddable":true,"href":"https:\/\/www.phivutabletennis.com\/index.php\/wp-json\/wp\/v2\/media\/178"}],"wp:attachment":[{"href":"https:\/\/www.phivutabletennis.com\/index.php\/wp-json\/wp\/v2\/media?parent=177"}],"wp:term":[{"taxonomy":"product_cat","embeddable":true,"href":"https:\/\/www.phivutabletennis.com\/index.php\/wp-json\/wp\/v2\/product_cat?post=177"},{"taxonomy":"product_tag","embeddable":true,"href":"https:\/\/www.phivutabletennis.com\/index.php\/wp-json\/wp\/v2\/product_tag?post=177"}],"curies":[{"name":"wp","href":"https:\/\/api.w.org\/{rel}","templated":true}]}}