{"id":1775,"date":"2023-06-20T00:23:51","date_gmt":"2023-06-19T17:23:51","guid":{"rendered":"https:\/\/www.phivutabletennis.com\/?post_type=product&#038;p=1775"},"modified":"2023-06-21T23:13:42","modified_gmt":"2023-06-21T16:13:42","slug":"day-chuyen-phiten-stainless-chain-with-titanium-plate-flower-engraved-455cm","status":"publish","type":"product","link":"https:\/\/www.phivutabletennis.com\/index.php\/product\/day-chuyen-phiten-stainless-chain-with-titanium-plate-flower-engraved-455cm\/","title":{"rendered":"D\u00e2y Chuy\u1ec1n &#8211; PHITEN STAINLESS CHAIN WITH TITANIUM PLATE FLOWER ENGRAVED (45+5cm)"},"content":{"rendered":"<p dir=\"ltr\"><strong>D\u00e2y Chuy\u1ec1n &#8211; PHITEN STAINLESS CHAIN WITH TITANIUM PLATE FLOWER ENGRAVED (45+5cm)<\/strong><\/p>\n<p dir=\"ltr\">&#8211; M\u1eb7t d\u00e2y chuy\u1ec1n \u0111\u01b0\u1ee3c l\u00e0m b\u1eb1ng titan nh\u1eb9 v\u00e0 ch\u1ed1ng g\u1ec9 r\u1ea5t t\u1ed1t.<\/p>\n<p dir=\"ltr\">-D\u00e2y chuy\u1ec1n \u0111\u01b0\u1ee3c l\u00e0m b\u1eb1ng th\u00e9p kh\u00f4ng g\u1ec9 (316L) &#8211; ch\u1ea5t li\u1ec7u \u0111\u01b0\u01a1c s\u1eed dugnj cho thi\u1ebft b\u1ecb y t\u1ebf n\u00ean \u00edt g\u00e2y d\u1ecb \u1ee9ng kim lo\u1ea1i khi s\u1eed d\u1ee5ng.<\/p>\n<p dir=\"ltr\">-M\u1eb7t d\u00e2y chuy\u1ec1n d\u1ea1ng b\u1ea3n \u0111\u01b0\u1ee3c thi\u1ebft k\u1ebf th\u1ee7 c\u00f4ng ch\u1ea1m kh\u1eafc b\u1eb1ng tay r\u1ea5t tinh s\u1ea3o. L\u1ea5y \u00fd t\u01b0\u1edfng th\u00ec thi\u00ean nhi\u00ean \u0111\u01b0\u1ee3c chuy\u1ec3n h\u00f3a th\u00e0nh b\u1ea3n thi\u1ebft k\u1ebf\u00a0 \u0111\u1ed9c \u0111\u00e1o<\/p>\n<p dir=\"ltr\">B\u1ed9 \u0111i\u1ec1u ch\u1ec9nh c\u00f3 th\u1ec3 t\u0103ng l\u00ean \u0111\u1ebfn 5cm \u1edf ph\u1ea7n cu\u1ed1i \u0111u\u00f4i d\u00e2y c\u00f3 logo th\u01b0\u01a1ng hi\u1ec7u Phiten<\/p>\n<p dir=\"ltr\"><strong>\u0110\u1ed1i t\u01b0\u1ee3ng s\u1eed d\u1ee5ng:<\/strong><\/p>\n<p dir=\"ltr\">&#8211; Ph\u00f9 h\u1ee3p cho m\u1ecdi l\u1ee9a tu\u1ed5i<\/p>\n<p dir=\"ltr\">&#8211; Ng\u01b0\u1eddi cao huy\u1ebft \u00e1p, huy\u1ebft \u00e1p kh\u00f4ng \u1ed5n \u0111\u1ecbnh<\/p>\n<p dir=\"ltr\">&#8211; Ng\u01b0\u1eddi m\u1eafc c\u00e1c ch\u1ee9ng \u0111au c\u1ed5 vai g\u00e1y<\/p>\n<p dir=\"ltr\">&#8211; Ng\u01b0\u1eddi m\u1ea5t ng\u1ee7, kh\u00f3 ng\u1ee7 hay gi\u1ea5c ng\u1ee7 kh\u00f4ng s\u00e2u.<\/p>\n","protected":false},"excerpt":{"rendered":"<p>D\u00e2y Chuy\u1ec1n &#8211; PHITEN STAINLESS CHAIN WITH TITANIUM PLATE FLOWER ENGRAVED (45+5cm) &#8211; M\u1eb7t d\u00e2y chuy\u1ec1n \u0111\u01b0\u1ee3c l\u00e0m b\u1eb1ng titan nh\u1eb9 v\u00e0 ch\u1ed1ng g\u1ec9 r\u1ea5t t\u1ed1t. -D\u00e2y chuy\u1ec1n \u0111\u01b0\u1ee3c l\u00e0m b\u1eb1ng th\u00e9p kh\u00f4ng g\u1ec9 (316L) &#8211; ch\u1ea5t li\u1ec7u \u0111\u01b0\u01a1c s\u1eed dugnj cho thi\u1ebft b\u1ecb y t\u1ebf n\u00ean \u00edt g\u00e2y d\u1ecb \u1ee9ng kim lo\u1ea1i khi s\u1eed [&hellip;]<\/p>\n","protected":false},"featured_media":1766,"comment_status":"open","ping_status":"closed","template":"","meta":{"_eb_attr":""},"product_cat":[110,92,112],"product_tag":[],"class_list":["post-1775","product","type-product","status-publish","has-post-thumbnail","hentry","product_cat-phien-ban-gioi-han","product_cat-phiten","product_cat-vong-co"],"_links":{"self":[{"href":"https:\/\/www.phivutabletennis.com\/index.php\/wp-json\/wp\/v2\/product\/1775","targetHints":{"allow":["GET"]}}],"collection":[{"href":"https:\/\/www.phivutabletennis.com\/index.php\/wp-json\/wp\/v2\/product"}],"about":[{"href":"https:\/\/www.phivutabletennis.com\/index.php\/wp-json\/wp\/v2\/types\/product"}],"replies":[{"embeddable":true,"href":"https:\/\/www.phivutabletennis.com\/index.php\/wp-json\/wp\/v2\/comments?post=1775"}],"wp:featuredmedia":[{"embeddable":true,"href":"https:\/\/www.phivutabletennis.com\/index.php\/wp-json\/wp\/v2\/media\/1766"}],"wp:attachment":[{"href":"https:\/\/www.phivutabletennis.com\/index.php\/wp-json\/wp\/v2\/media?parent=1775"}],"wp:term":[{"taxonomy":"product_cat","embeddable":true,"href":"https:\/\/www.phivutabletennis.com\/index.php\/wp-json\/wp\/v2\/product_cat?post=1775"},{"taxonomy":"product_tag","embeddable":true,"href":"https:\/\/www.phivutabletennis.com\/index.php\/wp-json\/wp\/v2\/product_tag?post=1775"}],"curies":[{"name":"wp","href":"https:\/\/api.w.org\/{rel}","templated":true}]}}