{"id":1776,"date":"2023-06-20T00:25:43","date_gmt":"2023-06-19T17:25:43","guid":{"rendered":"https:\/\/www.phivutabletennis.com\/?post_type=product&#038;p=1776"},"modified":"2023-06-21T23:13:52","modified_gmt":"2023-06-21T16:13:52","slug":"day-chuyen-phiten-stainless-chain-necklace_pine-charm","status":"publish","type":"product","link":"https:\/\/www.phivutabletennis.com\/index.php\/product\/day-chuyen-phiten-stainless-chain-necklace_pine-charm\/","title":{"rendered":"D\u00e2y Chuy\u1ec1n PHITEN STAINLESS CHAIN NECKLACE_PINE CHARM"},"content":{"rendered":"<p><strong>D\u00e2y Chuy\u1ec1n Phiten Stainless _Pine Charm<\/strong><br \/>\n&#8211; \u0110\u01b0\u1ee3c l\u00e0m b\u1eb1ng th\u00e9p kh\u00f4ng g\u1ec9 v\u00e0 Pine Charm b\u1eb1ng titan nguy\u00ean ch\u1ea5t.<br \/>\n&#8211; M\u1ed9t bi\u1ec3u t\u01b0\u1ee3ng Phiten &#8220;P&#8221; quy\u1ebfn r\u0169 \u0111\u1ed9c \u0111\u00e1o \u0111\u01b0\u1ee3c kh\u1eafc tr\u00ean m\u00f3c kho\u00e1.<br \/>\n&#8211; V\u00f2ng c\u1ed5 b\u1eb1ng th\u00e9p kh\u00f4ng g\u1ec9 Phiten m\u1eb7t Pine Charm \u0111\u01b0\u1ee3c l\u00e0m b\u1eb1ng d\u00e2y chuy\u1ec1n kh\u00f4ng g\u1ec9 v\u00e0 Pine Charm b\u1eb1ng titan nguy\u00ean ch\u1ea5t, \u0111\u1ed3ng th\u1eddi s\u1eed d\u1ee5ng c\u00f4ng ngh\u1ec7 Aqua Metal c\u1ee7a Phiten.<br \/>\n&#8211; V\u00f2ng c\u1ed5 n\u00e0y c\u00f3 th\u1ec3 \u0111i\u1ec1u ch\u1ec9nh v\u1edbi chi\u1ec1u d\u00e0i b\u1ed5 sung l\u00e0 2 inch (5 cm).<br \/>\n&#8211; M\u1ed9t bi\u1ec3u t\u01b0\u1ee3ng bi\u1ec3u t\u01b0\u1ee3ng Phiten \u201cP\u201d \u0111\u1ed9c \u0111\u00e1o \u0111\u01b0\u1ee3c bao g\u1ed3m tr\u00ean b\u1ed9 \u0111i\u1ec1u ch\u1ec9nh.<br \/>\n<strong>V\u1eadt li\u1ec7u:<\/strong><br \/>\n&#8211; Chu\u1ed7i: th\u00e9p kh\u00f4ng g\u1ec9<br \/>\n&#8211; Charm: Titanium nguy\u00ean ch\u1ea5t<br \/>\n<strong>C\u00f4ng ngh\u1ec7:<\/strong>\u00a0C\u00f4ng ngh\u1ec7 Aqual Metal \u0111\u01b0\u1ee3c c\u1ea5p b\u1eb1ng s\u00e1ng ch\u1ebf.<br \/>\n<strong>C\u00f4ng d\u1ee5ng:<\/strong><br \/>\nGi\u00fap gi\u1ea3m b\u1edbt c\u0103ng th\u1eb3ng li\u00ean t\u1ee5c<br \/>\nGi\u00fap c\u1ea3i thi\u1ec7n l\u01b0u th\u00f4ng m\u00e1u<br \/>\nT\u0103ng c\u01b0\u1eddng s\u1ee9c m\u1ea1nh v\u00e0 t\u00ednh linh ho\u1ea1t khi v\u1eadn \u0111\u1ed9ng<br \/>\nGi\u00fap gi\u1ea3m \u0111au v\u00e0 ph\u1ee5c h\u1ed3i gi\u1ea5c ng\u1ee7 c\u1ee7a b\u1ea1n<br \/>\nGi\u1ea3m \u0111au vai v\u00e0 c\u1ed5<br \/>\nTuy\u1ec7t v\u1eddi cho th\u1ec3 thao ho\u1eb7c c\u00e1c ho\u1ea1t \u0111\u1ed9ng h\u00e0ng ng\u00e0y<br \/>\nGi\u00fap th\u01b0 gi\u00e3n c\u01a1 b\u1eafp c\u1ee9ng<br \/>\nTh\u00edch h\u1ee3p cho c\u1ea3 nam v\u00e0 n\u1eef<br \/>\nKhuy\u1ebfn kh\u00edch \u0111eo h\u00e0ng ng\u00e0y<\/p>\n<p><strong>S\u1ed1 l\u01b0\u1ee3ng:\u00a0<\/strong>01 v\u00f2ng\/h\u1ed9p<\/p>\n<p><strong>Th\u01b0\u01a1ng hi\u1ec7u:<\/strong>\u00a0Phiten<\/p>\n<p><strong>Xu\u1ea5t x\u1ee9:<\/strong>\u00a0Nh\u1eadt B\u1ea3n<\/p>\n<p dir=\"ltr\"><strong>\u0110\u1ed1i t\u01b0\u1ee3ng s\u1eed d\u1ee5ng:<\/strong><\/p>\n<p dir=\"ltr\">&#8211; Ph\u00f9 h\u1ee3p cho m\u1ecdi l\u1ee9a tu\u1ed5i<\/p>\n<p dir=\"ltr\">&#8211; Ng\u01b0\u1eddi cao huy\u1ebft \u00e1p, huy\u1ebft \u00e1p kh\u00f4ng \u1ed5n \u0111\u1ecbnh<\/p>\n<p dir=\"ltr\">&#8211; Ng\u01b0\u1eddi m\u1eafc c\u00e1c ch\u1ee9ng \u0111au c\u1ed5 vai g\u00e1y<\/p>\n<p dir=\"ltr\">&#8211; Ng\u01b0\u1eddi m\u1ea5t ng\u1ee7, kh\u00f3 ng\u1ee7 hay gi\u1ea5c ng\u1ee7 kh\u00f4ng s\u00e2u.<\/p>\n","protected":false},"excerpt":{"rendered":"<p>D\u00e2y Chuy\u1ec1n Phiten Stainless _Pine Charm &#8211; \u0110\u01b0\u1ee3c l\u00e0m b\u1eb1ng th\u00e9p kh\u00f4ng g\u1ec9 v\u00e0 Pine Charm b\u1eb1ng titan nguy\u00ean ch\u1ea5t. &#8211; M\u1ed9t bi\u1ec3u t\u01b0\u1ee3ng Phiten &#8220;P&#8221; quy\u1ebfn r\u0169 \u0111\u1ed9c \u0111\u00e1o \u0111\u01b0\u1ee3c kh\u1eafc tr\u00ean m\u00f3c kho\u00e1. &#8211; V\u00f2ng c\u1ed5 b\u1eb1ng th\u00e9p kh\u00f4ng g\u1ec9 Phiten m\u1eb7t Pine Charm \u0111\u01b0\u1ee3c l\u00e0m b\u1eb1ng d\u00e2y chuy\u1ec1n kh\u00f4ng g\u1ec9 v\u00e0 Pine [&hellip;]<\/p>\n","protected":false},"featured_media":1765,"comment_status":"open","ping_status":"closed","template":"","meta":{"_eb_attr":""},"product_cat":[110,92,112],"product_tag":[],"class_list":["post-1776","product","type-product","status-publish","has-post-thumbnail","hentry","product_cat-phien-ban-gioi-han","product_cat-phiten","product_cat-vong-co"],"_links":{"self":[{"href":"https:\/\/www.phivutabletennis.com\/index.php\/wp-json\/wp\/v2\/product\/1776","targetHints":{"allow":["GET"]}}],"collection":[{"href":"https:\/\/www.phivutabletennis.com\/index.php\/wp-json\/wp\/v2\/product"}],"about":[{"href":"https:\/\/www.phivutabletennis.com\/index.php\/wp-json\/wp\/v2\/types\/product"}],"replies":[{"embeddable":true,"href":"https:\/\/www.phivutabletennis.com\/index.php\/wp-json\/wp\/v2\/comments?post=1776"}],"wp:featuredmedia":[{"embeddable":true,"href":"https:\/\/www.phivutabletennis.com\/index.php\/wp-json\/wp\/v2\/media\/1765"}],"wp:attachment":[{"href":"https:\/\/www.phivutabletennis.com\/index.php\/wp-json\/wp\/v2\/media?parent=1776"}],"wp:term":[{"taxonomy":"product_cat","embeddable":true,"href":"https:\/\/www.phivutabletennis.com\/index.php\/wp-json\/wp\/v2\/product_cat?post=1776"},{"taxonomy":"product_tag","embeddable":true,"href":"https:\/\/www.phivutabletennis.com\/index.php\/wp-json\/wp\/v2\/product_tag?post=1776"}],"curies":[{"name":"wp","href":"https:\/\/api.w.org\/{rel}","templated":true}]}}