{"id":1777,"date":"2023-06-20T00:28:51","date_gmt":"2023-06-19T17:28:51","guid":{"rendered":"https:\/\/www.phivutabletennis.com\/?post_type=product&#038;p=1777"},"modified":"2023-06-21T23:14:02","modified_gmt":"2023-06-21T16:14:02","slug":"vong-co-phiten-titanium-chain-necklace-w-adzuki","status":"publish","type":"product","link":"https:\/\/www.phivutabletennis.com\/index.php\/product\/vong-co-phiten-titanium-chain-necklace-w-adzuki\/","title":{"rendered":"V\u00f2ng C\u1ed5 &#8211; PHITEN TITANIUM CHAIN NECKLACE W ADZUKI"},"content":{"rendered":"<p>V\u00f2ng c\u1ed5 Phiten Titanium Chain Necklace W Adzuki\/4-+5cm<br \/>\n<strong>M\u00f4 t\u1ea3:<\/strong><br \/>\n&#8211; V\u1edbi k\u1ebf \u0111\u01a1n gi\u1ea3n v\u00e0 c\u1ed5 \u0111i\u1ec3n d\u00e0nh cho c\u00e1c qu\u00fd c\u00f4. S\u1ea3n ph\u1ea9m r\u1ea5t d\u1ec5 ph\u1ed1i \u0111\u1ed3 v\u1edbi v\u1ebb ngo\u00e0i thanh l\u1ecbch s\u1ebd t\u00f4n vinh v\u1ebb \u0111\u1eb9p h\u00e0ng ng\u00e0y c\u1ee7a b\u1ea1n.<br \/>\n&#8211; Kh\u00f3a W Adzuki l\u00e0 \u0111\u01b0\u1ee3c thi\u1ebft k\u1ebf nh\u1ecf h\u01a1n v\u1edbi d\u00e2y x\u00edch k\u00e9o d\u00e0i c\u00f3 th\u1ec3 \u0111i\u1ec1u ch\u1ec9nh \u0111\u01b0\u1ee3c (40cm + 5cm).<br \/>\n&#8211; V\u00f2ng c\u1ed5 ch\u00e2t li\u1ec7u titan tinh t\u1ebf s\u1ebd thu h\u00fat s\u1ef1 quan t\u00e2m c\u1ee7a m\u1ecdi ng\u01b0\u1eddi \u0111\u1ebfn b\u1ea1n \u1edf m\u1ecdi g\u00f3c nh\u00ecn khi b\u1ea1n \u0111eo tr\u00ean c\u1ed5.<br \/>\n<strong>C\u00f4ng ngh\u1ec7:<\/strong>\u00a0c\u00f4ng ngh\u1ec7 \u0111\u1ed9c quy\u1ec1n Phiten Aqua Titanium<br \/>\n<strong>Ch\u1ea5t li\u1ec7u:<\/strong>\u00a0Titanium<br \/>\n<strong>C\u00f4ng d\u1ee5ng:<\/strong><br \/>\n&#8211; Gi\u00fap t\u1ed1i \u01b0u s\u1ee9c kh\u1ecfe th\u00f4ng qua vi\u1ec7c t\u1ed1i \u01b0u \u0111i\u1ec7n t\u00edch sinh h\u1ecdc, gi\u00fap t\u0103ng c\u01b0\u1eddng v\u00e0 \u1ed5n \u0111\u1ecbnh tu\u1ea7n ho\u00e0n m\u00e1u, gi\u1ea3m c\u0103ng th\u1eb3ng v\u00e0 ch\u0103m s\u00f3c s\u1ee9c kh\u1ecfe b\u1ea1n.<br \/>\n&#8211; Kh\u00f4ng ch\u1ec9 mang \u0111\u1ebfn l\u1ee3i \u00edch th\u1ea7n k\u1ef3 cho s\u1ee9c kh\u1ecfe, Phiten Titanium Chain Necklace W Adzuki c\u00f2n l\u00e0 m\u1ed9t m\u00f3n trang s\u1ee9c tinh t\u1ebf, sang tr\u1ecdng gi\u00fap b\u1ea1n lu\u00f4n t\u1ecfa s\u00e1ng v\u00e0 r\u1ea1ng ng\u1eddi.<br \/>\n<strong>Size:\u00a0<\/strong>40cm + 5 cm ho\u1eb7c 15.75 inches + 2 inches<br \/>\n<strong>L\u01b0u \u00fd:<\/strong>\u00a0B\u1ea3o qu\u1ea3n \u1edf n\u01a1i s\u1ea1ch v\u00e0 kh\u00f4 r\u00e1o<br \/>\n<strong>Th\u01b0\u01a1ng hi\u1ec7u:<\/strong>\u00a0Phiten<br \/>\n<strong>Xu\u1ea5t x\u1ee9:\u00a0<\/strong>Nh\u1eadt B\u1ea3n<\/p>\n<p dir=\"ltr\"><strong>\u0110\u1ed1i t\u01b0\u1ee3ng s\u1eed d\u1ee5ng:<\/strong><\/p>\n<p dir=\"ltr\">&#8211; Ph\u00f9 h\u1ee3p cho m\u1ecdi l\u1ee9a tu\u1ed5i<\/p>\n<p dir=\"ltr\">&#8211; Ng\u01b0\u1eddi cao huy\u1ebft \u00e1p, huy\u1ebft \u00e1p kh\u00f4ng \u1ed5n \u0111\u1ecbnh<\/p>\n<p dir=\"ltr\">&#8211; Ng\u01b0\u1eddi m\u1eafc c\u00e1c ch\u1ee9ng \u0111au c\u1ed5 vai g\u00e1y<\/p>\n<p dir=\"ltr\">&#8211; Ng\u01b0\u1eddi m\u1ea5t ng\u1ee7, kh\u00f3 ng\u1ee7 hay gi\u1ea5c ng\u1ee7 kh\u00f4ng s\u00e2u<\/p>\n<p dir=\"ltr\">&#8211;\u00a0Ng\u01b0\u1eddi ch\u01a1i th\u1ec3 thao, v\u1eadn \u0111\u1ed9ng vi\u00ean th\u1ec3 thao.<\/p>\n","protected":false},"excerpt":{"rendered":"<p>V\u00f2ng c\u1ed5 Phiten Titanium Chain Necklace W Adzuki\/4-+5cm M\u00f4 t\u1ea3: &#8211; V\u1edbi k\u1ebf \u0111\u01a1n gi\u1ea3n v\u00e0 c\u1ed5 \u0111i\u1ec3n d\u00e0nh cho c\u00e1c qu\u00fd c\u00f4. S\u1ea3n ph\u1ea9m r\u1ea5t d\u1ec5 ph\u1ed1i \u0111\u1ed3 v\u1edbi v\u1ebb ngo\u00e0i thanh l\u1ecbch s\u1ebd t\u00f4n vinh v\u1ebb \u0111\u1eb9p h\u00e0ng ng\u00e0y c\u1ee7a b\u1ea1n. &#8211; Kh\u00f3a W Adzuki l\u00e0 \u0111\u01b0\u1ee3c thi\u1ebft k\u1ebf nh\u1ecf h\u01a1n v\u1edbi d\u00e2y [&hellip;]<\/p>\n","protected":false},"featured_media":1792,"comment_status":"open","ping_status":"closed","template":"","meta":{"_eb_attr":""},"product_cat":[110,92,112],"product_tag":[],"class_list":["post-1777","product","type-product","status-publish","has-post-thumbnail","hentry","product_cat-phien-ban-gioi-han","product_cat-phiten","product_cat-vong-co"],"_links":{"self":[{"href":"https:\/\/www.phivutabletennis.com\/index.php\/wp-json\/wp\/v2\/product\/1777","targetHints":{"allow":["GET"]}}],"collection":[{"href":"https:\/\/www.phivutabletennis.com\/index.php\/wp-json\/wp\/v2\/product"}],"about":[{"href":"https:\/\/www.phivutabletennis.com\/index.php\/wp-json\/wp\/v2\/types\/product"}],"replies":[{"embeddable":true,"href":"https:\/\/www.phivutabletennis.com\/index.php\/wp-json\/wp\/v2\/comments?post=1777"}],"wp:featuredmedia":[{"embeddable":true,"href":"https:\/\/www.phivutabletennis.com\/index.php\/wp-json\/wp\/v2\/media\/1792"}],"wp:attachment":[{"href":"https:\/\/www.phivutabletennis.com\/index.php\/wp-json\/wp\/v2\/media?parent=1777"}],"wp:term":[{"taxonomy":"product_cat","embeddable":true,"href":"https:\/\/www.phivutabletennis.com\/index.php\/wp-json\/wp\/v2\/product_cat?post=1777"},{"taxonomy":"product_tag","embeddable":true,"href":"https:\/\/www.phivutabletennis.com\/index.php\/wp-json\/wp\/v2\/product_tag?post=1777"}],"curies":[{"name":"wp","href":"https:\/\/api.w.org\/{rel}","templated":true}]}}