{"id":1795,"date":"2023-06-20T00:30:41","date_gmt":"2023-06-19T17:30:41","guid":{"rendered":"https:\/\/www.phivutabletennis.com\/?post_type=product&#038;p=1795"},"modified":"2023-06-21T23:14:15","modified_gmt":"2023-06-21T16:14:15","slug":"vong-co-phiten-spinel-gold-necklace","status":"publish","type":"product","link":"https:\/\/www.phivutabletennis.com\/index.php\/product\/vong-co-phiten-spinel-gold-necklace\/","title":{"rendered":"V\u00f2ng C\u1ed5 &#8211; PHITEN SPINEL GOLD NECKLACE"},"content":{"rendered":"<p><strong>V\u00f2ng c\u1ed5 Phiten spinel gold<\/strong><br \/>\nPhi\u00ean b\u1ea3n gi\u1edbi h\u1ea1n, V\u00f2ng c\u1ed5 Black Spinel \u0111\u01b0\u1ee3c l\u00e0m b\u1eb1ng \u0111\u00e1 qu\u00fd Black Spinel. C\u00e1c vi\u00ean \u0111\u00e1 Spinel \u0111en \u0111\u01b0\u1ee3c c\u1eaft \u0111a di\u1ec7n gi\u00fap mang l\u1ea1i v\u1ebb s\u00e1ng b\u00f3ng v\u00e0 l\u1ea5p l\u00e1nh tuy\u1ec7t \u0111\u1eb9p cho m\u1ed9t chi\u1ebfc v\u00f2ng c\u1ed5 sang tr\u1ecdng. V\u00f2ng c\u1ed5 bao g\u1ed3m m\u1ed9t qu\u1ea3 c\u1ea7u c\u1eaft \u0111a di\u1ec7n K18 Gold c\u00f3 \u0111i\u1ec3m nh\u1ea5n duy nh\u1ea5t. V\u00f2ng c\u1ed5 n\u00e0y c\u00f3 th\u1ec3 \u0111i\u1ec1u ch\u1ec9nh v\u1edbi chi\u1ec1u d\u00e0i b\u1ed5 sung l\u00e0 2 inch (5 cm). M\u1ed9t bi\u1ec3u t\u01b0\u1ee3ng Phiten &#8220;P&#8221; quy\u1ebfn r\u0169 \u0111\u1ed9c \u0111\u00e1o \u0111\u01b0\u1ee3c bao g\u1ed3m tr\u00ean b\u1ed9 \u0111i\u1ec1u ch\u1ec9nh.<br \/>\nK\u00edch th\u01b0\u1edbc: 15,75 &#8220;(40cm) + Chi\u1ec1u d\u00e0i th\u00eam 2&#8221; (5cm).<br \/>\n<strong>Ch\u1ea5t li\u1ec7u:\u00a0<\/strong>\u0110\u00e1 Spinel \u0111en, B\u00f3ng K18<br \/>\n<strong>C\u00f4ng ngh\u00ea:\u00a0<\/strong>Titanium<br \/>\n<strong>C\u00f4ng d\u1ee5ng:<\/strong><br \/>\nGi\u00fap gi\u1ea3m b\u1edbt c\u0103ng th\u1eb3ng li\u00ean t\u1ee5c.<br \/>\nGi\u00fap c\u1ea3i thi\u1ec7n l\u01b0u th\u00f4ng m\u00e1u.<br \/>\nT\u0103ng c\u01b0\u1eddng s\u1ee9c m\u1ea1nh v\u00e0 t\u00ednh linh ho\u1ea1t.<br \/>\nGi\u00fap gi\u1ea3m \u0111au.<br \/>\nTuy\u1ec7t v\u1eddi cho th\u1ec3 thao ho\u1eb7c c\u00e1c ho\u1ea1t \u0111\u1ed9ng h\u00e0ng ng\u00e0y.<br \/>\nGi\u00fap th\u01b0 gi\u00e3n c\u01a1 b\u1eafp c\u1ee9ng.<br \/>\nTh\u00edch h\u1ee3p cho c\u1ea3 nam v\u00e0 n\u1eef.<\/p>\n<p><strong>M\u00e0u s\u1eafc v\u00e0 k\u00edch th\u01b0\u1edbc:<\/strong>M\u00e0u \u0111en 40+5cm<br \/>\n<strong>Quy c\u00e1ch \u0111\u00f3ng g\u00f3i:\u00a0<\/strong>1 c\u00e1i\/h\u1ed9p<br \/>\n<strong>Th\u01b0\u01a1ng hi\u1ec7u<\/strong>: Phiten<br \/>\n<strong>Xu\u1ea5t x\u1ee9<\/strong>: Nh\u1eadt B\u1ea3n<\/p>\n<p dir=\"ltr\"><strong>\u0110\u1ed1i t\u01b0\u1ee3ng s\u1eed d\u1ee5ng:<\/strong><\/p>\n<p dir=\"ltr\">&#8211; Ph\u00f9 h\u1ee3p cho m\u1ecdi l\u1ee9a tu\u1ed5i<\/p>\n<p dir=\"ltr\">&#8211; Ng\u01b0\u1eddi cao huy\u1ebft \u00e1p, huy\u1ebft \u00e1p kh\u00f4ng \u1ed5n \u0111\u1ecbnh<\/p>\n<p dir=\"ltr\">&#8211; Ng\u01b0\u1eddi m\u1eafc c\u00e1c ch\u1ee9ng \u0111au c\u1ed5 vai g\u00e1y<\/p>\n<p dir=\"ltr\">&#8211; Ng\u01b0\u1eddi m\u1ea5t ng\u1ee7, kh\u00f3 ng\u1ee7 hay gi\u1ea5c ng\u1ee7 kh\u00f4ng s\u00e2u.<\/p>\n","protected":false},"excerpt":{"rendered":"<p>V\u00f2ng c\u1ed5 Phiten spinel gold Phi\u00ean b\u1ea3n gi\u1edbi h\u1ea1n, V\u00f2ng c\u1ed5 Black Spinel \u0111\u01b0\u1ee3c l\u00e0m b\u1eb1ng \u0111\u00e1 qu\u00fd Black Spinel. C\u00e1c vi\u00ean \u0111\u00e1 Spinel \u0111en \u0111\u01b0\u1ee3c c\u1eaft \u0111a di\u1ec7n gi\u00fap mang l\u1ea1i v\u1ebb s\u00e1ng b\u00f3ng v\u00e0 l\u1ea5p l\u00e1nh tuy\u1ec7t \u0111\u1eb9p cho m\u1ed9t chi\u1ebfc v\u00f2ng c\u1ed5 sang tr\u1ecdng. V\u00f2ng c\u1ed5 bao g\u1ed3m m\u1ed9t qu\u1ea3 c\u1ea7u c\u1eaft [&hellip;]<\/p>\n","protected":false},"featured_media":1786,"comment_status":"open","ping_status":"closed","template":"","meta":{"_eb_attr":""},"product_cat":[110,92,112],"product_tag":[],"class_list":["post-1795","product","type-product","status-publish","has-post-thumbnail","hentry","product_cat-phien-ban-gioi-han","product_cat-phiten","product_cat-vong-co"],"_links":{"self":[{"href":"https:\/\/www.phivutabletennis.com\/index.php\/wp-json\/wp\/v2\/product\/1795","targetHints":{"allow":["GET"]}}],"collection":[{"href":"https:\/\/www.phivutabletennis.com\/index.php\/wp-json\/wp\/v2\/product"}],"about":[{"href":"https:\/\/www.phivutabletennis.com\/index.php\/wp-json\/wp\/v2\/types\/product"}],"replies":[{"embeddable":true,"href":"https:\/\/www.phivutabletennis.com\/index.php\/wp-json\/wp\/v2\/comments?post=1795"}],"wp:featuredmedia":[{"embeddable":true,"href":"https:\/\/www.phivutabletennis.com\/index.php\/wp-json\/wp\/v2\/media\/1786"}],"wp:attachment":[{"href":"https:\/\/www.phivutabletennis.com\/index.php\/wp-json\/wp\/v2\/media?parent=1795"}],"wp:term":[{"taxonomy":"product_cat","embeddable":true,"href":"https:\/\/www.phivutabletennis.com\/index.php\/wp-json\/wp\/v2\/product_cat?post=1795"},{"taxonomy":"product_tag","embeddable":true,"href":"https:\/\/www.phivutabletennis.com\/index.php\/wp-json\/wp\/v2\/product_tag?post=1795"}],"curies":[{"name":"wp","href":"https:\/\/api.w.org\/{rel}","templated":true}]}}