{"id":1796,"date":"2023-06-20T00:31:55","date_gmt":"2023-06-19T17:31:55","guid":{"rendered":"https:\/\/www.phivutabletennis.com\/?post_type=product&#038;p=1796"},"modified":"2023-06-21T23:14:22","modified_gmt":"2023-06-21T16:14:22","slug":"vong-co-phiten-crystal-necklace_gradation","status":"publish","type":"product","link":"https:\/\/www.phivutabletennis.com\/index.php\/product\/vong-co-phiten-crystal-necklace_gradation\/","title":{"rendered":"V\u00f2ng C\u1ed5 &#8211; PHITEN CRYSTAL NECKLACE_GRADATION"},"content":{"rendered":"<p>V\u00f2ng c\u1ed5 Phiten crystal gradation<br \/>\nM\u00f4 t\u1ea3 s\u1ea3n ph\u1ea9m<br \/>\nNh\u1eefng h\u1ea1t pha l\u00ea t\u1ef1 nhi\u00ean v\u00e0 tinh t\u1ebf \u0111\u01b0\u1ee3c l\u1ef1a ch\u1ecdn c\u1ea9n th\u1eadn b\u1edfi Phiten. \u0110\u01b0\u1ee3c ch\u1ebf t\u00e1c b\u1eb1ng tay nh\u1eb1m ph\u00e1t huy t\u1ed1t nh\u1ea5t s\u1ee9c m\u1ea1nh huy\u1ec1n b\u00ed c\u1ee7a pha l\u00ea trong chi\u1ebfc v\u00f2ng tay c\u1ed5 \u0111i\u1ec3n t\u1ea1o ra ph\u1ee5 ki\u1ec7n ph\u00f9 h\u1ee3p v\u1edbi th\u1eddi trang c\u1ee7a b\u1ea1n.<br \/>\nV\u00f2ng c\u1ed5 \u0111\u01b0\u1ee3c kh\u1eafc b\u1eb1ng qu\u1ea3 c\u1ea7u pha l\u00ea 12 mm tr\u00ean \u0111\u1ec9nh. K\u00edch th\u01b0\u1edbc c\u1ee7a \u0111\u1ec9nh v\u1ec1 ph\u00eda tinh th\u1ec3 l\u1edbn d\u1ea7n.<br \/>\n<strong>Ch\u1ea5t li\u1ec7u:<\/strong>\u00a0C\u01a1 th\u1ec3 \/ Pha l\u00ea \u00b7 Qu\u1ea3 c\u1ea7u Titan<br \/>\n<strong>C\u00f4ng ngh\u1ec7<\/strong>: S\u1eed d\u1ee5ng c\u00f4ng ngh\u1ec7 Aqua Metal<br \/>\n<strong>C\u00f4ng d\u1ee5ng:<\/strong><br \/>\nT\u1ea1o c\u1ea3m gi\u00e1c n\u0103ng l\u01b0\u1ee3ng t\u1ef1 nhi\u00ean<br \/>\nPh\u1ee5 ki\u1ec7n \u0111\u1eb9p v\u00e0 \u0111\u1eb3ng c\u1ea5p v\u1edbi l\u1ee3i \u00edch s\u1ee9c kh\u1ecfe.<br \/>\nGi\u00fap c\u1ea3i thi\u1ec7n l\u01b0u th\u00f4ng m\u00e1u.<br \/>\nGi\u00fap gi\u1ea3m \u0111au c\u1ed5 v\u00e0 vai.<br \/>\nC\u00f3 t\u00e1c d\u1ee5ng th\u01b0 gi\u00e3n.<br \/>\n<strong>Size v\u00e0 m\u00e0u s\u1eafc:\u00a0<\/strong>65cm\/85cm<br \/>\n<strong>L\u01b0u \u00fd:\u00a0<\/strong>B\u1ea3o qu\u1ea3n n\u01a1i kh\u00f4 r\u00e1o v\u00e0 tho\u00e1ng m\u00e1t<br \/>\n<strong>B\u1ea3o h\u00e0nh:\u00a0<\/strong>1 n\u0103m<br \/>\n<strong>Th\u01b0\u01a1ng hi\u1ec7u:\u00a0<\/strong>Phiten<br \/>\n<strong>S\u1ea3n xu\u1ea5t:<\/strong>\u00a0Nh\u1eadt B\u1ea3n.<\/p>\n<p dir=\"ltr\"><strong>\u0110\u1ed1i t\u01b0\u1ee3ng s\u1eed d\u1ee5ng:<\/strong><\/p>\n<p dir=\"ltr\">&#8211; Ph\u00f9 h\u1ee3p cho m\u1ecdi l\u1ee9a tu\u1ed5i<\/p>\n<p dir=\"ltr\">&#8211; Ng\u01b0\u1eddi cao huy\u1ebft \u00e1p, huy\u1ebft \u00e1p kh\u00f4ng \u1ed5n \u0111\u1ecbnh<\/p>\n<p dir=\"ltr\">&#8211; Ng\u01b0\u1eddi m\u1eafc c\u00e1c ch\u1ee9ng \u0111au c\u1ed5 vai g\u00e1y<\/p>\n<p dir=\"ltr\">&#8211; Ng\u01b0\u1eddi m\u1ea5t ng\u1ee7, kh\u00f3 ng\u1ee7 hay gi\u1ea5c ng\u1ee7 kh\u00f4ng s\u00e2u.<\/p>\n","protected":false},"excerpt":{"rendered":"<p>V\u00f2ng c\u1ed5 Phiten crystal gradation M\u00f4 t\u1ea3 s\u1ea3n ph\u1ea9m Nh\u1eefng h\u1ea1t pha l\u00ea t\u1ef1 nhi\u00ean v\u00e0 tinh t\u1ebf \u0111\u01b0\u1ee3c l\u1ef1a ch\u1ecdn c\u1ea9n th\u1eadn b\u1edfi Phiten. \u0110\u01b0\u1ee3c ch\u1ebf t\u00e1c b\u1eb1ng tay nh\u1eb1m ph\u00e1t huy t\u1ed1t nh\u1ea5t s\u1ee9c m\u1ea1nh huy\u1ec1n b\u00ed c\u1ee7a pha l\u00ea trong chi\u1ebfc v\u00f2ng tay c\u1ed5 \u0111i\u1ec3n t\u1ea1o ra ph\u1ee5 ki\u1ec7n ph\u00f9 h\u1ee3p v\u1edbi [&hellip;]<\/p>\n","protected":false},"featured_media":1779,"comment_status":"open","ping_status":"closed","template":"","meta":{"_eb_attr":""},"product_cat":[110,92,112],"product_tag":[],"class_list":["post-1796","product","type-product","status-publish","has-post-thumbnail","hentry","product_cat-phien-ban-gioi-han","product_cat-phiten","product_cat-vong-co"],"_links":{"self":[{"href":"https:\/\/www.phivutabletennis.com\/index.php\/wp-json\/wp\/v2\/product\/1796","targetHints":{"allow":["GET"]}}],"collection":[{"href":"https:\/\/www.phivutabletennis.com\/index.php\/wp-json\/wp\/v2\/product"}],"about":[{"href":"https:\/\/www.phivutabletennis.com\/index.php\/wp-json\/wp\/v2\/types\/product"}],"replies":[{"embeddable":true,"href":"https:\/\/www.phivutabletennis.com\/index.php\/wp-json\/wp\/v2\/comments?post=1796"}],"wp:featuredmedia":[{"embeddable":true,"href":"https:\/\/www.phivutabletennis.com\/index.php\/wp-json\/wp\/v2\/media\/1779"}],"wp:attachment":[{"href":"https:\/\/www.phivutabletennis.com\/index.php\/wp-json\/wp\/v2\/media?parent=1796"}],"wp:term":[{"taxonomy":"product_cat","embeddable":true,"href":"https:\/\/www.phivutabletennis.com\/index.php\/wp-json\/wp\/v2\/product_cat?post=1796"},{"taxonomy":"product_tag","embeddable":true,"href":"https:\/\/www.phivutabletennis.com\/index.php\/wp-json\/wp\/v2\/product_tag?post=1796"}],"curies":[{"name":"wp","href":"https:\/\/api.w.org\/{rel}","templated":true}]}}