{"id":1797,"date":"2023-06-20T00:33:22","date_gmt":"2023-06-19T17:33:22","guid":{"rendered":"https:\/\/www.phivutabletennis.com\/?post_type=product&#038;p=1797"},"modified":"2023-06-21T23:14:29","modified_gmt":"2023-06-21T16:14:29","slug":"vong-co-phiten-crystal-necklace-matte","status":"publish","type":"product","link":"https:\/\/www.phivutabletennis.com\/index.php\/product\/vong-co-phiten-crystal-necklace-matte\/","title":{"rendered":"V\u00f2ng C\u1ed5 &#8211; PHITEN CRYSTAL NECKLACE MATTE"},"content":{"rendered":"<p><strong>M\u00f4 t\u1ea3 c\u00f4ng d\u1ee5ng:<\/strong><br \/>\n&#8211; Gi\u00fap t\u1ed1i \u01b0u s\u1ee9c kh\u1ecfe th\u00f4ng qua vi\u1ec7c t\u1ed1i \u01b0u \u0111i\u1ec7n t\u00edch sinh h\u1ecdc, gi\u00fap t\u0103ng c\u01b0\u1eddng v\u00e0 \u1ed5n \u0111\u1ecbnh tu\u1ea7n ho\u00e0n m\u00e1u, gi\u1ea3m c\u0103ng th\u1eb3ng v\u00e0 ch\u0103m s\u00f3c s\u1ee9c kh\u1ecfe b\u1ea1n.<br \/>\n&#8211; Kh\u00f4ng ch\u1ec9 mang \u0111\u1ebfn l\u1ee3i \u00edch th\u1ea7n k\u1ef3 cho s\u1ee9c kh\u1ecfe, V\u00f2ng C\u1ed5 Phiten Crystal Matte c\u00f2n l\u00e0 m\u1ed9t m\u00f3n trang s\u1ee9c tinh t\u1ebf, sang tr\u1ecdng gi\u00fap b\u1ea1n lu\u00f4n t\u1ecfa s\u00e1ng v\u00e0 r\u1ea1ng ng\u1eddi.<br \/>\n<strong>C\u00f4ng ngh\u1ec7:\u00a0<\/strong>Aqua titanium<br \/>\n<strong>H\u01b0\u1edbng d\u1eabn s\u1eed d\u1ee5ng v\u00e0 b\u1ea3o qu\u1ea3n:<\/strong><br \/>\n&#8211; C\u00f3 th\u1ec3 \u0111eo h\u00e0ng ng\u00e0y.<br \/>\n&#8211; Kh\u00f4ng \u0111eo trong khi t\u1eafm.<br \/>\n&#8211; V\u1ec7 sinh v\u1edbi m\u1ed9t \u00edt x\u00e0 ph\u00f2ng d\u1ecbu nh\u1eb9<br \/>\n<strong>K\u00edch th\u01b0\u1edbc:<\/strong><br \/>\n&#8211; B\u1ed9 \u0111i\u1ec1u ch\u1ec9nh: 40 + 5CM<br \/>\n&#8211; Matte Crystal (\u0110\u01b0\u1eddng k\u00ednh): 4,5 MM<br \/>\n&#8211; Cut Crystal (\u0110\u01b0\u1eddng k\u00ednh): 4,5 MM<br \/>\n* K\u00edch th\u01b0\u1edbc l\u00e0 chi\u1ec1u d\u00e0i bao g\u1ed3m c\u1ea3 d\u00e2y bu\u1ed9c.<br \/>\n<strong>Ch\u1ea5t li\u1ec7u:<\/strong><br \/>\n&#8211; Th\u00e2n: Matte Crystal (4,5mm), Cut Crystal (4,5mm)<br \/>\n&#8211; Ch\u1ed1t, b\u1ed9 \u0111i\u1ec1u ch\u1ec9nh, b\u1ed9 ph\u1eadn cu\u1ed1i: Titan nguy\u00ean ch\u1ea5t<br \/>\nS\u1ed1 l\u01b0\u1ee3ng: 01 v\u00f2ng\/h\u1ed9p<br \/>\nTh\u1eddi gian b\u1ea3o h\u00e0nh: B\u1ea3o h\u00e0nh 6 th\u00e1ng<br \/>\nS\u1ea3n xu\u1ea5t t\u1ea1i Nh\u1eadt B\u1ea3n<br \/>\nTh\u01b0\u01a1ng hi\u1ec7u: Phiten<\/p>\n<p dir=\"ltr\"><strong>\u0110\u1ed1i t\u01b0\u1ee3ng s\u1eed d\u1ee5ng:<\/strong><\/p>\n<p dir=\"ltr\">&#8211; Ph\u00f9 h\u1ee3p cho m\u1ecdi l\u1ee9a tu\u1ed5i<\/p>\n<p dir=\"ltr\">&#8211; Ng\u01b0\u1eddi cao huy\u1ebft \u00e1p, huy\u1ebft \u00e1p kh\u00f4ng \u1ed5n \u0111\u1ecbnh<\/p>\n<p dir=\"ltr\">&#8211; Ng\u01b0\u1eddi m\u1eafc c\u00e1c ch\u1ee9ng \u0111au c\u1ed5 vai g\u00e1y<\/p>\n<p dir=\"ltr\">&#8211; Ng\u01b0\u1eddi m\u1ea5t ng\u1ee7, kh\u00f3 ng\u1ee7 hay gi\u1ea5c ng\u1ee7 kh\u00f4ng s\u00e2u.<\/p>\n","protected":false},"excerpt":{"rendered":"<p>M\u00f4 t\u1ea3 c\u00f4ng d\u1ee5ng: &#8211; Gi\u00fap t\u1ed1i \u01b0u s\u1ee9c kh\u1ecfe th\u00f4ng qua vi\u1ec7c t\u1ed1i \u01b0u \u0111i\u1ec7n t\u00edch sinh h\u1ecdc, gi\u00fap t\u0103ng c\u01b0\u1eddng v\u00e0 \u1ed5n \u0111\u1ecbnh tu\u1ea7n ho\u00e0n m\u00e1u, gi\u1ea3m c\u0103ng th\u1eb3ng v\u00e0 ch\u0103m s\u00f3c s\u1ee9c kh\u1ecfe b\u1ea1n. &#8211; Kh\u00f4ng ch\u1ec9 mang \u0111\u1ebfn l\u1ee3i \u00edch th\u1ea7n k\u1ef3 cho s\u1ee9c kh\u1ecfe, V\u00f2ng C\u1ed5 Phiten Crystal Matte c\u00f2n [&hellip;]<\/p>\n","protected":false},"featured_media":1789,"comment_status":"open","ping_status":"closed","template":"","meta":{"_eb_attr":""},"product_cat":[110,92,112],"product_tag":[],"class_list":["post-1797","product","type-product","status-publish","has-post-thumbnail","hentry","product_cat-phien-ban-gioi-han","product_cat-phiten","product_cat-vong-co"],"_links":{"self":[{"href":"https:\/\/www.phivutabletennis.com\/index.php\/wp-json\/wp\/v2\/product\/1797","targetHints":{"allow":["GET"]}}],"collection":[{"href":"https:\/\/www.phivutabletennis.com\/index.php\/wp-json\/wp\/v2\/product"}],"about":[{"href":"https:\/\/www.phivutabletennis.com\/index.php\/wp-json\/wp\/v2\/types\/product"}],"replies":[{"embeddable":true,"href":"https:\/\/www.phivutabletennis.com\/index.php\/wp-json\/wp\/v2\/comments?post=1797"}],"wp:featuredmedia":[{"embeddable":true,"href":"https:\/\/www.phivutabletennis.com\/index.php\/wp-json\/wp\/v2\/media\/1789"}],"wp:attachment":[{"href":"https:\/\/www.phivutabletennis.com\/index.php\/wp-json\/wp\/v2\/media?parent=1797"}],"wp:term":[{"taxonomy":"product_cat","embeddable":true,"href":"https:\/\/www.phivutabletennis.com\/index.php\/wp-json\/wp\/v2\/product_cat?post=1797"},{"taxonomy":"product_tag","embeddable":true,"href":"https:\/\/www.phivutabletennis.com\/index.php\/wp-json\/wp\/v2\/product_tag?post=1797"}],"curies":[{"name":"wp","href":"https:\/\/api.w.org\/{rel}","templated":true}]}}