{"id":1798,"date":"2023-06-20T00:35:00","date_gmt":"2023-06-19T17:35:00","guid":{"rendered":"https:\/\/www.phivutabletennis.com\/?post_type=product&#038;p=1798"},"modified":"2023-06-21T23:14:39","modified_gmt":"2023-06-21T16:14:39","slug":"vong-co-phiten-onyx-terahertz-necklace","status":"publish","type":"product","link":"https:\/\/www.phivutabletennis.com\/index.php\/product\/vong-co-phiten-onyx-terahertz-necklace\/","title":{"rendered":"V\u00f2ng C\u1ed5 &#8211; PHITEN ONYX &#038; TERAHERTZ NECKLACE"},"content":{"rendered":"<ul>\n<li>B\u1ed9 s\u01b0u t\u1eadp trang s\u1ee9c gi\u1edbi h\u1ea1n AW 2020 \u0111\u00e3 c\u00f3 m\u1eb7t t\u1ea1i Vi\u1ec7t Nam!<\/li>\n<li>V\u00f2ng c\u1ed5 nh\u1eb9 \u1ea5n t\u01b0\u1ee3ng, kh\u00f4ng g\u00e2y c\u1ea3m gi\u00e1c n\u1eb7ng n\u1ec1 d\u00f9 b\u1ea1n \u0111eo trong th\u1eddi gian d\u00e0i.<\/li>\n<li>C\u00e1c b\u1ed9 ph\u1eadn cu\u1ed1i b\u1eb1ng titan v\u1edbi logo Phiten \u0111\u01b0\u1ee3c s\u1eed d\u1ee5ng cho c\u00e1c ch\u1ed1t. \u00c1nh s\u00e1ng l\u1ea5p l\u00e1nh t\u0103ng th\u00eam v\u1ebb r\u1ef1c r\u1ee1 cho chi\u1ebfc c\u1ed5.<\/li>\n<li>Onyx\u00a0mang l\u1ea1i s\u1ef1 ki\u00ean nh\u1eabn v\u00e0 \u00fd ch\u00ed ti\u1ebfn l\u00ean, v\u00e0 c\u00f2n \u0111\u01b0\u1ee3c g\u1ecdi l\u00e0 bi\u1ec3u t\u01b0\u1ee3ng c\u1ee7a s\u1ef1 th\u00e0nh c\u00f4ng.<\/li>\n<li>Terahertz l\u00e0 m\u1ed9t lo\u1ea1i \u0111\u00e1 qu\u00fd nh\u00e2n t\u1ea1o \u0111\u01b0\u1ee3c c\u00e1c nh\u00e0 khoa h\u1ecdc Nh\u1eadt B\u1ea3n ph\u00e1t minh ra \u0111\u1ec3 b\u1ea3o v\u1ec7 c\u01a1 th\u1ec3 ch\u1ed1ng l\u1ea1i kh\u00f3i \u0111i\u1ec7n t\u1eeb v\u00e0 b\u1ee9c x\u1ea1 c\u00f3 h\u1ea1i.<\/li>\n<\/ul>\n<p><strong>Size:\u00a0<\/strong><\/p>\n<p>Proximately 40cm + 5cm (adjuster)<br \/>\nOnyx (diameter): 4mm<br \/>\nTerahertz (diameter): 4.2mm<br \/>\n<strong>Th\u00e0nh ph\u1ea7n:\u00a0<\/strong><\/p>\n<p>Terahertz, Onyx, fasteners, titanium nguy\u00ean ch\u1ea5t<\/p>\n<p dir=\"ltr\"><strong>\u0110\u1ed1i t\u01b0\u1ee3ng s\u1eed d\u1ee5ng:<\/strong><\/p>\n<p dir=\"ltr\">&#8211; Ph\u00f9 h\u1ee3p cho m\u1ecdi l\u1ee9a tu\u1ed5i<\/p>\n<p dir=\"ltr\">&#8211; Ng\u01b0\u1eddi cao huy\u1ebft \u00e1p, huy\u1ebft \u00e1p kh\u00f4ng \u1ed5n \u0111\u1ecbnh<\/p>\n<p dir=\"ltr\">&#8211; Ng\u01b0\u1eddi m\u1eafc c\u00e1c ch\u1ee9ng \u0111au c\u1ed5 vai g\u00e1y<\/p>\n<p dir=\"ltr\">&#8211; Ng\u01b0\u1eddi m\u1ea5t ng\u1ee7, kh\u00f3 ng\u1ee7 hay gi\u1ea5c ng\u1ee7 kh\u00f4ng s\u00e2u.<\/p>\n<p>C\u00f4ng ngh\u1ec7 v\u00e0 ch\u1ee9c n\u0103ng c\u1ee7a v\u00f2ng c\u1ed5\u00a0<strong>Phiten Onyx &amp; Terahertz\u00a0<\/strong>c\u0169ng gi\u1ed1ng nh\u01b0 c\u00e1c s\u1ea3n ph\u1ea9m kh\u00e1c c\u1ee7a Phiten\u00a0gi\u00fap\u00a0th\u01b0 gi\u00e3n v\u00e0 gi\u1ea3m b\u1edbt c\u0103ng th\u1eb3ng cho c\u01a1 th\u1ec3 c\u1ee7a b\u1ea1n.<\/p>\n<p>Ngo\u00e0i ra, b\u1eb1ng c\u00e1ch s\u1eed d\u1ee5ng c\u00e1c lo\u1ea1i \u0111\u00e1 t\u1ef1 nhi\u00ean nh\u01b0 Onyx &amp; Terahertz, v\u00f2ng c\u1ed5 Phiten Onyx &amp; Terahertz s\u1ebd gi\u00fap b\u1ea1n tr\u00f4ng l\u1ed9ng l\u1eaby v\u00e0 thanh l\u1ecbch h\u01a1n khi \u0111eo n\u00f3 nh\u01b0 m\u1ed9t m\u00f3n \u0111\u1ed3 trang s\u1ee9c h\u01a1n l\u00e0 \u0111eo nh\u1eefng chi\u1ebfc v\u00f2ng c\u1ed5 Phiten ti\u00eau chu\u1ea9n kh\u00e1c. Nh\u01b0ng v\u1eabn c\u00f3 t\u00e1c d\u1ee5ng t\u1ed1t cho b\u1ea1n\u00a0\u0111\u1ec3 th\u01b0 gi\u00e3n v\u00e0 gi\u1ea3m b\u1edbt c\u0103ng th\u1eb3ng.<\/p>\n<p>V\u00ec v\u1eady, n\u1ebfu b\u1ea1n \u0111ang\u00a0t\u00ecm ki\u1ebfm\u00a0m\u00f3n trang s\u1ee9c \u0111\u1ec3 b\u1ea1n tr\u1edf n\u00ean\u00a0l\u1ed9ng l\u1eaby v\u00e0 thanh l\u1ecbch\u00a0 h\u01a1n nh\u01b0ng v\u1eabn gi\u00fap b\u1ea1n kh\u1ecfe m\u1ea1nh,\u00a0nh\u1eb9 nh\u00f5m v\u00e0 th\u01b0 gi\u00e3n c\u01a1 th\u1ec3. V\u1edbi phi\u00ean b\u1ea3n gi\u1edbi h\u1ea1n\u00a0 n\u00e0y, v\u00f2ng c\u1ed5 Phiten Onyx &amp; Terahertz \u00a0c\u1ee7a ch\u00fang t\u00f4i l\u00e0 trang s\u1ee9c duy nh\u1ea5t \u0111\u00e1p \u1ee9ng mong mu\u1ed1n c\u1ee7a ph\u00e1i \u0111\u1eb9p\u00a0v\u00e0 khi\u1ebfn c\u01a1 th\u1ec3 b\u1ea1n\u00a0th\u01b0 th\u00e1i.<\/p>\n","protected":false},"excerpt":{"rendered":"<p>B\u1ed9 s\u01b0u t\u1eadp trang s\u1ee9c gi\u1edbi h\u1ea1n AW 2020 \u0111\u00e3 c\u00f3 m\u1eb7t t\u1ea1i Vi\u1ec7t Nam! V\u00f2ng c\u1ed5 nh\u1eb9 \u1ea5n t\u01b0\u1ee3ng, kh\u00f4ng g\u00e2y c\u1ea3m gi\u00e1c n\u1eb7ng n\u1ec1 d\u00f9 b\u1ea1n \u0111eo trong th\u1eddi gian d\u00e0i. C\u00e1c b\u1ed9 ph\u1eadn cu\u1ed1i b\u1eb1ng titan v\u1edbi logo Phiten \u0111\u01b0\u1ee3c s\u1eed d\u1ee5ng cho c\u00e1c ch\u1ed1t. \u00c1nh s\u00e1ng l\u1ea5p l\u00e1nh t\u0103ng th\u00eam v\u1ebb [&hellip;]<\/p>\n","protected":false},"featured_media":1778,"comment_status":"open","ping_status":"closed","template":"","meta":{"_eb_attr":""},"product_cat":[110,92,112],"product_tag":[],"class_list":["post-1798","product","type-product","status-publish","has-post-thumbnail","hentry","product_cat-phien-ban-gioi-han","product_cat-phiten","product_cat-vong-co"],"_links":{"self":[{"href":"https:\/\/www.phivutabletennis.com\/index.php\/wp-json\/wp\/v2\/product\/1798","targetHints":{"allow":["GET"]}}],"collection":[{"href":"https:\/\/www.phivutabletennis.com\/index.php\/wp-json\/wp\/v2\/product"}],"about":[{"href":"https:\/\/www.phivutabletennis.com\/index.php\/wp-json\/wp\/v2\/types\/product"}],"replies":[{"embeddable":true,"href":"https:\/\/www.phivutabletennis.com\/index.php\/wp-json\/wp\/v2\/comments?post=1798"}],"wp:featuredmedia":[{"embeddable":true,"href":"https:\/\/www.phivutabletennis.com\/index.php\/wp-json\/wp\/v2\/media\/1778"}],"wp:attachment":[{"href":"https:\/\/www.phivutabletennis.com\/index.php\/wp-json\/wp\/v2\/media?parent=1798"}],"wp:term":[{"taxonomy":"product_cat","embeddable":true,"href":"https:\/\/www.phivutabletennis.com\/index.php\/wp-json\/wp\/v2\/product_cat?post=1798"},{"taxonomy":"product_tag","embeddable":true,"href":"https:\/\/www.phivutabletennis.com\/index.php\/wp-json\/wp\/v2\/product_tag?post=1798"}],"curies":[{"name":"wp","href":"https:\/\/api.w.org\/{rel}","templated":true}]}}