{"id":1799,"date":"2023-06-20T00:38:04","date_gmt":"2023-06-19T17:38:04","guid":{"rendered":"https:\/\/www.phivutabletennis.com\/?post_type=product&#038;p=1799"},"modified":"2023-06-21T23:11:16","modified_gmt":"2023-06-21T16:11:16","slug":"vong-tay-phiten-onyx-terahertz-bracelet","status":"publish","type":"product","link":"https:\/\/www.phivutabletennis.com\/index.php\/product\/vong-tay-phiten-onyx-terahertz-bracelet\/","title":{"rendered":"V\u00f2ng Tay PHITEN ONYX &#038; TERAHERTZ BRACELET"},"content":{"rendered":"<p>M\u1ed9t chi\u1ebfc v\u00f2ng \u0111eo tay \u0111\u01a1n gi\u1ea3n nh\u01b0ng m\u1ea1nh m\u1ebd v\u1edbi c\u00e1c vi\u00ean bi Titanium 10mm \u0111\u01b0\u1ee3c \u0111\u1eb7t c\u1ea1nh Terahertz, m\u1ed9t m\u00e0u Onyx sang tr\u1ecdng l\u00e0m n\u1ed5i b\u1eadt s\u1ef1 quy\u1ebfn r\u0169.<\/p>\n<p>Thi\u1ebft k\u1ebf \u0111\u01a1n gi\u1ea3n t\u00f4n l\u00ean n\u00e9t c\u00e1 t\u00ednh ti\u1ec1m \u1ea9n c\u1ee7a ng\u01b0\u1eddi m\u1eb7c.<\/p>\n<p><strong>Onyx:<\/strong><br \/>\nN\u00f3 mang l\u1ea1i s\u1ef1 ki\u00ean nh\u1eabn v\u00e0 \u00fd ch\u00ed ti\u1ebfn l\u00ean v\u00e0 c\u00f2n \u0111\u01b0\u1ee3c g\u1ecdi l\u00e0 bi\u1ec3u t\u01b0\u1ee3ng c\u1ee7a s\u1ef1 th\u00e0nh c\u00f4ng.<\/p>\n<p><strong>Terahertz:<\/strong><br \/>\nTerahertz l\u00e0 m\u1ed9t lo\u1ea1i \u0111\u00e1 qu\u00fd nh\u00e2n t\u1ea1o \u0111\u01b0\u1ee3c ph\u00e1t minh b\u1edfi c\u00e1c nh\u00e0 khoa h\u1ecdc Nh\u1eadt B\u1ea3n \u0111\u1ec3 b\u1ea3o v\u1ec7 c\u01a1 th\u1ec3 ch\u1ed1ng l\u1ea1i kh\u00f3i \u0111i\u1ec7n t\u1eeb v\u00e0 b\u1ee9c x\u1ea1 c\u00f3 h\u1ea1i.<\/p>\n<p><strong>k\u00edch th\u01b0\u1edbc:<\/strong>\u00a0\u00a017,5 cm<br \/>\nTerahertz (\u0111\u01b0\u1eddng k\u00ednh): Kho\u1ea3ng 6 mm<br \/>\nOnyx (\u0111\u01b0\u1eddng k\u00ednh): Kho\u1ea3ng 8 mm<br \/>\nTitan ball (\u0111\u01b0\u1eddng k\u00ednh): Kho\u1ea3ng 10 mm<br \/>\nV\u1eadt li\u1ec7u th\u00e2n: Terahertz, Onyx, Titanium<br \/>\nD\u00e2y n\u1ed1i gi\u1eefa: Elastomer<\/p>\n<p>Xin l\u01b0u \u00fd * \u0110\u00e1 q\u00fay t\u1ef1 nhi\u00ean \u0111\u01b0\u1ee3c s\u1eed d\u1ee5ng, c\u00f3 th\u1ec3 x\u1ea3y ra s\u1ef1 kh\u00e1c bi\u1ec7t ri\u00eang v\u1ec1 m\u00e0u s\u1eafc, h\u00ecnh d\u1ea1ng v\u00e0 k\u00edch th\u01b0\u1edbc. Xin vui l\u00f2ng th\u1eeba nh\u1eadn n\u00f3 tr\u01b0\u1edbc.<br \/>\n<strong>S\u1ea3n xu\u1ea5t t\u1ea1i Nh\u1eadt B\u1ea3n<\/strong><\/p>\n<p dir=\"ltr\"><strong>\u0110\u1ed1i t\u01b0\u1ee3ng s\u1eed d\u1ee5ng:<\/strong><\/p>\n<p dir=\"ltr\">&#8211; Ph\u00f9 h\u1ee3p cho m\u1ecdi l\u1ee9a tu\u1ed5i<\/p>\n<p dir=\"ltr\">&#8211; Ng\u01b0\u1eddi ch\u01a1i th\u1ec3 thao hay v\u1eadn \u0111\u1ed9ng vi\u00ean chuy\u00ean nghi\u1ec7p<\/p>\n<p dir=\"ltr\">&#8211; Ng\u01b0\u1eddi l\u00e0m vi\u1ec7c v\u0103n ph\u00f2ng, g\u00f5 m\u00e1y t\u00ednh nhi\u1ec1u ho\u1eb7c d\u00f9ng tay n\u00e2ng v\u1eadt n\u1eb7ng<\/p>\n<p dir=\"ltr\">&#8211; Ng\u01b0\u1eddi cao huy\u1ebft \u00e1p, huy\u1ebft \u00e1p kh\u00f4ng \u1ed5n \u0111\u1ecbnh<\/p>\n<p dir=\"ltr\">&#8211; Ng\u01b0\u1eddi m\u1ea5t ng\u1ee7, kh\u00f3 ng\u1ee7 hay gi\u1ea5c ng\u1ee7 kh\u00f4ng s\u00e2u.<\/p>\n","protected":false},"excerpt":{"rendered":"<p>M\u1ed9t chi\u1ebfc v\u00f2ng \u0111eo tay \u0111\u01a1n gi\u1ea3n nh\u01b0ng m\u1ea1nh m\u1ebd v\u1edbi c\u00e1c vi\u00ean bi Titanium 10mm \u0111\u01b0\u1ee3c \u0111\u1eb7t c\u1ea1nh Terahertz, m\u1ed9t m\u00e0u Onyx sang tr\u1ecdng l\u00e0m n\u1ed5i b\u1eadt s\u1ef1 quy\u1ebfn r\u0169. Thi\u1ebft k\u1ebf \u0111\u01a1n gi\u1ea3n t\u00f4n l\u00ean n\u00e9t c\u00e1 t\u00ednh ti\u1ec1m \u1ea9n c\u1ee7a ng\u01b0\u1eddi m\u1eb7c. Onyx: N\u00f3 mang l\u1ea1i s\u1ef1 ki\u00ean nh\u1eabn v\u00e0 \u00fd ch\u00ed [&hellip;]<\/p>\n","protected":false},"featured_media":1807,"comment_status":"open","ping_status":"closed","template":"","meta":{"_eb_attr":""},"product_cat":[110,92,113],"product_tag":[],"class_list":["post-1799","product","type-product","status-publish","has-post-thumbnail","hentry","product_cat-phien-ban-gioi-han","product_cat-phiten","product_cat-vong-tay"],"_links":{"self":[{"href":"https:\/\/www.phivutabletennis.com\/index.php\/wp-json\/wp\/v2\/product\/1799","targetHints":{"allow":["GET"]}}],"collection":[{"href":"https:\/\/www.phivutabletennis.com\/index.php\/wp-json\/wp\/v2\/product"}],"about":[{"href":"https:\/\/www.phivutabletennis.com\/index.php\/wp-json\/wp\/v2\/types\/product"}],"replies":[{"embeddable":true,"href":"https:\/\/www.phivutabletennis.com\/index.php\/wp-json\/wp\/v2\/comments?post=1799"}],"wp:featuredmedia":[{"embeddable":true,"href":"https:\/\/www.phivutabletennis.com\/index.php\/wp-json\/wp\/v2\/media\/1807"}],"wp:attachment":[{"href":"https:\/\/www.phivutabletennis.com\/index.php\/wp-json\/wp\/v2\/media?parent=1799"}],"wp:term":[{"taxonomy":"product_cat","embeddable":true,"href":"https:\/\/www.phivutabletennis.com\/index.php\/wp-json\/wp\/v2\/product_cat?post=1799"},{"taxonomy":"product_tag","embeddable":true,"href":"https:\/\/www.phivutabletennis.com\/index.php\/wp-json\/wp\/v2\/product_tag?post=1799"}],"curies":[{"name":"wp","href":"https:\/\/api.w.org\/{rel}","templated":true}]}}