{"id":1815,"date":"2023-06-20T00:39:26","date_gmt":"2023-06-19T17:39:26","guid":{"rendered":"https:\/\/www.phivutabletennis.com\/?post_type=product&#038;p=1815"},"modified":"2023-06-21T23:11:06","modified_gmt":"2023-06-21T16:11:06","slug":"vong-tay-phiten-rose-quartz-amethyst-bracelet","status":"publish","type":"product","link":"https:\/\/www.phivutabletennis.com\/index.php\/product\/vong-tay-phiten-rose-quartz-amethyst-bracelet\/","title":{"rendered":"V\u00f2ng Tay PHITEN ROSE QUARTZ &#038; AMETHYST BRACELET"},"content":{"rendered":"<p><strong>V\u00f2ng Tay Phiten Rose Quarts &amp; Amethyst<\/strong><br \/>\n<strong>M\u00f4 t\u1ea3 s\u1ea3n ph\u1ea9m:<\/strong><br \/>\nV\u00f2ng tay \u0111\u00e1 qu\u00fd c\u1ee7a Phiten \u0111\u01b0\u1ee3c l\u00e0m t\u1eeb ba lo\u1ea1i \u0111\u00e1 qu\u00fd hi\u1ebfm \u0110\u00e1 th\u1ea1ch anh h\u1ed3ng, \u0110\u00e1 th\u1ea1ch anh t\u00edm v\u00e0 Pha l\u00ea. T\u1ea1o n\u00ean s\u1ef1 l\u1ea5p l\u00e1nh, sang tr\u1ecdng v\u00e0 v\u00f4 c\u00f9ng b\u1eaft m\u1eaft. \u0110i\u1ec3m nh\u1ea5n n\u1eb1m ch\u00ednh gi\u1eefa chi\u1ebfc v\u00f2ng tay ch\u00ednh l\u00e0 qu\u1ea3 c\u1ea7u titan. D\u00e2y \u0111eo b\u1eb1ng silicon d\u1ec5 d\u00e0ng \u0111eo v\u00e0o v\u00e0 th\u00e1o ra.<br \/>\n<strong>Ch\u1ea5t li\u1ec7u:<\/strong><br \/>\n&#8211; \u0110\u00e1 th\u1ea1ch anh h\u1ed3ng (\u0111\u01b0\u1eddng k\u00ednh 6mm)<br \/>\n&#8211; \u0110\u00e1 th\u1ea1ch anh t\u00edm (\u0111\u01b0\u1eddng k\u00ednh 6mm)<br \/>\n&#8211; Pha l\u00ea (\u0111\u01b0\u1eddng k\u00ednh 6mm)<br \/>\n&#8211; Vi\u00ean bi Titan (\u0111\u01b0\u1eddng k\u00ednh 6mm)<br \/>\n&#8211; D\u00e2y b\u00ean trong: D\u00e2y silicon \u0111\u00e0n h\u1ed3i<br \/>\n<strong>C\u00f4ng ngh\u1ec7:<\/strong>\u00a0c\u00f4ng ngh\u1ec7 \u0111\u1ed9c quy\u1ec1n Aqua Titanium<br \/>\n<strong>C\u00f4ng d\u1ee5ng:<\/strong><br \/>\n&#8211; Gi\u00fap gi\u1ea3m b\u1edbt c\u0103ng th\u1eb3ng li\u00ean t\u1ee5c.<br \/>\n&#8211; Gi\u00fap c\u1ea3i thi\u1ec7n l\u01b0u th\u00f4ng m\u00e1u.<br \/>\n&#8211; T\u0103ng c\u01b0\u1eddng s\u1ee9c m\u1ea1nh v\u00e0 t\u00ednh linh ho\u1ea1t<br \/>\n&#8211; Gi\u00fap gi\u1ea3m \u0111au v\u00e0 ph\u1ee5c h\u1ed3i s\u1ee9c kh\u1ecfe t\u1ed5ng th\u1ec3 c\u1ee7a b\u1ea1n<br \/>\n&#8211; Gi\u00fap th\u01b0 gi\u00e3n c\u01a1 b\u1eafp b\u1ecb c\u0103ng c\u1ee9ng.<\/p>\n<p>K\u00edch th\u01b0\u1edbc: 15,5cm<br \/>\nL\u01b0u \u00fd: Do t\u00ednh ch\u1ea5t c\u1ee7a \u0111\u00e1 qu\u00fd t\u1ef1 nhi\u00ean, c\u00f3 th\u1ec3 c\u00f3 s\u1ef1 kh\u00e1c bi\u1ec7t v\u1ec1 m\u00e0u s\u1eafc, h\u00ecnh d\u1ea1ng v\u00e0 k\u00edch th\u01b0\u1edbc so v\u1edbi h\u00ecnh \u1ea3nh minh h\u1ecda \u1edf tr\u00ean.<br \/>\nTh\u01b0\u01a1ng hi\u1ec7u: Phiten<br \/>\nXu\u1ea5t x\u1ee9: Nh\u1eadt B\u1ea3n<\/p>\n<p dir=\"ltr\"><strong>\u0110\u1ed1i t\u01b0\u1ee3ng s\u1eed d\u1ee5ng:<\/strong><\/p>\n<p dir=\"ltr\">&#8211; Ph\u00f9 h\u1ee3p cho m\u1ecdi l\u1ee9a tu\u1ed5i<\/p>\n<p dir=\"ltr\">&#8211; Ng\u01b0\u1eddi ch\u01a1i th\u1ec3 thao hay v\u1eadn \u0111\u1ed9ng vi\u00ean chuy\u00ean nghi\u1ec7p<\/p>\n<p dir=\"ltr\">&#8211; Ng\u01b0\u1eddi l\u00e0m vi\u1ec7c v\u0103n ph\u00f2ng, g\u00f5 m\u00e1y t\u00ednh nhi\u1ec1u ho\u1eb7c d\u00f9ng tay n\u00e2ng v\u1eadt n\u1eb7ng<\/p>\n<p dir=\"ltr\">&#8211; Ng\u01b0\u1eddi cao huy\u1ebft \u00e1p, huy\u1ebft \u00e1p kh\u00f4ng \u1ed5n \u0111\u1ecbnh<\/p>\n<p dir=\"ltr\">&#8211; Ng\u01b0\u1eddi m\u1ea5t ng\u1ee7, kh\u00f3 ng\u1ee7 hay gi\u1ea5c ng\u1ee7 kh\u00f4ng s\u00e2u.<\/p>\n","protected":false},"excerpt":{"rendered":"<p>V\u00f2ng Tay Phiten Rose Quarts &amp; Amethyst M\u00f4 t\u1ea3 s\u1ea3n ph\u1ea9m: V\u00f2ng tay \u0111\u00e1 qu\u00fd c\u1ee7a Phiten \u0111\u01b0\u1ee3c l\u00e0m t\u1eeb ba lo\u1ea1i \u0111\u00e1 qu\u00fd hi\u1ebfm \u0110\u00e1 th\u1ea1ch anh h\u1ed3ng, \u0110\u00e1 th\u1ea1ch anh t\u00edm v\u00e0 Pha l\u00ea. T\u1ea1o n\u00ean s\u1ef1 l\u1ea5p l\u00e1nh, sang tr\u1ecdng v\u00e0 v\u00f4 c\u00f9ng b\u1eaft m\u1eaft. \u0110i\u1ec3m nh\u1ea5n n\u1eb1m ch\u00ednh gi\u1eefa chi\u1ebfc v\u00f2ng [&hellip;]<\/p>\n","protected":false},"featured_media":1805,"comment_status":"open","ping_status":"closed","template":"","meta":{"_eb_attr":""},"product_cat":[110,92,113],"product_tag":[],"class_list":["post-1815","product","type-product","status-publish","has-post-thumbnail","hentry","product_cat-phien-ban-gioi-han","product_cat-phiten","product_cat-vong-tay"],"_links":{"self":[{"href":"https:\/\/www.phivutabletennis.com\/index.php\/wp-json\/wp\/v2\/product\/1815","targetHints":{"allow":["GET"]}}],"collection":[{"href":"https:\/\/www.phivutabletennis.com\/index.php\/wp-json\/wp\/v2\/product"}],"about":[{"href":"https:\/\/www.phivutabletennis.com\/index.php\/wp-json\/wp\/v2\/types\/product"}],"replies":[{"embeddable":true,"href":"https:\/\/www.phivutabletennis.com\/index.php\/wp-json\/wp\/v2\/comments?post=1815"}],"wp:featuredmedia":[{"embeddable":true,"href":"https:\/\/www.phivutabletennis.com\/index.php\/wp-json\/wp\/v2\/media\/1805"}],"wp:attachment":[{"href":"https:\/\/www.phivutabletennis.com\/index.php\/wp-json\/wp\/v2\/media?parent=1815"}],"wp:term":[{"taxonomy":"product_cat","embeddable":true,"href":"https:\/\/www.phivutabletennis.com\/index.php\/wp-json\/wp\/v2\/product_cat?post=1815"},{"taxonomy":"product_tag","embeddable":true,"href":"https:\/\/www.phivutabletennis.com\/index.php\/wp-json\/wp\/v2\/product_tag?post=1815"}],"curies":[{"name":"wp","href":"https:\/\/api.w.org\/{rel}","templated":true}]}}