{"id":1816,"date":"2023-06-20T00:41:43","date_gmt":"2023-06-19T17:41:43","guid":{"rendered":"https:\/\/www.phivutabletennis.com\/?post_type=product&#038;p=1816"},"modified":"2023-06-21T23:10:53","modified_gmt":"2023-06-21T16:10:53","slug":"vong-tay-phiten-titanium-twist-bracelet","status":"publish","type":"product","link":"https:\/\/www.phivutabletennis.com\/index.php\/product\/vong-tay-phiten-titanium-twist-bracelet\/","title":{"rendered":"V\u00f2ng Tay &#8211; PHITEN TITANIUM TWIST BRACELET"},"content":{"rendered":"<p><strong>PHITEN TITANIUM TWIST BRACELET<\/strong><br \/>\n<strong>M\u00f4 t\u1ea3:<\/strong><br \/>\nV\u00f2ng \u0111eo tay chu\u1ed7i xo\u1eafn Titan c\u1ee7a Phiten \u0111\u01b0\u1ee3c l\u00e0m b\u1eb1ng 100% titan nguy\u00ean ch\u1ea5t, c\u00f3 tr\u1ecdng l\u01b0\u1ee3ng nh\u1eb9, an to\u00e0n v\u1edbi da v\u00e0 ch\u1ed1ng \u0103n m\u00f2n. V\u00f2ng c\u1ed5 titan xo\u1eafn, \u0111\u01b0\u1ee3c \u0111an m\u1ed9t c\u00e1ch t\u1ec9 m\u1ec9 t\u1ea1o n\u00ean v\u1ebb \u0111\u1ed9c \u0111\u00e1o, sang tr\u1ecdng.<br \/>\nV\u00f2ng c\u1ed5 c\u00f3 th\u1ec3 \u0111i\u1ec1u ch\u1ec9nh chi\u1ec1u d\u00e0i th\u00eam 5 cm. Logo \u201cP\u201d c\u1ee7a Phiten \u0111\u01b0\u1ee3c in tr\u00ean m\u00f3c c\u00e0i c\u1ee7a v\u00f2ng c\u1ed5.<br \/>\n<strong>\u0110\u1eb7c tr\u01b0ng:<\/strong><br \/>\n&#8211; L\u00e0m b\u1eb1ng 100% Titanium nguy\u00ean ch\u1ea5t<br \/>\n&#8211; Tr\u1ecdng l\u01b0\u1ee3ng nh\u1eb9, an to\u00e0n v\u1edbi da v\u00e0 ch\u1ed1ng \u0103n m\u00f2n<br \/>\n&#8211; Chu\u1ed7i Titan \u0111\u01b0\u1ee3c \u0111an t\u1ec9 m\u1ec9<br \/>\n&#8211; M\u00f3c c\u00e0i in logo &#8220;P&#8221; c\u1ee7a Phiten<br \/>\n<strong>C\u00f4ng d\u1ee5ng:<\/strong><br \/>\nGi\u00fap gi\u1ea3m b\u1edbt c\u0103ng th\u1eb3ng li\u00ean t\u1ee5c.<br \/>\nGi\u00fap c\u1ea3i thi\u1ec7n l\u01b0u th\u00f4ng m\u00e1u.<br \/>\nT\u0103ng c\u01b0\u1eddng s\u1ee9c m\u1ea1nh v\u00e0 t\u00ednh linh ho\u1ea1t.<br \/>\nGi\u00fap gi\u1ea3m \u0111au.<br \/>\nTuy\u1ec7t v\u1eddi cho th\u1ec3 thao ho\u1eb7c c\u00e1c ho\u1ea1t \u0111\u1ed9ng h\u00e0ng ng\u00e0y.<br \/>\nGi\u00fap th\u01b0 gi\u00e3n c\u01a1 b\u1eafp c\u1ee9ng.<br \/>\nTh\u00edch h\u1ee3p cho c\u1ea3 nam v\u00e0 n\u1eef.<\/p>\n<p><strong>V\u1eadt li\u1ec7u:<\/strong>\u00a0Titan 100%<br \/>\nS\u1ea3n xu\u1ea5t t\u1ea1i Nh\u1eadt B\u1ea3n<br \/>\nTh\u01b0\u01a1ng hi\u1ec7u: Phiten<\/p>\n<p dir=\"ltr\"><strong>\u0110\u1ed1i t\u01b0\u1ee3ng s\u1eed d\u1ee5ng:<\/strong><\/p>\n<p dir=\"ltr\">&#8211; Ph\u00f9 h\u1ee3p cho m\u1ecdi l\u1ee9a tu\u1ed5i<\/p>\n<p dir=\"ltr\">&#8211; Ng\u01b0\u1eddi ch\u01a1i th\u1ec3 thao hay v\u1eadn \u0111\u1ed9ng vi\u00ean chuy\u00ean nghi\u1ec7p<\/p>\n<p dir=\"ltr\">&#8211; Ng\u01b0\u1eddi l\u00e0m vi\u1ec7c v\u0103n ph\u00f2ng, g\u00f5 m\u00e1y t\u00ednh nhi\u1ec1u ho\u1eb7c d\u00f9ng tay n\u00e2ng v\u1eadt n\u1eb7ng<\/p>\n<p dir=\"ltr\">&#8211; Ng\u01b0\u1eddi cao huy\u1ebft \u00e1p, huy\u1ebft \u00e1p kh\u00f4ng \u1ed5n \u0111\u1ecbnh<a href=\"https:\/\/www.phivutabletennis.com\/wp-content\/uploads\/2023\/06\/hNApgzjWYrvZJYC9dlWBPeQYaDGsAcDmTkDHIsMm.jpeg\"><img loading=\"lazy\" decoding=\"async\" class=\"alignnone size-full wp-image-1817\" src=\"https:\/\/www.phivutabletennis.com\/wp-content\/uploads\/2023\/06\/hNApgzjWYrvZJYC9dlWBPeQYaDGsAcDmTkDHIsMm.jpeg\" alt=\"\" width=\"1056\" height=\"1080\" srcset=\"https:\/\/www.phivutabletennis.com\/wp-content\/uploads\/2023\/06\/hNApgzjWYrvZJYC9dlWBPeQYaDGsAcDmTkDHIsMm.jpeg 1056w, https:\/\/www.phivutabletennis.com\/wp-content\/uploads\/2023\/06\/hNApgzjWYrvZJYC9dlWBPeQYaDGsAcDmTkDHIsMm-600x614.jpeg 600w, https:\/\/www.phivutabletennis.com\/wp-content\/uploads\/2023\/06\/hNApgzjWYrvZJYC9dlWBPeQYaDGsAcDmTkDHIsMm-293x300.jpeg 293w, https:\/\/www.phivutabletennis.com\/wp-content\/uploads\/2023\/06\/hNApgzjWYrvZJYC9dlWBPeQYaDGsAcDmTkDHIsMm-1001x1024.jpeg 1001w, https:\/\/www.phivutabletennis.com\/wp-content\/uploads\/2023\/06\/hNApgzjWYrvZJYC9dlWBPeQYaDGsAcDmTkDHIsMm-768x785.jpeg 768w\" sizes=\"auto, (max-width: 1056px) 100vw, 1056px\" \/><\/a><\/p>\n<p dir=\"ltr\">&#8211; Ng\u01b0\u1eddi m\u1ea5t ng\u1ee7, kh\u00f3 ng\u1ee7 hay gi\u1ea5c ng\u1ee7 kh\u00f4ng s\u00e2u.<\/p>\n","protected":false},"excerpt":{"rendered":"<p>PHITEN TITANIUM TWIST BRACELET M\u00f4 t\u1ea3: V\u00f2ng \u0111eo tay chu\u1ed7i xo\u1eafn Titan c\u1ee7a Phiten \u0111\u01b0\u1ee3c l\u00e0m b\u1eb1ng 100% titan nguy\u00ean ch\u1ea5t, c\u00f3 tr\u1ecdng l\u01b0\u1ee3ng nh\u1eb9, an to\u00e0n v\u1edbi da v\u00e0 ch\u1ed1ng \u0103n m\u00f2n. V\u00f2ng c\u1ed5 titan xo\u1eafn, \u0111\u01b0\u1ee3c \u0111an m\u1ed9t c\u00e1ch t\u1ec9 m\u1ec9 t\u1ea1o n\u00ean v\u1ebb \u0111\u1ed9c \u0111\u00e1o, sang tr\u1ecdng. V\u00f2ng c\u1ed5 c\u00f3 th\u1ec3 \u0111i\u1ec1u [&hellip;]<\/p>\n","protected":false},"featured_media":1809,"comment_status":"open","ping_status":"closed","template":"","meta":{"_eb_attr":""},"product_cat":[110,92,113],"product_tag":[],"class_list":["post-1816","product","type-product","status-publish","has-post-thumbnail","hentry","product_cat-phien-ban-gioi-han","product_cat-phiten","product_cat-vong-tay"],"_links":{"self":[{"href":"https:\/\/www.phivutabletennis.com\/index.php\/wp-json\/wp\/v2\/product\/1816","targetHints":{"allow":["GET"]}}],"collection":[{"href":"https:\/\/www.phivutabletennis.com\/index.php\/wp-json\/wp\/v2\/product"}],"about":[{"href":"https:\/\/www.phivutabletennis.com\/index.php\/wp-json\/wp\/v2\/types\/product"}],"replies":[{"embeddable":true,"href":"https:\/\/www.phivutabletennis.com\/index.php\/wp-json\/wp\/v2\/comments?post=1816"}],"wp:featuredmedia":[{"embeddable":true,"href":"https:\/\/www.phivutabletennis.com\/index.php\/wp-json\/wp\/v2\/media\/1809"}],"wp:attachment":[{"href":"https:\/\/www.phivutabletennis.com\/index.php\/wp-json\/wp\/v2\/media?parent=1816"}],"wp:term":[{"taxonomy":"product_cat","embeddable":true,"href":"https:\/\/www.phivutabletennis.com\/index.php\/wp-json\/wp\/v2\/product_cat?post=1816"},{"taxonomy":"product_tag","embeddable":true,"href":"https:\/\/www.phivutabletennis.com\/index.php\/wp-json\/wp\/v2\/product_tag?post=1816"}],"curies":[{"name":"wp","href":"https:\/\/api.w.org\/{rel}","templated":true}]}}