{"id":1818,"date":"2023-06-20T00:43:14","date_gmt":"2023-06-19T17:43:14","guid":{"rendered":"https:\/\/www.phivutabletennis.com\/?post_type=product&#038;p=1818"},"modified":"2023-06-21T23:10:38","modified_gmt":"2023-06-21T16:10:38","slug":"vong-tay-phiten-titanium-bracelet-ip","status":"publish","type":"product","link":"https:\/\/www.phivutabletennis.com\/index.php\/product\/vong-tay-phiten-titanium-bracelet-ip\/","title":{"rendered":"V\u00f2ng Tay &#8211; PHITEN TITANIUM BRACELET IP"},"content":{"rendered":"<p><strong>V\u00f2ng tay Phiten titanium ip black (20.5cm)<\/strong><br \/>\nPhiten&#8217;s Titanium &#8220;IP&#8221; Bracelet Black (ION PLATING), v\u00f2ng \u0111eo tay li\u00ean k\u1ebft phi\u00ean b\u1ea3n gi\u1edbi h\u1ea1n n\u00e0y \u0111\u01b0\u1ee3c l\u00e0m t\u1eeb 100% Titanium nguy\u00ean ch\u1ea5t v\u1edbi l\u1edbp m\u1ea1 Ion kim lo\u1ea1i m\u00e0u \u0111en. Ch\u1ed1ng \u0103n m\u00f2n v\u00e0 nh\u1eb9 l\u00e0m cho n\u00f3 tr\u1edf th\u00e0nh m\u1ed9t ph\u1ee5 ki\u1ec7n linh ho\u1ea1t trong v\u00e0 ngo\u00e0i s\u00e2n ch\u01a1i. Chi\u1ebfc v\u00f2ng n\u00e0y c\u0169ng \u0111\u01b0\u1ee3c \u0111\u00ednh n\u0103m th\u1ecfi c\u1ea7u Titanium v\u00e0o b\u00ean trong v\u00f2ng tay.<br \/>\n<strong>Ch\u1ea5t li\u1ec7u:\u00a0<\/strong>100% Titanium nguy\u00ean ch\u1ea5t<\/p>\n<p><strong>C\u00f4ng d\u1ee5ng:<\/strong><br \/>\nGi\u00fap gi\u1ea3m b\u1edbt c\u0103ng th\u1eb3ng li\u00ean t\u1ee5c.<br \/>\nGi\u00fap c\u1ea3i thi\u1ec7n l\u01b0u th\u00f4ng m\u00e1u.<br \/>\nT\u0103ng c\u01b0\u1eddng s\u1ee9c m\u1ea1nh v\u00e0 t\u00ednh linh ho\u1ea1t.<br \/>\nGi\u00fap gi\u1ea3m \u0111au.<br \/>\nTuy\u1ec7t v\u1eddi cho th\u1ec3 thao ho\u1eb7c c\u00e1c ho\u1ea1t \u0111\u1ed9ng h\u00e0ng ng\u00e0y.<br \/>\nGi\u00fap th\u01b0 gi\u00e3n c\u01a1 b\u1eafp c\u1ee9ng.<br \/>\nTh\u00edch h\u1ee3p cho c\u1ea3 nam v\u00e0 n\u1eef.<br \/>\nM\u00e0u s\u1eafc: \u00e1nh kim<br \/>\nK\u00edch th\u01b0\u1edbc:<br \/>\nChi\u1ec1u d\u00e0i v\u00f2ng \u0111eo tay: 20cm<br \/>\nChi\u1ec1u r\u1ed9ng v\u00f2ng \u0111eo tay: 0,7 cm<br \/>\nQuy c\u00e1ch \u0111\u00f3ng g\u00f3i: 1 c\u00e1i\/h\u1ed9p<br \/>\nTh\u01b0\u01a1ng hi\u1ec7u: Phiten<\/p>\n<p>S\u1ea3n xu\u1ea5t t\u1ea1i Trung Qu\u1ed1c<\/p>\n<p>Tuy nhi\u00ean, s\u1ea3n ph\u1ea9m \u0111\u01b0\u1ee3c g\u1eedi l\u1ea1i Phiten Japan \u0111\u1ec3 x\u1eed l\u00fd c\u00f4ng ngh\u1ec7 c\u1ee7a h\u00e3ng<\/p>\n<p dir=\"ltr\"><strong>\u0110\u1ed1i t\u01b0\u1ee3ng s\u1eed d\u1ee5ng:<\/strong><\/p>\n<p dir=\"ltr\">&#8211; Ph\u00f9 h\u1ee3p cho m\u1ecdi l\u1ee9a tu\u1ed5i<\/p>\n<p dir=\"ltr\">&#8211; Ng\u01b0\u1eddi ch\u01a1i th\u1ec3 thao hay v\u1eadn \u0111\u1ed9ng vi\u00ean chuy\u00ean nghi\u1ec7p<\/p>\n<p dir=\"ltr\">&#8211; Ng\u01b0\u1eddi l\u00e0m vi\u1ec7c v\u0103n ph\u00f2ng, g\u00f5 m\u00e1y t\u00ednh nhi\u1ec1u ho\u1eb7c d\u00f9ng tay n\u00e2ng v\u1eadt n\u1eb7ng<\/p>\n<p dir=\"ltr\">&#8211; Ng\u01b0\u1eddi cao huy\u1ebft \u00e1p, huy\u1ebft \u00e1p kh\u00f4ng \u1ed5n \u0111\u1ecbnh<\/p>\n<p dir=\"ltr\">&#8211; Ng\u01b0\u1eddi m\u1ea5t ng\u1ee7, kh\u00f3 ng\u1ee7 hay gi\u1ea5c ng\u1ee7 kh\u00f4ng s\u00e2u.<\/p>\n","protected":false},"excerpt":{"rendered":"<p>V\u00f2ng tay Phiten titanium ip black (20.5cm) Phiten&#8217;s Titanium &#8220;IP&#8221; Bracelet Black (ION PLATING), v\u00f2ng \u0111eo tay li\u00ean k\u1ebft phi\u00ean b\u1ea3n gi\u1edbi h\u1ea1n n\u00e0y \u0111\u01b0\u1ee3c l\u00e0m t\u1eeb 100% Titanium nguy\u00ean ch\u1ea5t v\u1edbi l\u1edbp m\u1ea1 Ion kim lo\u1ea1i m\u00e0u \u0111en. Ch\u1ed1ng \u0103n m\u00f2n v\u00e0 nh\u1eb9 l\u00e0m cho n\u00f3 tr\u1edf th\u00e0nh m\u1ed9t ph\u1ee5 ki\u1ec7n linh ho\u1ea1t trong [&hellip;]<\/p>\n","protected":false},"featured_media":1806,"comment_status":"open","ping_status":"closed","template":"","meta":{"_eb_attr":""},"product_cat":[110,92,113],"product_tag":[],"class_list":["post-1818","product","type-product","status-publish","has-post-thumbnail","hentry","product_cat-phien-ban-gioi-han","product_cat-phiten","product_cat-vong-tay"],"_links":{"self":[{"href":"https:\/\/www.phivutabletennis.com\/index.php\/wp-json\/wp\/v2\/product\/1818","targetHints":{"allow":["GET"]}}],"collection":[{"href":"https:\/\/www.phivutabletennis.com\/index.php\/wp-json\/wp\/v2\/product"}],"about":[{"href":"https:\/\/www.phivutabletennis.com\/index.php\/wp-json\/wp\/v2\/types\/product"}],"replies":[{"embeddable":true,"href":"https:\/\/www.phivutabletennis.com\/index.php\/wp-json\/wp\/v2\/comments?post=1818"}],"wp:featuredmedia":[{"embeddable":true,"href":"https:\/\/www.phivutabletennis.com\/index.php\/wp-json\/wp\/v2\/media\/1806"}],"wp:attachment":[{"href":"https:\/\/www.phivutabletennis.com\/index.php\/wp-json\/wp\/v2\/media?parent=1818"}],"wp:term":[{"taxonomy":"product_cat","embeddable":true,"href":"https:\/\/www.phivutabletennis.com\/index.php\/wp-json\/wp\/v2\/product_cat?post=1818"},{"taxonomy":"product_tag","embeddable":true,"href":"https:\/\/www.phivutabletennis.com\/index.php\/wp-json\/wp\/v2\/product_tag?post=1818"}],"curies":[{"name":"wp","href":"https:\/\/api.w.org\/{rel}","templated":true}]}}