{"id":1819,"date":"2023-06-20T00:50:23","date_gmt":"2023-06-19T17:50:23","guid":{"rendered":"https:\/\/www.phivutabletennis.com\/?post_type=product&#038;p=1819"},"modified":"2023-06-20T00:50:23","modified_gmt":"2023-06-19T17:50:23","slug":"vong-deo-chan-phiten-glass-beads-anklet","status":"publish","type":"product","link":"https:\/\/www.phivutabletennis.com\/index.php\/product\/vong-deo-chan-phiten-glass-beads-anklet\/","title":{"rendered":"V\u00f2ng \u0110eo Ch\u00e2n &#8211; PHITEN GLASS BEADS ANKLET"},"content":{"rendered":"<p><strong>V\u00f2ng \u0111eo ch\u00e2n Phiten Glass Beads Anklet<\/strong><br \/>\n<strong>M\u00f4 t\u1ea3:<\/strong><\/p>\n<p>C\u00e1c h\u1ea1t th\u1ee7y tinh \u0111\u01b0\u1ee3c s\u1eed d\u1ee5ng \u0111\u1ec3 t\u1ea1o n\u00ean v\u00f2ng tay c\u00f3 t\u00ean l\u00e0 White Hearts &#8211; l\u00e0 lo\u1ea1i h\u1ea1t ph\u1ed5 bi\u1ebfn \u0111\u01b0\u1ee3c ng\u01b0\u1eddi M\u1ef9 b\u1ea3n \u0111\u1ecba y\u00eau th\u00edch t\u1eeb l\u00e2u. C\u00e1c h\u1ea1t \u0111\u00e3 qua s\u1eed d\u1ee5ng v\u1edbi h\u00ecnh \u1ea3nh m\u00e0u Aqua Titanium. Pha l\u00ea v\u00e0 Terahertz ph\u1ed5 bi\u1ebfn trong c\u00e1c l\u1ec5 h\u1ed9i trang s\u1ee9c \u0111\u01b0\u1ee3c \u0111\u1eb7t \u0111\u1ec3 k\u1ebft h\u1ee3p s\u1ef1 \u0111\u1ed9c \u0111\u00e1o c\u1ee7a Phiten. D\u1ec5 d\u00e0ng m\u1eb7c v\u00e0o v\u00e0 c\u1edfi ra v\u1edbi ch\u1ea5t \u0111\u00e0n h\u1ed3i \u0111\u00e0n h\u1ed3i.<br \/>\n<strong>Ch\u1ea5t li\u1ec7u:\u00a0<\/strong>H\u1ea1t th\u1ee7y tinh, Qu\u1ea3 c\u1ea7u titan, Pha l\u00ea, Terahertz, Magnesit, Ng\u1ecdc Th\u1ed5 Nh\u0129 K\u1ef3<br \/>\n&#8211; V\u00f2ng c\u1ed5 ch\u00e2n s\u1eed d\u1ee5ng h\u1ea1t th\u1ee7y tinh<br \/>\n&#8211; Th\u00eam m\u1eb7t c\u1eaft c\u1ee7a tinh th\u1ec3 pha l\u00ea<br \/>\n&#8211; D\u1ec5 d\u00e0ng \u0111eo v\u00e0o v\u00e0 c\u1edfi ra v\u1edbi \u0111\u1ed9 \u0111\u00e0n h\u1ed3i \u0111\u00fang ti\u00eau chu\u1ea9n k\u1ef9 thu\u1eadt<br \/>\n<strong>C\u00f4ng ngh\u1ec7<\/strong>:\u00a0c\u00f4ng ngh\u1ec7 \u0111\u1ed9c quy\u1ec1n Phiten Aqua Titanium<br \/>\n<strong>C\u00f4ng d\u1ee5ng:<\/strong><\/p>\n<p>&#8211; Gi\u00fap t\u0103ng c\u01b0\u1eddng v\u00e0 \u1ed5n \u0111\u1ecbnh tu\u1ea7n ho\u00e0n m\u00e1u.<\/p>\n<p>&#8211;\u00a0\u00a0Gi\u1ea3m c\u0103ng th\u1eb3ng, m\u1ec7t m\u1ecfi.<\/p>\n<p>&#8211; T\u0103ng c\u01b0\u1eddng s\u1ee9c m\u1ea1nh v\u00e0 s\u1ef1 linh ho\u1ea1t c\u1ee7a b\u1eafp ch\u00e2n v\u00e0 b\u00e0n ch\u00e2n<\/p>\n<p><strong>Size:<\/strong>\u00a023,5cm<br \/>\n<strong>M\u00e0u s\u1eafc:<\/strong>\u00a0\u0110\u1ecf, Xanh D\u01b0\u01a1ng<br \/>\n<strong>L\u01b0u \u00fd:<\/strong>\u00a0B\u1ea3o qu\u1ea3n \u1edf n\u01a1i s\u1ea1ch v\u00e0 kh\u00f4 r\u00e1o<br \/>\n<strong>Th\u01b0\u01a1ng hi\u1ec7u:<\/strong>\u00a0Phiten<br \/>\n<strong>Xu\u1ea5t x\u1ee9:\u00a0<\/strong>Nh\u1eadt B\u1ea3n<\/p>\n<p dir=\"ltr\"><strong>\u0110\u1ed1i t\u01b0\u1ee3ng s\u1eed d\u1ee5ng:<\/strong><\/p>\n<p dir=\"ltr\">&#8211; Ph\u00f9 h\u1ee3p cho m\u1ecdi l\u1ee9a tu\u1ed5i<\/p>\n<p dir=\"ltr\">&#8211; Ng\u01b0\u1eddi ch\u01a1i th\u1ec3 thao hay v\u1eadn \u0111\u1ed9ng vi\u00ean chuy\u00ean nghi\u1ec7p<\/p>\n<p dir=\"ltr\">&#8211; Ng\u01b0\u1eddi cao huy\u1ebft \u00e1p, huy\u1ebft \u00e1p kh\u00f4ng \u1ed5n \u0111\u1ecbnh<\/p>\n<p dir=\"ltr\">&#8211; Ng\u01b0\u1eddi m\u1ea5t ng\u1ee7, kh\u00f3 ng\u1ee7 hay gi\u1ea5c ng\u1ee7 kh\u00f4ng s\u00e2u.<\/p>\n","protected":false},"excerpt":{"rendered":"<p>V\u00f2ng \u0111eo ch\u00e2n Phiten Glass Beads Anklet M\u00f4 t\u1ea3: C\u00e1c h\u1ea1t th\u1ee7y tinh \u0111\u01b0\u1ee3c s\u1eed d\u1ee5ng \u0111\u1ec3 t\u1ea1o n\u00ean v\u00f2ng tay c\u00f3 t\u00ean l\u00e0 White Hearts &#8211; l\u00e0 lo\u1ea1i h\u1ea1t ph\u1ed5 bi\u1ebfn \u0111\u01b0\u1ee3c ng\u01b0\u1eddi M\u1ef9 b\u1ea3n \u0111\u1ecba y\u00eau th\u00edch t\u1eeb l\u00e2u. C\u00e1c h\u1ea1t \u0111\u00e3 qua s\u1eed d\u1ee5ng v\u1edbi h\u00ecnh \u1ea3nh m\u00e0u Aqua Titanium. Pha l\u00ea [&hellip;]<\/p>\n","protected":false},"featured_media":1820,"comment_status":"open","ping_status":"closed","template":"","meta":{"_eb_attr":""},"product_cat":[92,114],"product_tag":[],"class_list":["post-1819","product","type-product","status-publish","has-post-thumbnail","hentry","product_cat-phiten","product_cat-vong-chan"],"_links":{"self":[{"href":"https:\/\/www.phivutabletennis.com\/index.php\/wp-json\/wp\/v2\/product\/1819","targetHints":{"allow":["GET"]}}],"collection":[{"href":"https:\/\/www.phivutabletennis.com\/index.php\/wp-json\/wp\/v2\/product"}],"about":[{"href":"https:\/\/www.phivutabletennis.com\/index.php\/wp-json\/wp\/v2\/types\/product"}],"replies":[{"embeddable":true,"href":"https:\/\/www.phivutabletennis.com\/index.php\/wp-json\/wp\/v2\/comments?post=1819"}],"wp:featuredmedia":[{"embeddable":true,"href":"https:\/\/www.phivutabletennis.com\/index.php\/wp-json\/wp\/v2\/media\/1820"}],"wp:attachment":[{"href":"https:\/\/www.phivutabletennis.com\/index.php\/wp-json\/wp\/v2\/media?parent=1819"}],"wp:term":[{"taxonomy":"product_cat","embeddable":true,"href":"https:\/\/www.phivutabletennis.com\/index.php\/wp-json\/wp\/v2\/product_cat?post=1819"},{"taxonomy":"product_tag","embeddable":true,"href":"https:\/\/www.phivutabletennis.com\/index.php\/wp-json\/wp\/v2\/product_tag?post=1819"}],"curies":[{"name":"wp","href":"https:\/\/api.w.org\/{rel}","templated":true}]}}