{"id":1823,"date":"2023-06-20T00:53:44","date_gmt":"2023-06-19T17:53:44","guid":{"rendered":"https:\/\/www.phivutabletennis.com\/?post_type=product&#038;p=1823"},"modified":"2023-06-20T00:53:44","modified_gmt":"2023-06-19T17:53:44","slug":"vong-chan-phiten-rakuwa-anklet-extreme-twist","status":"publish","type":"product","link":"https:\/\/www.phivutabletennis.com\/index.php\/product\/vong-chan-phiten-rakuwa-anklet-extreme-twist\/","title":{"rendered":"V\u00f2ng Ch\u00e2n &#8211; PHITEN RAKUWA ANKLET EXTREME TWIST"},"content":{"rendered":"<p><strong>V\u00f2ng Ch\u00e2n Phiten Rakuwa Anklet Extreme Twist<\/strong><\/p>\n<p>Thi\u1ebft k\u1ebf \u0111\u1ea7y phong c\u00e1ch v\u00e0 \u1ea5n t\u01b0\u1ee3ng. C\u00f3 kh\u1ea3 n\u0103ng ch\u1ed1ng n\u01b0\u1edbc t\u1ed1t. Ch\u00fang t\u00f4i thi\u1ebft k\u1ebf v\u00e0 th\u00eam c\u00e1c \u0111\u01b0\u1eddng v\u00e2n \u1ea5n t\u01b0\u1ee3ng mang \u0111\u1ebfn c\u1ea3m gi\u00e1c th\u1ec3 thao \u0111\u1ea7y m\u1ea1nh m\u1ebd.<\/p>\n<p>N\u1ebfu b\u1ea1n l\u00e0m vi\u1ec7c v\u0103n ph\u00f2ng &#8211; g\u00f5 m\u00e1y t\u00ednh c\u1ea3 ng\u00e0y &#8211; ho\u1eb7c c\u00f4ng vi\u1ec7c ph\u1ea3i d\u00f9ngch\u00e2n\u00a0n\u00e2ng v\u00e1c th\u00ec ph\u1ea7n th\u00e2n tr\u00ean ph\u1ea3i ch\u1ecbu s\u1ee9c c\u0103ng li\u00ean t\u1ee5c. V\u00f2ng \u0111eo ch\u00e2n\u00a0Rakuwa gi\u00fap \u0111\u1ed1i ph\u00f3 v\u1edbi nh\u1eefng \u1ea3nh h\u01b0\u1edfng c\u1ee7a c\u0103ng th\u1eb3ng th\u1ec3 ch\u1ea5t h\u00e0ng ng\u00e0y \u0111\u00f3.<\/p>\n<p><strong>Ch\u1ea5t li\u1ec7u:<\/strong>\u00a0Silicone.<\/p>\n<p><strong>G\u1ee3i \u00fd s\u1eed d\u1ee5ng<\/strong><\/p>\n<p>&#8211; Gi\u00fap gi\u1ea3m b\u1edbt c\u0103ng th\u1eb3ng li\u00ean t\u1ee5c.<\/p>\n<p>&#8211; Gi\u00fap c\u1ea3i thi\u1ec7n l\u01b0u th\u00f4ng m\u00e1u.<\/p>\n<p>&#8211; T\u0103ng c\u01b0\u1eddng s\u1ee9c m\u1ea1nh v\u00e0 t\u00ednh linh ho\u1ea1t cho b\u1eafp ch\u00e2n, b\u00e0n ch\u00e2n<\/p>\n<p>&#8211; Gi\u00fap gi\u1ea3m \u0111au v\u00e0 ph\u1ee5c h\u1ed3i s\u1ee9c kh\u1ecfe t\u1ed5ng th\u1ec3 c\u1ee7a b\u1ea1n<\/p>\n<p>&#8211; Gi\u00fap th\u01b0 gi\u00e3n c\u01a1 b\u1eafp b\u1ecb c\u0103ng c\u1ee9ng.<\/p>\n<p><strong>K\u00edch th\u01b0\u1edbc:<\/strong>\u00a021 cm v\u00e0 23 cm<\/p>\n<p><strong>M\u00e0u s\u1eafc<\/strong>: \u0110\u1ecf tr\u1eafng\/ \u0110en \u0111\u1ecf<\/p>\n<p><strong>N\u01a1i s\u1ea3n xu\u1ea5t:<\/strong>\u00a0Philippine<\/p>\n<p dir=\"ltr\"><strong>\u0110\u1ed1i t\u01b0\u1ee3ng s\u1eed d\u1ee5ng<\/strong><\/p>\n<p dir=\"ltr\">&#8211; Ph\u00f9 h\u1ee3p cho m\u1ecdi l\u1ee9a tu\u1ed5i<\/p>\n<p dir=\"ltr\">&#8211; Ng\u01b0\u1eddi ch\u01a1i th\u1ec3 thao hay v\u1eadn \u0111\u1ed9ng vi\u00ean chuy\u00ean nghi\u1ec7p<\/p>\n<p dir=\"ltr\">&#8211; Ng\u01b0\u1eddi cao huy\u1ebft \u00e1p, huy\u1ebft \u00e1p kh\u00f4ng \u1ed5n \u0111\u1ecbnh<\/p>\n<p dir=\"ltr\">&#8211; Ng\u01b0\u1eddi m\u1ea5t ng\u1ee7, kh\u00f3 ng\u1ee7 hay gi\u1ea5c ng\u1ee7 kh\u00f4ng s\u00e2u.<\/p>\n<p dir=\"ltr\"><a href=\"https:\/\/www.phivutabletennis.com\/wp-content\/uploads\/2023\/06\/IfzX3Z1VCMrUxhueuUaizNnAiOwXaMTLpiNnoiBJ.jpeg\"><img loading=\"lazy\" decoding=\"async\" class=\"alignnone size-full wp-image-1827\" src=\"https:\/\/www.phivutabletennis.com\/wp-content\/uploads\/2023\/06\/IfzX3Z1VCMrUxhueuUaizNnAiOwXaMTLpiNnoiBJ.jpeg\" alt=\"\" width=\"1100\" height=\"1100\" srcset=\"https:\/\/www.phivutabletennis.com\/wp-content\/uploads\/2023\/06\/IfzX3Z1VCMrUxhueuUaizNnAiOwXaMTLpiNnoiBJ.jpeg 1100w, https:\/\/www.phivutabletennis.com\/wp-content\/uploads\/2023\/06\/IfzX3Z1VCMrUxhueuUaizNnAiOwXaMTLpiNnoiBJ-300x300.jpeg 300w, https:\/\/www.phivutabletennis.com\/wp-content\/uploads\/2023\/06\/IfzX3Z1VCMrUxhueuUaizNnAiOwXaMTLpiNnoiBJ-100x100.jpeg 100w, https:\/\/www.phivutabletennis.com\/wp-content\/uploads\/2023\/06\/IfzX3Z1VCMrUxhueuUaizNnAiOwXaMTLpiNnoiBJ-600x600.jpeg 600w, https:\/\/www.phivutabletennis.com\/wp-content\/uploads\/2023\/06\/IfzX3Z1VCMrUxhueuUaizNnAiOwXaMTLpiNnoiBJ-1024x1024.jpeg 1024w, https:\/\/www.phivutabletennis.com\/wp-content\/uploads\/2023\/06\/IfzX3Z1VCMrUxhueuUaizNnAiOwXaMTLpiNnoiBJ-150x150.jpeg 150w, https:\/\/www.phivutabletennis.com\/wp-content\/uploads\/2023\/06\/IfzX3Z1VCMrUxhueuUaizNnAiOwXaMTLpiNnoiBJ-768x768.jpeg 768w\" sizes=\"auto, (max-width: 1100px) 100vw, 1100px\" \/><\/a><\/p>\n","protected":false},"excerpt":{"rendered":"<p>V\u00f2ng Ch\u00e2n Phiten Rakuwa Anklet Extreme Twist Thi\u1ebft k\u1ebf \u0111\u1ea7y phong c\u00e1ch v\u00e0 \u1ea5n t\u01b0\u1ee3ng. C\u00f3 kh\u1ea3 n\u0103ng ch\u1ed1ng n\u01b0\u1edbc t\u1ed1t. Ch\u00fang t\u00f4i thi\u1ebft k\u1ebf v\u00e0 th\u00eam c\u00e1c \u0111\u01b0\u1eddng v\u00e2n \u1ea5n t\u01b0\u1ee3ng mang \u0111\u1ebfn c\u1ea3m gi\u00e1c th\u1ec3 thao \u0111\u1ea7y m\u1ea1nh m\u1ebd. N\u1ebfu b\u1ea1n l\u00e0m vi\u1ec7c v\u0103n ph\u00f2ng &#8211; g\u00f5 m\u00e1y t\u00ednh c\u1ea3 ng\u00e0y &#8211; ho\u1eb7c [&hellip;]<\/p>\n","protected":false},"featured_media":1824,"comment_status":"open","ping_status":"closed","template":"","meta":{"_eb_attr":""},"product_cat":[92,114],"product_tag":[],"class_list":["post-1823","product","type-product","status-publish","has-post-thumbnail","hentry","product_cat-phiten","product_cat-vong-chan"],"_links":{"self":[{"href":"https:\/\/www.phivutabletennis.com\/index.php\/wp-json\/wp\/v2\/product\/1823","targetHints":{"allow":["GET"]}}],"collection":[{"href":"https:\/\/www.phivutabletennis.com\/index.php\/wp-json\/wp\/v2\/product"}],"about":[{"href":"https:\/\/www.phivutabletennis.com\/index.php\/wp-json\/wp\/v2\/types\/product"}],"replies":[{"embeddable":true,"href":"https:\/\/www.phivutabletennis.com\/index.php\/wp-json\/wp\/v2\/comments?post=1823"}],"wp:featuredmedia":[{"embeddable":true,"href":"https:\/\/www.phivutabletennis.com\/index.php\/wp-json\/wp\/v2\/media\/1824"}],"wp:attachment":[{"href":"https:\/\/www.phivutabletennis.com\/index.php\/wp-json\/wp\/v2\/media?parent=1823"}],"wp:term":[{"taxonomy":"product_cat","embeddable":true,"href":"https:\/\/www.phivutabletennis.com\/index.php\/wp-json\/wp\/v2\/product_cat?post=1823"},{"taxonomy":"product_tag","embeddable":true,"href":"https:\/\/www.phivutabletennis.com\/index.php\/wp-json\/wp\/v2\/product_tag?post=1823"}],"curies":[{"name":"wp","href":"https:\/\/api.w.org\/{rel}","templated":true}]}}