{"id":1836,"date":"2023-06-20T01:08:52","date_gmt":"2023-06-19T18:08:52","guid":{"rendered":"https:\/\/www.phivutabletennis.com\/?post_type=product&#038;p=1836"},"modified":"2023-06-27T20:16:35","modified_gmt":"2023-06-27T13:16:35","slug":"vong-co-phiten-rakuwa-necklace-s-ii_mg","status":"publish","type":"product","link":"https:\/\/www.phivutabletennis.com\/index.php\/product\/vong-co-phiten-rakuwa-necklace-s-ii_mg\/","title":{"rendered":"V\u00f2ng C\u1ed5 PHITEN RAKUWA NECKLACE S-II_MG"},"content":{"rendered":"<p>V\u00f2ng c\u1ed5 Phiten rakuwa s-ii mg<br \/>\n<strong>M\u00f4 t\u1ea3 s\u1ea3n ph\u1ea9m:<\/strong><br \/>\nV\u00f2ng c\u1ed5 S-II MG mang phong c\u00e1ch th\u1ec3 thao v\u00e0 k\u1ebf th\u1eeba n\u00e9t th\u1eddi trang t\u1eeb s\u1ea3n ph\u1ea9m \u0111\u00e3 r\u1ea5t th\u00e0nh c\u00f4ng c\u1ee7a d\u00e2y chuy\u1ec1n Phiten Rakuwa X100 Chopper. V\u1eadt li\u1ec7u c\u00f3 \u0111\u1ed9 b\u1ec1n cao l\u00e0 s\u1ef1 l\u1ef1a ch\u1ecdn ho\u00e0n h\u1ea3o cho c\u00e1c ho\u1ea1t \u0111\u1ed9ng th\u1ec3 thao.<br \/>\nV\u00f2ng c\u1ed5 c\u00f3 ch\u1ee9a AQUA TITANIUM v\u00e0 4 nam ch\u00e2m v\u1edbi c\u01b0\u1eddng \u0111\u1ed9 c\u1ea3m \u1ee9ng t\u1eeb 130 militesla. V\u00f2ng c\u1ed5 S-II MG\u00a0\u0111\u01b0\u1ee3c y\u00eau th\u00edch b\u1edfi m\u00e0u s\u1eafc m\u00e3nh m\u1ebd t\u1ea1o n\u00ean s\u1ef1 cu\u1ed1n h\u00fat r\u1ea5t \u0111\u1eb7c bi\u1ec7t.<br \/>\n<strong>Ch\u1ea5t li\u1ec7u<\/strong>:\u00a0Silicone, Polycarbonate<br \/>\n<strong>C\u00f4ng ngh\u1ec7<\/strong>:\u00a0AQUA TITANIUM<br \/>\n<strong>C\u00f4ng d\u1ee5ng<\/strong>:<br \/>\n&#8211; Gi\u00fap gi\u1ea3m b\u1edbt c\u0103ng th\u1eb3ng li\u00ean t\u1ee5c.<br \/>\n&#8211; Gi\u00fap c\u1ea3i thi\u1ec7n l\u01b0u th\u00f4ng m\u00e1u.<br \/>\n&#8211; C\u1ea3i thi\u1ec7n gi\u1ea5c ng\u1ee7, gi\u00fap ng\u1ee7 ngon v\u00e0 ng\u1ee7 s\u00e2u h\u01a1n<br \/>\n&#8211; Gi\u00fap gi\u1ea3m \u0111au v\u00e0 ph\u1ee5c h\u1ed3i c\u00e1c ki\u1ec3u ng\u1ee7 c\u1ee7a b\u1ea1n.<br \/>\n&#8211; Gi\u1ea3m \u0111au vai v\u00e0 c\u1ed5.<br \/>\n&#8211; Tuy\u1ec7t v\u1eddi cho th\u1ec3 thao ho\u1eb7c c\u00e1c ho\u1ea1t \u0111\u1ed9ng h\u00e0ng ng\u00e0y<br \/>\n&#8211; Gi\u00fap th\u01b0 gi\u00e3n c\u01a1 b\u1eafp c\u1ee9ng.<\/p>\n<p><strong>K\u00edch th\u01b0\u1edbc<\/strong>:\u00a045cm, 55cm<br \/>\n<strong>M\u00e0u s\u1eafc:<\/strong>\u00a0\u0111en, tr\u1eafng, h\u1ed3ng<br \/>\n<strong>L\u01b0u \u00fd:<\/strong>\u00a0B\u1ea3o qu\u1ea3n \u1edf n\u01a1i s\u1ea1ch v\u00e0 kh\u00f4 r\u00e1o<br \/>\n<strong>Th\u01b0\u01a1ng hi\u1ec7u:<\/strong>\u00a0Phiten<br \/>\n<strong>S\u1ea3n xu\u1ea5t:<\/strong>\u00a0t\u1ea1i Nh\u1eadt B\u1ea3n<\/p>\n<p dir=\"ltr\"><strong>\u0110\u1ed1i t\u01b0\u1ee3ng s\u1eed d\u1ee5ng:<\/strong><\/p>\n<p dir=\"ltr\">&#8211; Ph\u00f9 h\u1ee3p cho m\u1ecdi l\u1ee9a tu\u1ed5i<\/p>\n<p dir=\"ltr\">&#8211; Ng\u01b0\u1eddi cao huy\u1ebft \u00e1p, huy\u1ebft \u00e1p kh\u00f4ng \u1ed5n \u0111\u1ecbnh<\/p>\n<p dir=\"ltr\">&#8211; Ng\u01b0\u1eddi m\u1eafc c\u00e1c ch\u1ee9ng \u0111au c\u1ed5 vai g\u00e1y<\/p>\n<p dir=\"ltr\">&#8211; Ng\u01b0\u1eddi m\u1ea5t ng\u1ee7, kh\u00f3 ng\u1ee7 hay gi\u1ea5c ng\u1ee7 kh\u00f4ng s\u00e2u<\/p>\n<p dir=\"ltr\">&#8211; Ng\u01b0\u1eddi ch\u01a1i th\u1ec3 thao, v\u1eadn \u0111\u1ed9ng vi\u00ean th\u1ec3 thao.<a href=\"https:\/\/www.phivutabletennis.com\/wp-content\/uploads\/2023\/06\/9HfKNg40Eu29co2aElKgFhbk9GyvwVXw5oCeUN2T.jpeg\"><img loading=\"lazy\" decoding=\"async\" class=\"alignnone size-full wp-image-1838\" src=\"https:\/\/www.phivutabletennis.com\/wp-content\/uploads\/2023\/06\/9HfKNg40Eu29co2aElKgFhbk9GyvwVXw5oCeUN2T.jpeg\" alt=\"\" width=\"730\" height=\"624\" srcset=\"https:\/\/www.phivutabletennis.com\/wp-content\/uploads\/2023\/06\/9HfKNg40Eu29co2aElKgFhbk9GyvwVXw5oCeUN2T.jpeg 730w, https:\/\/www.phivutabletennis.com\/wp-content\/uploads\/2023\/06\/9HfKNg40Eu29co2aElKgFhbk9GyvwVXw5oCeUN2T-600x513.jpeg 600w, https:\/\/www.phivutabletennis.com\/wp-content\/uploads\/2023\/06\/9HfKNg40Eu29co2aElKgFhbk9GyvwVXw5oCeUN2T-300x256.jpeg 300w\" sizes=\"auto, (max-width: 730px) 100vw, 730px\" \/><\/a> <a href=\"https:\/\/www.phivutabletennis.com\/wp-content\/uploads\/2023\/06\/BVsxcEgrjxjCbhmSpPLrbW4Wm1p4rGCwlJrrR5RL.jpeg\"><img loading=\"lazy\" decoding=\"async\" class=\"alignnone size-full wp-image-1839\" src=\"https:\/\/www.phivutabletennis.com\/wp-content\/uploads\/2023\/06\/BVsxcEgrjxjCbhmSpPLrbW4Wm1p4rGCwlJrrR5RL.jpeg\" alt=\"\" width=\"730\" height=\"691\" srcset=\"https:\/\/www.phivutabletennis.com\/wp-content\/uploads\/2023\/06\/BVsxcEgrjxjCbhmSpPLrbW4Wm1p4rGCwlJrrR5RL.jpeg 730w, https:\/\/www.phivutabletennis.com\/wp-content\/uploads\/2023\/06\/BVsxcEgrjxjCbhmSpPLrbW4Wm1p4rGCwlJrrR5RL-600x568.jpeg 600w, https:\/\/www.phivutabletennis.com\/wp-content\/uploads\/2023\/06\/BVsxcEgrjxjCbhmSpPLrbW4Wm1p4rGCwlJrrR5RL-300x284.jpeg 300w\" sizes=\"auto, (max-width: 730px) 100vw, 730px\" \/><\/a> <a href=\"https:\/\/www.phivutabletennis.com\/wp-content\/uploads\/2023\/06\/iQ11lu0fPcN4a6C9ykWRrY1CmZBl1kyC4Yja2xyu.jpeg\"><img loading=\"lazy\" decoding=\"async\" class=\"alignnone size-full wp-image-1840\" src=\"https:\/\/www.phivutabletennis.com\/wp-content\/uploads\/2023\/06\/iQ11lu0fPcN4a6C9ykWRrY1CmZBl1kyC4Yja2xyu.jpeg\" alt=\"\" width=\"730\" height=\"796\" srcset=\"https:\/\/www.phivutabletennis.com\/wp-content\/uploads\/2023\/06\/iQ11lu0fPcN4a6C9ykWRrY1CmZBl1kyC4Yja2xyu.jpeg 730w, https:\/\/www.phivutabletennis.com\/wp-content\/uploads\/2023\/06\/iQ11lu0fPcN4a6C9ykWRrY1CmZBl1kyC4Yja2xyu-600x654.jpeg 600w, https:\/\/www.phivutabletennis.com\/wp-content\/uploads\/2023\/06\/iQ11lu0fPcN4a6C9ykWRrY1CmZBl1kyC4Yja2xyu-275x300.jpeg 275w\" sizes=\"auto, (max-width: 730px) 100vw, 730px\" \/><\/a> <a href=\"https:\/\/www.phivutabletennis.com\/wp-content\/uploads\/2023\/06\/MEht9ShuzYNbgiyhbjQ66CYU9vj8gvRG0JvS0nJ2.jpeg\"><img loading=\"lazy\" decoding=\"async\" class=\"alignnone size-full wp-image-1842\" src=\"https:\/\/www.phivutabletennis.com\/wp-content\/uploads\/2023\/06\/MEht9ShuzYNbgiyhbjQ66CYU9vj8gvRG0JvS0nJ2.jpeg\" alt=\"\" width=\"730\" height=\"362\" srcset=\"https:\/\/www.phivutabletennis.com\/wp-content\/uploads\/2023\/06\/MEht9ShuzYNbgiyhbjQ66CYU9vj8gvRG0JvS0nJ2.jpeg 730w, https:\/\/www.phivutabletennis.com\/wp-content\/uploads\/2023\/06\/MEht9ShuzYNbgiyhbjQ66CYU9vj8gvRG0JvS0nJ2-600x298.jpeg 600w, https:\/\/www.phivutabletennis.com\/wp-content\/uploads\/2023\/06\/MEht9ShuzYNbgiyhbjQ66CYU9vj8gvRG0JvS0nJ2-300x149.jpeg 300w\" sizes=\"auto, (max-width: 730px) 100vw, 730px\" \/><\/a><\/p>\n","protected":false},"excerpt":{"rendered":"<p>V\u00f2ng c\u1ed5 Phiten rakuwa s-ii mg M\u00f4 t\u1ea3 s\u1ea3n ph\u1ea9m: V\u00f2ng c\u1ed5 S-II MG mang phong c\u00e1ch th\u1ec3 thao v\u00e0 k\u1ebf th\u1eeba n\u00e9t th\u1eddi trang t\u1eeb s\u1ea3n ph\u1ea9m \u0111\u00e3 r\u1ea5t th\u00e0nh c\u00f4ng c\u1ee7a d\u00e2y chuy\u1ec1n Phiten Rakuwa X100 Chopper. V\u1eadt li\u1ec7u c\u00f3 \u0111\u1ed9 b\u1ec1n cao l\u00e0 s\u1ef1 l\u1ef1a ch\u1ecdn ho\u00e0n h\u1ea3o cho c\u00e1c ho\u1ea1t \u0111\u1ed9ng [&hellip;]<\/p>\n","protected":false},"featured_media":1844,"comment_status":"open","ping_status":"closed","template":"","meta":{"_eb_attr":""},"product_cat":[92,122,112],"product_tag":[],"class_list":["post-1836","product","type-product","status-publish","has-post-thumbnail","hentry","product_cat-phiten","product_cat-vong-tay-rakuwa-mg-series","product_cat-vong-co"],"_links":{"self":[{"href":"https:\/\/www.phivutabletennis.com\/index.php\/wp-json\/wp\/v2\/product\/1836","targetHints":{"allow":["GET"]}}],"collection":[{"href":"https:\/\/www.phivutabletennis.com\/index.php\/wp-json\/wp\/v2\/product"}],"about":[{"href":"https:\/\/www.phivutabletennis.com\/index.php\/wp-json\/wp\/v2\/types\/product"}],"replies":[{"embeddable":true,"href":"https:\/\/www.phivutabletennis.com\/index.php\/wp-json\/wp\/v2\/comments?post=1836"}],"wp:featuredmedia":[{"embeddable":true,"href":"https:\/\/www.phivutabletennis.com\/index.php\/wp-json\/wp\/v2\/media\/1844"}],"wp:attachment":[{"href":"https:\/\/www.phivutabletennis.com\/index.php\/wp-json\/wp\/v2\/media?parent=1836"}],"wp:term":[{"taxonomy":"product_cat","embeddable":true,"href":"https:\/\/www.phivutabletennis.com\/index.php\/wp-json\/wp\/v2\/product_cat?post=1836"},{"taxonomy":"product_tag","embeddable":true,"href":"https:\/\/www.phivutabletennis.com\/index.php\/wp-json\/wp\/v2\/product_tag?post=1836"}],"curies":[{"name":"wp","href":"https:\/\/api.w.org\/{rel}","templated":true}]}}