{"id":1847,"date":"2023-06-20T01:12:07","date_gmt":"2023-06-19T18:12:07","guid":{"rendered":"https:\/\/www.phivutabletennis.com\/?post_type=product&#038;p=1847"},"modified":"2023-06-27T20:16:46","modified_gmt":"2023-06-27T13:16:46","slug":"vong-co-phiten-rakuwa-mg-blt","status":"publish","type":"product","link":"https:\/\/www.phivutabletennis.com\/index.php\/product\/vong-co-phiten-rakuwa-mg-blt\/","title":{"rendered":"V\u00f2ng C\u1ed5 PHITEN RAKUWA MG BLT"},"content":{"rendered":"<p>V\u00f2ng c\u1ed5 h\u00ecnh vi\u00ean \u0111\u1ea1n Titanium MG Bullet m\u1edbi c\u1ee7a Phiten, \u0111\u01b0\u1ee3c \u01b0a th\u00edch b\u1edfi golfer chuy\u00ean nghi\u1ec7p Hideki Matsuyama, \u0111\u01b0\u1ee3c s\u1eed d\u1ee5ng c\u00f4ng ngh\u1ec7 X50 AQUA-TITaniUM c\u1ee7a Phiten v\u1edbi n\u1ed3ng \u0111\u1ed9 cao h\u01a1n v\u00e0 c\u0169ng k\u1ebft h\u1ee3p v\u1edbi m\u1ed9t nam ch\u00e2m \u0111\u1ec3 t\u0103ng th\u00eam l\u1ee3i \u00edch.<br \/>\n\u0110\u01b0\u1ee3c thi\u1ebft k\u1ebf v\u1edbi v\u1ebb ngo\u00e0i tr\u1ebb trung, Titanium MG Bullet ho\u00e0n h\u1ea3o cho ng\u01b0\u1eddi nam gi\u1edbi v\u00e0 ph\u1ee5 n\u1eef hi\u1ec7n \u0111\u1ea1i. C\u00e1c s\u1ee3i d\u00e2y \u0111\u01b0\u1ee3c ph\u1ee7 m\u1ed9t l\u1edbp kim lo\u1ea1i s\u00e1ng b\u00f3ng, b\u1ec1n h\u01a1n, sang tr\u1ecdng h\u01a1n.<\/p>\n<p><strong>Ch\u1ea5t li\u1ec7u:<\/strong>\u00a0B\u00ean ngo\u00e0i &#8211; Polyester, Polyester Lame;\u00a0B\u00ean trong &#8211; Nam ch\u00e2m.\u00a0M\u00f3c kh\u00f3a &#8211; Kh\u00f4ng g\u1ec9 \/ Urethane.\u00a0V\u00f2ng d\u00e2y\u00a0&#8211; Silicone<br \/>\n<strong>C\u00f4ng ngh\u1ec7:\u00a0<\/strong>AQUA-TITaniUM\u00ae (X50) v\u00e0\u00a0MICRO-TITaniUM SPHERES\u00ae<br \/>\n<strong>S\u1ea3n xu\u1ea5t t\u1ea1i Nh\u1eadt B\u1ea3n<\/strong><\/p>\n<p><strong>G\u1ee3i \u00fd s\u1eed d\u1ee5ng<\/strong><br \/>\n&#8211; Gi\u00fap gi\u1ea3m b\u1edbt c\u0103ng th\u1eb3ng li\u00ean t\u1ee5c.<br \/>\n&#8211; Gi\u00fap c\u1ea3i thi\u1ec7n l\u01b0u th\u00f4ng m\u00e1u.<br \/>\n&#8211; C\u1ea3i thi\u1ec7n ch\u1ea5t l\u01b0\u1ee3ng gi\u1ea5c ng\u1ee7, gi\u00fap ng\u1ee7 ngon v\u00e0 s\u00e2u h\u01a1n.<br \/>\n&#8211; Gi\u00fap th\u01b0 gi\u00e3n c\u01a1 th\u1ec3 v\u00e0 gi\u1ea3m \u0111au vai v\u00e0 c\u1ed5<br \/>\n&#8211; H\u1ed7 tr\u1ee3 cho th\u1ec3 thao ho\u1eb7c c\u00e1c ho\u1ea1t \u0111\u1ed9ng h\u00e0ng ng\u00e0y<br \/>\n&#8211; Gi\u00fap th\u01b0 gi\u00e3n khi b\u1ecb c\u0103ng c\u01a1, \u0111au c\u01a1.<\/p>\n<p dir=\"ltr\"><strong>\u0110\u1ed1i t\u01b0\u1ee3ng s\u1eed d\u1ee5ng:<\/strong><\/p>\n<p dir=\"ltr\">&#8211; Ph\u00f9 h\u1ee3p cho m\u1ecdi l\u1ee9a tu\u1ed5i<\/p>\n<p dir=\"ltr\">&#8211; Ng\u01b0\u1eddi cao huy\u1ebft \u00e1p, huy\u1ebft \u00e1p kh\u00f4ng \u1ed5n \u0111\u1ecbnh<\/p>\n<p dir=\"ltr\">&#8211; Ng\u01b0\u1eddi m\u1eafc c\u00e1c ch\u1ee9ng \u0111au c\u1ed5 vai g\u00e1y<\/p>\n<p dir=\"ltr\">&#8211; Ng\u01b0\u1eddi m\u1ea5t ng\u1ee7, kh\u00f3 ng\u1ee7 hay gi\u1ea5c ng\u1ee7 kh\u00f4ng s\u00e2u<\/p>\n<p dir=\"ltr\">&#8211; Ng\u01b0\u1eddi ch\u01a1i th\u1ec3 thao, v\u1eadn \u0111\u1ed9ng vi\u00ean th\u1ec3 thao.<a href=\"https:\/\/www.phivutabletennis.com\/wp-content\/uploads\/2023\/06\/5hu1k7709hJZ2twp7JEAikbqe7r3mpWXNBmyn7HW.jpeg\"><img loading=\"lazy\" decoding=\"async\" class=\"alignnone size-full wp-image-1848\" src=\"https:\/\/www.phivutabletennis.com\/wp-content\/uploads\/2023\/06\/5hu1k7709hJZ2twp7JEAikbqe7r3mpWXNBmyn7HW.jpeg\" alt=\"\" width=\"730\" height=\"299\" srcset=\"https:\/\/www.phivutabletennis.com\/wp-content\/uploads\/2023\/06\/5hu1k7709hJZ2twp7JEAikbqe7r3mpWXNBmyn7HW.jpeg 730w, https:\/\/www.phivutabletennis.com\/wp-content\/uploads\/2023\/06\/5hu1k7709hJZ2twp7JEAikbqe7r3mpWXNBmyn7HW-600x246.jpeg 600w, https:\/\/www.phivutabletennis.com\/wp-content\/uploads\/2023\/06\/5hu1k7709hJZ2twp7JEAikbqe7r3mpWXNBmyn7HW-300x123.jpeg 300w\" sizes=\"auto, (max-width: 730px) 100vw, 730px\" \/><\/a> <a href=\"https:\/\/www.phivutabletennis.com\/wp-content\/uploads\/2023\/06\/BwISGiCBk8L4CBab4OY5VlcPuF7fmp348ENplOyL.jpeg\"><img loading=\"lazy\" decoding=\"async\" class=\"alignnone size-full wp-image-1850\" src=\"https:\/\/www.phivutabletennis.com\/wp-content\/uploads\/2023\/06\/BwISGiCBk8L4CBab4OY5VlcPuF7fmp348ENplOyL.jpeg\" alt=\"\" width=\"730\" height=\"610\" srcset=\"https:\/\/www.phivutabletennis.com\/wp-content\/uploads\/2023\/06\/BwISGiCBk8L4CBab4OY5VlcPuF7fmp348ENplOyL.jpeg 730w, https:\/\/www.phivutabletennis.com\/wp-content\/uploads\/2023\/06\/BwISGiCBk8L4CBab4OY5VlcPuF7fmp348ENplOyL-600x501.jpeg 600w, https:\/\/www.phivutabletennis.com\/wp-content\/uploads\/2023\/06\/BwISGiCBk8L4CBab4OY5VlcPuF7fmp348ENplOyL-300x251.jpeg 300w\" sizes=\"auto, (max-width: 730px) 100vw, 730px\" \/><\/a> <a href=\"https:\/\/www.phivutabletennis.com\/wp-content\/uploads\/2023\/06\/h4OPMW6rIlGTZkMCddr2H0VJj9taQKd5fvIDz8y4.jpeg\"><img loading=\"lazy\" decoding=\"async\" class=\"alignnone size-full wp-image-1851\" src=\"https:\/\/www.phivutabletennis.com\/wp-content\/uploads\/2023\/06\/h4OPMW6rIlGTZkMCddr2H0VJj9taQKd5fvIDz8y4.jpeg\" alt=\"\" width=\"730\" height=\"796\" srcset=\"https:\/\/www.phivutabletennis.com\/wp-content\/uploads\/2023\/06\/h4OPMW6rIlGTZkMCddr2H0VJj9taQKd5fvIDz8y4.jpeg 730w, https:\/\/www.phivutabletennis.com\/wp-content\/uploads\/2023\/06\/h4OPMW6rIlGTZkMCddr2H0VJj9taQKd5fvIDz8y4-600x654.jpeg 600w, https:\/\/www.phivutabletennis.com\/wp-content\/uploads\/2023\/06\/h4OPMW6rIlGTZkMCddr2H0VJj9taQKd5fvIDz8y4-275x300.jpeg 275w\" sizes=\"auto, (max-width: 730px) 100vw, 730px\" \/><\/a> <a href=\"https:\/\/www.phivutabletennis.com\/wp-content\/uploads\/2023\/06\/sMMIQskt4fn35edh6et3nn1oSQo2hTgBJUK8ffdr.jpeg\"><img loading=\"lazy\" decoding=\"async\" class=\"alignnone size-full wp-image-1853\" src=\"https:\/\/www.phivutabletennis.com\/wp-content\/uploads\/2023\/06\/sMMIQskt4fn35edh6et3nn1oSQo2hTgBJUK8ffdr.jpeg\" alt=\"\" width=\"730\" height=\"736\" srcset=\"https:\/\/www.phivutabletennis.com\/wp-content\/uploads\/2023\/06\/sMMIQskt4fn35edh6et3nn1oSQo2hTgBJUK8ffdr.jpeg 730w, https:\/\/www.phivutabletennis.com\/wp-content\/uploads\/2023\/06\/sMMIQskt4fn35edh6et3nn1oSQo2hTgBJUK8ffdr-100x100.jpeg 100w, https:\/\/www.phivutabletennis.com\/wp-content\/uploads\/2023\/06\/sMMIQskt4fn35edh6et3nn1oSQo2hTgBJUK8ffdr-600x605.jpeg 600w, https:\/\/www.phivutabletennis.com\/wp-content\/uploads\/2023\/06\/sMMIQskt4fn35edh6et3nn1oSQo2hTgBJUK8ffdr-298x300.jpeg 298w, https:\/\/www.phivutabletennis.com\/wp-content\/uploads\/2023\/06\/sMMIQskt4fn35edh6et3nn1oSQo2hTgBJUK8ffdr-150x150.jpeg 150w\" sizes=\"auto, (max-width: 730px) 100vw, 730px\" \/><\/a> <a href=\"https:\/\/www.phivutabletennis.com\/wp-content\/uploads\/2023\/06\/WlDeMtpJzTx1YNe3G66ze2fRlw1ntbYQ3hWCUFcT.jpeg\"><img loading=\"lazy\" decoding=\"async\" class=\"alignnone size-full wp-image-1855\" src=\"https:\/\/www.phivutabletennis.com\/wp-content\/uploads\/2023\/06\/WlDeMtpJzTx1YNe3G66ze2fRlw1ntbYQ3hWCUFcT.jpeg\" alt=\"\" width=\"896\" height=\"604\" srcset=\"https:\/\/www.phivutabletennis.com\/wp-content\/uploads\/2023\/06\/WlDeMtpJzTx1YNe3G66ze2fRlw1ntbYQ3hWCUFcT.jpeg 896w, https:\/\/www.phivutabletennis.com\/wp-content\/uploads\/2023\/06\/WlDeMtpJzTx1YNe3G66ze2fRlw1ntbYQ3hWCUFcT-600x404.jpeg 600w, https:\/\/www.phivutabletennis.com\/wp-content\/uploads\/2023\/06\/WlDeMtpJzTx1YNe3G66ze2fRlw1ntbYQ3hWCUFcT-300x202.jpeg 300w, https:\/\/www.phivutabletennis.com\/wp-content\/uploads\/2023\/06\/WlDeMtpJzTx1YNe3G66ze2fRlw1ntbYQ3hWCUFcT-768x518.jpeg 768w\" sizes=\"auto, (max-width: 896px) 100vw, 896px\" \/><\/a><\/p>\n","protected":false},"excerpt":{"rendered":"<p>V\u00f2ng c\u1ed5 h\u00ecnh vi\u00ean \u0111\u1ea1n Titanium MG Bullet m\u1edbi c\u1ee7a Phiten, \u0111\u01b0\u1ee3c \u01b0a th\u00edch b\u1edfi golfer chuy\u00ean nghi\u1ec7p Hideki Matsuyama, \u0111\u01b0\u1ee3c s\u1eed d\u1ee5ng c\u00f4ng ngh\u1ec7 X50 AQUA-TITaniUM c\u1ee7a Phiten v\u1edbi n\u1ed3ng \u0111\u1ed9 cao h\u01a1n v\u00e0 c\u0169ng k\u1ebft h\u1ee3p v\u1edbi m\u1ed9t nam ch\u00e2m \u0111\u1ec3 t\u0103ng th\u00eam l\u1ee3i \u00edch. \u0110\u01b0\u1ee3c thi\u1ebft k\u1ebf v\u1edbi v\u1ebb ngo\u00e0i tr\u1ebb trung, [&hellip;]<\/p>\n","protected":false},"featured_media":1849,"comment_status":"open","ping_status":"closed","template":"","meta":{"_eb_attr":""},"product_cat":[92,122,112],"product_tag":[],"class_list":["post-1847","product","type-product","status-publish","has-post-thumbnail","hentry","product_cat-phiten","product_cat-vong-tay-rakuwa-mg-series","product_cat-vong-co"],"_links":{"self":[{"href":"https:\/\/www.phivutabletennis.com\/index.php\/wp-json\/wp\/v2\/product\/1847","targetHints":{"allow":["GET"]}}],"collection":[{"href":"https:\/\/www.phivutabletennis.com\/index.php\/wp-json\/wp\/v2\/product"}],"about":[{"href":"https:\/\/www.phivutabletennis.com\/index.php\/wp-json\/wp\/v2\/types\/product"}],"replies":[{"embeddable":true,"href":"https:\/\/www.phivutabletennis.com\/index.php\/wp-json\/wp\/v2\/comments?post=1847"}],"wp:featuredmedia":[{"embeddable":true,"href":"https:\/\/www.phivutabletennis.com\/index.php\/wp-json\/wp\/v2\/media\/1849"}],"wp:attachment":[{"href":"https:\/\/www.phivutabletennis.com\/index.php\/wp-json\/wp\/v2\/media?parent=1847"}],"wp:term":[{"taxonomy":"product_cat","embeddable":true,"href":"https:\/\/www.phivutabletennis.com\/index.php\/wp-json\/wp\/v2\/product_cat?post=1847"},{"taxonomy":"product_tag","embeddable":true,"href":"https:\/\/www.phivutabletennis.com\/index.php\/wp-json\/wp\/v2\/product_tag?post=1847"}],"curies":[{"name":"wp","href":"https:\/\/api.w.org\/{rel}","templated":true}]}}