{"id":1862,"date":"2023-06-20T01:18:35","date_gmt":"2023-06-19T18:18:35","guid":{"rendered":"https:\/\/www.phivutabletennis.com\/?post_type=product&#038;p=1862"},"modified":"2023-06-27T20:17:52","modified_gmt":"2023-06-27T13:17:52","slug":"vong-co-phiten-rakuwa-necklace-metax-chopper-model","status":"publish","type":"product","link":"https:\/\/www.phivutabletennis.com\/index.php\/product\/vong-co-phiten-rakuwa-necklace-metax-chopper-model\/","title":{"rendered":"V\u00f2ng C\u1ed5 PHITEN RAKUWA NECKLACE METAX CHOPPER MODEL"},"content":{"rendered":"<p>\u0110\u01b0\u1ee3c thi\u1ebft k\u1ebf trang nh\u00e3, d\u00e2y chuy\u1ec1n V-Shape mang l\u1ea1i \u1ea5n t\u01b0\u1ee3ng nh\u1eb9 nh\u00e0ng \u00a0D\u00e2y chuy\u1ec1n Rakuwa Metax Chopper Model s\u1eed d\u1ee5ng c\u00f4ng ngh\u1ec7 Metax m\u1edbi c\u1ee7a Phiten. D\u00e2y c\u00f3 2 phi\u00ean b\u1ea3n: (1) m\u00e0u \u0111en (50cm) v\u1edbi ph\u1ea7n d\u00e2y \u0111\u01b0\u1ee3c thi\u1ebft k\u1ebf b\u1eb1ng v\u1eadt li\u1ec7u Nylon 66 si\u00eau bi\u1ec1n v\u00e0 (2) m\u00e0u n\u00e2u (40cm) v\u1edbi ph\u1ea7n d\u00e2y v\u1edbi h\u1ecda ti\u1ebft da. Ph\u1ea7n kh\u00f3a \u0111\u01b0\u1ee3c t\u00edch h\u1ee3p \u1edf ph\u1ea7n cu\u1ed1i m\u1eb7t ch\u1eef V v\u00e0 c\u00f3 th\u1ec3 m\u1edf \u0111\u01b0\u1ee3c c\u1ea3 2 b\u00ean.<\/p>\n<p><strong>Ch\u1ea5t li\u1ec7u cao c\u1ea5p<\/strong><br \/>\nRakuwa Necklace Metax Chopper t\u1ef1 h\u00e0o c\u00f3 s\u1ef1 k\u1ebft h\u1ee3p c\u1ee7a nhi\u1ec1u v\u1eadt li\u1ec7u m\u1ea1nh m\u1ebd t\u1ea1o n\u00ean s\u1ea3n ph\u1ea9m ch\u1ea5t l\u01b0\u1ee3ng cao, b\u1ec1n v\u00e0 th\u1ef1c t\u1ebf. Ph\u1ea7n th\u00e2n d\u00e2y \u0111\u01b0\u1ee3c l\u00e0m t\u1eeb s\u1ee3i Nylon 66 v\u1eadt li\u1ec7u \u0111\u1ec3 ch\u1ebf t\u1ea1o \u00e1o ch\u1ed1ng \u0111\u1ea1n. Kh\u00f3a l\u00e0m t\u1eeb titan v\u00e0 carbon cho ph\u00e9p b\u1ea1n th\u00e1o m\u1edf d\u1ec5 d\u00e0ng.<\/p>\n<p><strong>C\u00f4ng ngh\u1ec7 gi\u00fap n\u00e2ng cao s\u1ee9c kh\u1ecfe<\/strong><br \/>\nMang trong m\u00ecnh s\u1ee9c m\u1ea1ng c\u1ee7a c\u00f4ng ngh\u1ec7 Aqua Metal. Phiten l\u00e0 c\u00f4ng ty duy nh\u1ea5t c\u00f3 th\u1ec3 s\u1ea3n xu\u1ea5t v\u00e0 s\u1eed d\u1ee5ng lo\u1ea1i c\u00f4ng ngh\u1ec7 n\u00e0y tr\u00ean to\u00e0n th\u1ebf gi\u1edbi. C\u00f4ng ngh\u1ec7 \u0111\u1ed9c \u0111\u00e1o \u0111\u01b0\u1ee3c c\u1ea5p b\u1eb1ng s\u00e1ng ch\u1ebf n\u00e0y h\u1ed7 tr\u1ee3 l\u01b0u l\u01b0\u1ee3ng m\u00e1u t\u1ed1t h\u01a1n, t\u0103ng c\u01b0\u1eddng s\u1ee9c m\u1ea1nh v\u00e0 t\u00ednh linh ho\u1ea1t v\u00e0 l\u00e0m s\u00e2u gi\u1ea5c ng\u1ee7 c\u1ee7a b\u1ea1n.<\/p>\n<p><strong>Th\u1eddi trang \u0111a n\u0103ng<\/strong><br \/>\nKhi \u0111eo v\u00f2ng c\u1ed5 th\u01b0\u1eddng xuy\u00ean v\u1ec1 l\u00e2u d\u00e0i c\u00f3 th\u1ec3 gi\u00fap \u00edch khi v\u1eadn \u0111\u1ed9ng, ch\u01a1i th\u1ec3 thao b\u1eb1ng vi\u1ec7c t\u0103ng c\u01b0\u1eddng b\u01a1m oxy v\u00e0o n\u00e3o, \u0111i\u1ec1u h\u00f2a m\u00e1u l\u01b0u th\u00f4ng t\u1ed1t h\u01a1n. C\u1ea3m th\u1ea5y nh\u1eb9 h\u01a1n khi ch\u1ea1y ho\u1eb7c b\u01a1i, v\u00ec n\u00f3 c\u0169ng s\u1ebd l\u00e0m gi\u1ea3m s\u1ef1 t\u00edch t\u1ee5 axit lactic t\u1eeb c\u1ed5 v\u00e0 vai. \u0110\u1ed1i v\u1edbi ng\u01b0\u1eddi ch\u01a1i golf, n\u00f3 cung c\u1ea5p s\u1ef1 linh ho\u1ea1t ph\u1ea1m vi c\u01a1 l\u1edbn h\u01a1n khi th\u1ef1c hi\u1ec7n c\u00fa swing \u0111\u00f3.<br \/>\n\u0110eo v\u00f2ng c\u1ed5 h\u00e0ng ng\u00e0y s\u1ebd gi\u00fap b\u1ea1n gi\u1ea3m m\u1ec7t m\u1ecfi khi l\u00e0m vi\u1ec7c tr\u00ean m\u00e1y t\u00ednh trong nhi\u1ec1u gi\u1edd.<\/p>\n<p><strong>C\u00f4ng d\u1ee5ng<\/strong><\/p>\n<p>&#8211; C\u1ea3i thi\u1ec7n l\u01b0u th\u00f4ng m\u00e1u gi\u00fap b\u1ea1n c\u00f3 gi\u1ea5c ng\u1ee7 s\u00e2u v\u00e0 ngon h\u01a1n<\/p>\n<p>&#8211; Gi\u1ea3m \u0111au vai g\u00e1y c\u1ed5<\/p>\n<p>&#8211; H\u1ed7 tr\u1ee3 khi ch\u01a1i th\u1ec3 thao ho\u1eb7c c\u00e1c ho\u1ea1t \u0111\u1ed9ng h\u00e0ng ng\u00e0y<\/p>\n<p>&#8211; Nh\u1edd t\u00e1c \u0111\u1ed9ng t\u1eeb t\u00ednh gi\u00fap ph\u00f2ng ch\u1ed1ng t\u0103ng huy\u1ebft \u00e1p, \u0111\u1ed9t qu\u1ef5<\/p>\n<p>&#8211; Gi\u00fap th\u01b0 gi\u00e3n c\u01a1 b\u1eafp, gi\u1ea3m \u0111au c\u01a1<\/p>\n<p><strong>H\u01b0\u1edbng d\u1eabn s\u1eed d\u1ee5ng:<\/strong>\u00a0gi\u1eb7t b\u1eb1ng tay v\u1edbi \u00edt x\u00e0 ph\u00f2ng<\/p>\n<p><strong>B\u1ea3o h\u00e0nh<\/strong>:\u00a06\u00a0th\u00e1ng<\/p>\n<p><strong>S\u1ea3n xu\u1ea5t t\u1ea1i Nh\u1eadt B\u1ea3n<\/strong><\/p>\n<p dir=\"ltr\"><strong>\u0110\u1ed1i t\u01b0\u1ee3ng s\u1eed d\u1ee5ng:<\/strong><\/p>\n<p dir=\"ltr\">&#8211; Ph\u00f9 h\u1ee3p cho m\u1ecdi l\u1ee9a tu\u1ed5i<\/p>\n<p dir=\"ltr\">&#8211; Ng\u01b0\u1eddi cao huy\u1ebft \u00e1p, huy\u1ebft \u00e1p kh\u00f4ng \u1ed5n \u0111\u1ecbnh<\/p>\n<p dir=\"ltr\">&#8211; Ng\u01b0\u1eddi m\u1eafc c\u00e1c ch\u1ee9ng \u0111au c\u1ed5 vai g\u00e1y<\/p>\n<p dir=\"ltr\">&#8211; Ng\u01b0\u1eddi m\u1ea5t ng\u1ee7, kh\u00f3 ng\u1ee7 hay gi\u1ea5c ng\u1ee7 kh\u00f4ng s\u00e2u<\/p>\n<p dir=\"ltr\">&#8211;\u00a0Ng\u01b0\u1eddi b\u1ecb \u0111au m\u1ecfi do l\u00e0m vi\u1ec7c v\u0103n ph\u00f2ng, ng\u1ed3i l\u00e2u ho\u1eb7c \u00edt v\u1eadn \u0111\u1ed9ng<\/p>\n<p dir=\"ltr\">&#8211; Ng\u01b0\u1eddi ch\u01a1i th\u1ec3 thao, v\u1eadn \u0111\u1ed9ng vi\u00ean th\u1ec3 thao.<a href=\"https:\/\/www.phivutabletennis.com\/wp-content\/uploads\/2023\/06\/ujg8HomUeNKVPLalYxexuRntq1OvhkCsFTcp31o2.jpeg\"><img loading=\"lazy\" decoding=\"async\" class=\"alignnone size-full wp-image-1867\" src=\"https:\/\/www.phivutabletennis.com\/wp-content\/uploads\/2023\/06\/ujg8HomUeNKVPLalYxexuRntq1OvhkCsFTcp31o2.jpeg\" alt=\"\" width=\"896\" height=\"850\" srcset=\"https:\/\/www.phivutabletennis.com\/wp-content\/uploads\/2023\/06\/ujg8HomUeNKVPLalYxexuRntq1OvhkCsFTcp31o2.jpeg 896w, https:\/\/www.phivutabletennis.com\/wp-content\/uploads\/2023\/06\/ujg8HomUeNKVPLalYxexuRntq1OvhkCsFTcp31o2-600x569.jpeg 600w, https:\/\/www.phivutabletennis.com\/wp-content\/uploads\/2023\/06\/ujg8HomUeNKVPLalYxexuRntq1OvhkCsFTcp31o2-300x285.jpeg 300w, https:\/\/www.phivutabletennis.com\/wp-content\/uploads\/2023\/06\/ujg8HomUeNKVPLalYxexuRntq1OvhkCsFTcp31o2-768x729.jpeg 768w\" sizes=\"auto, (max-width: 896px) 100vw, 896px\" \/><\/a> <a href=\"https:\/\/www.phivutabletennis.com\/wp-content\/uploads\/2023\/06\/ruL4gKHnwbbYysoCW449daO6jtc5sKQ35Dd4OnP9.jpeg\"><img loading=\"lazy\" decoding=\"async\" class=\"alignnone size-full wp-image-1865\" src=\"https:\/\/www.phivutabletennis.com\/wp-content\/uploads\/2023\/06\/ruL4gKHnwbbYysoCW449daO6jtc5sKQ35Dd4OnP9.jpeg\" alt=\"\" width=\"896\" height=\"1061\" srcset=\"https:\/\/www.phivutabletennis.com\/wp-content\/uploads\/2023\/06\/ruL4gKHnwbbYysoCW449daO6jtc5sKQ35Dd4OnP9.jpeg 896w, https:\/\/www.phivutabletennis.com\/wp-content\/uploads\/2023\/06\/ruL4gKHnwbbYysoCW449daO6jtc5sKQ35Dd4OnP9-600x710.jpeg 600w, https:\/\/www.phivutabletennis.com\/wp-content\/uploads\/2023\/06\/ruL4gKHnwbbYysoCW449daO6jtc5sKQ35Dd4OnP9-253x300.jpeg 253w, https:\/\/www.phivutabletennis.com\/wp-content\/uploads\/2023\/06\/ruL4gKHnwbbYysoCW449daO6jtc5sKQ35Dd4OnP9-865x1024.jpeg 865w, https:\/\/www.phivutabletennis.com\/wp-content\/uploads\/2023\/06\/ruL4gKHnwbbYysoCW449daO6jtc5sKQ35Dd4OnP9-768x909.jpeg 768w\" sizes=\"auto, (max-width: 896px) 100vw, 896px\" \/><\/a><\/p>\n","protected":false},"excerpt":{"rendered":"<p>\u0110\u01b0\u1ee3c thi\u1ebft k\u1ebf trang nh\u00e3, d\u00e2y chuy\u1ec1n V-Shape mang l\u1ea1i \u1ea5n t\u01b0\u1ee3ng nh\u1eb9 nh\u00e0ng \u00a0D\u00e2y chuy\u1ec1n Rakuwa Metax Chopper Model s\u1eed d\u1ee5ng c\u00f4ng ngh\u1ec7 Metax m\u1edbi c\u1ee7a Phiten. D\u00e2y c\u00f3 2 phi\u00ean b\u1ea3n: (1) m\u00e0u \u0111en (50cm) v\u1edbi ph\u1ea7n d\u00e2y \u0111\u01b0\u1ee3c thi\u1ebft k\u1ebf b\u1eb1ng v\u1eadt li\u1ec7u Nylon 66 si\u00eau bi\u1ec1n v\u00e0 (2) m\u00e0u n\u00e2u (40cm) [&hellip;]<\/p>\n","protected":false},"featured_media":1863,"comment_status":"open","ping_status":"closed","template":"","meta":{"_eb_attr":""},"product_cat":[92,123,112],"product_tag":[],"class_list":["post-1862","product","type-product","status-publish","has-post-thumbnail","hentry","product_cat-phiten","product_cat-vong-tay-rakuwa-metax-series","product_cat-vong-co"],"_links":{"self":[{"href":"https:\/\/www.phivutabletennis.com\/index.php\/wp-json\/wp\/v2\/product\/1862","targetHints":{"allow":["GET"]}}],"collection":[{"href":"https:\/\/www.phivutabletennis.com\/index.php\/wp-json\/wp\/v2\/product"}],"about":[{"href":"https:\/\/www.phivutabletennis.com\/index.php\/wp-json\/wp\/v2\/types\/product"}],"replies":[{"embeddable":true,"href":"https:\/\/www.phivutabletennis.com\/index.php\/wp-json\/wp\/v2\/comments?post=1862"}],"wp:featuredmedia":[{"embeddable":true,"href":"https:\/\/www.phivutabletennis.com\/index.php\/wp-json\/wp\/v2\/media\/1863"}],"wp:attachment":[{"href":"https:\/\/www.phivutabletennis.com\/index.php\/wp-json\/wp\/v2\/media?parent=1862"}],"wp:term":[{"taxonomy":"product_cat","embeddable":true,"href":"https:\/\/www.phivutabletennis.com\/index.php\/wp-json\/wp\/v2\/product_cat?post=1862"},{"taxonomy":"product_tag","embeddable":true,"href":"https:\/\/www.phivutabletennis.com\/index.php\/wp-json\/wp\/v2\/product_tag?post=1862"}],"curies":[{"name":"wp","href":"https:\/\/api.w.org\/{rel}","templated":true}]}}