{"id":1876,"date":"2023-06-20T01:23:55","date_gmt":"2023-06-19T18:23:55","guid":{"rendered":"https:\/\/www.phivutabletennis.com\/?post_type=product&#038;p=1876"},"modified":"2023-06-27T20:21:25","modified_gmt":"2023-06-27T13:21:25","slug":"vong-co-phiten-rakuwa-necklace-extreme-mirror-ball-light","status":"publish","type":"product","link":"https:\/\/www.phivutabletennis.com\/index.php\/product\/vong-co-phiten-rakuwa-necklace-extreme-mirror-ball-light\/","title":{"rendered":"V\u00f2ng C\u1ed5 &#8211; PHITEN RAKUWA NECKLACE EXTREME MIRROR BALL LIGHT"},"content":{"rendered":"<p>V\u00f2ng c\u1ed5 Phiten Rakuwa extreme mirror ball light<br \/>\n<strong>M\u00f4 t\u1ea3 s\u1ea3n ph\u1ea9m :<\/strong><\/p>\n<p>V\u00f2ng c\u1ed5 Mirror Ball Light l\u00e0 s\u1ea3n ph\u1ea9m \u0111\u1ed3ng th\u1ebf h\u1ec7 v\u1edbi v\u00f2ng c\u1ed5 Mirror Ball, c\u00f9ng \u00e1p d\u1ee5ng c\u00f4ng ngh\u1ec7 Metax phi\u00ean b\u1ea3n cao c\u1ea5p nh\u1ea5t, nh\u01b0ng c\u00f3 s\u1ef1 thay \u0111\u1ed5i v\u1ec1 tr\u1ecdng l\u01b0\u1ee3ng c\u1ee7a d\u00e2y. V\u00f2ng c\u1ed5 Mirror Ball Light s\u1eed d\u1ee5ng d\u00e2y m\u1ecfng nh\u1ea5t, nh\u1eb9 v\u00e0 d\u1ec5 mang, t\u1ea1o c\u1ea3m gi\u00e1c tho\u1ea3i m\u00e1i, c\u00f3 th\u1ec3 mang \u1edf m\u1ecdi n\u01a1i. Mirror Ball Light \u0111\u01b0\u1ee3c m\u1ec7nh danh l\u00e0 v\u00f2ng c\u1ed5 s\u1ee9c kho\u1ebb c\u00f4ng su\u1ea5t cao, gi\u00fap gi\u1ea3m b\u1edbt v\u00e0 ng\u0103n ng\u1eeba c\u0103ng th\u1eb3ng, \u0111au nh\u1ee9c \u1edf c\u1ed5, vai, \u0111i\u1ec1u ho\u00e0 ion, l\u01b0u th\u00f4ng m\u00e1u t\u1ed1t, xua tan m\u1ec7t m\u1ecfi.<br \/>\n<strong>Ch\u1ea5t li\u1ec7u :<\/strong><br \/>\n-V\u1ea3i ngo\u00e0i: Polyester nylon<br \/>\n-D\u00e2y b\u00ean trong: Elastomer<br \/>\n-Clasp: Nh\u00f4m, th\u00e9p kh\u00f4ng g\u1ec9. Nam ch\u00e2m (Neodymium)<br \/>\n<strong>C\u00f4ng ngh\u1ec7:<\/strong>\u00a0Metax<br \/>\n<strong>C\u00f4ng d\u1ee5ng\u00a0<\/strong>:<\/p>\n<p>&#8211; C\u1ea3i thi\u1ec7n l\u01b0u th\u00f4ng m\u00e1u gi\u00fap b\u1ea1n c\u00f3 gi\u1ea5c ng\u1ee7 s\u00e2u v\u00e0 ngon h\u01a1n<\/p>\n<p>&#8211; Gi\u1ea3m \u0111au vai g\u00e1y c\u1ed5<\/p>\n<p>&#8211; H\u1ed7 tr\u1ee3 khi ch\u01a1i th\u1ec3 thao ho\u1eb7c c\u00e1c ho\u1ea1t \u0111\u1ed9ng h\u00e0ng ng\u00e0y<\/p>\n<p>&#8211; Nh\u1edd t\u00e1c \u0111\u1ed9ng t\u1eeb t\u00ednh gi\u00fap ph\u00f2ng ch\u1ed1ng t\u0103ng huy\u1ebft \u00e1p, \u0111\u1ed9t qu\u1ef5<\/p>\n<p>&#8211; Gi\u00fap th\u01b0 gi\u00e3n c\u01a1 b\u1eafp, gi\u1ea3m \u0111au c\u01a1<\/p>\n<p><strong>L\u01b0u \u00fd:<\/strong>\u00a0Khuy\u1ebfn kh\u00edch \u0111eo m\u1ed7i ng\u00e0y<br \/>\n<strong>K\u00edch th\u01b0\u1edbc:<\/strong>\u00a045cm<br \/>\n<strong>M\u00e0u s\u1eafc:<\/strong>\u00a0\u0110en \/ V\u00e0ng<br \/>\n<strong>Th\u01b0\u01a1ng hi\u1ec7u:<\/strong>\u00a0Phiten<br \/>\n<strong>Xu\u1ea5t x\u1ee9:\u00a0<\/strong>Nh\u1eadt B\u1ea3n<br \/>\n<strong>B\u1ea3o h\u00e0nh:<\/strong>\u00a06 th\u00e1ng<\/p>\n<p dir=\"ltr\"><strong>\u0110\u1ed1i t\u01b0\u1ee3ng s\u1eed d\u1ee5ng:<\/strong><\/p>\n<p dir=\"ltr\">&#8211; Ph\u00f9 h\u1ee3p cho m\u1ecdi l\u1ee9a tu\u1ed5i<\/p>\n<p dir=\"ltr\">&#8211; Ng\u01b0\u1eddi cao huy\u1ebft \u00e1p, huy\u1ebft \u00e1p kh\u00f4ng \u1ed5n \u0111\u1ecbnh<\/p>\n<p dir=\"ltr\">&#8211; Ng\u01b0\u1eddi m\u1eafc c\u00e1c ch\u1ee9ng \u0111au c\u1ed5 vai g\u00e1y<\/p>\n<p dir=\"ltr\">&#8211; Ng\u01b0\u1eddi m\u1ea5t ng\u1ee7, kh\u00f3 ng\u1ee7 hay gi\u1ea5c ng\u1ee7 kh\u00f4ng s\u00e2u<\/p>\n<p dir=\"ltr\">&#8211;\u00a0Ng\u01b0\u1eddi b\u1ecb \u0111au m\u1ecfi do l\u00e0m vi\u1ec7c v\u0103n ph\u00f2ng, ng\u1ed3i l\u00e2u ho\u1eb7c \u00edt v\u1eadn \u0111\u1ed9ng<\/p>\n<p dir=\"ltr\">&#8211; Ng\u01b0\u1eddi ch\u01a1i th\u1ec3 thao, v\u1eadn \u0111\u1ed9ng vi\u00ean th\u1ec3 thao.<\/p>\n","protected":false},"excerpt":{"rendered":"<p>V\u00f2ng c\u1ed5 Phiten Rakuwa extreme mirror ball light M\u00f4 t\u1ea3 s\u1ea3n ph\u1ea9m : V\u00f2ng c\u1ed5 Mirror Ball Light l\u00e0 s\u1ea3n ph\u1ea9m \u0111\u1ed3ng th\u1ebf h\u1ec7 v\u1edbi v\u00f2ng c\u1ed5 Mirror Ball, c\u00f9ng \u00e1p d\u1ee5ng c\u00f4ng ngh\u1ec7 Metax phi\u00ean b\u1ea3n cao c\u1ea5p nh\u1ea5t, nh\u01b0ng c\u00f3 s\u1ef1 thay \u0111\u1ed5i v\u1ec1 tr\u1ecdng l\u01b0\u1ee3ng c\u1ee7a d\u00e2y. V\u00f2ng c\u1ed5 Mirror Ball Light [&hellip;]<\/p>\n","protected":false},"featured_media":1878,"comment_status":"open","ping_status":"closed","template":"","meta":{"_eb_attr":""},"product_cat":[126,92,112],"product_tag":[],"class_list":["post-1876","product","type-product","status-publish","has-post-thumbnail","hentry","product_cat-vong-tay-extreme-series","product_cat-phiten","product_cat-vong-co"],"_links":{"self":[{"href":"https:\/\/www.phivutabletennis.com\/index.php\/wp-json\/wp\/v2\/product\/1876","targetHints":{"allow":["GET"]}}],"collection":[{"href":"https:\/\/www.phivutabletennis.com\/index.php\/wp-json\/wp\/v2\/product"}],"about":[{"href":"https:\/\/www.phivutabletennis.com\/index.php\/wp-json\/wp\/v2\/types\/product"}],"replies":[{"embeddable":true,"href":"https:\/\/www.phivutabletennis.com\/index.php\/wp-json\/wp\/v2\/comments?post=1876"}],"wp:featuredmedia":[{"embeddable":true,"href":"https:\/\/www.phivutabletennis.com\/index.php\/wp-json\/wp\/v2\/media\/1878"}],"wp:attachment":[{"href":"https:\/\/www.phivutabletennis.com\/index.php\/wp-json\/wp\/v2\/media?parent=1876"}],"wp:term":[{"taxonomy":"product_cat","embeddable":true,"href":"https:\/\/www.phivutabletennis.com\/index.php\/wp-json\/wp\/v2\/product_cat?post=1876"},{"taxonomy":"product_tag","embeddable":true,"href":"https:\/\/www.phivutabletennis.com\/index.php\/wp-json\/wp\/v2\/product_tag?post=1876"}],"curies":[{"name":"wp","href":"https:\/\/api.w.org\/{rel}","templated":true}]}}