{"id":1880,"date":"2023-06-20T01:26:53","date_gmt":"2023-06-19T18:26:53","guid":{"rendered":"https:\/\/www.phivutabletennis.com\/?post_type=product&#038;p=1880"},"modified":"2023-06-27T20:18:34","modified_gmt":"2023-06-27T13:18:34","slug":"vong-co-phiten-rakuwa-necklace-metax-teardrop","status":"publish","type":"product","link":"https:\/\/www.phivutabletennis.com\/index.php\/product\/vong-co-phiten-rakuwa-necklace-metax-teardrop\/","title":{"rendered":"V\u00f2ng C\u1ed5 &#8211; PHITEN RAKUWA NECKLACE METAX TEARDROP"},"content":{"rendered":"<p>V\u00f2ng c\u1ed5 Phiten Rakuwa metax teardrop<br \/>\n<strong>M\u00f4 t\u1ea3 s\u1ea3n ph\u1ea9m:<\/strong><br \/>\nThi\u1ebft k\u1ebf l\u1ea5p l\u00e1nh v\u1edbi v\u1ebb ngo\u00e0i thanh l\u1ecbch. S\u1ef1 pha tr\u1ed9n gi\u1eefa ch\u1ea5t l\u01b0\u1ee3ng cao v\u00e0 h\u00ecnh d\u00e1ng m\u00f3c kh\u00f3a t\u01b0\u01a1i tr\u1ebb l\u00e0m cho phong c\u00e1ch c\u1ee7a b\u1ea1n tr\u1edf n\u00ean \u1ea5n t\u01b0\u1ee3ng v\u00e0 tr\u01b0\u1edfng th\u00e0nh. V\u00f2ng c\u1ed5 Phiten Rakuwa Metax Teardrop \u0111\u01b0\u1ee3c thi\u1ebft k\u1ebf thanh l\u1ecbch nh\u01b0 m\u1ed9t tuy\u00ean b\u1ed1 th\u1eddi trang tinh t\u1ebf nh\u1ea5t ph\u00f9 h\u1ee3p cho c\u1ea3 nam v\u00e0 n\u1eef \u0111\u01a1n gi\u1ea3n v\u00e0 ph\u00f9 h\u1ee3p v\u1edbi b\u1ea5t k\u1ef3 phong c\u00e1ch n\u00e0o cho c\u1ea3 ng\u00e0y l\u1eabn \u0111\u00eam.<br \/>\n<strong>Ch\u1ea5t li\u1ec7u:<\/strong><br \/>\nCh\u1ea5t li\u1ec7u b\u1ec1n cao c\u1ea5p<br \/>\nM\u1eb7t d\u00e2y chuy\u1ec1n h\u00ecnh kim c\u01b0\u01a1ng \u0111\u01b0\u1ee3c l\u00e0m b\u1eb1ng v\u1eadt li\u1ec7u th\u00e9p kh\u00f4ng g\u1ec9<br \/>\nD\u00e2y: Polyester, Nylon. L\u00f5i: Elastomer. Kh\u00f3a: Th\u00e9p kh\u00f4ng g\u1ec9, Urethane.<br \/>\n<strong>C\u00f4ng ngh\u1ec7:<\/strong><br \/>\nS\u1eed d\u1ee5ng c\u00f4ng ngh\u1ec7 metax<br \/>\nC\u00f4ng ngh\u1ec7 c\u00f3 l\u1ee3i cho s\u1ee9c kh\u1ecfe. C\u00f4ng ngh\u1ec7 Metax ti\u00ean ti\u1ebfn \u0111\u01b0\u1ee3c ph\u00e1t tri\u1ec3n b\u1edfi Phiten Nh\u1eadt B\u1ea3n. Phiten l\u00e0 c\u00f4ng ty duy nh\u1ea5t c\u00f3 th\u1ec3 s\u1ea3n xu\u1ea5t v\u00e0 s\u1eed d\u1ee5ng lo\u1ea1i c\u00f4ng ngh\u1ec7 n\u00e0y tr\u00ean to\u00e0n th\u1ebf gi\u1edbi.<br \/>\n<strong>C\u00f4ng d\u1ee5ng:<\/strong><\/p>\n<p>&#8211; C\u1ea3i thi\u1ec7n l\u01b0u th\u00f4ng m\u00e1u gi\u00fap b\u1ea1n c\u00f3 gi\u1ea5c ng\u1ee7 s\u00e2u v\u00e0 ngon h\u01a1n<\/p>\n<p>&#8211; Gi\u1ea3m \u0111au vai g\u00e1y c\u1ed5<\/p>\n<p>&#8211; H\u1ed7 tr\u1ee3 khi ch\u01a1i th\u1ec3 thao ho\u1eb7c c\u00e1c ho\u1ea1t \u0111\u1ed9ng h\u00e0ng ng\u00e0y<\/p>\n<p>&#8211; Nh\u1edd t\u00e1c \u0111\u1ed9ng t\u1eeb t\u00ednh gi\u00fap ph\u00f2ng ch\u1ed1ng t\u0103ng huy\u1ebft \u00e1p, \u0111\u1ed9t qu\u1ef5<\/p>\n<p>&#8211; Gi\u00fap th\u01b0 gi\u00e3n c\u01a1 b\u1eafp, gi\u1ea3m \u0111au c\u01a1<\/p>\n<p><strong>Size v\u00e0 m\u00e0u s\u1eafc:<\/strong><br \/>\nm\u00e0u \u0111en 40cm\/50cm<br \/>\nM\u00e0u tr\u00e1i \u0111\u1ea5t 40cm\/50cm<br \/>\n<strong>L\u01b0u \u00fd:<\/strong><br \/>\nC\u00f3 th\u1ec3 \u0111eo h\u00e0ng ng\u00e0y<br \/>\nD\u1ec5 d\u00e0ng \u0111eo ho\u1eb7c th\u00e1o ra ho\u1eb7c kh\u00f3a ch\u1eb7t khi s\u1eed d\u1ee5ng.<br \/>\nGi\u1eb7t b\u1eb1ng tay \u0111\u1ec3 n\u01a1i tho\u00e1ng m\u00e1t<br \/>\n<strong>B\u1ea3o h\u00e0nh:<\/strong>\u00a06 th\u00e1ng<br \/>\n<strong>Th\u01b0\u01a1ng hi\u1ec7u:<\/strong>\u00a0Phiten<br \/>\n<strong>Xu\u1ea5t x\u1ee9:<\/strong>\u00a0Nh\u1eadt B\u1ea3n<\/p>\n<p dir=\"ltr\"><strong>\u0110\u1ed1i t\u01b0\u1ee3ng s\u1eed d\u1ee5ng:<\/strong><\/p>\n<p dir=\"ltr\">&#8211; Ph\u00f9 h\u1ee3p cho m\u1ecdi l\u1ee9a tu\u1ed5i<\/p>\n<p dir=\"ltr\">&#8211; Ng\u01b0\u1eddi cao huy\u1ebft \u00e1p, huy\u1ebft \u00e1p kh\u00f4ng \u1ed5n \u0111\u1ecbnh<\/p>\n<p dir=\"ltr\">&#8211; Ng\u01b0\u1eddi m\u1eafc c\u00e1c ch\u1ee9ng \u0111au c\u1ed5 vai g\u00e1y<\/p>\n<p dir=\"ltr\">&#8211; Ng\u01b0\u1eddi m\u1ea5t ng\u1ee7, kh\u00f3 ng\u1ee7 hay gi\u1ea5c ng\u1ee7 kh\u00f4ng s\u00e2u<\/p>\n<p dir=\"ltr\">&#8211;\u00a0Ng\u01b0\u1eddi b\u1ecb \u0111au m\u1ecfi do l\u00e0m vi\u1ec7c v\u0103n ph\u00f2ng, ng\u1ed3i l\u00e2u ho\u1eb7c \u00edt v\u1eadn \u0111\u1ed9ng<\/p>\n<p dir=\"ltr\">&#8211; Ng\u01b0\u1eddi ch\u01a1i th\u1ec3 thao, v\u1eadn \u0111\u1ed9ng vi\u00ean th\u1ec3 thao.<a href=\"https:\/\/www.phivutabletennis.com\/wp-content\/uploads\/2023\/06\/nM1qRgBD11uWtnU3SEZkWhoxd0G2PLg2a6kASf2g.jpeg\"><img loading=\"lazy\" decoding=\"async\" class=\"alignnone size-full wp-image-1885\" src=\"https:\/\/www.phivutabletennis.com\/wp-content\/uploads\/2023\/06\/nM1qRgBD11uWtnU3SEZkWhoxd0G2PLg2a6kASf2g.jpeg\" alt=\"\" width=\"1521\" height=\"1311\" srcset=\"https:\/\/www.phivutabletennis.com\/wp-content\/uploads\/2023\/06\/nM1qRgBD11uWtnU3SEZkWhoxd0G2PLg2a6kASf2g.jpeg 1521w, https:\/\/www.phivutabletennis.com\/wp-content\/uploads\/2023\/06\/nM1qRgBD11uWtnU3SEZkWhoxd0G2PLg2a6kASf2g-600x517.jpeg 600w, https:\/\/www.phivutabletennis.com\/wp-content\/uploads\/2023\/06\/nM1qRgBD11uWtnU3SEZkWhoxd0G2PLg2a6kASf2g-300x259.jpeg 300w, https:\/\/www.phivutabletennis.com\/wp-content\/uploads\/2023\/06\/nM1qRgBD11uWtnU3SEZkWhoxd0G2PLg2a6kASf2g-1024x883.jpeg 1024w, https:\/\/www.phivutabletennis.com\/wp-content\/uploads\/2023\/06\/nM1qRgBD11uWtnU3SEZkWhoxd0G2PLg2a6kASf2g-768x662.jpeg 768w\" sizes=\"auto, (max-width: 1521px) 100vw, 1521px\" \/><\/a><\/p>\n","protected":false},"excerpt":{"rendered":"<p>V\u00f2ng c\u1ed5 Phiten Rakuwa metax teardrop M\u00f4 t\u1ea3 s\u1ea3n ph\u1ea9m: Thi\u1ebft k\u1ebf l\u1ea5p l\u00e1nh v\u1edbi v\u1ebb ngo\u00e0i thanh l\u1ecbch. S\u1ef1 pha tr\u1ed9n gi\u1eefa ch\u1ea5t l\u01b0\u1ee3ng cao v\u00e0 h\u00ecnh d\u00e1ng m\u00f3c kh\u00f3a t\u01b0\u01a1i tr\u1ebb l\u00e0m cho phong c\u00e1ch c\u1ee7a b\u1ea1n tr\u1edf n\u00ean \u1ea5n t\u01b0\u1ee3ng v\u00e0 tr\u01b0\u1edfng th\u00e0nh. V\u00f2ng c\u1ed5 Phiten Rakuwa Metax Teardrop \u0111\u01b0\u1ee3c thi\u1ebft k\u1ebf [&hellip;]<\/p>\n","protected":false},"featured_media":1883,"comment_status":"open","ping_status":"closed","template":"","meta":{"_eb_attr":""},"product_cat":[92,123,112],"product_tag":[],"class_list":["post-1880","product","type-product","status-publish","has-post-thumbnail","hentry","product_cat-phiten","product_cat-vong-tay-rakuwa-metax-series","product_cat-vong-co"],"_links":{"self":[{"href":"https:\/\/www.phivutabletennis.com\/index.php\/wp-json\/wp\/v2\/product\/1880","targetHints":{"allow":["GET"]}}],"collection":[{"href":"https:\/\/www.phivutabletennis.com\/index.php\/wp-json\/wp\/v2\/product"}],"about":[{"href":"https:\/\/www.phivutabletennis.com\/index.php\/wp-json\/wp\/v2\/types\/product"}],"replies":[{"embeddable":true,"href":"https:\/\/www.phivutabletennis.com\/index.php\/wp-json\/wp\/v2\/comments?post=1880"}],"wp:featuredmedia":[{"embeddable":true,"href":"https:\/\/www.phivutabletennis.com\/index.php\/wp-json\/wp\/v2\/media\/1883"}],"wp:attachment":[{"href":"https:\/\/www.phivutabletennis.com\/index.php\/wp-json\/wp\/v2\/media?parent=1880"}],"wp:term":[{"taxonomy":"product_cat","embeddable":true,"href":"https:\/\/www.phivutabletennis.com\/index.php\/wp-json\/wp\/v2\/product_cat?post=1880"},{"taxonomy":"product_tag","embeddable":true,"href":"https:\/\/www.phivutabletennis.com\/index.php\/wp-json\/wp\/v2\/product_tag?post=1880"}],"curies":[{"name":"wp","href":"https:\/\/api.w.org\/{rel}","templated":true}]}}