{"id":1887,"date":"2023-06-20T01:29:33","date_gmt":"2023-06-19T18:29:33","guid":{"rendered":"https:\/\/www.phivutabletennis.com\/?post_type=product&#038;p=1887"},"modified":"2023-06-27T20:21:45","modified_gmt":"2023-06-27T13:21:45","slug":"vong-co-phiten-rakuwa-metax-push-type","status":"publish","type":"product","link":"https:\/\/www.phivutabletennis.com\/index.php\/product\/vong-co-phiten-rakuwa-metax-push-type\/","title":{"rendered":"V\u00f2ng C\u1ed5 PHITEN RAKUWA METAX PUSH TYPE"},"content":{"rendered":"<p>V\u00f2ng C\u1ed5 Phiten Rakuwa Metax Push Type v\u1edbi thi\u1ebft k\u1ebf v\u00f4 c\u00f9ng b\u1eaft m\u1eaft mang \u0111\u1ebfn v\u1ebb \u0111\u1eb9p n\u0103ng \u0111\u1ed9ng, sang tr\u1ecdng. Kh\u00f3a th\u00f4ng minh ch\u1ec9 v\u1edbi m\u1ed9t n\u00fat nh\u1ea5n, ti\u1ec7n l\u1ee3i \u0111\u1ec3 mang v\u00e0o v\u00e0 th\u00e1o ra d\u1ec5 d\u00e0ng. Ph\u1ea7n d\u00e2y s\u1eed d\u1ee5ng c\u00f4ng ngh\u1ec7 Metax mang \u0111\u1ebfn nh\u1eefng c\u00f4ng d\u1ee5ng tuy\u1ec7t v\u1eddi cho s\u1ee9c kh\u1ecfe.<\/p>\n<p><strong>C\u00f4ng d\u1ee5ng:<\/strong><br \/>\n&#8211; C\u1ea3i thi\u1ec7n l\u01b0u th\u00f4ng m\u00e1u gi\u00fap b\u1ea1n c\u00f3 gi\u1ea5c ng\u1ee7 s\u00e2u v\u00e0 ngon h\u01a1n<\/p>\n<p>&#8211; Th\u00fac \u0111\u1ea9y qu\u00e1 tr\u00ecnh l\u01b0u th\u00f4ng m\u00e1u, gi\u1ea3m \u0111au vai g\u00e1y c\u1ed5<\/p>\n<p>&#8211; H\u1ed7 tr\u1ee3 khi ch\u01a1i th\u1ec3 thao ho\u1eb7c c\u00e1c ho\u1ea1t \u0111\u1ed9ng h\u00e0ng ng\u00e0y<\/p>\n<p>&#8211; Nh\u1edd t\u00e1c \u0111\u1ed9ng t\u1eeb t\u00ednh gi\u00fap ph\u00f2ng ch\u1ed1ng t\u0103ng huy\u1ebft \u00e1p, \u0111\u1ed9t qu\u1ef5<\/p>\n<p>&#8211; Gi\u00fap th\u01b0 gi\u00e3n c\u01a1 b\u1eafp, gi\u1ea3m \u0111au c\u01a1<\/p>\n<p><strong>Ch\u1ea5t li\u1ec7u:<\/strong>\u00a0D\u00e2y (Polyester), L\u00f5i b\u00ean trong (Elastomer), Kh\u00f3a (Th\u00e9p kh\u00f4ng g\u1ec9)<\/p>\n<p><strong>\u0110\u1ed1i t\u01b0\u1ee3ng s\u1eed d\u1ee5ng:<\/strong><\/p>\n<p dir=\"ltr\">&#8211; Ph\u00f9 h\u1ee3p cho m\u1ecdi l\u1ee9a tu\u1ed5i<\/p>\n<p dir=\"ltr\">&#8211; Ng\u01b0\u1eddi cao huy\u1ebft \u00e1p, huy\u1ebft \u00e1p kh\u00f4ng \u1ed5n \u0111\u1ecbnh<\/p>\n<p dir=\"ltr\">&#8211; Ng\u01b0\u1eddi m\u1eafc c\u00e1c ch\u1ee9ng \u0111au c\u1ed5 vai g\u00e1y<\/p>\n<p dir=\"ltr\">&#8211; Ng\u01b0\u1eddi m\u1ea5t ng\u1ee7, kh\u00f3 ng\u1ee7 hay gi\u1ea5c ng\u1ee7 kh\u00f4ng s\u00e2u<\/p>\n<p dir=\"ltr\">&#8211;\u00a0Ng\u01b0\u1eddi b\u1ecb \u0111au m\u1ecfi do l\u00e0m vi\u1ec7c v\u0103n ph\u00f2ng, ng\u1ed3i l\u00e2u ho\u1eb7c \u00edt v\u1eadn \u0111\u1ed9ng<\/p>\n<p dir=\"ltr\">&#8211; Ng\u01b0\u1eddi ch\u01a1i th\u1ec3 thao, v\u1eadn \u0111\u1ed9ng vi\u00ean th\u1ec3 thao.<\/p>\n<p dir=\"ltr\">B\u1ea2O H\u00c0NH : 6 TH\u00c1NG<a href=\"https:\/\/www.phivutabletennis.com\/wp-content\/uploads\/2023\/06\/66avHEUd0jCQSqY5INd6fBGHAAiScK6Piu9Jrfe9-1.jpeg\"><img loading=\"lazy\" decoding=\"async\" class=\"alignnone size-full wp-image-1892\" src=\"https:\/\/www.phivutabletennis.com\/wp-content\/uploads\/2023\/06\/66avHEUd0jCQSqY5INd6fBGHAAiScK6Piu9Jrfe9-1.jpeg\" alt=\"\" width=\"896\" height=\"715\" srcset=\"https:\/\/www.phivutabletennis.com\/wp-content\/uploads\/2023\/06\/66avHEUd0jCQSqY5INd6fBGHAAiScK6Piu9Jrfe9-1.jpeg 896w, https:\/\/www.phivutabletennis.com\/wp-content\/uploads\/2023\/06\/66avHEUd0jCQSqY5INd6fBGHAAiScK6Piu9Jrfe9-1-600x479.jpeg 600w, https:\/\/www.phivutabletennis.com\/wp-content\/uploads\/2023\/06\/66avHEUd0jCQSqY5INd6fBGHAAiScK6Piu9Jrfe9-1-300x239.jpeg 300w, https:\/\/www.phivutabletennis.com\/wp-content\/uploads\/2023\/06\/66avHEUd0jCQSqY5INd6fBGHAAiScK6Piu9Jrfe9-1-768x613.jpeg 768w\" sizes=\"auto, (max-width: 896px) 100vw, 896px\" \/><\/a><\/p>\n","protected":false},"excerpt":{"rendered":"<p>V\u00f2ng C\u1ed5 Phiten Rakuwa Metax Push Type v\u1edbi thi\u1ebft k\u1ebf v\u00f4 c\u00f9ng b\u1eaft m\u1eaft mang \u0111\u1ebfn v\u1ebb \u0111\u1eb9p n\u0103ng \u0111\u1ed9ng, sang tr\u1ecdng. Kh\u00f3a th\u00f4ng minh ch\u1ec9 v\u1edbi m\u1ed9t n\u00fat nh\u1ea5n, ti\u1ec7n l\u1ee3i \u0111\u1ec3 mang v\u00e0o v\u00e0 th\u00e1o ra d\u1ec5 d\u00e0ng. Ph\u1ea7n d\u00e2y s\u1eed d\u1ee5ng c\u00f4ng ngh\u1ec7 Metax mang \u0111\u1ebfn nh\u1eefng c\u00f4ng d\u1ee5ng tuy\u1ec7t v\u1eddi cho [&hellip;]<\/p>\n","protected":false},"featured_media":1888,"comment_status":"open","ping_status":"closed","template":"","meta":{"_eb_attr":""},"product_cat":[92,123,112],"product_tag":[],"class_list":["post-1887","product","type-product","status-publish","has-post-thumbnail","hentry","product_cat-phiten","product_cat-vong-tay-rakuwa-metax-series","product_cat-vong-co"],"_links":{"self":[{"href":"https:\/\/www.phivutabletennis.com\/index.php\/wp-json\/wp\/v2\/product\/1887","targetHints":{"allow":["GET"]}}],"collection":[{"href":"https:\/\/www.phivutabletennis.com\/index.php\/wp-json\/wp\/v2\/product"}],"about":[{"href":"https:\/\/www.phivutabletennis.com\/index.php\/wp-json\/wp\/v2\/types\/product"}],"replies":[{"embeddable":true,"href":"https:\/\/www.phivutabletennis.com\/index.php\/wp-json\/wp\/v2\/comments?post=1887"}],"wp:featuredmedia":[{"embeddable":true,"href":"https:\/\/www.phivutabletennis.com\/index.php\/wp-json\/wp\/v2\/media\/1888"}],"wp:attachment":[{"href":"https:\/\/www.phivutabletennis.com\/index.php\/wp-json\/wp\/v2\/media?parent=1887"}],"wp:term":[{"taxonomy":"product_cat","embeddable":true,"href":"https:\/\/www.phivutabletennis.com\/index.php\/wp-json\/wp\/v2\/product_cat?post=1887"},{"taxonomy":"product_tag","embeddable":true,"href":"https:\/\/www.phivutabletennis.com\/index.php\/wp-json\/wp\/v2\/product_tag?post=1887"}],"curies":[{"name":"wp","href":"https:\/\/api.w.org\/{rel}","templated":true}]}}