{"id":1895,"date":"2023-06-20T01:39:21","date_gmt":"2023-06-19T18:39:21","guid":{"rendered":"https:\/\/www.phivutabletennis.com\/?post_type=product&#038;p=1895"},"modified":"2023-06-27T20:19:55","modified_gmt":"2023-06-27T13:19:55","slug":"vong-co-phiten-rakuwa-x50-v-type","status":"publish","type":"product","link":"https:\/\/www.phivutabletennis.com\/index.php\/product\/vong-co-phiten-rakuwa-x50-v-type\/","title":{"rendered":"V\u00f2ng C\u1ed5 PHITEN RAKUWA X50 V TYPE"},"content":{"rendered":"<p>V\u00f2ng C\u1ed5 Phiten Rakuwa X50 V Type v\u1edbi ki\u1ec3u d\u00e1ng th\u1ec3 thao sang tr\u1ecdng, m\u1ea1nh m\u1ebd\u00a0\u0111\u01b0\u1ee3c th\u00eam h\u00e0m l\u01b0\u1ee3ng Titanium g\u1ea5p 50 l\u1ea7n. Kh\u00f3a kim lo\u1ea1i h\u00ecnh ch\u1eef V, ch\u1ea5t li\u1ec7u d\u00e2y b\u1eb1ng polyester m\u00e0u \u0111en v\u00e0 ph\u1ea7n d\u00e2y \u0111\u01b0\u1ee3c d\u1ec7t v\u1edbi ch\u1ea5t li\u1ec7u cao c\u1ea5p. V\u00f2ng c\u1ed5 c\u00f3\u00a0s\u1eb5n nhi\u1ec1u m\u00e0u s\u1eafc \u0111\u1ec3 ph\u00f9 h\u1ee3p v\u1edbi phong c\u00e1ch c\u1ee7a b\u1ea1n.<\/p>\n<p><strong>Ch\u1ea5t li\u1ec7u<\/strong>:\u00a0Polyester, polyester lame. L\u00f5i b\u00ean trong &#8211; Elastome. M\u00f3c kh\u00f3a &#8211; Polyester<br \/>\n<strong>C\u00f4ng ngh\u1ec7:\u00a0<\/strong>AQUA-TITaniUM\u00ae (X50) v\u00e0 MICRO-TITaniUM SPHERE\u00ae<\/p>\n<p><strong>C\u00f4ng d\u1ee5ng:<\/strong><br \/>\n&#8211; C\u1ea3i thi\u1ec7n l\u01b0u th\u00f4ng m\u00e1u gi\u00fap b\u1ea1n c\u00f3 gi\u1ea5c ng\u1ee7 s\u00e2u v\u00e0 ngon h\u01a1n<\/p>\n<p>&#8211; Th\u00fac \u0111\u1ea9y qu\u00e1 tr\u00ecnh l\u01b0u th\u00f4ng m\u00e1u, gi\u1ea3m \u0111au vai g\u00e1y c\u1ed5<\/p>\n<p>&#8211; H\u1ed7 tr\u1ee3 khi ch\u01a1i th\u1ec3 thao ho\u1eb7c c\u00e1c ho\u1ea1t \u0111\u1ed9ng h\u00e0ng ng\u00e0y<\/p>\n<p>&#8211; Nh\u1edd t\u00e1c \u0111\u1ed9ng t\u1eeb t\u00ednh gi\u00fap ph\u00f2ng ch\u1ed1ng t\u0103ng huy\u1ebft \u00e1p, \u0111\u1ed9t qu\u1ef5<\/p>\n<p>&#8211; Gi\u1ea3m c\u0103ng th\u1eb3ng, m\u1ec7t m\u1ecfi<\/p>\n<p>&#8211; Gi\u00fap th\u01b0 gi\u00e3n c\u01a1 b\u1eafp, gi\u1ea3m \u0111au c\u01a1<\/p>\n<p><strong>H\u01b0\u1edbng d\u1eabn s\u1eed d\u1ee5ng<\/strong><br \/>\n&#8211; C\u00f3 th\u1ec3 \u0111eo h\u00e0ng ng\u00e0y<\/p>\n<p>&#8211; Kh\u00f4ng \u0111eo trong khi t\u1eafm<\/p>\n<p><strong>S\u1ea3n xu\u1ea5t t\u1ea1i Nh\u1eadt B\u1ea3n<\/strong><\/p>\n<p dir=\"ltr\"><strong>\u0110\u1ed1i t\u01b0\u1ee3ng s\u1eed d\u1ee5ng:<\/strong><\/p>\n<p dir=\"ltr\">&#8211; Ph\u00f9 h\u1ee3p cho m\u1ecdi l\u1ee9a tu\u1ed5i<\/p>\n<p dir=\"ltr\">&#8211; Ng\u01b0\u1eddi cao huy\u1ebft \u00e1p, huy\u1ebft \u00e1p kh\u00f4ng \u1ed5n \u0111\u1ecbnh<\/p>\n<p dir=\"ltr\">&#8211; Ng\u01b0\u1eddi m\u1eafc c\u00e1c ch\u1ee9ng \u0111au c\u1ed5 vai g\u00e1y<\/p>\n<p dir=\"ltr\">&#8211; Ng\u01b0\u1eddi m\u1ea5t ng\u1ee7, kh\u00f3 ng\u1ee7 hay gi\u1ea5c ng\u1ee7 kh\u00f4ng s\u00e2u<\/p>\n<p dir=\"ltr\">&#8211;\u00a0Ng\u01b0\u1eddi b\u1ecb \u0111au m\u1ecfi do l\u00e0m vi\u1ec7c v\u0103n ph\u00f2ng, ng\u1ed3i l\u00e2u ho\u1eb7c \u00edt v\u1eadn \u0111\u1ed9ng<\/p>\n<p dir=\"ltr\">&#8211; Ng\u01b0\u1eddi ch\u01a1i th\u1ec3 thao, v\u1eadn \u0111\u1ed9ng vi\u00ean th\u1ec3 thao.<a href=\"https:\/\/www.phivutabletennis.com\/wp-content\/uploads\/2023\/06\/NsJeF4Tlyoa3wOHF2uwwYpeWDSjzxyQ0cjeYWRLo.jpeg\"><img loading=\"lazy\" decoding=\"async\" class=\"alignnone size-full wp-image-1900\" src=\"https:\/\/www.phivutabletennis.com\/wp-content\/uploads\/2023\/06\/NsJeF4Tlyoa3wOHF2uwwYpeWDSjzxyQ0cjeYWRLo.jpeg\" alt=\"\" width=\"896\" height=\"419\" srcset=\"https:\/\/www.phivutabletennis.com\/wp-content\/uploads\/2023\/06\/NsJeF4Tlyoa3wOHF2uwwYpeWDSjzxyQ0cjeYWRLo.jpeg 896w, https:\/\/www.phivutabletennis.com\/wp-content\/uploads\/2023\/06\/NsJeF4Tlyoa3wOHF2uwwYpeWDSjzxyQ0cjeYWRLo-600x281.jpeg 600w, https:\/\/www.phivutabletennis.com\/wp-content\/uploads\/2023\/06\/NsJeF4Tlyoa3wOHF2uwwYpeWDSjzxyQ0cjeYWRLo-300x140.jpeg 300w, https:\/\/www.phivutabletennis.com\/wp-content\/uploads\/2023\/06\/NsJeF4Tlyoa3wOHF2uwwYpeWDSjzxyQ0cjeYWRLo-768x359.jpeg 768w\" sizes=\"auto, (max-width: 896px) 100vw, 896px\" \/><\/a> <a href=\"https:\/\/www.phivutabletennis.com\/wp-content\/uploads\/2023\/06\/egdHKAsCRayDJnRDygFMJcKIm4FPABK23mI0VQ1w.jpeg\"><img loading=\"lazy\" decoding=\"async\" class=\"alignnone size-full wp-image-1898\" src=\"https:\/\/www.phivutabletennis.com\/wp-content\/uploads\/2023\/06\/egdHKAsCRayDJnRDygFMJcKIm4FPABK23mI0VQ1w.jpeg\" alt=\"\" width=\"606\" height=\"800\" srcset=\"https:\/\/www.phivutabletennis.com\/wp-content\/uploads\/2023\/06\/egdHKAsCRayDJnRDygFMJcKIm4FPABK23mI0VQ1w.jpeg 606w, https:\/\/www.phivutabletennis.com\/wp-content\/uploads\/2023\/06\/egdHKAsCRayDJnRDygFMJcKIm4FPABK23mI0VQ1w-600x792.jpeg 600w, https:\/\/www.phivutabletennis.com\/wp-content\/uploads\/2023\/06\/egdHKAsCRayDJnRDygFMJcKIm4FPABK23mI0VQ1w-227x300.jpeg 227w\" sizes=\"auto, (max-width: 606px) 100vw, 606px\" \/><\/a> <a href=\"https:\/\/www.phivutabletennis.com\/wp-content\/uploads\/2023\/06\/vQIe13coqhnQ1gr6RNcOznJlVZseKUSIbWxE6U2u.jpeg\"><img loading=\"lazy\" decoding=\"async\" class=\"alignnone size-full wp-image-1901\" src=\"https:\/\/www.phivutabletennis.com\/wp-content\/uploads\/2023\/06\/vQIe13coqhnQ1gr6RNcOznJlVZseKUSIbWxE6U2u.jpeg\" alt=\"\" width=\"896\" height=\"1127\" srcset=\"https:\/\/www.phivutabletennis.com\/wp-content\/uploads\/2023\/06\/vQIe13coqhnQ1gr6RNcOznJlVZseKUSIbWxE6U2u.jpeg 896w, https:\/\/www.phivutabletennis.com\/wp-content\/uploads\/2023\/06\/vQIe13coqhnQ1gr6RNcOznJlVZseKUSIbWxE6U2u-600x755.jpeg 600w, https:\/\/www.phivutabletennis.com\/wp-content\/uploads\/2023\/06\/vQIe13coqhnQ1gr6RNcOznJlVZseKUSIbWxE6U2u-239x300.jpeg 239w, https:\/\/www.phivutabletennis.com\/wp-content\/uploads\/2023\/06\/vQIe13coqhnQ1gr6RNcOznJlVZseKUSIbWxE6U2u-814x1024.jpeg 814w, https:\/\/www.phivutabletennis.com\/wp-content\/uploads\/2023\/06\/vQIe13coqhnQ1gr6RNcOznJlVZseKUSIbWxE6U2u-768x966.jpeg 768w\" sizes=\"auto, (max-width: 896px) 100vw, 896px\" \/><\/a><\/p>\n","protected":false},"excerpt":{"rendered":"<p>V\u00f2ng C\u1ed5 Phiten Rakuwa X50 V Type v\u1edbi ki\u1ec3u d\u00e1ng th\u1ec3 thao sang tr\u1ecdng, m\u1ea1nh m\u1ebd\u00a0\u0111\u01b0\u1ee3c th\u00eam h\u00e0m l\u01b0\u1ee3ng Titanium g\u1ea5p 50 l\u1ea7n. Kh\u00f3a kim lo\u1ea1i h\u00ecnh ch\u1eef V, ch\u1ea5t li\u1ec7u d\u00e2y b\u1eb1ng polyester m\u00e0u \u0111en v\u00e0 ph\u1ea7n d\u00e2y \u0111\u01b0\u1ee3c d\u1ec7t v\u1edbi ch\u1ea5t li\u1ec7u cao c\u1ea5p. V\u00f2ng c\u1ed5 c\u00f3\u00a0s\u1eb5n nhi\u1ec1u m\u00e0u s\u1eafc \u0111\u1ec3 ph\u00f9 h\u1ee3p [&hellip;]<\/p>\n","protected":false},"featured_media":1899,"comment_status":"open","ping_status":"closed","template":"","meta":{"_eb_attr":""},"product_cat":[92,124,112],"product_tag":[],"class_list":["post-1895","product","type-product","status-publish","has-post-thumbnail","hentry","product_cat-phiten","product_cat-vong-tay-rakuwa-x50-series","product_cat-vong-co"],"_links":{"self":[{"href":"https:\/\/www.phivutabletennis.com\/index.php\/wp-json\/wp\/v2\/product\/1895","targetHints":{"allow":["GET"]}}],"collection":[{"href":"https:\/\/www.phivutabletennis.com\/index.php\/wp-json\/wp\/v2\/product"}],"about":[{"href":"https:\/\/www.phivutabletennis.com\/index.php\/wp-json\/wp\/v2\/types\/product"}],"replies":[{"embeddable":true,"href":"https:\/\/www.phivutabletennis.com\/index.php\/wp-json\/wp\/v2\/comments?post=1895"}],"wp:featuredmedia":[{"embeddable":true,"href":"https:\/\/www.phivutabletennis.com\/index.php\/wp-json\/wp\/v2\/media\/1899"}],"wp:attachment":[{"href":"https:\/\/www.phivutabletennis.com\/index.php\/wp-json\/wp\/v2\/media?parent=1895"}],"wp:term":[{"taxonomy":"product_cat","embeddable":true,"href":"https:\/\/www.phivutabletennis.com\/index.php\/wp-json\/wp\/v2\/product_cat?post=1895"},{"taxonomy":"product_tag","embeddable":true,"href":"https:\/\/www.phivutabletennis.com\/index.php\/wp-json\/wp\/v2\/product_tag?post=1895"}],"curies":[{"name":"wp","href":"https:\/\/api.w.org\/{rel}","templated":true}]}}